{"id":1010,"date":"2013-12-08T11:12:40","date_gmt":"2013-12-08T09:12:40","guid":{"rendered":"http:\/\/www.hamburg-fuer-die-elbe.de\/?page_id=1010"},"modified":"2015-12-22T19:08:53","modified_gmt":"2015-12-22T18:08:53","slug":"aussenelbe","status":"publish","type":"page","link":"https:\/\/www.hamburg-fuer-die-elbe.de\/?page_id=1010","title":{"rendered":"Aussenelbe"},"content":{"rendered":"<p>In diesem Abschnitt zeigen wir Ihnen wie sich die Aussenelbe, also das Gebiet von Cuxhaven in Nordwestlicher Richtung bis zur Ansteuerung der Elbe ver\u00e4ndert hat.<a title=\"\" href=\"https:\/\/www.hamburg-fuer-die-elbe.de\/?page_id=907#_ftn1\">[1]<\/a> Sehen Sie,<\/p>\n<ul>\n<li>wie die ehemals m\u00e4chtigen Sandb\u00e4nke &#8220;Gro\u00dfer Vogelsand&#8221; und &#8220;Gelbsand&#8221; nahezu verschwinden,<\/li>\n<li>wie die Norderelbe eine direkte Verbindung zum Klotzenloch bekommt, das mittlerweile eine Verbindung zur Medemrinne gefunden hat,<\/li>\n<li>wie die Hauptelbe \u00fcber das L\u00fcchterloch zwischen Vogel- und Gelbsand eine zweite Norderelbe bildet.<\/li>\n<\/ul>\n<p><iframe loading=\"lazy\" src=\"https:\/\/www.hamburg-fuer-die-elbe.de\/wordpress\/wp-content\/uploads\/2015\/12\/1951-2014_aussenelbe.swf\" height=\"400\" width=\"100%\"><\/p>\n<p>Your browser does not support iframes.<\/p>\n<p><\/iframe><\/p>\n<p>Zum Download der Animation geht es <a href=\"https:\/\/www.hamburg-fuer-die-elbe.de\/wordpress\/wp-content\/uploads\/2015\/12\/1951-2014_aussenelbe.swf\" target=\"_blank\">-&gt; hier<\/a>.<\/p>\n<p>Versuchen Sie sich \u00fcber die Gr\u00f6\u00dfe der Ver\u00e4nderungen ein Bild zu machen. Der Gelbsand ragte bei Niedrigwasser auf einer Fl\u00e4che so gro\u00df wie die Stadt Cuxhaven 2 Meter aus der Elbe heraus. Jetzt ist dort bei Niedrigwasser eine Wassertiefe von 4 Metern und mehr vorzufinden, d.h. auf einer Fl\u00e4che von der Gr\u00f6\u00dfe der Stadt Cuxhaven wurden 6 Meter Boden ausgehoben.<\/p>\n<hr align=\"left\" size=\"1\" width=\"33%\" \/>\n<div>\n<p><a title=\"\" href=\"https:\/\/www.hamburg-fuer-die-elbe.de\/?page_id=907#_ftnref1\">[1]<\/a> Die Elbe von Cuxhaven bis Lauenburg, 1:50.000, Bl\u00e4tter \u201eElbe 1 bis Cuxhaven\u201c, Verlag Carl Griese, Hamburg 1951 ff. bis 1979 und Die Elbe von Helgoland bis Magdeburg, Bl\u00e4tter \u201eElbm\u00fcndung\u201c, Peschke Verlag, Hamburg 1992 ff. bis 2014.<\/p>\n<\/div>\n","protected":false},"excerpt":{"rendered":"<p>In diesem Abschnitt zeigen wir Ihnen wie sich die Aussenelbe, also das Gebiet von Cuxhaven in Nordwestlicher Richtung bis zur Ansteuerung der Elbe ver\u00e4ndert hat.[1] Sehen Sie, wie die ehemals m\u00e4chtigen Sandb\u00e4nke &#8220;Gro\u00dfer Vogelsand&#8221; und &#8220;Gelbsand&#8221; nahezu verschwinden, wie die Norderelbe eine direkte Verbindung zum Klotzenloch bekommt, das mittlerweile eine Verbindung zur Medemrinne gefunden hat, &hellip; <a href=\"https:\/\/www.hamburg-fuer-die-elbe.de\/?page_id=1010\" class=\"more-link\"><span class=\"screen-reader-text\">Aussenelbe<\/span> weiterlesen <span class=\"meta-nav\">&rarr;<\/span><\/a><\/p>\n","protected":false},"author":2,"featured_media":0,"parent":904,"menu_order":0,"comment_status":"closed","ping_status":"closed","template":"","meta":{"footnotes":""},"_links":{"self":[{"href":"https:\/\/www.hamburg-fuer-die-elbe.de\/index.php?rest_route=\/wp\/v2\/pages\/1010"}],"collection":[{"href":"https:\/\/www.hamburg-fuer-die-elbe.de\/index.php?rest_route=\/wp\/v2\/pages"}],"about":[{"href":"https:\/\/www.hamburg-fuer-die-elbe.de\/index.php?rest_route=\/wp\/v2\/types\/page"}],"author":[{"embeddable":true,"href":"https:\/\/www.hamburg-fuer-die-elbe.de\/index.php?rest_route=\/wp\/v2\/users\/2"}],"replies":[{"embeddable":true,"href":"https:\/\/www.hamburg-fuer-die-elbe.de\/index.php?rest_route=%2Fwp%2Fv2%2Fcomments&post=1010"}],"version-history":[{"count":19,"href":"https:\/\/www.hamburg-fuer-die-elbe.de\/index.php?rest_route=\/wp\/v2\/pages\/1010\/revisions"}],"predecessor-version":[{"id":8748,"href":"https:\/\/www.hamburg-fuer-die-elbe.de\/index.php?rest_route=\/wp\/v2\/pages\/1010\/revisions\/8748"}],"up":[{"embeddable":true,"href":"https:\/\/www.hamburg-fuer-die-elbe.de\/index.php?rest_route=\/wp\/v2\/pages\/904"}],"wp:attachment":[{"href":"https:\/\/www.hamburg-fuer-die-elbe.de\/index.php?rest_route=%2Fwp%2Fv2%2Fmedia&parent=1010"}],"curies":[{"name":"wp","href":"https:\/\/api.w.org\/{rel}","templated":true}]}}