{"id":1099,"date":"2013-12-26T20:49:41","date_gmt":"2013-12-26T18:49:41","guid":{"rendered":"http:\/\/www.hamburg-fuer-die-elbe.de\/?page_id=1099"},"modified":"2022-08-19T15:04:44","modified_gmt":"2022-08-19T13:04:44","slug":"containerumschlag-nordrange","status":"publish","type":"page","link":"https:\/\/www.hamburg-fuer-die-elbe.de\/?page_id=1099","title":{"rendered":"Umschlag Nordrange"},"content":{"rendered":"<p>Zur sogenannten Nordrange geh\u00f6ren die f\u00fcr den Containerumschlag relevanten H\u00e4fen an der Nordseek\u00fcste von Kontinental-Europa. Diese H\u00e4fen sind Rotterdam, Antwerpen, Zeebrugge, Amsterdam, Bremerhaven, Wilhelmshaven und Hamburg. Alle diese sieben H\u00e4fen haben zusammen in 2021 rund 44 Mio. TEU umgeschlagen.<\/p>\n<p>Immer wieder werden im Zusammenhang mit der Elbvertiefung diese Nordrange-H\u00e4fen als gro\u00dfe Konkurrenz f\u00fcr den Hamburger Hafen angef\u00fchrt. Gebetsm\u00fchlenartig wird in den <a href=\"http:\/\/www.fahrrinnenausbau.de\/downloads\/2012-02_projektbegruendung.pdf\" target=\"_blank\" rel=\"noopener\">Vertiefungspl\u00e4nen<\/a> angef\u00fchrt, dass insbesondere die belgischen, aber vor allem die niederl\u00e4ndischen H\u00e4fen (Rotterdam-Maasvlakte2) \u201egef\u00e4hrliche\u201c Mitbewerber seien.<\/p>\n<p title=\"\">Diese H\u00e4fen h\u00e4tten n\u00e4mlich etwas, was Hamburg fehlt: einen tiefen Wasserzugang. Da Hamburg seine Elbe nicht vertieft hat, w\u00fcrde es somit von den Megaboxern nicht mehr angelaufen werden. Daher w\u00fcrden \u00fcber 100.000 von dem ausbleibenden Containerumschlag betroffene deutsche Arbeitspl\u00e4tze entfallen und &#8220;einen gigantischen Lkw-Konvoi von und nach Rotterdam und Antwerpen in Bewegung&#8221; setzen.\u00a0<a title=\"\" href=\"#_ftn1\">[1]<\/a><\/p>\n<p title=\"\">Ist diese Umschlagsentwicklung wirklich in Hamburg beobachtbar? Wir haben die\u00a0Umschlagszahlen der Nordrange-H\u00e4fen seit Beginn des Verfahrens zur Elbvertiefung im Jahr 2002 bis 2021 zur <a href=\"https:\/\/www.hamburg-fuer-die-elbe.de\/wordpress\/wp-content\/uploads\/2022\/05\/Marktanteile-Nordrange-20220818.pdf\">Entwicklung des Containerumschlages der Nordrange-H\u00e4fen<\/a> zusammengetragen und Marktanteile ermittelt.<\/p>\n<p title=\"\">Unsere aktuelle Interpretation der Marktanteilszahlen vom August 2022 finden Sie &#8211;<a href=\"https:\/\/www.hamburg-fuer-die-elbe.de\/?p=11603\" target=\"_blank\" rel=\"noopener\">&gt; hier.<\/a><\/p>\n<p title=\"\">Unsere alte Analyse\u00a0 aus dem Dezember 2013 wollen nicht verschweigen und stellen sie weiterhin nachfolgend zur Verf\u00fcgung.<\/p>\n<ul>\n<li>Hamburg <a href=\"#_ftn3\">[3]<\/a> hatte in 2002 einen Marktanteil von 26,0 %, der sich auf zun\u00e4chst \u00fcber 27 % steigerte. Im Anschluss an die Finanzkrise folgte in 2009 ein massiver Einbruch auf 22,5 %, der bis 2014 teilweise wieder aufgefangen werden konnte (25,0 %). Chinakrise und Ru\u00dflandembargo lie\u00dfen den Anteil in 2015 auf 23% zur\u00fcckfallen.<\/li>\n<li>Bremerhaven <a href=\"#_ftn4\">[4]<\/a> verlor zun\u00e4chst Marktanteile (von 14,5 % in 2002 auf 12,9 % in 2005). Seit 2006 weitet Bremerhaven seinen Anteil wieder aus und erreicht nach dem Spitzenjahr 2012 wieder den Wert von 2002.<\/li>\n<li>Rotterdam <a href=\"#_ftn5\">[5] <\/a>startete in 2002 mit einem Marktanteil von 31,4 % und fiel bis zur Finanzkrise in 2008 auf unter 30 %. Seit der Finanzkrise ist der Marktanteil bis heute mit 31,9% leicht \u00fcber den Ausgangswert von 2002 gestiegen.<br \/>\nAmsterdam <a href=\"#_ftn6\">[6]<\/a> hat sich erfolgreich auf u.a. Massengut und \u00d6lumschlag spezialisiert und in Kooperation mit Rotterdam seinen Containerumschlag umgeleitet.<\/li>\n<li>Antwerpen <a href=\"#_ftn7\">[7]<\/a> verzeichnet die gr\u00f6\u00dfte Umschlagskontinuit\u00e4t. In 2014 hat es mit einem Marktanteil von 23,0 % den gleichen Wert wie in 2002. In Kooperation mit <a href=\"http:\/\/deredactie.be\/cm\/vrtnieuws.deutsch\/Wirtschaft\/1.2500927\" target=\"_blank\" rel=\"noopener\">Zeebrugge wurden in 2015 rund 25% des dortigen Umschlags<\/a> \u00fcbernommen.<\/li>\n<li>Zeebrugge <a href=\"#_ftn8\">[8]<\/a> gewann in der Finanzkrise auf \u00fcber 7,5 % Marktanteil und konnte sich mit\u00a0 5,3 % gut behaupten. In der Kooperation mit Antwerpen wurde Umschlag abgegeben und andere Umschlagsbereiche \u00fcbernommen.<\/li>\n<\/ul>\n<p>Hamburg hat somit wirklich Marktanteile verloren, aber\u2026<\/p>\n<p>\u2026schaut man sich aber die Summation aller <a href=\"https:\/\/www.hamburg-fuer-die-elbe.de\/?attachment_id=9498\" rel=\"attachment wp-att-9498\">deutschen, niederl\u00e4ndischen und belgischen Marktanteile <\/a>an, gibt es zwischen den Staaten nur sehr geringe Verschiebungen. Es ist erkennbar, dass die deutschen H\u00e4fen, insbesondere der Hamburger Hafen, sehr sensibel auf Wirtschaftskrisen zu reagieren.<\/p>\n<ul>\n<li>Die deutschen H\u00e4fen haben zwischen 2002 und 2014 einen stabilen Marktanteil von um die 40 %. Bedingt durch die Krisen in den Jahren 2009 bis 2011 und 2015 rutschte dieser auf einen Marktanteil von unter 40 %.<\/li>\n<li>Rotterdam als der niederl\u00e4ndische Hafen hat einen \u00fcber die Jahre nahezu unver\u00e4nderten Marktanteil von \u00fcber 31 %.<\/li>\n<li>Einen Ausbau des Marktanteils haben lediglich die belgischen H\u00e4fen geschafft. Dieser stieg im Betrachtungszeitraum von 27,7 % auf 28,3 %.<\/li>\n<\/ul>\n<p><strong>Fazit 2013:<\/strong><br \/>\nBei der genaueren Betrachtung der Entwicklung der Marktanteile im Containerumschlag der europ\u00e4ischen Northrange-Staaten Belgien, Deutschland und den Niederlanden gab es lediglich kleine, krisenbedingte Ver\u00e4nderungen. Bezogen auf den Gesamtumschlag von 38.312.000 TEU in der Northrange machen die geringen Marktanteilsverluste der deutschen H\u00e4fen in H\u00f6he von 1,5 % rund 600.000 TEU aus.<\/p>\n<p>Fragen Sie sich jetzt auch, warum das so ist? Die Antworten zeigen wir Ihnen auf den Folgeseiten beginnend bei <a title=\"Containerreedereien\" href=\"https:\/\/www.hamburg-fuer-die-elbe.de\/?page_id=1115\">&#8211;&gt; Containerreedereien<\/a> auf.<\/p>\n<div>\n<hr align=\"left\" size=\"1\" width=\"33%\" \/>\n<div><a title=\"\" href=\"#_ftnref1\">[1] <\/a>Uwe Polkaehn, Vorsitzender des DGB Bezirks Nord in <a href=\"http:\/\/nord.dgb.de\/presse\/++co++468463c0-190a-11e2-9fd3-00188b4dc422\" target=\"_blank\" rel=\"noopener\">Pressemitteilung 096\/2012 <\/a>&#8220;Baustopp an der Elbe: Richter sollen Hauptsache-Verfahren beschleunigen&#8221; vom 20.10.2012<br \/>\n<a title=\"\" href=\"#_ftnref2\">[2]<\/a> Hamburgische B\u00fcrgerschaft, Gro\u00dfen Anfrage \u201eHamburger Hafen und Logistik AG (HHLA)\u201c, <a href=\"https:\/\/www.buergerschaft-hh.de\/ParlDok\/dokument\/42937\/hamburger-hafen-und-logistik-ag-hhla-.pdf\" target=\"_blank\" rel=\"noopener\" class=\"broken_link\">Drucksache 20\/9876<\/a>, Anlage 2, Seite 16.<br \/>\n<a href=\"#_ftnref3\">[3]<\/a> Hamburger Umschlagszahlen werden vom <a href=\"http:\/\/www.statistik-nord.de\/daten\/verkehr-umwelt-und-energie\/monatszahlen\/\" target=\"_blank\" rel=\"noopener\">Statistikamt Nord<\/a> versteckt ver\u00f6ffentlicht. Sie k\u00f6nnen Sie aber auch <a title=\"Containerumschlag in Hamburg\" href=\"https:\/\/www.hamburg-fuer-die-elbe.de\/?page_id=1040\" target=\"_blank\" rel=\"noopener\">hier<\/a> finden. Pressemitteilung&#8221;<a href=\"https:\/\/www.hafen-hamburg.de\/de\/news\/hamburger-hafen-erreicht-2014-das-beste-umschlagergebnis-seiner-geschichte---33774\" target=\"_blank\" rel=\"noopener\">Hamburger Hafen erreicht 2014 das beste Umschlagergebnis seiner Geschichte<\/a>&#8221; von Hafen Hamburg Marketing vom 09.02.2015 und &#8220;<a href=\"https:\/\/www.hafen-hamburg.de\/de\/news\/hafen-hamburg-im-jahr-2015---34497\" target=\"_blank\" rel=\"noopener\">Hafen Hamburg im Jahr 2015<\/a>&#8221; vom 10.02.2016<br \/>\n<a href=\"#_ftnref4\">[4]<\/a> bremenports (Herausgeber), &#8220;<a href=\"http:\/\/www.bremenports.de\/misc\/filePush.php?id=2690&amp;name=bp_Hafen+in+Zahlen_2015_dt.pdf\" target=\"_blank\" rel=\"noopener\">Hafen in Zahlen 2015<\/a>&#8220;, Seite 18, Bremen 2015 sowie diverse <a href=\"http:\/\/www.bremenports.de\/standort\/mediathek\/downloads\" target=\"_blank\" rel=\"noopener\">Vorg\u00e4ngerberichte<\/a>. Umschlag f\u00fcr 2015 aus <a href=\"http:\/\/www1.eurogate.de\/Ueber-uns\/Presse\/Pressemeldungen\/Containerumschlag-der-deutschen-Terminals-um-1-5-Prozent-gestiegen\" target=\"_blank\" rel=\"noopener\">Pressemitteilung von Eurogate vom 25.01.2016<\/a>.<br \/>\n<a href=\"#_ftnref5\">[<\/a><a href=\"#_ftnref5\">5]<\/a> Port of Rotterdam (Herausgeber), &#8220;<a href=\"https:\/\/www.portofrotterdam.com\/de\/file\/1307\/download?token=zEA-iQbE\" class=\"broken_link\">Der Hafen in Zahlen, Ein Reichtum an Informationen<\/a>&#8220;, Seite 13, Rotterdam 2015 sowie diverse Vorg\u00e4ngerberichte und Gesch\u00e4ftsberichte. Umschlag 2015 aus\u00a0 &#8220;<a href=\"https:\/\/www.portofrotterdam.com\/de\/der-hafen\/zahlen-und-fakten\/container\/empfang-und-versand-von-containernteu-ueber-see\" target=\"_blank\" rel=\"noopener\" class=\"broken_link\">Empfang und Versand von Containern\/TEU \u00fcber See<\/a>&#8221;<br \/>\n<a href=\"#_ftnref6\">[6]<\/a> Port of Amsterdam (Herausgeber), &#8220;<a href=\"https:\/\/www.portofamsterdam.nl\/docs\/nl\/statistieken\/Statistische%20folder%202013.pdf\" target=\"_blank\" rel=\"noopener\">Facts Figures<\/a>&#8220;, Amsterdam 2015 sowie Vorg\u00e4ngerberichte mit Tabelle &#8220;<a class=\"target_blank target_blank target_blank target_blank target_blank target_blank target_blank broken_link\" href=\"https:\/\/www.portofamsterdam.com\/docs\/uk\/statistics\/Per%20port\/Maritime%20transport%20of%20containers%20in%20Port%20of%20Amsterdam%202014.xls\">Maritime transport of containers in Port of Amsterdam<\/a>&#8220;. Zahlen f\u00fcr 2015 gesch\u00e4tzt und als konstant angenommen.<br \/>\n<a href=\"#_ftnref7\">[7]<\/a> Port of Antwerp (Herausgeber), &#8220;<a href=\"http:\/\/www.portofantwerp.com\/sites\/portofantwerp\/files\/Statistisch%20Jaarboek%202014_0.pdf\" target=\"_blank\" rel=\"noopener\">Yearbook of statistic 2014<\/a>&#8220;,\u00a0 Antwerpen 2015 sowie Vorg\u00e4ngerberichte. Pressemitteilung &#8220;<a href=\"http:\/\/www.portofantwerp.com\/en\/news\/double-record-port-antwerp-2015-0\" target=\"_blank\" rel=\"noopener\">Double record for port of Antwerp in 2015<\/a>&#8221; vom 18.01.2016.<br \/>\n<a href=\"#_ftnref8\">[8]<\/a> Port of Zeebrugge (Herausgeber), &#8220;<a href=\"http:\/\/www.portofzeebrugge.be\/\/sites\/all\/files\/JAARVERSLAG%202014_mbz_web_0.pdf\" target=\"_blank\" rel=\"noopener\">Annual report 2014<\/a>&#8220;, Zeebrugge 2015 sowie Vorg\u00e4ngerberichte. Zahlen f\u00fcr 2015 aus &#8220;<a href=\"http:\/\/www.portofzeebrugge.be\/en\/node\/496\" target=\"_blank\" rel=\"noopener\">Evolution container traffic<\/a>&#8221; Graphik &#8220;Container traffic (in TEU)&#8221; abgelesen.<\/div>\n<\/div>\n","protected":false},"excerpt":{"rendered":"<p>Zur sogenannten Nordrange geh\u00f6ren die f\u00fcr den Containerumschlag relevanten H\u00e4fen an der Nordseek\u00fcste von Kontinental-Europa. Diese H\u00e4fen sind Rotterdam, Antwerpen, Zeebrugge, Amsterdam, Bremerhaven, Wilhelmshaven und Hamburg. Alle diese sieben H\u00e4fen haben zusammen in 2021 rund 44 Mio. TEU umgeschlagen. Immer wieder werden im Zusammenhang mit der Elbvertiefung diese Nordrange-H\u00e4fen als gro\u00dfe Konkurrenz f\u00fcr den Hamburger &hellip; <a href=\"https:\/\/www.hamburg-fuer-die-elbe.de\/?page_id=1099\" class=\"more-link\"><span class=\"screen-reader-text\">Umschlag Nordrange<\/span> weiterlesen <span class=\"meta-nav\">&rarr;<\/span><\/a><\/p>\n","protected":false},"author":2,"featured_media":0,"parent":557,"menu_order":0,"comment_status":"closed","ping_status":"closed","template":"","meta":{"footnotes":""},"_links":{"self":[{"href":"https:\/\/www.hamburg-fuer-die-elbe.de\/index.php?rest_route=\/wp\/v2\/pages\/1099"}],"collection":[{"href":"https:\/\/www.hamburg-fuer-die-elbe.de\/index.php?rest_route=\/wp\/v2\/pages"}],"about":[{"href":"https:\/\/www.hamburg-fuer-die-elbe.de\/index.php?rest_route=\/wp\/v2\/types\/page"}],"author":[{"embeddable":true,"href":"https:\/\/www.hamburg-fuer-die-elbe.de\/index.php?rest_route=\/wp\/v2\/users\/2"}],"replies":[{"embeddable":true,"href":"https:\/\/www.hamburg-fuer-die-elbe.de\/index.php?rest_route=%2Fwp%2Fv2%2Fcomments&post=1099"}],"version-history":[{"count":51,"href":"https:\/\/www.hamburg-fuer-die-elbe.de\/index.php?rest_route=\/wp\/v2\/pages\/1099\/revisions"}],"predecessor-version":[{"id":11644,"href":"https:\/\/www.hamburg-fuer-die-elbe.de\/index.php?rest_route=\/wp\/v2\/pages\/1099\/revisions\/11644"}],"up":[{"embeddable":true,"href":"https:\/\/www.hamburg-fuer-die-elbe.de\/index.php?rest_route=\/wp\/v2\/pages\/557"}],"wp:attachment":[{"href":"https:\/\/www.hamburg-fuer-die-elbe.de\/index.php?rest_route=%2Fwp%2Fv2%2Fmedia&parent=1099"}],"curies":[{"name":"wp","href":"https:\/\/api.w.org\/{rel}","templated":true}]}}