{"id":1115,"date":"2013-12-29T18:18:06","date_gmt":"2013-12-29T16:18:06","guid":{"rendered":"http:\/\/www.hamburg-fuer-die-elbe.de\/?page_id=1115"},"modified":"2020-02-15T12:54:48","modified_gmt":"2020-02-15T10:54:48","slug":"containerreedereien","status":"publish","type":"page","link":"https:\/\/www.hamburg-fuer-die-elbe.de\/?page_id=1115","title":{"rendered":"Containerreedereien"},"content":{"rendered":"<p>Wie in anderen Branchen werden auch f\u00fcr Containerreedereien Gr\u00f6\u00dfenvergleiche erstellt. Statt der bekannten Branchenvergleichskriterien wie Umsatz, Besch\u00e4ftigtenzahl oder Bilanzsumme werden f\u00fcr den Vergleich von Reedereien andere Kennzahlen verwendet. Hauptkennzahl ist dabei die Kapazit\u00e4t der fahrenden Containerflotte gemessen in TEU (\u201eCapacity Operated in TEU\u201c) sowie die Zahl der bereederten Schiffe. Wurde Anfang 2014 von den TOP 25 Reedereien noch eine Kapazit\u00e4t von 15,4 Mio. TEU \u00fcber 3.500 Schiffe betrieben, so sind es Anfang Januar 2016 bereits 17,1 Mio. TEU mit 3.400 Schiffen. Die <a href=\"http:\/\/www.alphaliner.com\/top100\/index.php\" target=\"_blank\" rel=\"noopener noreferrer\">aktuelle \u00dcbersicht<\/a> finden Sie hier <a title=\"\" href=\"#_ftn1\">[1] , <\/a>Stand 13.01.2014 die nachfolgende Tabelle:<\/p>\n<table border=\"2\" cellspacing=\"0\" cellpadding=\"0\">\n<tbody>\n<tr>\n<td style=\"text-align: center;\" valign=\"top\" width=\"47\"><strong>Rang<\/strong><\/td>\n<td style=\"text-align: center;\" valign=\"top\" width=\"95\"><strong>Reederei<\/strong><\/td>\n<td style=\"text-align: center;\" valign=\"top\" width=\"89\"><strong>Land<\/strong><\/td>\n<td style=\"text-align: center;\" valign=\"top\" width=\"89\"><strong>Allianz<\/strong><\/td>\n<td style=\"text-align: center;\" valign=\"top\" width=\"170\"><strong>Kapazit\u00e4t inTEU<\/strong><\/td>\n<td valign=\"top\" width=\"123\"><strong>Schiffszahl<\/strong><\/td>\n<\/tr>\n<tr>\n<td valign=\"top\" width=\"47\">1<\/td>\n<td style=\"text-align: center;\" valign=\"top\" width=\"95\"><a href=\"http:\/\/www.maerskline.com\/de-de\/\" target=\"_blank\" rel=\"noopener noreferrer\">Maersk<\/a><\/td>\n<td style=\"text-align: center;\" valign=\"top\" width=\"89\">D\u00e4nemark<\/td>\n<td style=\"text-align: center;\" valign=\"top\" width=\"89\">P3<\/td>\n<td style=\"text-align: right;\" valign=\"top\" width=\"170\">2.591.550<\/td>\n<td style=\"text-align: right;\" valign=\"top\" width=\"123\">571<\/td>\n<\/tr>\n<tr>\n<td valign=\"top\" width=\"47\">2<\/td>\n<td style=\"text-align: center;\" valign=\"top\" width=\"95\"><a href=\"https:\/\/www.msc.com\/deu\" target=\"_blank\" rel=\"noopener noreferrer\" class=\"broken_link\">MSC<\/a><\/td>\n<td style=\"text-align: center;\" valign=\"top\" width=\"89\">Schweiz<\/td>\n<td style=\"text-align: center;\" valign=\"top\" width=\"89\">P3<\/td>\n<td style=\"text-align: right;\" valign=\"top\" width=\"170\">2.353.451<\/td>\n<td style=\"text-align: right;\" valign=\"top\" width=\"123\">471<\/td>\n<\/tr>\n<tr>\n<td valign=\"top\" width=\"47\">3<\/td>\n<td style=\"text-align: center;\" valign=\"top\" width=\"95\"><a href=\"http:\/\/www.cma-cgm.com\/\" target=\"_blank\" rel=\"noopener noreferrer\">CMA CGM<\/a><\/td>\n<td style=\"text-align: center;\" valign=\"top\" width=\"89\">Frankreich<\/td>\n<td style=\"text-align: center;\" valign=\"top\" width=\"89\">P3<\/td>\n<td style=\"text-align: right;\" valign=\"top\" width=\"170\">1.502.980<\/td>\n<td style=\"text-align: right;\" valign=\"top\" width=\"123\">425<\/td>\n<\/tr>\n<tr>\n<td valign=\"top\" width=\"47\">4<\/td>\n<td style=\"text-align: center;\" valign=\"top\" width=\"95\"><a href=\"http:\/\/www.evergreen-line.com\/\" target=\"_blank\" rel=\"noopener noreferrer\">Evergreen<\/a><\/td>\n<td style=\"text-align: center;\" valign=\"top\" width=\"89\">Taiwan<\/td>\n<td style=\"text-align: center;\" valign=\"top\" width=\"89\">CKHYE<\/td>\n<td style=\"text-align: right;\" valign=\"top\" width=\"170\">855.207<\/td>\n<td style=\"text-align: right;\" valign=\"top\" width=\"123\">205<\/td>\n<\/tr>\n<tr>\n<td valign=\"top\" width=\"47\">5<\/td>\n<td style=\"text-align: center;\" valign=\"top\" width=\"95\"><a href=\"http:\/\/lines.coscoshipping.com\/home\/?language=en\" target=\"_blank\" rel=\"noopener noreferrer\">COSCO<\/a><\/td>\n<td style=\"text-align: center;\" valign=\"top\" width=\"89\">China<\/td>\n<td style=\"text-align: center;\" valign=\"top\" width=\"89\">CKHYE<\/td>\n<td style=\"text-align: right;\" valign=\"top\" width=\"170\">779.600<\/td>\n<td style=\"text-align: right;\" valign=\"top\" width=\"123\">163<\/td>\n<\/tr>\n<tr>\n<td valign=\"top\" width=\"47\">6<\/td>\n<td style=\"text-align: center;\" valign=\"top\" width=\"95\"><a href=\"https:\/\/www.hapag-lloyd.com\/de\/home.html\" target=\"_blank\" rel=\"noopener noreferrer\" class=\"broken_link\">Hapag-Lloyd<\/a><\/td>\n<td style=\"text-align: center;\" valign=\"top\" width=\"89\">Deutschland<\/td>\n<td style=\"text-align: center;\" valign=\"top\" width=\"89\">G6<\/td>\n<td style=\"text-align: right;\" valign=\"top\" width=\"170\">725.306<\/td>\n<td style=\"text-align: right;\" valign=\"top\" width=\"123\">151<\/td>\n<\/tr>\n<tr>\n<td valign=\"top\" width=\"47\">7<\/td>\n<td style=\"text-align: center;\" valign=\"top\" width=\"95\"><a href=\"http:\/\/www.apl.com\/wps\/portal\/apl\" target=\"_blank\" rel=\"noopener noreferrer\">APL<\/a><\/td>\n<td style=\"text-align: center;\" valign=\"top\" width=\"89\">Singapur<\/td>\n<td style=\"text-align: center;\" valign=\"top\" width=\"89\">G6<\/td>\n<td style=\"text-align: right;\" valign=\"top\" width=\"170\">641.214<\/td>\n<td style=\"text-align: right;\" valign=\"top\" width=\"123\">123<\/td>\n<\/tr>\n<tr>\n<td valign=\"top\" width=\"47\">8<\/td>\n<td style=\"text-align: center;\" valign=\"top\" width=\"95\"><a href=\"https:\/\/de.wikipedia.org\/wiki\/Hanjin_Shipping\" target=\"_blank\" rel=\"noopener noreferrer\">Hanjin<\/a><\/td>\n<td style=\"text-align: center;\" valign=\"top\" width=\"89\">S\u00fcdkorea<\/td>\n<td style=\"text-align: center;\" valign=\"top\" width=\"89\">CKHYE<\/td>\n<td style=\"text-align: right;\" valign=\"top\" width=\"170\">627.027<\/td>\n<td style=\"text-align: right;\" valign=\"top\" width=\"123\">115<\/td>\n<\/tr>\n<tr>\n<td valign=\"top\" width=\"47\">9<\/td>\n<td style=\"text-align: center;\" valign=\"top\" width=\"95\"><a href=\"http:\/\/en.cscl.com.cn\/\" target=\"_blank\" rel=\"noopener noreferrer\" class=\"broken_link\">CSCL<\/a><\/td>\n<td style=\"text-align: center;\" valign=\"top\" width=\"89\">China<\/td>\n<td style=\"text-align: center;\" valign=\"top\" width=\"89\">\u00a0.\/.<\/td>\n<td style=\"text-align: right;\" valign=\"top\" width=\"170\">602.161<\/td>\n<td style=\"text-align: right;\" valign=\"top\" width=\"123\">134<\/td>\n<\/tr>\n<tr>\n<td valign=\"top\" width=\"47\">10<\/td>\n<td style=\"text-align: center;\" valign=\"top\" width=\"95\"><a href=\"http:\/\/www.mol.co.jp\/en\/\" target=\"_blank\" rel=\"noopener noreferrer\">MOL<\/a><\/td>\n<td style=\"text-align: center;\" valign=\"top\" width=\"89\">Japan<\/td>\n<td style=\"text-align: center;\" valign=\"top\" width=\"89\">G6<\/td>\n<td style=\"text-align: right;\" valign=\"top\" width=\"170\">547.464<\/td>\n<td style=\"text-align: right;\" valign=\"top\" width=\"123\">110<\/td>\n<\/tr>\n<tr>\n<td valign=\"top\" width=\"47\">11<\/td>\n<td style=\"text-align: center;\" valign=\"top\" width=\"95\"><a href=\"http:\/\/www.oocl.com\/eng\/Pages\/default.aspx\" target=\"_blank\" rel=\"noopener noreferrer\">OOCL<\/a><\/td>\n<td style=\"text-align: center;\" valign=\"top\" width=\"89\">Honk Kong<\/td>\n<td style=\"text-align: center;\" valign=\"top\" width=\"89\">G6<\/td>\n<td style=\"text-align: right;\" valign=\"top\" width=\"170\">458.360<\/td>\n<td style=\"text-align: right;\" valign=\"top\" width=\"123\">87<\/td>\n<\/tr>\n<tr>\n<td valign=\"top\" width=\"47\">12<\/td>\n<td style=\"text-align: center;\" valign=\"top\" width=\"95\"><a href=\"https:\/\/www.nykline.com\/ecom\/CUP_HOM_3000.do?redir=Y\" target=\"_blank\" rel=\"noopener noreferrer\" class=\"broken_link\">NYK<\/a><\/td>\n<td style=\"text-align: center;\" valign=\"top\" width=\"89\">\u00a0S\u00fcdkorea<\/td>\n<td style=\"text-align: center;\" valign=\"top\" width=\"89\">G6<\/td>\n<td style=\"text-align: right;\" valign=\"top\" width=\"170\">457.529<\/td>\n<td style=\"text-align: right;\" valign=\"top\" width=\"123\">102<\/td>\n<\/tr>\n<tr>\n<td valign=\"top\" width=\"47\">13<\/td>\n<td style=\"text-align: center;\" valign=\"top\" width=\"95\"><a href=\"https:\/\/www.hamburgsud-line.com\/liner\/de\/liner_services\/index.html\" target=\"_blank\" rel=\"noopener noreferrer\">Hamburg S\u00fcd<\/a><\/td>\n<td style=\"text-align: center;\" valign=\"top\" width=\"89\">Deutschland<\/td>\n<td style=\"text-align: center;\" valign=\"top\" width=\"89\">.\/.<\/td>\n<td style=\"text-align: right;\" valign=\"top\" width=\"170\">\u00a0449.828<\/td>\n<td style=\"text-align: right;\" valign=\"top\" width=\"123\">103<\/td>\n<\/tr>\n<tr>\n<td valign=\"top\" width=\"47\">15<\/td>\n<td style=\"text-align: center;\" valign=\"top\" width=\"95\"><a href=\"http:\/\/www.yangming.com\/\" target=\"_blank\" rel=\"noopener noreferrer\">Yang Ming<\/a><\/td>\n<td style=\"text-align: center;\" valign=\"top\" width=\"89\">\u00a0Taiwan<\/td>\n<td style=\"text-align: center;\" valign=\"top\" width=\"89\">\u00a0CKHYE<\/td>\n<td style=\"text-align: right;\" valign=\"top\" width=\"170\">\u00a0370.327<\/td>\n<td style=\"text-align: right;\" valign=\"top\" width=\"123\">\u00a087<\/td>\n<\/tr>\n<tr>\n<td valign=\"top\" width=\"47\">16<\/td>\n<td style=\"text-align: center;\" valign=\"top\" width=\"95\">\u00a0<a href=\"http:\/\/www.kline.co.jp\/en\/\" target=\"_blank\" rel=\"noopener noreferrer\">K-Line<\/a><\/td>\n<td style=\"text-align: center;\" valign=\"top\" width=\"89\">\u00a0Japan<\/td>\n<td style=\"text-align: center;\" valign=\"top\" width=\"89\">\u00a0CKHYE<\/td>\n<td style=\"text-align: right;\" valign=\"top\" width=\"170\">\u00a0347.803<\/td>\n<td style=\"text-align: right;\" valign=\"top\" width=\"123\">\u00a066<\/td>\n<\/tr>\n<tr>\n<td valign=\"top\" width=\"47\">20<\/td>\n<td style=\"text-align: center;\" valign=\"top\" width=\"95\"><a href=\"http:\/\/www.csav.com\/en\/Pages\/Home.aspx\" target=\"_blank\" rel=\"noopener noreferrer\">CSAV<\/a><\/td>\n<td style=\"text-align: center;\" valign=\"top\" width=\"89\">Chile<\/td>\n<td style=\"text-align: center;\" valign=\"top\" width=\"89\">\u00a0.\/.<\/td>\n<td style=\"text-align: right;\" valign=\"top\" width=\"170\">273.008<\/td>\n<td style=\"text-align: right;\" valign=\"top\" width=\"123\">54<\/td>\n<\/tr>\n<\/tbody>\n<\/table>\n<p>Seit einigen Jahren schlie\u00dfen sich Containerreedereien zu schlagfertigen Allianzen zusammen. In Allianzen wird zumeist in Achtung wettbewerbsrechtlicher Regelungen versucht, Preisvorteile aus der geballten Reeder-Marktmacht gegen\u00fcber Kunden zu erwirken. Dieses gilt aber auch f\u00fcr den Einkauf von Hafen- und hafennaher Dienstleistungen, wie z.B. beim Terminalumschlag, Hafenliegepl\u00e4tzen, Schlepper- und Lotsent\u00e4tigkeiten sowie Intermodaler Logistik am Zielhafen. Derzeit gibt es vier gro\u00dfe Allianzen:<\/p>\n<p style=\"text-align: left;\">Die beiden marktf\u00fchrenden Reedereien Maersk und MSC, die \u00fcber 30 % der weltweiten TEU-Kapazit\u00e4t verf\u00fcgen, haben sich im zur &#8220;<a href=\"https:\/\/www.hamburg-fuer-die-elbe.de\/?p=3304\" target=\"_blank\" rel=\"noopener noreferrer\">2M-Allianz<\/a>&#8221; zusammengeschlossen. Die geplante Allianzgr\u00fcndung der 2M-Partner mit CMA CGM unter dem Namen P3-Allianz scheiterte im Juni 2014 <a href=\"https:\/\/www.hamburg-fuer-die-elbe.de\/?p=2129\" target=\"_blank\" rel=\"noopener noreferrer\">am Widerspruch der chinesischen Wettbewerbsbeh\u00f6rde<\/a>. <a href=\"#_ftn2\">[2]<\/a><\/p>\n<p>Unter dem Namen &#8220;G6-Alliance&#8221; hatten sich im Herbst 2011 bereits die sechs Reedereien Hapag-Lloyd, APL, Hyundai, MOL, NYK und OOCL zusammengeschlossen. Der Anteil der G6-Allianz an der weltweiten TEU-Kapazit\u00e4t betr\u00e4gt knapp 21 %.<a href=\"#_ftn3\">[3]<\/a><\/p>\n<p>In der &#8220;Green-Alliance&#8221; bzw. &#8220;CKYH&#8221;-Allianz arbeiten die Reedereien COSCO, K-Line, Yangming und Hanjin seit mehreren Jahren zusammen. Evergreen kooperierte zun\u00e4chst eng mit dieser Allianz und wurde am 01.03.2014 Mitglied in der nun unter dem Namen <a href=\"https:\/\/www.hamburg-fuer-die-elbe.de\/?p=4203\" target=\"_blank\" rel=\"noopener noreferrer\">CKYHE arbeitenden Allianz<\/a>. Die TEU-Kapazit\u00e4t betr\u00e4gt \u00fcber 19 %.<\/p>\n<p>Die neueste Allianz &#8220;<a href=\"https:\/\/www.hamburg-fuer-die-elbe.de\/?p=2900\" target=\"_blank\" rel=\"noopener noreferrer\">Ocean Three<\/a>&#8220;, bestehend aus CMA CGM, UASC und CSCL hat sich im Sommer letzten Jahres gegr\u00fcndet. Die TEU-Kapazit\u00e4t betr\u00e4gt \u00fcber 16 %.<\/p>\n<p>Wem die Reederei-Allianzen in den deutschen Seeh\u00e4fen gegen\u00fcberstehen, lesen Sie unter <a title=\"Containerh\u00e4fen\" href=\"https:\/\/www.hamburg-fuer-die-elbe.de\/?page_id=1153\">&#8211;&gt; Containerh\u00e4fen<\/a><\/p>\n<div>\n<hr align=\"left\" size=\"1\" width=\"33%\" \/>\n<div>\n<p><a title=\"\" href=\"#_ftnref1\">[1]<\/a> Alphaliner, <a href=\"http:\/\/www.alphaliner.com\/top100\/index.php\" target=\"_blank\" rel=\"noopener noreferrer\">TOP100<\/a> mit jeweils aktuellem Tagesstand. Die angef\u00fchrte Tabelle gibt den Stand von Anfang Januar 2014 wieder. Zum Vergleich empfehlen wir den <a href=\"http:\/\/www.alphaliner.com\/liner2\/reports\/AR2012.pdf\" target=\"_blank\" rel=\"noopener noreferrer\">Annual Review2012<\/a>, Seite 3. Die Fortschreibung f\u00fcr 2013 im <a href=\"http:\/\/www.alphaliner.com\/liner2\/research_files\/newsletters\/2013\/no27\/Alphaliner%20Newsletter%20no%2027%20-%202013.pdf\" target=\"_blank\" rel=\"noopener noreferrer\">Alphaliner-Newsletter 27\/2013<\/a> vom 25.06.2013.<br \/>\n<a href=\"#_ftnref2\">[2]<\/a> Hamburger Abendblatt, &#8220;<a href=\"http:\/\/www.google.de\/url?sa=t&amp;rct=j&amp;q=&amp;esrc=s&amp;source=web&amp;cd=2&amp;ved=0CDcQFjAB&amp;url=http%3A%2F%2Fwww.abendblatt.de%2Fhamburg%2Farticle117254759%2FDie-groessten-Reedereien-schmieden-eine-Mega-Allianz.html&amp;ei=ZCDAUpLRPIiHtAano4D4Dw&amp;usg=AFQjCNG6A_nuBkkeFA-7iI4Yi8JakFvEnA&amp;bvm=bv.58187178,d.Yms&amp;cad=rja\" target=\"_blank\" rel=\"noopener noreferrer\">Die gr\u00f6\u00dften Reedereien schmieden eine Mega-Allianz<\/a>&#8221; vom 29.06.2013.<br \/>\n<a href=\"#_ftnref3\">[3]<\/a> Hamburger Abendblatt, &#8220;<a href=\"http:\/\/www.google.de\/url?sa=t&amp;rct=j&amp;q=&amp;esrc=s&amp;source=web&amp;cd=1&amp;cad=rja&amp;ved=0CDMQFjAA&amp;url=http%3A%2F%2Fwww.abendblatt.de%2Fwirtschaft%2Farticle2134061%2FReedereien-gruenden-neue-Allianz-gegen-Marktfuehrer.html&amp;ei=wFPAUurRHMrUswbspoCwBw&amp;usg=AFQjCNGq8wVnZPwq46_L_NATi9J4KhH7qg&amp;bvm=bv.58187178,d.Yms\" target=\"_blank\" rel=\"noopener noreferrer\">Reedereien gr\u00fcnden neue Allianz gegen Marktf\u00fchrer<\/a>&#8221; vom 21.11.2011 und verkehrsRUNDSCHAU, &#8220;<a href=\"http:\/\/www.google.de\/url?sa=t&amp;rct=j&amp;q=&amp;esrc=s&amp;source=web&amp;cd=1&amp;cad=rja&amp;uact=8&amp;ved=0CCMQFjAA&amp;url=http%3A%2F%2Fwww.verkehrsrundschau.de%2Fg6-allianz-will-p3-die-stirn-bieten-1314470.html&amp;ei=f55IVOivMomQPeHZgdAL&amp;usg=AFQjCNF7IMPEDkKHMmXxUO0xmaBoWnpgYA&amp;bvm=bv.77880786,d.ZWU\" target=\"_blank\" rel=\"noopener noreferrer\">G6-Allianz will P3 die Stirn bieten<\/a>&#8221; vom 17.12.2013 und Nautikus24, &#8220;Die 7 wichtigsten Fakten zu P3 und G6&#8221; vom 21.01.2014.<\/p>\n<\/div>\n<\/div>\n","protected":false},"excerpt":{"rendered":"<p>Wie in anderen Branchen werden auch f\u00fcr Containerreedereien Gr\u00f6\u00dfenvergleiche erstellt. Statt der bekannten Branchenvergleichskriterien wie Umsatz, Besch\u00e4ftigtenzahl oder Bilanzsumme werden f\u00fcr den Vergleich von Reedereien andere Kennzahlen verwendet. Hauptkennzahl ist dabei die Kapazit\u00e4t der fahrenden Containerflotte gemessen in TEU (\u201eCapacity Operated in TEU\u201c) sowie die Zahl der bereederten Schiffe. Wurde Anfang 2014 von den TOP &hellip; <a href=\"https:\/\/www.hamburg-fuer-die-elbe.de\/?page_id=1115\" class=\"more-link\"><span class=\"screen-reader-text\">Containerreedereien<\/span> weiterlesen <span class=\"meta-nav\">&rarr;<\/span><\/a><\/p>\n","protected":false},"author":2,"featured_media":0,"parent":1099,"menu_order":1,"comment_status":"closed","ping_status":"closed","template":"","meta":{"footnotes":""},"_links":{"self":[{"href":"https:\/\/www.hamburg-fuer-die-elbe.de\/index.php?rest_route=\/wp\/v2\/pages\/1115"}],"collection":[{"href":"https:\/\/www.hamburg-fuer-die-elbe.de\/index.php?rest_route=\/wp\/v2\/pages"}],"about":[{"href":"https:\/\/www.hamburg-fuer-die-elbe.de\/index.php?rest_route=\/wp\/v2\/types\/page"}],"author":[{"embeddable":true,"href":"https:\/\/www.hamburg-fuer-die-elbe.de\/index.php?rest_route=\/wp\/v2\/users\/2"}],"replies":[{"embeddable":true,"href":"https:\/\/www.hamburg-fuer-die-elbe.de\/index.php?rest_route=%2Fwp%2Fv2%2Fcomments&post=1115"}],"version-history":[{"count":41,"href":"https:\/\/www.hamburg-fuer-die-elbe.de\/index.php?rest_route=\/wp\/v2\/pages\/1115\/revisions"}],"predecessor-version":[{"id":11456,"href":"https:\/\/www.hamburg-fuer-die-elbe.de\/index.php?rest_route=\/wp\/v2\/pages\/1115\/revisions\/11456"}],"up":[{"embeddable":true,"href":"https:\/\/www.hamburg-fuer-die-elbe.de\/index.php?rest_route=\/wp\/v2\/pages\/1099"}],"wp:attachment":[{"href":"https:\/\/www.hamburg-fuer-die-elbe.de\/index.php?rest_route=%2Fwp%2Fv2%2Fmedia&parent=1115"}],"curies":[{"name":"wp","href":"https:\/\/api.w.org\/{rel}","templated":true}]}}