{"id":1153,"date":"2014-01-05T20:31:36","date_gmt":"2014-01-05T18:31:36","guid":{"rendered":"http:\/\/www.hamburg-fuer-die-elbe.de\/?page_id=1153"},"modified":"2019-01-27T20:33:51","modified_gmt":"2019-01-27T18:33:51","slug":"containerhaefen","status":"publish","type":"page","link":"https:\/\/www.hamburg-fuer-die-elbe.de\/?page_id=1153","title":{"rendered":"Containerh\u00e4fen"},"content":{"rendered":"<p>Die deutschen Containerh\u00e4fen der Nordrange sind Bremerhaven, Hamburg und Wilhelmshaven. Die Verwaltung dieser H\u00e4fen obliegt staatlichen Hafenverwaltungsgesellschaften wie<\/p>\n<ul>\n<li><a title=\"HPA\" href=\"https:\/\/www.hamburg-fuer-die-elbe.de\/?page_id=661\" target=\"_blank\">HPA (Hamburg Port Authority)<\/a> in Hamburg, einer rechtsf\u00e4higen Anstalt \u00f6ffentlichen Rechts im 100%-Eigentum des Landes Hamburg,<\/li>\n<li><a href=\"http:\/\/www.bremenports.de\/\" target=\"_blank\">bremenports GmbH &amp; Co. KG<\/a> in Bremerhaven, einer Personengesellschaft im 100%-Eigentum des Landes Bremen.<\/li>\n<li><a href=\"http:\/\/www.jadeweserport.de\/hafen-betrieb\/#mid34\" target=\"_blank\">JadeWeserPort Realisierungs GmbH &amp; Co. KG<\/a> in Wilhelmshaven, einer Personengesellschaft mit den Eigent\u00fcmer Land Niedersachsen (50,1%) und Land Bremen (49,9%).<\/li>\n<\/ul>\n<p>Die Verwaltungsgesellschaften haben mit dem eigentlichen Umschlagsbetrieb in den H\u00e4fen nichts zu tun. Sie verpachten die Hafen- und Kaifl\u00e4chen an privatwirtschaftliche Terminalbetreiber, die den eigentlichen Containerumschlag abwickeln.<\/p>\n<p>Die Hafenverwaltungsgesellschaften haben lediglich eine ausreichende Hafeninfrastruktur wie Stra\u00dfen, Gleise, Br\u00fccken und Wassertiefen f\u00fcr den Hafenbetrieb sicherzustellen. Die Entwicklung und Unterhaltung dieser Anlagen erfordert viel Kapital, wie wir unter <a title=\"Hafen 21\" href=\"https:\/\/www.hamburg-fuer-die-elbe.de\/?page_id=85\" target=\"_blank\">Hafen21 <\/a>dargestellt haben. Dieses Kapital wird von den staatlichen Eigent\u00fcmern aus dem jeweiligen Landeshaushalts des Bundeslands bereitgestellt. Die Einnahmen der H\u00e4fen \u00fcber die Verpachtung an Terminalbetreiber und die Einnahmen durch Hafenentgelte f\u00fcr Schiffe machen nur einen Bruchteil des Infrastrukturaufwandes aus. Die Pachten f\u00fcr Terminalbetreiber und Lagerfl\u00e4chen bewegen sich beispielsweise in Hamburg bei rund 3,30 Euro pro Quadratmeter und Jahr. <a href=\"#_ftn1\">[1]<\/a><\/p>\n<p>Einen guten \u00dcberblick in die Aufgaben der Hafenverwaltungen von Hamburg und Bremen verschafft das bislang in Hamburg unver\u00f6ffentlichte <a href=\"http:\/\/www.hafenausschuss.bremische-buergerschaft.de\/sixcms\/media.php\/13\/H%E4fA_2011_10_12_vorlage%20zu%20TOP%203_Zwischenbericht.pdf\" target=\"_blank\" class=\"broken_link\">Kooperationsgutachten <\/a>f\u00fcr die beiden Hafenbeh\u00f6rden.<a href=\"#_ftn2\">[2]<\/a><\/p>\n<p>F\u00fcr Informationen zu den Terminalbetreibern gehts \u00fcber <a title=\"Containerterminals\" href=\"https:\/\/www.hamburg-fuer-die-elbe.de\/?page_id=1156\">&#8211;&gt; Containerterminals<\/a><\/p>\n<hr align=\"left\" size=\"1\" width=\"33%\" \/>\n<div>\n<p><a href=\"#_ftnref1\">[1]<\/a> Gro\u00dfe Anfrage, \u201cHafenfinanzierung\u201d, <a href=\"https:\/\/www.buergerschaft-hh.de\/ParlDok\/dokument\/36451\/hafenfinanzierung.pdf\" target=\"_blank\" class=\"broken_link\">Drucksache 20\/3890, <\/a>hier Frage 42 b) mit einer Durchschnittsmiete von 3,30 Euro pro Quadratmeter und <strong>Jahr<\/strong>.<br \/>\n<a href=\"#_ftnref2\">[2] <\/a>Bremische B\u00fcrgerschaft, Ausschuss f\u00fcr Angelegenheiten der H\u00e4fen im Lande Bremen,\u00a0 Gutachten &#8220;<a href=\"http:\/\/www.hafenausschuss.bremische-buergerschaft.de\/sixcms\/media.php\/13\/H%E4fA_2011_10_12_vorlage%20zu%20TOP%203_Zwischenbericht.pdf\" target=\"_blank\" class=\"broken_link\">Chancen und Risiken f\u00fcr Kooperationen der Port Authorities HPA (Hamburg) und bremenports (Bremen)<\/a>&#8221; von Putz &amp; Partner Unternehmensberatung AG vom Juni 2011, beraten in der<a href=\"http:\/\/www.hafenausschuss.bremische-buergerschaft.de\/sixcms\/media.php\/13\/H%E4fA_02.%20Sitzung_2011_10_12.pdf\" target=\"_blank\" class=\"broken_link\"> Ausschusssitzung vom 12.10.2011<\/a> mit der <a href=\"http:\/\/www.hafenausschuss.bremische-buergerschaft.de\/sixcms\/media.php\/13\/Vorlage%20zu%20TOP%20I.1%20%20ANLAGE%20I%20zum%20%20Protokoll%20der%201.%20Sitzung.pdf\" target=\"_blank\" class=\"broken_link\">Anlage 1 zum Protokoll<\/a>.<\/p>\n<\/div>\n","protected":false},"excerpt":{"rendered":"<p>Die deutschen Containerh\u00e4fen der Nordrange sind Bremerhaven, Hamburg und Wilhelmshaven. Die Verwaltung dieser H\u00e4fen obliegt staatlichen Hafenverwaltungsgesellschaften wie HPA (Hamburg Port Authority) in Hamburg, einer rechtsf\u00e4higen Anstalt \u00f6ffentlichen Rechts im 100%-Eigentum des Landes Hamburg, bremenports GmbH &amp; Co. KG in Bremerhaven, einer Personengesellschaft im 100%-Eigentum des Landes Bremen. JadeWeserPort Realisierungs GmbH &amp; Co. KG in &hellip; <a href=\"https:\/\/www.hamburg-fuer-die-elbe.de\/?page_id=1153\" class=\"more-link\"><span class=\"screen-reader-text\">Containerh\u00e4fen<\/span> weiterlesen <span class=\"meta-nav\">&rarr;<\/span><\/a><\/p>\n","protected":false},"author":2,"featured_media":0,"parent":1099,"menu_order":2,"comment_status":"closed","ping_status":"closed","template":"","meta":{"footnotes":""},"_links":{"self":[{"href":"https:\/\/www.hamburg-fuer-die-elbe.de\/index.php?rest_route=\/wp\/v2\/pages\/1153"}],"collection":[{"href":"https:\/\/www.hamburg-fuer-die-elbe.de\/index.php?rest_route=\/wp\/v2\/pages"}],"about":[{"href":"https:\/\/www.hamburg-fuer-die-elbe.de\/index.php?rest_route=\/wp\/v2\/types\/page"}],"author":[{"embeddable":true,"href":"https:\/\/www.hamburg-fuer-die-elbe.de\/index.php?rest_route=\/wp\/v2\/users\/2"}],"replies":[{"embeddable":true,"href":"https:\/\/www.hamburg-fuer-die-elbe.de\/index.php?rest_route=%2Fwp%2Fv2%2Fcomments&post=1153"}],"version-history":[{"count":13,"href":"https:\/\/www.hamburg-fuer-die-elbe.de\/index.php?rest_route=\/wp\/v2\/pages\/1153\/revisions"}],"predecessor-version":[{"id":11348,"href":"https:\/\/www.hamburg-fuer-die-elbe.de\/index.php?rest_route=\/wp\/v2\/pages\/1153\/revisions\/11348"}],"up":[{"embeddable":true,"href":"https:\/\/www.hamburg-fuer-die-elbe.de\/index.php?rest_route=\/wp\/v2\/pages\/1099"}],"wp:attachment":[{"href":"https:\/\/www.hamburg-fuer-die-elbe.de\/index.php?rest_route=%2Fwp%2Fv2%2Fmedia&parent=1153"}],"curies":[{"name":"wp","href":"https:\/\/api.w.org\/{rel}","templated":true}]}}