{"id":1257,"date":"2014-01-12T14:51:12","date_gmt":"2014-01-12T12:51:12","guid":{"rendered":"http:\/\/www.hamburg-fuer-die-elbe.de\/?page_id=1257"},"modified":"2015-04-04T09:22:26","modified_gmt":"2015-04-04T08:22:26","slug":"sonstige-hafendienstleistungen","status":"publish","type":"page","link":"https:\/\/www.hamburg-fuer-die-elbe.de\/?page_id=1257","title":{"rendered":"Sonstige Hafendienste"},"content":{"rendered":"<p>Neben dem Containerumschlag gibt es noch eine Vielzahl von weiteren Hafendienstleistungen. Hapag-Lloyd berichtet, dass die Reederei durch &#8220;die steigende Anzahl der Hafenanl\u00e4ufe &#8230; auch das Auftragsvolumen an die Hamburger Hafen- und maritime Wirtschaft \u2013 dieses betr\u00e4gt j\u00e4hrlich rund 500 Mio. EUR z.B. f\u00fcr Terminal-, Schlepper-, Lotsen-, und Festmacherdienstleistungen&#8221; erh\u00f6ht. <a href=\"#_ftn1\">[1]<\/a><\/p>\n<p>\u00dcber die zuk\u00fcnftige Erbringung dieser Dienstleistungen im Hamburger Hafen k\u00f6nnen wir keine Aussagen machen. Wenn wir unseren Blick bei Schlepperdienstleistung z.B. nach Bremerhaven richten, k\u00f6nnen wir interessante Entwicklungen beobachten:<\/p>\n<p>Ende November 2013 wurde bekannt, dass in Bremerhaven neben den bekannten Schlepperreedereien <a href=\"http:\/\/www.bugsier.de\/index.php\" target=\"_blank\">Bugsier<\/a>\/<a href=\"http:\/\/www.urag.de\/home\/\" target=\"_blank\">URAG<\/a> und <a href=\"http:\/\/www.kotug.com\/\" target=\"_blank\">Kotug<\/a> mit der Firma Svitzer zuk\u00fcnftig eine weitere Reederei ihre Dienstleistung anbieten w\u00fcrde.<a href=\"#_ftn2\">[2] <\/a><a href=\"http:\/\/svitzer.com\/towage-services\" target=\"_blank\">Svitzer<\/a> ist eine 100%-Tochter der Maersk-Reederei.<\/p>\n<p>Anfang <a href=\"http:\/\/www.google.de\/url?sa=t&amp;rct=j&amp;q=&amp;esrc=s&amp;source=web&amp;cd=1&amp;cad=rja&amp;uact=8&amp;ved=0CCMQFjAA&amp;url=http%3A%2F%2Fwww.thb.info%2Fnews%2Fsingle-view%2Fid%2Fsvitzer-schlepper-jetzt-in-bremerhaven-aktiv.html&amp;ei=LrN8VM7_O6f_ygPFhYGYDg&amp;usg=AFQjCNG1js9O9nfTz2RRyeKjdTtRTzl2lw&amp;bvm=bv.80642063,d.bGQ\" target=\"_blank\">Januar 2014<\/a> wurde dann bekannt, dass Svitzer mit zwei Schiffen zum 1.1.2014 den Betrieb aufgenommen habe, mit der URAG eine Kooperation planen w\u00fcrde und in Bremerhaven mit Maersk und MSC &#8220;v\u00f6llig \u00fcberraschend&#8221; bereits zwei neue Gro\u00dfkunden gefunden habe.<a href=\"#_ftn3\">[3]<\/a><\/p>\n<div>\n<hr align=\"left\" size=\"1\" width=\"33%\" \/>\n<div><a href=\"#_ftnref1\">[1] <\/a>Hamburgische B\u00fcrgerschaft, Ausschuss \u00d6ffentliche Unternehmen, &#8220;Protokoll der \u00f6ffentlichen Sitzung des Ausschusses \u00d6ffentliche Unternehmen vom 26. November 2013&#8221;, <a href=\"https:\/\/www.buergerschaft-hh.de\/ParlDok\/dokument\/43401\/protokoll-der-%c3%b6ffentlichen-sitzung-des-ausschusses-%c3%b6ffentliche-unternehmen.pdf\" target=\"_blank\" class=\"broken_link\">Drucksache 20\/0026<\/a>, hier Anlage 2, Seite 5.<\/div>\n<div>\n<p><a href=\"#_ftnref2\">[2] <\/a>Radio Bremen, &#8220;Dritter Anbieter dr\u00e4ngt in den Hafen&#8221;, Radiobericht vom 27.11.2013. Der Radiobericht wurde mittlerweile im Internetangebot nach einem Jahr gel\u00f6scht. Wir haben in dem &#8220;Tugs, Towing &amp; Offshore Newsletter&#8221;, 14. Jahrgang, Nr. 72 vom 11.12.2013, Seite 4 einen Bezug auf den o.a. Radiobericht samt Inhalten gefunden: &#8220;<a href=\"http:\/\/www.google.de\/url?sa=t&amp;rct=j&amp;q=&amp;esrc=s&amp;source=web&amp;cd=14&amp;cad=rja&amp;uact=8&amp;ved=0CDUQFjADOAo&amp;url=http%3A%2F%2Fnewsletter.towingline.com%2FNewsLetterPage%2FGetNewsLetter%2F47!13780%2F&amp;ei=jbB8VJv5IuG_ywOh8YDABA&amp;usg=AFQjCNHyI_1ptVjmd3ESh8LJALZxxo4SSQ&amp;bvm=bv.80642063,d.bGQ\" target=\"_blank\">SVITZER WANTS TO START OPERATIONS AT BREMERHAVEN PORT<\/a>&#8221; und THB-Online, T\u00e4glicher Hafenbericht, &#8220;<a href=\"http:\/\/www.google.de\/url?sa=t&amp;rct=j&amp;q=&amp;esrc=s&amp;source=web&amp;cd=2&amp;ved=0CCoQFjAB&amp;url=http%3A%2F%2Fwww.thb.info%2Fnews%2Fsingle-view%2Fid%2Fsvitzer-wird-auch-in-bremerhaven-aktiv.html&amp;ei=LrN8VM7_O6f_ygPFhYGYDg&amp;usg=AFQjCNEW0_cvTmEHUGYW3UeWDGrBRNX9hg&amp;bvm=bv.80642063,d.bGQ&amp;cad=rja\" target=\"_blank\">Svitzer wird auch in Bremerhaven aktiv<\/a>&#8221; vom 03.12.2013<br \/>\n<a href=\"#_ftnref3\">[3]<\/a> Hansa-Online, International Maritime Journal, &#8220;<a href=\"http:\/\/www.google.de\/url?sa=t&amp;rct=j&amp;q=&amp;esrc=s&amp;source=web&amp;cd=3&amp;ved=0CC8QFjAC&amp;url=http%3A%2F%2Fwww.hansa-online.de%2Faktuelles-news%2Fnewsmeldung%2Furag-svitzer-towing-kann-gegruendet-werden%2F5571696bee36dccac8b7cc4c872b5fec.html&amp;ei=cQUVVZvVKInvatrmgMgJ&amp;usg=AFQjCNFba5GFuxvXUqVkF78G8TzcxZSzAA&amp;bvm=bv.89381419,d.d2s&amp;cad=rja\" target=\"_blank\">Svitzer-Schlepper jetzt in Bremerhaven aktiv<\/a>&#8221; vom 28.02.2014.<\/p>\n<\/div>\n<\/div>\n","protected":false},"excerpt":{"rendered":"<p>Neben dem Containerumschlag gibt es noch eine Vielzahl von weiteren Hafendienstleistungen. Hapag-Lloyd berichtet, dass die Reederei durch &#8220;die steigende Anzahl der Hafenanl\u00e4ufe &#8230; auch das Auftragsvolumen an die Hamburger Hafen- und maritime Wirtschaft \u2013 dieses betr\u00e4gt j\u00e4hrlich rund 500 Mio. EUR z.B. f\u00fcr Terminal-, Schlepper-, Lotsen-, und Festmacherdienstleistungen&#8221; erh\u00f6ht. [1] \u00dcber die zuk\u00fcnftige Erbringung dieser &hellip; <a href=\"https:\/\/www.hamburg-fuer-die-elbe.de\/?page_id=1257\" class=\"more-link\"><span class=\"screen-reader-text\">Sonstige Hafendienste<\/span> weiterlesen <span class=\"meta-nav\">&rarr;<\/span><\/a><\/p>\n","protected":false},"author":2,"featured_media":0,"parent":1156,"menu_order":4,"comment_status":"closed","ping_status":"closed","template":"","meta":{"footnotes":""},"_links":{"self":[{"href":"https:\/\/www.hamburg-fuer-die-elbe.de\/index.php?rest_route=\/wp\/v2\/pages\/1257"}],"collection":[{"href":"https:\/\/www.hamburg-fuer-die-elbe.de\/index.php?rest_route=\/wp\/v2\/pages"}],"about":[{"href":"https:\/\/www.hamburg-fuer-die-elbe.de\/index.php?rest_route=\/wp\/v2\/types\/page"}],"author":[{"embeddable":true,"href":"https:\/\/www.hamburg-fuer-die-elbe.de\/index.php?rest_route=\/wp\/v2\/users\/2"}],"replies":[{"embeddable":true,"href":"https:\/\/www.hamburg-fuer-die-elbe.de\/index.php?rest_route=%2Fwp%2Fv2%2Fcomments&post=1257"}],"version-history":[{"count":14,"href":"https:\/\/www.hamburg-fuer-die-elbe.de\/index.php?rest_route=\/wp\/v2\/pages\/1257\/revisions"}],"predecessor-version":[{"id":5895,"href":"https:\/\/www.hamburg-fuer-die-elbe.de\/index.php?rest_route=\/wp\/v2\/pages\/1257\/revisions\/5895"}],"up":[{"embeddable":true,"href":"https:\/\/www.hamburg-fuer-die-elbe.de\/index.php?rest_route=\/wp\/v2\/pages\/1156"}],"wp:attachment":[{"href":"https:\/\/www.hamburg-fuer-die-elbe.de\/index.php?rest_route=%2Fwp%2Fv2%2Fmedia&parent=1257"}],"curies":[{"name":"wp","href":"https:\/\/api.w.org\/{rel}","templated":true}]}}