{"id":1296,"date":"2014-01-26T19:23:09","date_gmt":"2014-01-26T17:23:09","guid":{"rendered":"http:\/\/www.hamburg-fuer-die-elbe.de\/?page_id=1296"},"modified":"2014-02-14T20:27:01","modified_gmt":"2014-02-14T18:27:01","slug":"haefen-im-wettbewerb","status":"publish","type":"page","link":"https:\/\/www.hamburg-fuer-die-elbe.de\/?page_id=1296","title":{"rendered":"H\u00e4fen im Wettbewerb"},"content":{"rendered":"<p>Auf den folgenden Seiten versuchen wir aufzuzeigen, welche Wettbewerbsbedingungen und Einflussnahmen auf die Entwicklungen der deutschen H\u00e4fen der Nordrange wirken.<\/p>\n<ul>\n<li>Welche H\u00e4fen der europ\u00e4ischen Nordrange konkurrieren mit wem?<\/li>\n<li>Wie sind die gro\u00dfen Containerreedereien aufgestellt?<\/li>\n<li>Wer sind die Betreiber der norddeutschen Containerh\u00e4fen?<\/li>\n<li>Wie stehen die deutschen Terminalbetreiber HHLA und Eurogate da?<\/li>\n<\/ul>\n<p>In unserem Fazit fassen wir unsere wesentlichen Erkenntnisse zusammen und reflektieren diese auf die Bedeutung f\u00fcr den Hamburger Hafen. Wir beginnen mit den <a title=\"Umschlag Nordrange\" href=\"https:\/\/www.hamburg-fuer-die-elbe.de\/?page_id=1099\">-&gt; H\u00e4fen der Nordrange<\/a>.<\/p>\n","protected":false},"excerpt":{"rendered":"<p>Auf den folgenden Seiten versuchen wir aufzuzeigen, welche Wettbewerbsbedingungen und Einflussnahmen auf die Entwicklungen der deutschen H\u00e4fen der Nordrange wirken. Welche H\u00e4fen der europ\u00e4ischen Nordrange konkurrieren mit wem? Wie sind die gro\u00dfen Containerreedereien aufgestellt? Wer sind die Betreiber der norddeutschen Containerh\u00e4fen? Wie stehen die deutschen Terminalbetreiber HHLA und Eurogate da? In unserem Fazit fassen wir &hellip; <a href=\"https:\/\/www.hamburg-fuer-die-elbe.de\/?page_id=1296\" class=\"more-link\"><span class=\"screen-reader-text\">H\u00e4fen im Wettbewerb<\/span> weiterlesen <span class=\"meta-nav\">&rarr;<\/span><\/a><\/p>\n","protected":false},"author":3,"featured_media":0,"parent":557,"menu_order":0,"comment_status":"closed","ping_status":"closed","template":"","meta":{"footnotes":""},"_links":{"self":[{"href":"https:\/\/www.hamburg-fuer-die-elbe.de\/index.php?rest_route=\/wp\/v2\/pages\/1296"}],"collection":[{"href":"https:\/\/www.hamburg-fuer-die-elbe.de\/index.php?rest_route=\/wp\/v2\/pages"}],"about":[{"href":"https:\/\/www.hamburg-fuer-die-elbe.de\/index.php?rest_route=\/wp\/v2\/types\/page"}],"author":[{"embeddable":true,"href":"https:\/\/www.hamburg-fuer-die-elbe.de\/index.php?rest_route=\/wp\/v2\/users\/3"}],"replies":[{"embeddable":true,"href":"https:\/\/www.hamburg-fuer-die-elbe.de\/index.php?rest_route=%2Fwp%2Fv2%2Fcomments&post=1296"}],"version-history":[{"count":4,"href":"https:\/\/www.hamburg-fuer-die-elbe.de\/index.php?rest_route=\/wp\/v2\/pages\/1296\/revisions"}],"predecessor-version":[{"id":1338,"href":"https:\/\/www.hamburg-fuer-die-elbe.de\/index.php?rest_route=\/wp\/v2\/pages\/1296\/revisions\/1338"}],"up":[{"embeddable":true,"href":"https:\/\/www.hamburg-fuer-die-elbe.de\/index.php?rest_route=\/wp\/v2\/pages\/557"}],"wp:attachment":[{"href":"https:\/\/www.hamburg-fuer-die-elbe.de\/index.php?rest_route=%2Fwp%2Fv2%2Fmedia&parent=1296"}],"curies":[{"name":"wp","href":"https:\/\/api.w.org\/{rel}","templated":true}]}}