{"id":134,"date":"2013-10-13T12:13:16","date_gmt":"2013-10-13T10:13:16","guid":{"rendered":"http:\/\/www.hamburg-fuer-die-elbe.de\/?page_id=134"},"modified":"2020-02-17T15:07:36","modified_gmt":"2020-02-17T13:07:36","slug":"134-2","status":"publish","type":"page","link":"https:\/\/www.hamburg-fuer-die-elbe.de\/?page_id=134","title":{"rendered":"Unterhaltungsbaggerei"},"content":{"rendered":"<p>F\u00fcr die Erhaltung der Tiefe auf der Unterelbe wird auf der Elbe ganzj\u00e4hrig gebaggert. Ohne diese Baggerei w\u00fcrde die Elbe sehr schnell ihre Seeschifftiefe verlieren. Die (Kosten-) Verantwortung f\u00fcr diese &#8220;Unterhaltungsbaggerei&#8221; obliegt Hamburg f\u00fcr den auf hamburgischem Staatsgebiet liegenden Teil der Unterelbe und dem Bund f\u00fcr den sich anschlie\u00dfenden Elbteil.<\/p>\n<p><strong>Hamburger Delegationsstrecke (Hafen bis Hamburg-Tinsdal)<br \/>\n<\/strong>F\u00fcr die Unterhaltung der Wassertiefen auf der Delegationsstrecke und im Hamburger Hafen entstehen j\u00e4hrlich wiederkehrende Kosten f\u00fcr die Baggerei. Die Kosten werden mit Betr\u00e4gen zwischen j\u00e4hrlich 52 und 99 Mio. Euro angegeben. <a title=\"\" href=\"#_ftn1\">[1]<\/a><br \/>\n\n<table id=\"tablepress-2\" class=\"tablepress tablepress-id-2\">\n<thead>\n<tr class=\"row-1 odd\">\n\t<th class=\"column-1\">HPA Hamburg<\/th><th class=\"column-2\">2009<\/th><th class=\"column-3\">2010<\/th><th class=\"column-4\">2011<\/th><th class=\"column-5\">2012<\/th><th class=\"column-6\">2013<\/th><th class=\"column-7\">2014<\/th><th class=\"column-8\">2015<\/th>\n<\/tr>\n<\/thead>\n<tbody class=\"row-hover\">\n<tr class=\"row-2 even\">\n\t<td class=\"column-1\">Menge [Mio. m\u00b3]<\/td><td class=\"column-2\">5,35<\/td><td class=\"column-3\">4,75<\/td><td class=\"column-4\">2,45<\/td><td class=\"column-5\">4,91<\/td><td class=\"column-6\">6,07<\/td><td class=\"column-7\">4,54<\/td><td class=\"column-8\">11,67<\/td>\n<\/tr>\n<tr class=\"row-3 odd\">\n\t<td class=\"column-1\">Kosten [Mio. \u20ac]<\/td><td class=\"column-2\">60,8<\/td><td class=\"column-3\">54,7<\/td><td class=\"column-4\">53,1<\/td><td class=\"column-5\">52,0<\/td><td class=\"column-6\">56,0<\/td><td class=\"column-7\">66,0<\/td><td class=\"column-8\">85,0<\/td>\n<\/tr>\n<\/tbody>\n<\/table>\n<\/p>\n<p>\n<table id=\"tablepress-9\" class=\"tablepress tablepress-id-9\">\n<thead>\n<tr class=\"row-1 odd\">\n\t<th class=\"column-1\">HPA Hamburg<\/th><th class=\"column-2\">2016<\/th><th class=\"column-3\">2017<\/th><th class=\"column-4\">2018<\/th><th class=\"column-5\">2019 (nur Q1-3)<\/th><th class=\"column-6\">2020<\/th>\n<\/tr>\n<\/thead>\n<tbody class=\"row-hover\">\n<tr class=\"row-2 even\">\n\t<td class=\"column-1\">Menge [Mio. m\u00b3]<\/td><td class=\"column-2\">11,4<\/td><td class=\"column-3\">11,22<\/td><td class=\"column-4\">6,82<\/td><td class=\"column-5\">5,43<\/td><td class=\"column-6\"><\/td>\n<\/tr>\n<tr class=\"row-3 odd\">\n\t<td class=\"column-1\">Kosten [Mio. \u20ac]<\/td><td class=\"column-2\">99,1<\/td><td class=\"column-3\">96,5<\/td><td class=\"column-4\">89,5<\/td><td class=\"column-5\">n.a.<\/td><td class=\"column-6\"><\/td>\n<\/tr>\n<\/tbody>\n<\/table>\n<br \/>\nDas Baggergut wird bei Nesssand oder vor Helgoland bei der Tonne E3 verklappt oder nach einer <a href=\"http:\/\/www.abendblatt.de\/archive\/1994\/pdf\/19940808.pdf\/ASV_HAB_19940808_HA_010.pdf\" target=\"_blank\" rel=\"noopener noreferrer\">METHA-Reinigung<\/a> z.B. auf die <a href=\"http:\/\/www.google.de\/url?sa=t&amp;rct=j&amp;q=&amp;esrc=s&amp;source=web&amp;cd=1&amp;ved=0CCIQFjAA&amp;url=http%3A%2F%2Fvzb.baw.de%2Fpublikationen%2Fkolloquien%2F0%2F08_Timmers_Kaschel_Baggergut_Hamburg.pdf&amp;ei=xiTKU5C7Ho774QSonYDgDg&amp;usg=AFQjCNG8pdAmbnsISe9zmFiqyLSH1alvxw&amp;bvm=bv.71198958,d.bGE&amp;cad=rja\" target=\"_blank\" rel=\"noopener noreferrer\">Hamburger Deponien<\/a> verbracht.<\/p>\n<p><strong>Kosten<\/strong> <strong>Unterhaltungsbaggerei Hamburger Delegationsstrecke<\/strong><br \/>\nGesamtkosten von 2009 bis 2015 \u00a0\u00a0\u00a0\u00a0 \u00a0 \u00a0\u00a0 \u00a0 \u00a0 \u00a0 \u00a0\u00a0\u00a0\u00a0\u00a0\u00a0\u00a0\u00a0 \u00a0\u00a0\u00a0\u00a0 427.700.000 \u20ac<a title=\"\" href=\"#_ftn1\">[1]<\/a><\/p>\n<p>F\u00fcr den Betrieb der Baggergutdeponien und der Reinigungsanlage METHA entstehen <a href=\"https:\/\/www.hamburg-fuer-die-elbe.de\/wordpress\/wp-content\/uploads\/2013\/10\/2014-01-25-4547.jpg\"><img loading=\"lazy\" decoding=\"async\" class=\"size-medium wp-image-2870 alignright\" src=\"https:\/\/www.hamburg-fuer-die-elbe.de\/wordpress\/wp-content\/uploads\/2013\/10\/2014-01-25-4547-300x204.jpg\" alt=\"METHA HPA\" width=\"300\" height=\"204\" srcset=\"https:\/\/www.hamburg-fuer-die-elbe.de\/wordpress\/wp-content\/uploads\/2013\/10\/2014-01-25-4547-300x204.jpg 300w, https:\/\/www.hamburg-fuer-die-elbe.de\/wordpress\/wp-content\/uploads\/2013\/10\/2014-01-25-4547-1024x698.jpg 1024w, https:\/\/www.hamburg-fuer-die-elbe.de\/wordpress\/wp-content\/uploads\/2013\/10\/2014-01-25-4547-900x613.jpg 900w\" sizes=\"(max-width: 300px) 100vw, 300px\" \/><\/a>weitere Kosten, die noch nicht in der Gesamtkostenbetrachtung ber\u00fccksichtigt wurden. Die landseitige Behandlung (einschlie\u00dflich vorheriger Beprobung, Entw\u00e4sserung, Trennung, Abwasserreinigung) und Entsorgung von belasteten Sedimenten im Rahmen der Wassertiefenhaltung im Hafen hat folgende Kosten verursacht:<br \/>\nKosten 2013:\u00a0\u00a0\u00a0\u00a0\u00a0\u00a0\u00a0\u00a0\u00a0\u00a0\u00a0\u00a0\u00a0\u00a0\u00a0\u00a0\u00a0\u00a0\u00a0\u00a0\u00a0\u00a0\u00a0\u00a0\u00a0\u00a0\u00a0\u00a0\u00a0 \u00a0 \u00a0 \u00a0 \u00a0 \u00a0 \u00a0 \u00a0 \u00a0 \u00a0 \u00a0\u00a0\u00a0\u00a0\u00a0\u00a0\u00a0\u00a0\u00a0\u00a0\u00a0\u00a0\u00a0\u00a0\u00a0\u00a0\u00a0\u00a0\u00a0\u00a0\u00a0\u00a0\u00a0\u00a0\u00a0 29.228.000 \u20ac<br \/>\nGesamtkosten von 2008 bis 2013 \u00a0\u00a0\u00a0\u00a0 \u00a0 \u00a0\u00a0 \u00a0 \u00a0 \u00a0 \u00a0\u00a0\u00a0\u00a0\u00a0\u00a0\u00a0\u00a0\u00a0 187.800.000 \u20ac<a href=\"#_ftn2\">[2]<\/a><\/p>\n<p><strong>Bundesstrecke (Hamburg-Tinsdal bis Au\u00dfenelbe-Neuwerk)<br \/>\n<\/strong>F\u00fcr die Unterhaltung der Bundesstrecke der Elbe zwischen Tinsdal und der Au\u00dfenelbe sind die Wasser- und Schifffahrts\u00e4mter (WSA) an der Unterelbe in Cuxhaven und Hamburg sowie f\u00fcr die elbseitigen Wasserfl\u00e4chen am Nord-Ostsee-Kanal (Schleusenzufahrten, Kanalreeden) das WSA Brunsb\u00fcttel zust\u00e4ndig.<\/p>\n<p>Da es zu den bekannten Baggermengen<a href=\"#_ftn3\">[3]<\/a> keine \u00f6ffentlich zug\u00e4nglichen Berichte \u00fcber die angefallenen Kosten gibt, wurden die Daten in 2013 und 2014 bei der Wasser- und Schifffahrtsverwaltung des Bundes unter dem <a href=\"https:\/\/www.hamburg-fuer-die-elbe.de\/wordpress\/wp-content\/uploads\/2013\/10\/baggerkosten-auf-der-bundesstrecke-der-unterelbe.pdf\" target=\"_blank\" rel=\"attachment noopener wp-att-8771 noreferrer\">Aktenzeichen 231.2-Bag\/11300 <\/a>abgefordert. Die Baggermengen und -kosten sind in nachfolgender \u00dcbersicht dargestellt.<\/p>\n\n<table id=\"tablepress-5\" class=\"tablepress tablepress-id-5\">\n<thead>\n<tr class=\"row-1 odd\">\n\t<th class=\"column-1\">WS\u00c4 Unterelbe<\/th><th class=\"column-2\">2009<\/th><th class=\"column-3\">2010<\/th><th class=\"column-4\">2011<\/th><th class=\"column-5\">2012<\/th><th class=\"column-6\">2013<\/th><th class=\"column-7\">2014<\/th><th class=\"column-8\">2015<\/th>\n<\/tr>\n<\/thead>\n<tbody class=\"row-hover\">\n<tr class=\"row-2 even\">\n\t<td class=\"column-1\">Menge [Mio. m\u00b3]<\/td><td class=\"column-2\">20,952<\/td><td class=\"column-3\">15,593<\/td><td class=\"column-4\">16,403<\/td><td class=\"column-5\">12,997<\/td><td class=\"column-6\">16,400<\/td><td class=\"column-7\">13,500<\/td><td class=\"column-8\">16,800<\/td>\n<\/tr>\n<tr class=\"row-3 odd\">\n\t<td class=\"column-1\">Kosten [Mio. \u20ac]<\/td><td class=\"column-2\">50,286<\/td><td class=\"column-3\">52,086<\/td><td class=\"column-4\">49,386<\/td><td class=\"column-5\">41,471<\/td><td class=\"column-6\">51,309<\/td><td class=\"column-7\">39,600<\/td><td class=\"column-8\">47,400<\/td>\n<\/tr>\n<\/tbody>\n<\/table>\n\n<p><strong>Kosten<\/strong> <strong>Bundesstrecke<br \/>\n<\/strong>Gesamtkosten von 2009 bis 2015 \u00a0\u00a0\u00a0\u00a0 \u00a0 \u00a0\u00a0 \u00a0 \u00a0 \u00a0 \u00a0\u00a0\u00a0\u00a0\u00a0\u00a0\u00a0\u00a0 \u00a0\u00a0\u00a0\u00a0 331.600.000 \u20ac<\/p>\n<p>Die Bundesregierung l\u00e4sst die Mengen und Kosten des WSA Brunsb\u00fcttel unber\u00fccksichtigt und kommt daher zu reduzierten Ergebnissen. <a href=\"#_ftn4\">[4]<\/a><\/p>\n<p><strong>Gesamtrechnung f\u00fcr die Unterhaltungsbaggerei an der Unterelbe<br \/>\n<\/strong>Die Addition der Mengen und Kosten der Unterhaltungsbaggerei an der gesamten Unterelbe, also f\u00fcr die Delegations- und Bundesstrecke, ergibt folgendes Bild:<\/p>\n\n<table id=\"tablepress-6\" class=\"tablepress tablepress-id-6\">\n<thead>\n<tr class=\"row-1 odd\">\n\t<th class=\"column-1\">Elbe gesamt<\/th><th class=\"column-2\">2009<\/th><th class=\"column-3\">2010<\/th><th class=\"column-4\">2011<\/th><th class=\"column-5\">2012<\/th><th class=\"column-6\">2013<\/th><th class=\"column-7\">2014<\/th><th class=\"column-8\">2015<\/th>\n<\/tr>\n<\/thead>\n<tbody class=\"row-hover\">\n<tr class=\"row-2 even\">\n\t<td class=\"column-1\">Menge [Mio. m\u00b3]<\/td><td class=\"column-2\">26,300<\/td><td class=\"column-3\">20,338<\/td><td class=\"column-4\">18,854<\/td><td class=\"column-5\">17,908<\/td><td class=\"column-6\">22,467<\/td><td class=\"column-7\">18,036<\/td><td class=\"column-8\">27,600<\/td>\n<\/tr>\n<tr class=\"row-3 odd\">\n\t<td class=\"column-1\">Kosten [Mio. \u20ac]<\/td><td class=\"column-2\">111,132<\/td><td class=\"column-3\">106,754<\/td><td class=\"column-4\">102,478<\/td><td class=\"column-5\">93,471<\/td><td class=\"column-6\">107,309<\/td><td class=\"column-7\">105,600<\/td><td class=\"column-8\">132,400<\/td>\n<\/tr>\n<\/tbody>\n<\/table>\n\n<p><strong>Gesamtkosten f\u00fcr Unterhaltungsbaggerei<\/strong><br \/>\nKosten von 2009 bis 2015 \u00a0\u00a0\u00a0\u00a0 \u00a0 \u00a0\u00a0 \u00a0 \u00a0 \u00a0 \u00a0\u00a0\u00a0\u00a0\u00a0\u00a0\u00a0\u00a0 \u00a0\u00a0\u00a0\u00a0 759.300.000 \u20ac<\/p>\n<p>Mit einer weiteren Vertiefung gehen auch die Tr\u00e4ger der Vertiefung von einer Erh\u00f6hung der Unterhaltungsbaggermengen aus. So sch\u00e4tzt man eine ausbaubedingte Erh\u00f6hung bei Annahme ung\u00fcnstiger Verh\u00e4ltnisse auf ca. 10% &#8211; bezogen auf die in den Jahren 2003 bis 2005 angefallenen mittleren Baggermengen von 11,3 Mio. m\u00b3. Wie dargelegt, bewegt sich die Unterhaltungsbaggerei bereits heute, d.h. ohne die jetzt geplante Vertiefung, bei dem rund zweieinhalbfachen Baggervolumen von 27,6 Mio. m\u00b3.<\/p>\n<p>Lesen Sie jetzt weiter zu der Einrichtung einer <a href=\"https:\/\/www.hamburg-fuer-die-elbe.de\/?page_id=139\">-&gt;neuen Baggerdeponie<\/a><\/p>\n<div>\n<hr align=\"left\" size=\"1\" width=\"33%\" \/>\n<div>\n<p align=\"left\"><a title=\"\" href=\"#_ftnref1\">[1]<\/a>\u00a0 Alle Angaben zu Baggerkosten- und -mengen wurden Senatsangaben aus Drucksachen der Hamburgischen B\u00fcrgerschaft entnommen.<br \/>\n<strong>Baggerkosten<\/strong>:<br \/>\n&#8211; f\u00fcr die Jahre 2006 bis 2010: Schriftliche Kleine Anfrage \u201eElbvertiefung-Stand der Kosten\u201c, Frage 8, <a href=\"https:\/\/www.buergerschaft-hh.de\/ParlDok\/dokument\/35841\/elbvertiefung-%e2%80%93-kosten.pdf\" target=\"_blank\" rel=\"noopener noreferrer\" class=\"broken_link\">Drucksache 20\/3337<\/a>,<br \/>\n&#8211; f\u00fcr die Jahre 2006 bis 2011: Gro\u00dfe Anfrage &#8220;Hafenfinanzierung&#8221;, Frage 22, <a href=\"https:\/\/www.buergerschaft-hh.de\/ParlDok\/dokument\/36451\/hafenfinanzierung.pdf\" target=\"_blank\" rel=\"noopener noreferrer\" class=\"broken_link\">Drucksache 20\/3890<\/a><br \/>\n&#8211; f\u00fcr die Jahre 2012 und 2013: Schriftliche Kleine Anfrage, &#8220;Elbvertiefung-Kosten&#8221;, Frage 15, <a href=\"https:\/\/www.buergerschaft-hh.de\/ParlDok\/dokument\/45632\/elbvertiefung-%E2%80%93-kosten.pdf\" target=\"_blank\" rel=\"noopener noreferrer\" class=\"broken_link\">Drucksache 20\/12347<\/a>,<br \/>\n&#8211; f\u00fcr das Jahr 2014: Schriftlichen Kleine Anfrage &#8220;Unterhaltungsbaggerei, Kostenentwicklung&#8221;, Frage 1, <a href=\"https:\/\/www.buergerschaft-hh.de\/ParlDok\/dokument\/48547\/unterhaltungsbaggerei-kostenentwicklung.pdf\" target=\"_blank\" rel=\"noopener noreferrer\" class=\"broken_link\">Drucksache 21\/389<\/a>,<br \/>\n&#8211; f\u00fcr das Jahr 2015: Schriftliche Kleine Anfrage &#8220;Verbringung von Sedimenten (X) \u2013 Sind die Kosten f\u00fcr Schlickbaggerung endlich ausgerechnet?, Frage 1, <a href=\"https:\/\/www.buergerschaft-hh.de\/ParlDok\/dokument\/51927\/verbringung-von-sedimenten-x-%e2%80%93-sind-die-kosten-f%c3%bcr-schlickbaggerung-endlich-ausgerechnet-.pdf\" target=\"_blank\" rel=\"noopener noreferrer\" class=\"broken_link\">Drucksache 21\/3575<\/a>.<br \/>\n&#8211; f\u00fcr das Jahr 2016: Schriftliche Kleine Anfrage &#8220;Verbringung von Sedimenten (XXVIII) <a href=\"https:\/\/www.buergerschaft-hh.de\/parldok\/dokument\/57027\/verbringung_von_sedimenten_xxviii_was_kostet_die_kreislaufbaggerei_den_steuerzahler.pdf\" target=\"_blank\" rel=\"noopener noreferrer\" class=\"broken_link\">Drucksache 21\/8323<\/a>.<br \/>\n&#8211; f\u00fcr das Jahr 2017: Schriftliche Kleine Anfrage &#8220;Verbringung von Sedimenten (XXXIV) <a href=\"https:\/\/www.buergerschaft-hh.de\/parldok\/dokument\/61589\/verbringung_von_sedimenten_xxxiv_seid_verschlungen_millionen.pdf\" target=\"_blank\" rel=\"noopener noreferrer\" class=\"broken_link\">Drucksache 21\/12299<\/a>.<br \/>\n&#8211; f\u00fcr das Jahr 2018: Schriftliche Kleine Anfrage &#8220;Verbringung von Sedimenten (XXXVI)&#8221; <a href=\"https:\/\/www.buergerschaft-hh.de\/parldok\/dokument\/66431\/verbringung_von_sedimenten_xxxvi.pdf\" target=\"_blank\" rel=\"noopener noreferrer\" class=\"broken_link\">Drucksache 21\/16885<\/a>.<br \/>\n&#8211; f\u00fcr das Jahr 2019: Angaben nur f\u00fcr die ersten drei Quartale 2019 aus Schriftliche Kleine Anfrage &#8220;Verbringung von Sedimenten (XXXVIII) <a href=\"https:\/\/www.buergerschaft-hh.de\/parldok\/dokument\/69002\/verbringung_von_sedimenten_xxxviii.pdf\" target=\"_blank\" rel=\"noopener noreferrer\" class=\"broken_link\">Drucksache 21\/19293<\/a><br \/>\n<strong>Baggermengen<\/strong>:<br \/>\n&#8211; f\u00fcr die Jahre 2006 bis 2013: Schriftliche Kleine Anfrage &#8220;Tats\u00e4chliche Kosten f\u00fcr Baggerarbeiten im Hafen und der Elbe&#8221;, Frage 2, <a href=\"http:\/\/www.buergerschaft-hh.de\/ParlDok\/dokument\/45669\/tats%c3%a4chliche-kosten-f%c3%bcr-baggerarbeiten-im-hafen-und-in-der-elbe.pdf\" target=\"_blank\" rel=\"noopener noreferrer\">Drucksache 20\/12377<\/a>,<br \/>\n&#8211; f\u00fcr das Jahr 2014: Schriftlichen Kleinen Anfrage &#8220;Unterhaltungsbaggerei, Kostenentwicklung&#8221;, Frage 2, <a href=\"https:\/\/www.buergerschaft-hh.de\/ParlDok\/dokument\/48547\/unterhaltungsbaggerei-kostenentwicklung.pdf\" target=\"_blank\" rel=\"noopener noreferrer\" class=\"broken_link\">Drucksache 21\/389<\/a>,<strong><br \/>\n<\/strong>&#8211; f\u00fcr das Jahr 2015: Bericht des Wirtschaftsausschusses &#8220;Sedimentmanagement im Hamburger Hafen: Aktueller Sachstand und Handlungskonzepte&#8221;, Protokollangabe auf Seite 2, <a href=\"https:\/\/www.buergerschaft-hh.de\/ParlDok\/dokument\/51270\/bericht-des-ausschusses-f%c3%bcr-wirtschaft-innovation-und-medien-%c3%bcber-die-selbstbefassung-sedimentmanagement-im-hamburger-hafen-aktueller-sachstand.pdf\" target=\"_blank\" rel=\"noopener noreferrer\" class=\"broken_link\">Drucksache 21\/2995<\/a>.<br \/>\n&#8211; f\u00fcr die Jahre 2015 bis 2018 siehe die von der HPA ver\u00f6ffentlichten Jahresberichte Nesssand. Da die HPA ihre Internetseiten samt Verlinkungen in kurzfristigen Abst\u00e4nden \u00e4ndert, bitte in google.de &#8220;Jahresbericht Nesssand&#8221; suchen.<strong><a href=\"https:\/\/www.buergerschaft-hh.de\/ParlDok\/dokument\/35841\/elbvertiefung-%e2%80%93-kosten.pdf\" target=\"_blank\" rel=\"noopener noreferrer\" class=\"broken_link\"><br \/>\n<\/a><\/strong><a href=\"#_ftnref2\">[2] <\/a>Hamburgische B\u00fcrgerschaft, Gro\u00dfe Anfrage &#8220;Wohlfahrtsmindernde soziale und \u00f6kologische Kosten in Hamburg&#8221;, <a href=\"https:\/\/www.buergerschaft-hh.de\/ParlDok\/dokument\/41910\/wohlfahrtsmindernde-soziale-und-%c3%b6kologische-kosten-in-hamburg.pdf\" target=\"_blank\" rel=\"noopener noreferrer\" class=\"broken_link\">Drucksache 20\/8914<\/a>, hier Antwort zu Frage 4a, c, aa, Angaben in tausend Euro.<br \/>\n<a href=\"#_ftnref3\">[3]<\/a>\u00a0 Vgl. OSPAR Commission auf <a href=\"http:\/\/www.ospar.org\/about\/publications?q=Annual+OSPAR+report+on+dumping+of+wastes+or+other+matter+at+sea&amp;a=&amp;y=\" target=\"_blank\" rel=\"noopener noreferrer\">www.ospar.org<\/a>, hier insbesondere \u201cAnnual OSPAR report on dumping of wastes or other matter at sea\u201d f\u00fcr die Jahre <a href=\"http:\/\/www.ospar.org\/documents?d=7245\" target=\"_blank\" rel=\"noopener noreferrer\">2008<\/a>, <a href=\"http:\/\/www.ospar.org\/documents?d=7281\" target=\"_blank\" rel=\"noopener noreferrer\">2009<\/a>, <a href=\"http:\/\/www.ospar.org\/documents?d=7293\" target=\"_blank\" rel=\"noopener noreferrer\">2010<\/a>, <a href=\"http:\/\/www.ospar.org\/documents?d=7326\" target=\"_blank\" rel=\"noopener noreferrer\">2011<\/a>, <a href=\"http:\/\/www.ospar.org\/documents?d=7350\" target=\"_blank\" rel=\"noopener noreferrer\">2012<\/a> und <a href=\"http:\/\/www.ospar.org\/documents?d=33573\" target=\"_blank\" rel=\"noopener noreferrer\">2013<\/a>.<br \/>\n<a href=\"http:\/\/#_ftnref4\">[4]<\/a>\u00a0 Deutscher Bundestag, Schriftliche Antwort von Staatssekret\u00e4r Enak Ferlemann auf die Schriftliche Anfrage der MdB Dr. Valerie Wilms am 19.04.2013, <a href=\"http:\/\/dipbt.bundestag.de\/dip21\/btd\/17\/131\/1713172.pdf\">Drucksache 17\/13172<\/a>, Seite 30, Frage 37 samt Antwort.<br \/>\n<a href=\"http:\/\/#_ftnref5\">[5]<\/a> Projektb\u00fcro Fahrrinnenanpassung von Unter- und Aussenelbe, <a href=\"http:\/\/www.fahrrinnenausbau.de\/Projektbuero\/dokumente\/Downloads\/b\/Vorhabensbeschreibung_Textband.pdf\" target=\"_blank\" rel=\"noopener noreferrer\">Planfeststellungsunterlage B2, Erl\u00e4uterungsbericht\/Vorhabensbeschreibung<\/a>, Kapitel 4.2.1 Ausbaubedingte Ver\u00e4nderungen der Unterhaltungsbaggermengen, Seite 66, Hamburg 2007.<\/p>\n<\/div>\n<\/div>\n","protected":false},"excerpt":{"rendered":"<p>F\u00fcr die Erhaltung der Tiefe auf der Unterelbe wird auf der Elbe ganzj\u00e4hrig gebaggert. Ohne diese Baggerei w\u00fcrde die Elbe sehr schnell ihre Seeschifftiefe verlieren. Die (Kosten-) Verantwortung f\u00fcr diese &#8220;Unterhaltungsbaggerei&#8221; obliegt Hamburg f\u00fcr den auf hamburgischem Staatsgebiet liegenden Teil der Unterelbe und dem Bund f\u00fcr den sich anschlie\u00dfenden Elbteil. Hamburger Delegationsstrecke (Hafen bis Hamburg-Tinsdal) &hellip; <a href=\"https:\/\/www.hamburg-fuer-die-elbe.de\/?page_id=134\" class=\"more-link\"><span class=\"screen-reader-text\">Unterhaltungsbaggerei<\/span> weiterlesen <span class=\"meta-nav\">&rarr;<\/span><\/a><\/p>\n","protected":false},"author":2,"featured_media":0,"parent":86,"menu_order":6,"comment_status":"closed","ping_status":"closed","template":"","meta":{"footnotes":""},"_links":{"self":[{"href":"https:\/\/www.hamburg-fuer-die-elbe.de\/index.php?rest_route=\/wp\/v2\/pages\/134"}],"collection":[{"href":"https:\/\/www.hamburg-fuer-die-elbe.de\/index.php?rest_route=\/wp\/v2\/pages"}],"about":[{"href":"https:\/\/www.hamburg-fuer-die-elbe.de\/index.php?rest_route=\/wp\/v2\/types\/page"}],"author":[{"embeddable":true,"href":"https:\/\/www.hamburg-fuer-die-elbe.de\/index.php?rest_route=\/wp\/v2\/users\/2"}],"replies":[{"embeddable":true,"href":"https:\/\/www.hamburg-fuer-die-elbe.de\/index.php?rest_route=%2Fwp%2Fv2%2Fcomments&post=134"}],"version-history":[{"count":71,"href":"https:\/\/www.hamburg-fuer-die-elbe.de\/index.php?rest_route=\/wp\/v2\/pages\/134\/revisions"}],"predecessor-version":[{"id":11467,"href":"https:\/\/www.hamburg-fuer-die-elbe.de\/index.php?rest_route=\/wp\/v2\/pages\/134\/revisions\/11467"}],"up":[{"embeddable":true,"href":"https:\/\/www.hamburg-fuer-die-elbe.de\/index.php?rest_route=\/wp\/v2\/pages\/86"}],"wp:attachment":[{"href":"https:\/\/www.hamburg-fuer-die-elbe.de\/index.php?rest_route=%2Fwp%2Fv2%2Fmedia&parent=134"}],"curies":[{"name":"wp","href":"https:\/\/api.w.org\/{rel}","templated":true}]}}