{"id":156,"date":"2013-10-13T13:47:01","date_gmt":"2013-10-13T11:47:01","guid":{"rendered":"http:\/\/www.hamburg-fuer-die-elbe.de\/?page_id=156"},"modified":"2019-01-27T20:35:40","modified_gmt":"2019-01-27T18:35:40","slug":"strassenprojekte","status":"publish","type":"page","link":"https:\/\/www.hamburg-fuer-die-elbe.de\/?page_id=156","title":{"rendered":"Stra\u00dfenprojekte"},"content":{"rendered":"<p>Die Elbvertiefung soll nach Ansicht der Planer u.a. dazu dienen, das prognostizierte steigende Containervolumen auf dem Seewege zu bew\u00e4ltigen. Die im Hafen umgeschlagenen Container m\u00fcssen an- bzw. abtransportiert werden. Dieses geschieht zum gro\u00dfen Teil \u00fcber LKW-Transporte. F\u00fcr die Verkehrsanbindung des Hamburger Hafens reichen aber die bestehenden Stra\u00dfenkapazit\u00e4ten nicht mehr aus.<\/p>\n<p>Die HPA geht im\u00a0 <a href=\"https:\/\/www.google.de\/url?sa=t&amp;rct=j&amp;q=&amp;esrc=s&amp;source=web&amp;cd=1&amp;cad=rja&amp;uact=8&amp;ved=2ahUKEwjJwJeTzY7gAhXQMewKHSRTAjsQFjAAegQIBxAC&amp;url=https%3A%2F%2Fwww.hamburg-port-authority.de%2Ffileadmin%2Fuser_upload%2FMasterplan_Strassen_Hafen.pdf&amp;usg=AOvVaw1vpAm5JnffsTbCt0FV2_tH\" target=\"_blank\">Masterplan Stra\u00dfenverkehr Hafen Hamburg<\/a>, der im August 2010 ver\u00f6ffentlicht wurde, vom nachfolgenden Szenario aus:<\/p>\n<p>&#8220;Es ist zu erwarten, dass das derzeitige Stra\u00dfennetz (im Hafen) den k\u00fcnftigen Anforderungen des Wirtschaftsverkehrs nicht gerecht wird und Ausbauma\u00dfnahmen unumg\u00e4nglich sind. Zudem ergeben sich aus den geplanten Umstrukturierungsma\u00dfnahmen \u2013 wie z. B. dem Aus- und Neubau von Terminals und Logistikfl\u00e4chen \u2013 ver\u00e4nderte Erschlie\u00dfungsanforderungen und die Erfordernisse, vorhandene Stra\u00dfen zu verlegen.&#8221;<\/p>\n<p>Im Folgenden werden Teilprojekte samt Kosten aufgef\u00fchrt. F\u00fcr die Gesamtkosten im unmittelbaren Zusammenhang mit dem Themenschwerpunkt \u201eStra\u00dfenanbindung\u201c ergibt sich ein Betrag von 3.403.832.000 \u20ac.<\/p>\n<table border=\"2\" width=\"589\" cellspacing=\"0\" cellpadding=\"0\">\n<tbody>\n<tr>\n<td valign=\"bottom\" nowrap=\"nowrap\" width=\"133\"><strong>\u00a0<\/strong><\/td>\n<td valign=\"bottom\" nowrap=\"nowrap\" width=\"104\"><\/td>\n<td style=\"text-align: right;\" valign=\"bottom\" nowrap=\"nowrap\" width=\"172\"><strong>Gesamtkosten<\/strong><\/td>\n<td style=\"text-align: right;\" valign=\"bottom\" nowrap=\"nowrap\" width=\"180\"><strong>Hamburger Anteil<\/strong><\/td>\n<\/tr>\n<tr>\n<td valign=\"bottom\" nowrap=\"nowrap\" width=\"133\"><strong>Ma\u00dfnahmen\u00a0<\/strong><\/td>\n<td style=\"text-align: right;\" valign=\"bottom\" nowrap=\"nowrap\" width=\"104\"><strong>Summe<\/strong><\/td>\n<td style=\"text-align: right;\" valign=\"bottom\" nowrap=\"nowrap\" width=\"172\"><strong>3.403.832.000 \u20ac<\/strong><\/td>\n<td style=\"text-align: right;\" valign=\"bottom\" nowrap=\"nowrap\" width=\"180\"><strong>1.295.284.000 \u20ac<\/strong><\/td>\n<\/tr>\n<tr>\n<td colspan=\"2\" valign=\"bottom\" nowrap=\"nowrap\" width=\"237\"><a title=\"CTB-Anbindung\" href=\"https:\/\/www.hamburg-fuer-die-elbe.de\/?page_id=216\" target=\"_blank\">CTB-Anbindung<\/a><\/td>\n<td style=\"text-align: right;\" valign=\"bottom\" nowrap=\"nowrap\" width=\"172\">103.684.000 \u20ac<\/td>\n<td style=\"text-align: right;\" valign=\"bottom\" nowrap=\"nowrap\" width=\"180\">103.684.000 \u20ac<\/td>\n<\/tr>\n<tr>\n<td colspan=\"2\" valign=\"bottom\" nowrap=\"nowrap\" width=\"237\"><a title=\"Kattwykbr\u00fccke\" href=\"https:\/\/www.hamburg-fuer-die-elbe.de\/?page_id=165\" target=\"_blank\">Neubau Kattwyk-Br\u00fccke<\/a><\/td>\n<td style=\"text-align: right;\" valign=\"bottom\" nowrap=\"nowrap\" width=\"172\">205.000.000 \u20ac<\/td>\n<td style=\"text-align: right;\" valign=\"bottom\" nowrap=\"nowrap\" width=\"180\">205.000.000 \u20ac<\/td>\n<\/tr>\n<tr>\n<td colspan=\"2\" valign=\"bottom\" nowrap=\"nowrap\" width=\"237\"><a title=\"Rethebr\u00fccke\" href=\"https:\/\/www.hamburg-fuer-die-elbe.de\/?page_id=429\" target=\"_blank\">Neubau Rethebr\u00fccke<\/a><\/td>\n<td style=\"text-align: right;\" valign=\"bottom\" nowrap=\"nowrap\" width=\"172\">173.600.000 \u20ac<\/td>\n<td style=\"text-align: right;\" valign=\"bottom\" nowrap=\"nowrap\" width=\"180\">173.600.000 \u20ac<\/td>\n<\/tr>\n<tr>\n<td colspan=\"2\" valign=\"bottom\" nowrap=\"nowrap\" width=\"237\"><a title=\"K\u00f6hlbrandbr\u00fccke\" href=\"https:\/\/www.hamburg-fuer-die-elbe.de\/?page_id=434\" target=\"_blank\">Neubau K\u00f6hlbrandbr\u00fccke<\/a><\/td>\n<td style=\"text-align: right;\" valign=\"bottom\" nowrap=\"nowrap\" width=\"172\">700.000.000 \u20ac<\/td>\n<td style=\"text-align: right;\" valign=\"bottom\" nowrap=\"nowrap\" width=\"180\">700.000.000 \u20ac<\/td>\n<\/tr>\n<tr>\n<td colspan=\"2\" valign=\"bottom\" nowrap=\"nowrap\" width=\"237\"><a title=\"Hafenquerspange\" href=\"https:\/\/www.hamburg-fuer-die-elbe.de\/?page_id=455\" target=\"_blank\">A26-Ost (Hafenquerspange)<\/a><\/td>\n<td style=\"text-align: right;\" valign=\"bottom\" nowrap=\"nowrap\" width=\"172\">870.000.000 \u20ac<\/td>\n<td style=\"text-align: right;\" valign=\"bottom\" nowrap=\"nowrap\" width=\"180\">30.000.000 \u20ac<\/td>\n<\/tr>\n<tr>\n<td valign=\"bottom\" nowrap=\"nowrap\" width=\"133\"><a title=\"Hafenquerspange\" href=\"https:\/\/www.hamburg-fuer-die-elbe.de\/?page_id=455\" target=\"_blank\">A26-West<\/a><\/td>\n<td valign=\"bottom\" nowrap=\"nowrap\" width=\"104\"><\/td>\n<td style=\"text-align: right;\" valign=\"bottom\" nowrap=\"nowrap\" width=\"172\">250.000.000 \u20ac<\/td>\n<td style=\"text-align: right;\" valign=\"bottom\" nowrap=\"nowrap\" width=\"180\">0 \u20ac<\/td>\n<\/tr>\n<tr>\n<td valign=\"bottom\" nowrap=\"nowrap\" width=\"133\"><a title=\"S\u00fcderelbefonds\" href=\"https:\/\/www.hamburg-fuer-die-elbe.de\/?page_id=682\" target=\"_blank\">S\u00fcderelbefonds<\/a><\/td>\n<td valign=\"bottom\" nowrap=\"nowrap\" width=\"104\"><\/td>\n<td style=\"text-align: right;\" valign=\"bottom\" nowrap=\"nowrap\" width=\"172\">\u00a047.048.000 \u20ac<\/td>\n<td style=\"text-align: right;\" valign=\"bottom\" nowrap=\"nowrap\" width=\"180\">\u00a042.000.000 \u20ac<\/td>\n<\/tr>\n<tr>\n<td valign=\"bottom\" nowrap=\"nowrap\" width=\"133\"><a title=\"A7-Erweiterung\" href=\"https:\/\/www.hamburg-fuer-die-elbe.de\/?page_id=832\" target=\"_blank\">Ausbau A7<\/a><\/td>\n<td valign=\"bottom\" nowrap=\"nowrap\" width=\"104\">HH-nordw\u00e4rts<\/td>\n<td style=\"text-align: right;\" valign=\"bottom\" nowrap=\"nowrap\" width=\"172\">716.000.000 \u20ac<\/td>\n<td style=\"text-align: right;\" valign=\"bottom\" nowrap=\"nowrap\" width=\"180\">41.000.000 \u20ac<\/td>\n<\/tr>\n<tr>\n<td valign=\"bottom\" nowrap=\"nowrap\" width=\"133\"><\/td>\n<td valign=\"bottom\" nowrap=\"nowrap\" width=\"104\">SH-nordw\u00e4rts<\/td>\n<td style=\"text-align: right;\" valign=\"bottom\" nowrap=\"nowrap\" width=\"172\">338.500.000 \u20ac<\/td>\n<td style=\"text-align: right;\" valign=\"bottom\" nowrap=\"nowrap\" width=\"180\">0 \u20ac<\/td>\n<\/tr>\n<\/tbody>\n<\/table>\n<p>Das sind nur die Hamburger Kosten. F\u00fcr die deutschen Seeh\u00e4fen Hamburg, Bremen\/Bremerhaven und Wilhelmshaven gibt es die Studie &#8220;<a href=\"https:\/\/www.hamburg-fuer-die-elbe.de\/?attachment_id=10323\" target=\"_blank\" rel=\"attachment wp-att-10323\">Seehafenpolitik und Lkw-Wachstum auf unseren Stra\u00dfen<\/a>&#8221; des BUND, die die Auswirkungen und Kosten des steigenden Hinterlandverkehres beschreibt.<\/p>\n<p>Lesen Sie weiter und beginnen Sie mit der <a href=\"https:\/\/www.hamburg-fuer-die-elbe.de\/?page_id=216\">-&gt; Verkehrsanbindung des Burchardkais (CTB)<\/a><\/p>\n","protected":false},"excerpt":{"rendered":"<p>Die Elbvertiefung soll nach Ansicht der Planer u.a. dazu dienen, das prognostizierte steigende Containervolumen auf dem Seewege zu bew\u00e4ltigen. Die im Hafen umgeschlagenen Container m\u00fcssen an- bzw. abtransportiert werden. Dieses geschieht zum gro\u00dfen Teil \u00fcber LKW-Transporte. F\u00fcr die Verkehrsanbindung des Hamburger Hafens reichen aber die bestehenden Stra\u00dfenkapazit\u00e4ten nicht mehr aus. Die HPA geht im\u00a0 Masterplan &hellip; <a href=\"https:\/\/www.hamburg-fuer-die-elbe.de\/?page_id=156\" class=\"more-link\"><span class=\"screen-reader-text\">Stra\u00dfenprojekte<\/span> weiterlesen <span class=\"meta-nav\">&rarr;<\/span><\/a><\/p>\n","protected":false},"author":2,"featured_media":0,"parent":85,"menu_order":2,"comment_status":"closed","ping_status":"closed","template":"","meta":{"footnotes":""},"_links":{"self":[{"href":"https:\/\/www.hamburg-fuer-die-elbe.de\/index.php?rest_route=\/wp\/v2\/pages\/156"}],"collection":[{"href":"https:\/\/www.hamburg-fuer-die-elbe.de\/index.php?rest_route=\/wp\/v2\/pages"}],"about":[{"href":"https:\/\/www.hamburg-fuer-die-elbe.de\/index.php?rest_route=\/wp\/v2\/types\/page"}],"author":[{"embeddable":true,"href":"https:\/\/www.hamburg-fuer-die-elbe.de\/index.php?rest_route=\/wp\/v2\/users\/2"}],"replies":[{"embeddable":true,"href":"https:\/\/www.hamburg-fuer-die-elbe.de\/index.php?rest_route=%2Fwp%2Fv2%2Fcomments&post=156"}],"version-history":[{"count":18,"href":"https:\/\/www.hamburg-fuer-die-elbe.de\/index.php?rest_route=\/wp\/v2\/pages\/156\/revisions"}],"predecessor-version":[{"id":11350,"href":"https:\/\/www.hamburg-fuer-die-elbe.de\/index.php?rest_route=\/wp\/v2\/pages\/156\/revisions\/11350"}],"up":[{"embeddable":true,"href":"https:\/\/www.hamburg-fuer-die-elbe.de\/index.php?rest_route=\/wp\/v2\/pages\/85"}],"wp:attachment":[{"href":"https:\/\/www.hamburg-fuer-die-elbe.de\/index.php?rest_route=%2Fwp%2Fv2%2Fmedia&parent=156"}],"curies":[{"name":"wp","href":"https:\/\/api.w.org\/{rel}","templated":true}]}}