{"id":165,"date":"2013-10-13T13:59:08","date_gmt":"2013-10-13T11:59:08","guid":{"rendered":"http:\/\/www.hamburg-fuer-die-elbe.de\/?page_id=165"},"modified":"2016-04-25T07:57:15","modified_gmt":"2016-04-25T06:57:15","slug":"kattwykbruecke","status":"publish","type":"page","link":"https:\/\/www.hamburg-fuer-die-elbe.de\/?page_id=165","title":{"rendered":"Kattwykbr\u00fccke"},"content":{"rendered":"<p>Dieses Projekt umfasst den Neubau einer <a href=\"https:\/\/www.hamburg-fuer-die-elbe.de\/wordpress\/wp-content\/uploads\/2015\/05\/Kattwykbr\u00fccke.jpg\" target=\"_blank\"><img loading=\"lazy\" decoding=\"async\" class=\"alignright wp-image-6588\" src=\"https:\/\/www.hamburg-fuer-die-elbe.de\/wordpress\/wp-content\/uploads\/2015\/05\/Kattwykbr\u00fccke-209x300.jpg\" alt=\"Kattwykbr\u00fccke\" width=\"238\" height=\"342\" srcset=\"https:\/\/www.hamburg-fuer-die-elbe.de\/wordpress\/wp-content\/uploads\/2015\/05\/Kattwykbr\u00fccke-209x300.jpg 209w, https:\/\/www.hamburg-fuer-die-elbe.de\/wordpress\/wp-content\/uploads\/2015\/05\/Kattwykbr\u00fccke.jpg 407w\" sizes=\"(max-width: 238px) 100vw, 238px\" \/><\/a>beweglichen Eisenbahnbr\u00fccke \u00fcber die S\u00fcderelbe zur Entlastung der bestehenden Kattwykbr\u00fccke. Die neue Br\u00fccke soll der Entflechtung des Schienen- und Stra\u00dfenverkehrs dienen, der bislang im Mischbetrieb \u00fcber die Br\u00fccke gef\u00fchrt wird. Mit dem Neubau der Br\u00fccke ist zudem der planfreie Umbau des Verkehrsknotens Kattwykdamm\/-stra\u00dfe verbunden und der Umbau der Richtfeuerstrecke Hohe Weide. Des Weiteren umfasst dieses Projekt Anpassungen an Bestandsbauwerken an beiden Ufern der S\u00fcderelbe.<\/p>\n<p>Die Baukosten sind \u00fcber die Jahre explodiert:<\/p>\n<p><strong>Kosten<\/strong><br \/>\nStand 2010: \u00a0 \u00a0 \u00a0 \u00a0 \u00a0 \u00a0 \u00a0 \u00a0 \u00a0 \u00a0 \u00a0 \u00a0 \u00a0 \u00a0 \u00a0 \u00a0 \u00a0 \u00a0 \u00a0 \u00a0 \u00a0 \u00a0 \u00a0\u00a0 \u00a0\u00a0\u00a0\u00a0\u00a0\u00a0\u00a0\u00a0\u00a0\u00a0\u00a0\u00a0\u00a0 123.000.000 \u20ac<br \/>\nStand 2011: \u00a0 \u00a0 \u00a0 \u00a0 \u00a0 \u00a0 \u00a0 \u00a0 \u00a0 \u00a0 \u00a0 \u00a0 \u00a0 \u00a0 \u00a0 \u00a0 \u00a0 \u00a0 \u00a0 \u00a0\u00a0\u00a0\u00a0\u00a0\u00a0\u00a0\u00a0 \u00a0 \u00a0 \u00a0\u00a0\u00a0\u00a0\u00a0\u00a0\u00a0\u00a0\u00a0 137.000.000 \u20ac<br \/>\nStand 2013: \u00a0 \u00a0 \u00a0 \u00a0 \u00a0 \u00a0 \u00a0 \u00a0 \u00a0 \u00a0 \u00a0 \u00a0 \u00a0 \u00a0 \u00a0 \u00a0 \u00a0 \u00a0 \u00a0 \u00a0 \u00a0 \u00a0\u00a0 \u00a0\u00a0\u00a0\u00a0\u00a0\u00a0 \u00a0 \u00a0\u00a0\u00a0\u00a0\u00a0\u00a0 205.000.000 \u20ac<a title=\"\" href=\"#_ftn1\">[1]<\/a><br \/>\nStand 2014:\u00a0\u00a0\u00a0\u00a0\u00a0\u00a0\u00a0\u00a0\u00a0\u00a0\u00a0\u00a0\u00a0\u00a0\u00a0\u00a0\u00a0\u00a0\u00a0\u00a0\u00a0\u00a0\u00a0\u00a0\u00a0\u00a0\u00a0\u00a0\u00a0\u00a0\u00a0\u00a0\u00a0\u00a0\u00a0\u00a0\u00a0\u00a0\u00a0\u00a0\u00a0\u00a0\u00a0\u00a0\u00a0\u00a0\u00a0\u00a0\u00a0\u00a0\u00a0\u00a0\u00a0\u00a0\u00a0\u00a0\u00a0\u00a0\u00a0\u00a0\u00a0 207.900.000 \u20ac<a href=\"#_ftn3\">[3]<\/a><br \/>\nStand 2016:\u00a0\u00a0\u00a0\u00a0\u00a0\u00a0\u00a0\u00a0\u00a0\u00a0\u00a0\u00a0\u00a0\u00a0\u00a0\u00a0\u00a0\u00a0\u00a0\u00a0\u00a0\u00a0\u00a0\u00a0\u00a0\u00a0\u00a0\u00a0\u00a0\u00a0\u00a0\u00a0\u00a0\u00a0\u00a0\u00a0\u00a0\u00a0\u00a0\u00a0\u00a0\u00a0\u00a0\u00a0\u00a0\u00a0\u00a0\u00a0\u00a0\u00a0\u00a0\u00a0\u00a0\u00a0\u00a0\u00a0\u00a0\u00a0\u00a0\u00a0\u00a0 250.000.000 \u20ac<a href=\"#_ftn4\">[4]<\/a><\/p>\n<p>Am 26.04.2013 wird verlautbart, dass der Bau der weiteren Kattwyk-Br\u00fccke zun\u00e4chst nicht fortgef\u00fchrt wird.<a title=\"\" href=\"#_ftn2\">[2]<\/a> Am 13.08.2014 wird der erste Rammschlag f\u00fcr den Bau der Kattwykbr\u00fccke gesetzt. <a href=\"#_ftn3\">[3]<\/a><\/p>\n<p>Lesen Sie weiter beim Neubau der <a href=\"https:\/\/www.hamburg-fuer-die-elbe.de\/?page_id=429\" target=\"_blank\">-&gt; Rethebr\u00fccke\u00a0<\/a><\/p>\n<div>\n<hr align=\"left\" size=\"1\" width=\"33%\" \/>\n<div>\n<p><a title=\"\" href=\"#_ftnref1\">[1]<\/a>\u00a0 Hamburgische B\u00fcrgerschaft, Schriftliche kleine Anfrage: \u201eStand der Hafeninfrastrukturma\u00dfnahmen \u201eS\u00fcdliche Hafenerschlie\u00dfung-Neue Bahnbr\u00fccke Kattwyk\u201c&#8221;, <a href=\"https:\/\/www.buergerschaft-hh.de\/ParlDok\/dokument\/39796\/stand-der-hafeninfrastrukturma%c3%9fnahmen-%e2%80%9es%c3%bcdliche-hafenerschlie%c3%9fung-%e2%80%93-neue-bahnbr%c3%bccke-kattwyk%e2%80%9c.pdf\" class=\"broken_link\">Drucksache 20\/6970<\/a><br \/>\n<a href=\"#_ftnref2\">[2]<\/a> Hamburgische B\u00fcrgerschaft, Schriftliche kleine Anfrage: \u201eKattwykbr\u00fccke\u201c, <a href=\"https:\/\/www.buergerschaft-hh.de\/ParlDok\/dokument\/40552\/kattwykbr%c3%bccke.pdf\" target=\"_blank\" class=\"broken_link\">Drucksache 20\/7668<\/a>, korrekterweise m\u00fcssten EU-Mittel von 1.700.000 Euro vom Hamburger Anteil abgezogen werden.<br \/>\n<a href=\"#_ftnref3\">[3]<\/a> Hamburgische B\u00fcrgerschaft, Schriftliche kleine Anfrage: \u201eKattwykbr\u00fccke\u201c, <a href=\"https:\/\/www.buergerschaft-hh.de\/ParlDok\/dokument\/46021\/kattwykbr%c3%bccke.pdf\" target=\"_blank\" class=\"broken_link\">Drucksache 20\/1271<\/a><br \/>\n<a href=\"#_ftn4\">[4]<\/a> <span style=\"color: #000000;\">Hamburgische B\u00fcrgerschaft, Schriftliche kleine Anfrage: &#8220;Brand auf der Kattwykbr\u00fccke&#8230;&#8221;, Antwort zu Frage 24, <a href=\"http:\/\/www.buergerschaft-hh.de\/ParlDok\/dokument\/52004\/brand-auf-der-kattwykbr%c3%bccke-%e2%80%93-leidet-die-lebensader-des-hafens-am-rot-gr%c3%bcnen-sanierungsstau-.pdf\" target=\"_blank\">Drucksache 21\/3637<\/a><\/span><\/p>\n<\/div>\n<\/div>\n","protected":false},"excerpt":{"rendered":"<p>Dieses Projekt umfasst den Neubau einer beweglichen Eisenbahnbr\u00fccke \u00fcber die S\u00fcderelbe zur Entlastung der bestehenden Kattwykbr\u00fccke. Die neue Br\u00fccke soll der Entflechtung des Schienen- und Stra\u00dfenverkehrs dienen, der bislang im Mischbetrieb \u00fcber die Br\u00fccke gef\u00fchrt wird. Mit dem Neubau der Br\u00fccke ist zudem der planfreie Umbau des Verkehrsknotens Kattwykdamm\/-stra\u00dfe verbunden und der Umbau der Richtfeuerstrecke &hellip; <a href=\"https:\/\/www.hamburg-fuer-die-elbe.de\/?page_id=165\" class=\"more-link\"><span class=\"screen-reader-text\">Kattwykbr\u00fccke<\/span> weiterlesen <span class=\"meta-nav\">&rarr;<\/span><\/a><\/p>\n","protected":false},"author":2,"featured_media":0,"parent":156,"menu_order":2,"comment_status":"closed","ping_status":"closed","template":"","meta":{"footnotes":""},"_links":{"self":[{"href":"https:\/\/www.hamburg-fuer-die-elbe.de\/index.php?rest_route=\/wp\/v2\/pages\/165"}],"collection":[{"href":"https:\/\/www.hamburg-fuer-die-elbe.de\/index.php?rest_route=\/wp\/v2\/pages"}],"about":[{"href":"https:\/\/www.hamburg-fuer-die-elbe.de\/index.php?rest_route=\/wp\/v2\/types\/page"}],"author":[{"embeddable":true,"href":"https:\/\/www.hamburg-fuer-die-elbe.de\/index.php?rest_route=\/wp\/v2\/users\/2"}],"replies":[{"embeddable":true,"href":"https:\/\/www.hamburg-fuer-die-elbe.de\/index.php?rest_route=%2Fwp%2Fv2%2Fcomments&post=165"}],"version-history":[{"count":14,"href":"https:\/\/www.hamburg-fuer-die-elbe.de\/index.php?rest_route=\/wp\/v2\/pages\/165\/revisions"}],"predecessor-version":[{"id":9986,"href":"https:\/\/www.hamburg-fuer-die-elbe.de\/index.php?rest_route=\/wp\/v2\/pages\/165\/revisions\/9986"}],"up":[{"embeddable":true,"href":"https:\/\/www.hamburg-fuer-die-elbe.de\/index.php?rest_route=\/wp\/v2\/pages\/156"}],"wp:attachment":[{"href":"https:\/\/www.hamburg-fuer-die-elbe.de\/index.php?rest_route=%2Fwp%2Fv2%2Fmedia&parent=165"}],"curies":[{"name":"wp","href":"https:\/\/api.w.org\/{rel}","templated":true}]}}