{"id":1753,"date":"2014-04-19T07:58:44","date_gmt":"2014-04-19T06:58:44","guid":{"rendered":"http:\/\/www.hamburg-fuer-die-elbe.de\/?page_id=1753"},"modified":"2015-12-25T19:53:07","modified_gmt":"2015-12-25T18:53:07","slug":"elbvertiefung-und-sportschifffahrt","status":"publish","type":"page","link":"https:\/\/www.hamburg-fuer-die-elbe.de\/?page_id=1753","title":{"rendered":"Verschlickung kleiner H\u00e4fen"},"content":{"rendered":"<p>Nach Abschluss der letzten 8. Elbvertiefung in 1999 wurde von Seiten des Senates immer wieder festgestellt, dass die beobachtete Verschlickung der Nebenelben und kleinen H\u00e4fen in keinem Zusammenhang zur Elbvertiefung stehen w\u00fcrde.<\/p>\n<p>Anwohner, Fischer und Segler sehen sich in ihrem Revier jedoch mit verschlickten H\u00e4fen, und Uferabr\u00fcchen konfrontiert, Ankerpl\u00e4tze der auf der Unterelbe typischen <a href=\"https:\/\/de.wikipedia.org\/wiki\/Hamenfischerei\" target=\"_blank\">Hamenfischer<\/a> sind nahezu vollst\u00e4ndig verschwunden.<\/p>\n<p>Wir freuen uns, dass wir Ihnen mit dem Gastbeitrag &#8220;<a href=\"https:\/\/www.hamburg-fuer-die-elbe.de\/wordpress\/wp-content\/uploads\/2014\/04\/bi-final-elmar-specht-dina4.pdf\" target=\"_blank\">Elbvertiefung und Sportschifffahrt<\/a>&#8221; von Herrn Elmar Specht seine Beobachtungen zur Verschlickung der Elbe vorstellen d\u00fcrfen. Endlich fasst ein langj\u00e4hriger Elbsegler auf eigenem Kiel seine Revier-Erfahrungen zum Thema Verschlickung zusammen und schildert, welchen Umgang er von den Planfeststellungsbeh\u00f6rden erfahren durfte.<\/p>\n<p>Wir w\u00fcrden uns freuen, wenn sich die Hamburger Seglergemeinde z.B. aus dem gro\u00dfen Hamburger Yachthafen, die die Ver\u00e4nderungen an der Unterelbe doch wie Herr Specht und wir erleben, sich \u00f6ffentlich \u00e4u\u00dfern und nicht nur glauben, dass mit einer kleinen <a title=\"Stiftung Elbefonds\" href=\"https:\/\/www.hamburg-fuer-die-elbe.de\/?page_id=91\">finanziellen Baggerunterst\u00fctzung aus dem Schlickfonds<\/a> alles wieder gut wird.<\/p>\n<p>&nbsp;<\/p>\n","protected":false},"excerpt":{"rendered":"<p>Nach Abschluss der letzten 8. Elbvertiefung in 1999 wurde von Seiten des Senates immer wieder festgestellt, dass die beobachtete Verschlickung der Nebenelben und kleinen H\u00e4fen in keinem Zusammenhang zur Elbvertiefung stehen w\u00fcrde. Anwohner, Fischer und Segler sehen sich in ihrem Revier jedoch mit verschlickten H\u00e4fen, und Uferabr\u00fcchen konfrontiert, Ankerpl\u00e4tze der auf der Unterelbe typischen Hamenfischer &hellip; <a href=\"https:\/\/www.hamburg-fuer-die-elbe.de\/?page_id=1753\" class=\"more-link\"><span class=\"screen-reader-text\">Verschlickung kleiner H\u00e4fen<\/span> weiterlesen <span class=\"meta-nav\">&rarr;<\/span><\/a><\/p>\n","protected":false},"author":2,"featured_media":0,"parent":557,"menu_order":2,"comment_status":"closed","ping_status":"closed","template":"","meta":{"footnotes":""},"_links":{"self":[{"href":"https:\/\/www.hamburg-fuer-die-elbe.de\/index.php?rest_route=\/wp\/v2\/pages\/1753"}],"collection":[{"href":"https:\/\/www.hamburg-fuer-die-elbe.de\/index.php?rest_route=\/wp\/v2\/pages"}],"about":[{"href":"https:\/\/www.hamburg-fuer-die-elbe.de\/index.php?rest_route=\/wp\/v2\/types\/page"}],"author":[{"embeddable":true,"href":"https:\/\/www.hamburg-fuer-die-elbe.de\/index.php?rest_route=\/wp\/v2\/users\/2"}],"replies":[{"embeddable":true,"href":"https:\/\/www.hamburg-fuer-die-elbe.de\/index.php?rest_route=%2Fwp%2Fv2%2Fcomments&post=1753"}],"version-history":[{"count":7,"href":"https:\/\/www.hamburg-fuer-die-elbe.de\/index.php?rest_route=\/wp\/v2\/pages\/1753\/revisions"}],"predecessor-version":[{"id":8940,"href":"https:\/\/www.hamburg-fuer-die-elbe.de\/index.php?rest_route=\/wp\/v2\/pages\/1753\/revisions\/8940"}],"up":[{"embeddable":true,"href":"https:\/\/www.hamburg-fuer-die-elbe.de\/index.php?rest_route=\/wp\/v2\/pages\/557"}],"wp:attachment":[{"href":"https:\/\/www.hamburg-fuer-die-elbe.de\/index.php?rest_route=%2Fwp%2Fv2%2Fmedia&parent=1753"}],"curies":[{"name":"wp","href":"https:\/\/api.w.org\/{rel}","templated":true}]}}