{"id":185,"date":"2013-10-13T14:29:31","date_gmt":"2013-10-13T12:29:31","guid":{"rendered":"http:\/\/www.hamburg-fuer-die-elbe.de\/?page_id=185"},"modified":"2019-01-27T20:50:52","modified_gmt":"2019-01-27T18:50:52","slug":"stiftung-wattenmeer","status":"publish","type":"page","link":"https:\/\/www.hamburg-fuer-die-elbe.de\/?page_id=185","title":{"rendered":"Stiftung Wattenmeer"},"content":{"rendered":"<p>Der im Hamburger Hafen anfallende Hafenschlick enth\u00e4lt hochgiftige organische und <a href=\"https:\/\/www.hamburg-fuer-die-elbe.de\/wordpress\/wp-content\/uploads\/2014\/09\/Seehund1.jpg\"><img loading=\"lazy\" decoding=\"async\" class=\"alignright size-medium wp-image-4039\" src=\"https:\/\/www.hamburg-fuer-die-elbe.de\/wordpress\/wp-content\/uploads\/2014\/09\/Seehund1-300x210.jpg\" alt=\"Seehund\" width=\"300\" height=\"210\" srcset=\"https:\/\/www.hamburg-fuer-die-elbe.de\/wordpress\/wp-content\/uploads\/2014\/09\/Seehund1-300x210.jpg 300w, https:\/\/www.hamburg-fuer-die-elbe.de\/wordpress\/wp-content\/uploads\/2014\/09\/Seehund1.jpg 800w\" sizes=\"(max-width: 300px) 100vw, 300px\" \/><\/a>Schwermetallverbindungen und m\u00fcsste als Sonderm\u00fcll behandelt werden. Da absehbar war, dass die METHA-Kapazit\u00e4ten in Hamburg im Jahr 2006 nicht ausreichten w\u00fcrden, die Baggermengen aufzunehmen, hat Hamburg in 2005 eine Vereinbarung mit der Wasser- und Schifffahrtsverwaltung des Bundes getroffen, den giftigen Hafenschlick s\u00fcdlich von Helgoland bei der Tonne E3 zu verklappen. Schleswig-Holstein hat hierf\u00fcr in 2005 sein zun\u00e4chst auf drei Jahre befristetes Einvernehmen erteilt.<a title=\"\" href=\"#_ftn1\">[1]<\/a> Das befristete Einvernehmen sollte es Hamburg erm\u00f6glichen, neue Deponiefl\u00e4chen zu erschlie\u00dfen, die METHA-Kapazit\u00e4ten zu erweitern und ein wirksames Konzept zur Verhinderung des Schlickanfalles umzusetzen. Diese M\u00f6glichkeit hatte Hamburg bis 2008 vers\u00e4umt, so dass mit Schleswig-Holstein in 2008 eine Verl\u00e4ngerung bis 2011 f\u00fcr eine weiterhin unentgeltliche Verklappung bei E3 vereinbart wurde.<a title=\"\" href=\"#_ftn2\">[2]<\/a><\/p>\n<p>Bis heute hatte Hamburg keine L\u00f6sung erarbeitet, so dass in 2012 erneut eine Verl\u00e4ngerung verhandelt werden musste. Aufgrund der Friktionen zwischen den Landesregierungen in Hamburg und Schleswig-Holstein in Sachen Husumer Windmesse kam diese Vereinbarung in 2012 zun\u00e4chst nicht zu Stande, sondern erst nach der Kl\u00e4rung im April 2013.<\/p>\n<p><em>&#8220;Die anvisierte Vereinbarung sieht vor, Hafenschlick unter Fortgeltung der Auflagen der Genehmigung von 2008 zur Tonne E 3 zu bringen, vorbehaltlich, dass eine Pr\u00fcfung auf Schadstoffe das erlaubt &#8211; als \u00dcbergangsl\u00f6sung. Im Gegenzug wird dies zur Gr\u00fcndung einer Stiftung Wattenmeer f\u00fchren, in die die Hamburger Port Authority pro Kubikmeter Baggergut zwei Euro einzahlt. Die Stiftung soll dem Schutz und der F\u00f6rderung des Nationalparks Schleswig-Holsteinisches Wattenmeer dienen. Teil der Vereinbarung ist auch, dass eine Arbeitsgruppe in engem Kontakt mit Schleswig-Holstein und unter Einbeziehung der Betroffenen (z.B. Fischerei, Tourismus, Meeresschutz) ein Konzept f\u00fcr den zuk\u00fcnftigen naturvertr\u00e4glichen Umgang mit Baggergut entwickelt.&#8221;<\/em><a title=\"\" href=\"#_ftn3\">[3]<\/a><\/p>\n<p>Genehmigt werden 4.500.000 m\u00b3, eine zeitliche Befristung ist angek\u00fcndigt aber nicht bekannt. Am 10. Juli 2014 nutzte <a href=\"https:\/\/www.schleswig-holstein.de\/DE\/Landesregierung\/V\/Presse\/PI\/2014\/0714\/MELUR_140710_Verbringung_Baggergut.html\" target=\"_blank\" rel=\"noopener\">HPA die in 2013 geschlossene E3-Vereinbarung<\/a> erstmalig &#8211;\u00a0 die gleichlautende Pressemitteilung der HPA wurde zwischenzeitlich gel\u00f6scht und ist im online-Archiv nicht mehr einsehbar.<\/p>\n<p><strong>Kosten<\/strong><br \/>\nKosten 2014 \u00a0\u00a0\u00a0\u00a0\u00a0\u00a0\u00a0\u00a0\u00a0\u00a0\u00a0\u00a0\u00a0\u00a0\u00a0\u00a0\u00a0\u00a0\u00a0\u00a0\u00a0\u00a0\u00a0\u00a0\u00a0\u00a0\u00a0\u00a0\u00a0\u00a0\u00a0\u00a0\u00a0\u00a0\u00a0\u00a0\u00a0\u00a0\u00a0\u00a0\u00a0\u00a0\u00a0\u00a0 \u00a0\u00a0 \u00a0 9.000.000 \u20ac<\/p>\n<p>Die von den Herren Habeck und Horch angek\u00fcndigte Stiftungsgr\u00fcndung mit dem Namen &#8220;Stiftung Nationalpark Wattenmeer&#8221; oder &#8220;Stiftung Wattenmeer&#8221; ist, wie man der <a href=\"http:\/\/www.schleswig-holstein.de\/DE\/Fachinhalte\/S\/stiftungen\/_functions\/stiftungsdatenbank.html\" target=\"_blank\" rel=\"noopener\">Schleswig-Holsteinischen Stiftungsdatenbank<\/a> entnehmen kann, weder in 2013 noch in 2014 vorgenommen worden. Die Gr\u00fcnde hierf\u00fcr sind unbekannt.<\/p>\n<p>Lesen Sie weiter die Ausgleichsma\u00dfnahmen zum <a href=\"https:\/\/www.hamburg-fuer-die-elbe.de\/?page_id=193\" target=\"_blank\" rel=\"noopener\">-&gt; Obstbau<\/a>.<\/p>\n<div>\n<hr align=\"left\" size=\"1\" width=\"33%\" \/>\n<div>\n<p><a title=\"\" href=\"#_ftnref1\">[1]<\/a> HPA, <a href=\"http:\/\/www.hamburg-port-authority.de\/de\/presse\/studien-und-berichte\/Documents\/Jahresbericht%202005%20Tonne%20E3.pdf\" target=\"_blank\" rel=\"noopener\">\u201eUmlagerung von Elbsediment nach Tonne E3, Bericht \u00fcber Ma\u00dfnahmen und Monitoring im Zeitraum August bis Oktober 2005\u201c<\/a>, Hamburg 2006 sowie Folgeberichte bis 2011 auf den <a href=\"http:\/\/www.hamburg-port-authority.de\/de\/presse\/studien-und-berichte\/Seiten\/default.aspx#\" target=\"_blank\" rel=\"noopener\">Internetseiten der HPA<\/a><br \/>\n<a title=\"\" href=\"#_ftnref2\">[2]<\/a> HPA, <a href=\"http:\/\/www.hamburg-port-authority.de\/de\/presse\/studien-und-berichte\/Documents\/Jahresbericht%202008%20Tonne%20E3.pdf\" target=\"_blank\" rel=\"noopener\">\u201eUmgang mit Baggergut aus dem Hamburger Hafen, Teilbericht Verbringung von Baggergut zur Tonne E3\u201c<\/a>, Hamburg 2009 und &#8220;<a href=\"http:\/\/www.google.de\/url?sa=t&amp;rct=j&amp;q=&amp;esrc=s&amp;source=web&amp;cd=25&amp;ved=0CEEQFjAEOBQ&amp;url=http%3A%2F%2Fwww.patrick-breyer.de%2Fwp-content%2Fuploads%2F2012%2F12%2FSchlickverklappung.pdf&amp;ei=r4w2U5rbO4KutAb904CwDg&amp;usg=AFQjCNEe3nzCqcwWHdxg8zb9eQlt97FHxA&amp;bvm=bv.63808443,d.Yms\" target=\"_blank\" rel=\"noopener\">Einvernehmen<\/a>&#8221; zwischen Schleswig-Holstein und Hamburg vom 01.08.2008 als Anlage zur Mitteilungsvorlage des Kreises Dithmarschen, Drucksache 2012\/AUA\/019<br \/>\n<a title=\"\" href=\"#_ftnref3\">[3]<\/a> Internetseite des <strong>Ministeriums f\u00fcr Energiewende, Landwirtschaft, Umwelt und l\u00e4ndliche R\u00e4ume in Schleswig-Holstein,<\/strong> <a href=\"http:\/\/www.schleswig-holstein.de\/DE\/Landesregierung\/V\/Presse\/PI\/2014\/0714\/MELUR_140710_Verbringung_Baggergut.html\" target=\"_blank\" rel=\"noopener\">http:\/\/www.schleswig-holstein.de\/DE\/Landesregierung\/V\/Presse\/PI\/2014\/0714\/MELUR_140710_Verbringung_Baggergut.html<\/a> und Internetseite von Nationalpark Wattenmeer, <a href=\"http:\/\/www.nationalpark-wattenmeer.de\/sh\/service\/newsletter\/2097_juni-2013#artikel-2100\" target=\"_blank\" rel=\"noopener\">http:\/\/www.nationalpark-wattenmeer.de\/sh\/service\/newsletter\/2097_juni-2013#artikel-2100<\/a><\/p>\n<\/div>\n<div><\/div>\n<\/div>\n","protected":false},"excerpt":{"rendered":"<p>Der im Hamburger Hafen anfallende Hafenschlick enth\u00e4lt hochgiftige organische und Schwermetallverbindungen und m\u00fcsste als Sonderm\u00fcll behandelt werden. Da absehbar war, dass die METHA-Kapazit\u00e4ten in Hamburg im Jahr 2006 nicht ausreichten w\u00fcrden, die Baggermengen aufzunehmen, hat Hamburg in 2005 eine Vereinbarung mit der Wasser- und Schifffahrtsverwaltung des Bundes getroffen, den giftigen Hafenschlick s\u00fcdlich von Helgoland bei &hellip; <a href=\"https:\/\/www.hamburg-fuer-die-elbe.de\/?page_id=185\" class=\"more-link\"><span class=\"screen-reader-text\">Stiftung Wattenmeer<\/span> weiterlesen <span class=\"meta-nav\">&rarr;<\/span><\/a><\/p>\n","protected":false},"author":2,"featured_media":0,"parent":86,"menu_order":7,"comment_status":"closed","ping_status":"closed","template":"","meta":{"footnotes":""},"_links":{"self":[{"href":"https:\/\/www.hamburg-fuer-die-elbe.de\/index.php?rest_route=\/wp\/v2\/pages\/185"}],"collection":[{"href":"https:\/\/www.hamburg-fuer-die-elbe.de\/index.php?rest_route=\/wp\/v2\/pages"}],"about":[{"href":"https:\/\/www.hamburg-fuer-die-elbe.de\/index.php?rest_route=\/wp\/v2\/types\/page"}],"author":[{"embeddable":true,"href":"https:\/\/www.hamburg-fuer-die-elbe.de\/index.php?rest_route=\/wp\/v2\/users\/2"}],"replies":[{"embeddable":true,"href":"https:\/\/www.hamburg-fuer-die-elbe.de\/index.php?rest_route=%2Fwp%2Fv2%2Fcomments&post=185"}],"version-history":[{"count":18,"href":"https:\/\/www.hamburg-fuer-die-elbe.de\/index.php?rest_route=\/wp\/v2\/pages\/185\/revisions"}],"predecessor-version":[{"id":11353,"href":"https:\/\/www.hamburg-fuer-die-elbe.de\/index.php?rest_route=\/wp\/v2\/pages\/185\/revisions\/11353"}],"up":[{"embeddable":true,"href":"https:\/\/www.hamburg-fuer-die-elbe.de\/index.php?rest_route=\/wp\/v2\/pages\/86"}],"wp:attachment":[{"href":"https:\/\/www.hamburg-fuer-die-elbe.de\/index.php?rest_route=%2Fwp%2Fv2%2Fmedia&parent=185"}],"curies":[{"name":"wp","href":"https:\/\/api.w.org\/{rel}","templated":true}]}}