{"id":198,"date":"2013-10-13T14:54:45","date_gmt":"2013-10-13T12:54:45","guid":{"rendered":"http:\/\/www.hamburg-fuer-die-elbe.de\/?page_id=198"},"modified":"2016-11-07T20:12:24","modified_gmt":"2016-11-07T18:12:24","slug":"198-2","status":"publish","type":"page","link":"https:\/\/www.hamburg-fuer-die-elbe.de\/?page_id=198","title":{"rendered":"D\u00fcker Hetlingen"},"content":{"rendered":"<p>Bei Elbkilometer 648,9 zwischen Hetlingen und L\u00fchesand werden \u00fcber einen D\u00fcker <a href=\"https:\/\/www.hamburg-fuer-die-elbe.de\/wordpress\/wp-content\/uploads\/2013\/10\/D\u00fcker-Hetlingen.jpg\"><img loading=\"lazy\" decoding=\"async\" class=\"size-medium wp-image-2861 alignleft\" src=\"https:\/\/www.hamburg-fuer-die-elbe.de\/wordpress\/wp-content\/uploads\/2013\/10\/D\u00fcker-Hetlingen-300x195.jpg\" alt=\"D\u00fcker Hetlingen\" width=\"300\" height=\"195\" srcset=\"https:\/\/www.hamburg-fuer-die-elbe.de\/wordpress\/wp-content\/uploads\/2013\/10\/D\u00fcker-Hetlingen-300x195.jpg 300w, https:\/\/www.hamburg-fuer-die-elbe.de\/wordpress\/wp-content\/uploads\/2013\/10\/D\u00fcker-Hetlingen-1024x668.jpg 1024w, https:\/\/www.hamburg-fuer-die-elbe.de\/wordpress\/wp-content\/uploads\/2013\/10\/D\u00fcker-Hetlingen-900x587.jpg 900w, https:\/\/www.hamburg-fuer-die-elbe.de\/wordpress\/wp-content\/uploads\/2013\/10\/D\u00fcker-Hetlingen.jpg 2031w\" sizes=\"(max-width: 300px) 100vw, 300px\" \/><\/a>Versorgungsleitungen (Gas und Kabel) unter der Elbe gef\u00fchrt. Dieser D\u00fccker liegt rund 4 m unterhalb der Elbsohle und h\u00e4tte nach der geplanten Elbvertiefung nur noch 2,9 m \u00dcberdeckung. Diese 2,9 m-\u00dcberdeckung bietet keinen ausreichenden Schutz f\u00fcr Notankerman\u00f6ver von havarierenden Schiffen (min. 5 m erforderlich) und muss durch eine Neubauma\u00dfnahme erh\u00f6ht werden.<\/p>\n<p>Das bergbaurechtlichen Planfeststellungsverfahren wurde von EON Hanse GmbH und Gasunie Deutschland Transport Services GmbH im Jahre 2012 beantragt und wurde in 2013 abgeschlossen.<a title=\"\" href=\"#_ftn1\">[1]<\/a> Es war allerdings bereits vorher &#8220;vorsichtshalber\u201c im Planfeststellungsbeschluss zur Elbvertiefung vom April 2012 ber\u00fccksichtigt worden.<\/p>\n<p>Die Gesamtkosten f\u00fcr den D\u00fckerneubau und den R\u00fcckbau des Altd\u00fckers werden mit 25.000.000 Euro angegeben.<a href=\"#_ftn2\">[2]<\/a> Die Bundesrepublik Deutschland ist \u00fcber die Wasser- und Schifffahrtsdirektion des Bundes mit an den Kosten des Neubaus beteiligt, da sie Eigent\u00fcmerin von im D\u00fcker verlaufenden Rohren ist. <a href=\"#_ftn3\">[3]<\/a> Der Bundesanteil ist gesch\u00e4tzt.<\/p>\n<p><strong>Kosten<\/strong>\u00a0\u00a0\u00a0\u00a0\u00a0\u00a0\u00a0\u00a0\u00a0\u00a0\u00a0\u00a0\u00a0\u00a0 \u00a0 \u00a0 \u00a0 \u00a0 \u00a0 \u00a0 \u00a0 \u00a0 \u00a0 \u00a0 \u00a0 \u00a0 \u00a0 \u00a0 \u00a0 \u00a0 \u00a0 \u00a0 \u00a0 \u00a0 \u00a0 \u00a0 \u00a0\u00a0 Hamburger Anteil\u00a0\u00a0\u00a0\u00a0\u00a0\u00a0\u00a0\u00a0\u00a0\u00a0\u00a0\u00a0\u00a0\u00a0\u00a0\u00a0\u00a0\u00a0\u00a0\u00a0\u00a0\u00a0\u00a0\u00a0\u00a0\u00a0\u00a0\u00a0\u00a0\u00a0\u00a0\u00a0\u00a0\u00a0 Bundesanteil<br \/>\n2010 bis 2015\u00a0\u00a0\u00a0\u00a0\u00a0\u00a0\u00a0\u00a0\u00a0\u00a0\u00a0\u00a0\u00a0\u00a0\u00a0\u00a0\u00a0\u00a0\u00a0\u00a0\u00a0\u00a0\u00a0\u00a0\u00a0\u00a0\u00a0\u00a0\u00a0\u00a0 \u00a0\u00a0\u00a0\u00a0\u00a0\u00a0\u00a0\u00a0\u00a0\u00a0\u00a0\u00a0\u00a0\u00a0\u00a0\u00a0\u00a0\u00a0\u00a0\u00a0\u00a0\u00a0\u00a0\u00a0\u00a0\u00a0\u00a0\u00a0\u00a0\u00a0 0 \u20ac\u00a0\u00a0\u00a0\u00a0\u00a0\u00a0\u00a0\u00a0\u00a0\u00a0\u00a0\u00a0\u00a0\u00a0\u00a0\u00a0\u00a0\u00a0\u00a0\u00a0\u00a0\u00a0\u00a0\u00a0\u00a0\u00a0\u00a0\u00a0\u00a0\u00a0\u00a0\u00a0\u00a0\u00a0\u00a0\u00a0\u00a0\u00a0\u00a0\u00a0\u00a0\u00a0\u00a0\u00a0\u00a0\u00a0\u00a0\u00a0 \u00a0 \u00a0 \u00a0\u00a0 10.000.000 \u20ac<\/p>\n<p>Eine <a href=\"https:\/\/www.hamburg-fuer-die-elbe.de\/wordpress\/wp-content\/uploads\/2013\/10\/130917_ebd_info-hetlingen-180913_updated-.pdf\">Pr\u00e4sentation zum Neubau des D\u00fckers<\/a>, die anl\u00e4sslich einer B\u00fcrgerversammlung in Hetlingen im September 2013 vorgetragen worden sein muss, haben wir versteckt im Downloadbereich der Gemeinde gefunden. Ein am Bau <a href=\"http:\/\/vmt-gmbh.de\/blog\/elbedueker-hetlingen\/\" target=\"_blank\">beteiligtes Unternehmen<\/a> hat den Zusammenhang zur Elbvertiefung best\u00e4tigt. Am 07.08.2014 wurde durch das schleswig-holsteinische Amt f\u00fcr Planfeststellung und Energie ein Plan\u00e4nderungsbeschluss f\u00fcr die Arbeiten am Elbd\u00fcker\u00a0 festgestellt, der einen 24-Stunden-Bohrbetrieb erm\u00f6glicht.<a href=\"#_ftn4\">[4]<\/a><\/p>\n<div>Der D\u00fcker wurde im Januar 2015 fertiggestellt, so dass die Leitungen eingezogen werden k\u00f6nnen.<a href=\"#_ftn5\">[5]<\/a> Der alte D\u00fcker wurde im Anschluss bis September 2015 aus dem Grund gezogen und wird seitdem in Einzelteile zerlegt.<a href=\"#_ftn6\">[6]<\/a><\/div>\n<div><\/div>\n<div>\n<p>Lesen Sie weiter bei den von der EU-Kommission geforderten <a href=\"https:\/\/www.hamburg-fuer-die-elbe.de\/?page_id=1585\">-&gt; Zus\u00e4tzlichen Ma\u00dfnahmen<\/a><\/p>\n<hr align=\"left\" size=\"1\" width=\"33%\" \/>\n<div>\n<p class=\"article__header__heading\"><a title=\"\" href=\"#_ftnref1\">[1] <\/a>Allgemein verst\u00e4ndliche Zusammenfassung im Rahmen des Planfeststellungsverfahrens, <a href=\"http:\/\/www.google.de\/url?sa=t&amp;rct=j&amp;q=&amp;esrc=s&amp;source=web&amp;cd=7&amp;ved=0CEUQFjAG&amp;url=http%3A%2F%2Fwww.lbeg.niedersachsen.de%2Fdownload%2F66678%2FAllgemein_verstaendliche_Zusammenfassung_-_Text.pdf&amp;ei=vIgAVMfKOdCz0QX9qYHwAQ&amp;usg=AFQjCNEAn3_k3EUbJVwbmk3jRpmF2vmWKg&amp;bvm=bv.74115972,d.d2k&amp;cad=rja\" target=\"_blank\">\u201eErsatzneubau und R\u00fcckbau des Bestandsd\u00fckers, in der Elbe bei Fahrrinnen-km648,9&#8243;<\/a>,\u00a0 ohne Datum und Erscheinungsort, Download vom LBEG (Landesamt f\u00fcr Bergbau, Energie und Geologie, Geozentrum Hannover)<br \/>\n<a href=\"#_ftnref2\">[2]<\/a> \u201e<a href=\"http:\/\/www.google.de\/url?sa=t&amp;rct=j&amp;q=&amp;esrc=s&amp;source=web&amp;cd=1&amp;cad=rja&amp;uact=8&amp;ved=0CCMQFjAA&amp;url=http%3A%2F%2Fwww.abendblatt.de%2Fregion%2Fpinneberg%2Farticle120196437%2FBauarbeiten-fuer-den-Elbdueker-in-Hetlingen-beginnen.html&amp;ei=nga-VI-ZOo2tPLz-gaAM&amp;usg=AFQjCNEZP8J7yKIvdcxKNFrzO7l7mNwlHg&amp;bvm=bv.83829542,d.ZWU\" target=\"_blank\">Bauarbeiten f\u00fcr den Elbd\u00fcker in Hetlingen beginnen<\/a>\u201c, Hamburger Abendblatt vom 20.09.2013<br \/>\n<a href=\"#_ftnref3\">[3]<\/a> Deutscher Bundestag, Schriftliche Fragen mit den Antworten der Bundesregierung, Frage 107 Antwort Dr. Enak Ferlemann, <a href=\"http:\/\/dip21.bundestag.de\/dip21\/btd\/17\/085\/1708538.pdf\" target=\"_blank\">Drucksache 17\/8538<\/a>, Seite 93<br \/>\n<a href=\"#_ftnref4\">[4] <\/a>Pressemitteilung der Gasunie Deutschland GmbH &amp; Co. KG vom 13.08.2014 &#8220;<a href=\"https:\/\/www.gasunie.de\/main-menu\/nachrichten\/elbedueker-hetlingen-start-der-bohrarbeiten\" target=\"_blank\">Elbed\u00fcker Hetlingen: Start der Bohrarbeiten<\/a>&#8221;<br \/>\n<a href=\"#_ftn5\">[5]<\/a> &#8220;<a href=\"http:\/\/www.google.de\/url?sa=t&amp;rct=j&amp;q=&amp;esrc=s&amp;source=web&amp;cd=1&amp;cad=rja&amp;uact=8&amp;ved=0CCUQqQIwAA&amp;url=http%3A%2F%2Fwww.abendblatt.de%2Fregion%2Fpinneberg%2Farticle136546108%2FDer-Hetlingener-Elbtunnel-soll-100-Jahre-halten.html&amp;ei=cga-VNCNOoqwPPiPgOgK&amp;usg=AFQjCNFcc_asRHLJ4VyIWNPfJqzKZNYBCA&amp;bvm=bv.83829542,d.ZWU\" target=\"_blank\">Der Hetlingener Elbtunnel soll 100 Jahre halten<\/a>&#8220;, Hamburger Abendblatt vom 20.01.2015<br \/>\n<a href=\"#_ftn6\" target=\"_blank\">[6]<\/a> &#8220;<span class=\"article__header__headline\"><a href=\"https:\/\/www.google.de\/url?sa=t&amp;rct=j&amp;q=&amp;esrc=s&amp;source=web&amp;cd=1&amp;cad=rja&amp;uact=8&amp;ved=0CCEQFjAAahUKEwjTtI_LtJzIAhWCCSwKHWuOAHI&amp;url=http%3A%2F%2Fwww.abendblatt.de%2Fregion%2Fpinneberg%2Farticle205784529%2FAlter-Dueker-aus-Flussbett-der-Elbe-gezogen.html&amp;usg=AFQjCNHI9Nno4HZpkU3suXXnjj0x409ljQ\" target=\"_blank\">Alter D\u00fcker aus Flussbett der Elbe gezogen<\/a>&#8220;, Hamburger Abendblatt vom 23.09.2015<br \/>\n<\/span><\/p>\n<p>&nbsp;<\/p>\n<\/div>\n<\/div>\n","protected":false},"excerpt":{"rendered":"<p>Bei Elbkilometer 648,9 zwischen Hetlingen und L\u00fchesand werden \u00fcber einen D\u00fcker Versorgungsleitungen (Gas und Kabel) unter der Elbe gef\u00fchrt. Dieser D\u00fccker liegt rund 4 m unterhalb der Elbsohle und h\u00e4tte nach der geplanten Elbvertiefung nur noch 2,9 m \u00dcberdeckung. Diese 2,9 m-\u00dcberdeckung bietet keinen ausreichenden Schutz f\u00fcr Notankerman\u00f6ver von havarierenden Schiffen (min. 5 m erforderlich) &hellip; <a href=\"https:\/\/www.hamburg-fuer-die-elbe.de\/?page_id=198\" class=\"more-link\"><span class=\"screen-reader-text\">D\u00fcker Hetlingen<\/span> weiterlesen <span class=\"meta-nav\">&rarr;<\/span><\/a><\/p>\n","protected":false},"author":2,"featured_media":0,"parent":86,"menu_order":10,"comment_status":"closed","ping_status":"closed","template":"","meta":{"footnotes":""},"_links":{"self":[{"href":"https:\/\/www.hamburg-fuer-die-elbe.de\/index.php?rest_route=\/wp\/v2\/pages\/198"}],"collection":[{"href":"https:\/\/www.hamburg-fuer-die-elbe.de\/index.php?rest_route=\/wp\/v2\/pages"}],"about":[{"href":"https:\/\/www.hamburg-fuer-die-elbe.de\/index.php?rest_route=\/wp\/v2\/types\/page"}],"author":[{"embeddable":true,"href":"https:\/\/www.hamburg-fuer-die-elbe.de\/index.php?rest_route=\/wp\/v2\/users\/2"}],"replies":[{"embeddable":true,"href":"https:\/\/www.hamburg-fuer-die-elbe.de\/index.php?rest_route=%2Fwp%2Fv2%2Fcomments&post=198"}],"version-history":[{"count":22,"href":"https:\/\/www.hamburg-fuer-die-elbe.de\/index.php?rest_route=\/wp\/v2\/pages\/198\/revisions"}],"predecessor-version":[{"id":10770,"href":"https:\/\/www.hamburg-fuer-die-elbe.de\/index.php?rest_route=\/wp\/v2\/pages\/198\/revisions\/10770"}],"up":[{"embeddable":true,"href":"https:\/\/www.hamburg-fuer-die-elbe.de\/index.php?rest_route=\/wp\/v2\/pages\/86"}],"wp:attachment":[{"href":"https:\/\/www.hamburg-fuer-die-elbe.de\/index.php?rest_route=%2Fwp%2Fv2%2Fmedia&parent=198"}],"curies":[{"name":"wp","href":"https:\/\/api.w.org\/{rel}","templated":true}]}}