{"id":246,"date":"2013-10-13T17:04:42","date_gmt":"2013-10-13T15:04:42","guid":{"rendered":"http:\/\/www.hamburg-fuer-die-elbe.de\/?page_id=246"},"modified":"2015-12-25T18:22:11","modified_gmt":"2015-12-25T17:22:11","slug":"westerweiterung","status":"publish","type":"page","link":"https:\/\/www.hamburg-fuer-die-elbe.de\/?page_id=246","title":{"rendered":"CTH Westerweiterung"},"content":{"rendered":"<p>Die <a href=\"http:\/\/westerweiterung.de\/fileadmin\/downloads\/HPA_Brosch_Westerw.pdf\" target=\"_blank\">Westerweiterung<\/a> des Eurogate <strong>C<\/strong>ontainer <strong>T<\/strong>erminal <strong>H<\/strong>amburg CTH erfolgt auf dem Gel\u00e4nde des ehemalig<a href=\"https:\/\/www.hamburg-fuer-die-elbe.de\/wordpress\/wp-content\/uploads\/2015\/03\/Westerweiterung2.jpg\" target=\"_blank\"><img loading=\"lazy\" decoding=\"async\" class=\"alignleft wp-image-5581 size-medium\" src=\"https:\/\/www.hamburg-fuer-die-elbe.de\/wordpress\/wp-content\/uploads\/2015\/03\/Westerweiterung2-265x300.jpg\" alt=\"Westerweiterung2\" width=\"265\" height=\"300\" srcset=\"https:\/\/www.hamburg-fuer-die-elbe.de\/wordpress\/wp-content\/uploads\/2015\/03\/Westerweiterung2-265x300.jpg 265w, https:\/\/www.hamburg-fuer-die-elbe.de\/wordpress\/wp-content\/uploads\/2015\/03\/Westerweiterung2.jpg 829w\" sizes=\"(max-width: 265px) 100vw, 265px\" \/><\/a>en Petroleumhafens geplant. Ziel der Ma\u00dfnahme ist die Erweiterung der CTH-Kapazit\u00e4ten um 2 Mio. TEU auf 6 Mio. TEU p.a. Rund 40 ha. neue Terminalfl\u00e4che sollen durch die teilweise Zusch\u00fcttung des Petroleumhafen und die Sanierung der bestehenden Fl\u00e4chen n\u00f6rdlich des Petroleumhafens geschaffen werden. Gleichzeitig werden neue Liegepl\u00e4tze f\u00fcr zwei Gro\u00dfcontainer\u00adschiffe und einen Feeder geschaffen. Der Drehkreis im Parkhafen soll zudem von 480 auf 600 m erweitert werden. Vorab wurde das Vopeg-DUPEG-Terminal Hamburg vom Petroleumhafen in den Blumensandhafen verlagert. Die Westerweiterung wurde offiziell zwischen Senat und Eurogate im Jahre 2005 vereinbart und sollte im Jahr 2010 fertiggestellt werden.<a href=\"#_ftn1a\">[1a] <\/a><\/p>\n<p>Die Gesamtkosten wurden damals mit zun\u00e4chst 358.000.000 \u20ac angegeben und sollten sich sich auf drei Stufen verteilen\u00a0<a title=\"\" href=\"#_ftn1\">[1b]<\/a>:<\/p>\n<ol>\n<li>Verlagerung des DUPEG-Terminals zum Blumensand mit 138.000.000 \u20ac,<\/li>\n<li>Bauma\u00dfnahmen f\u00fcr das Terminal mit 145.000.000 \u20ac,<\/li>\n<li>Nutzerspezifische Kosten f\u00fcr die Terminalherrichtung ohne Suprastruktur mit 75.000.000 \u20ac. In dieser Position wird insbesondere der Bau der Kaimauer gef\u00fchrt.<\/li>\n<\/ol>\n<p>Trotz der in 2007 bekannten o.a. Kosten werden nur die Baukosten i.H. von 145.000.000 \u20ac im Haushalt ber\u00fccksichtigt.\u00a0 Unber\u00fccksichtigt bleiben die Kosten f\u00fcr die Kaimauer &#8220;<em>Die Investition in die &#8230;Kaimauer wird unabh\u00e4ngig vom Haushalt &#8230; von der HPA getragen und \u00fcber eine kostendeckende Miete des sp\u00e4teren Nutzers refinanziert.<\/em>&#8221; und die Kosten f\u00fcr die Verlagerung des DUPEG-Terminals&#8221;<a title=\"\" href=\"#_ftn1\">[1b] <\/a>An anderer Stelle sind im Haushalt der BSU (Beh\u00f6rde f\u00fcr Stadtentwicklung und Umwelt) f\u00fcr die Sanierung der verseuchten B\u00f6den auf dem Gel\u00e4nde des ehemaligen Petroleumhafens weitere 10.000.000 \u20ac zu finden. Lediglich 3.500.000 \u20ac gehen in die Verantwortung der HPA ein.<a title=\"\" href=\"#_ftn2\">[2]<\/a><\/p>\n<p>Obwohl 2007 in den Planungen zur Westerweiterung Gesamtkosten i.H. von 371.500.000 \u20ac zu ber\u00fccksichtigen sind, werden in der Berichterstattung regelm\u00e4\u00dfig nur die Kosten f\u00fcr die oben unter 2. benannten Bauma\u00dfnahmen angef\u00fchrt. Wir folgen dieser Logik im Grundsatz, f\u00fchren aber in unserer Kostenbetrachtung die Entwicklung aller Kostenpositionen an.<\/p>\n<p>In den Folgejahren wurden vom Senat alle Kostenpositionen regelm\u00e4\u00dfig nach oben angepasst. Diese resultieren aus Kostensteigerungen und der Zusammenf\u00fchrung von Haushaltstiteln:<\/p>\n<p><strong>Kosten\u00a0\u00a0\u00a0\u00a0\u00a0\u00a0\u00a0\u00a0\u00a0\u00a0\u00a0\u00a0\u00a0\u00a0 Baukosten \u00a0 \u00a0 \u00a0 \u00a0 \u00a0 \u00a0\u00a0\u00a0\u00a0 Verlagerung \u00a0\u00a0 \u00a0\u00a0 Kaimauer \u00a0\u00a0\u00a0 \u00a0 \u00a0 \u00a0 \u00a0 Bodensanierung<\/strong><br \/>\nStand 2007:\u00a0\u00a0\u00a0\u00a0\u00a0 145.000.000 \u20ac<a title=\"\" href=\"#_ftn1\">[1b]<\/a> \u00a0\u00a0 138.000.000 \u20ac<a title=\"\" href=\"#_ftn1\">[1b]<\/a>75.000.000 \u20ac<a title=\"\" href=\"#_ftn1\">[1b]<\/a>13.500.000 \u20ac<a title=\"\" href=\"#_ftn2\">[2]<\/a><br \/>\nStand 2011:\u00a0\u00a0\u00a0\u00a0\u00a0 242.000.000 \u20ac<a href=\"#_ftn4\">[4]<\/a>\u00a0\u00a0\u00a0\u00a0\u00a0\u00a0 138.000.000 \u20ac\u00a0\u00a0\u00a0\u00a0\u00a0\u00a0\u00a0 75.000.000 \u20ac \u00a0\u00a0\u00a0\u00a0\u00a0\u00a0 13.500.000 \u20ac<a title=\"\" href=\"#_ftn2\">[2]<\/a><br \/>\nStand 2013:\u00a0\u00a0\u00a0\u00a0\u00a0 283.100.000 \u20ac<a href=\"#_ftn5\">[5]<\/a>\u00a0\u00a0\u00a0\u00a0 \u00a0 138.000.000 \u20ac \u00a0\u00a0\u00a0\u00a0\u00a0\u00a0 75.000.000 \u20ac\u00a0\u00a0 \u00a0 \u00a0\u00a0 13.500.000 \u20ac<a title=\"\" href=\"#_ftn2\">[2]<br \/>\n<\/a>Stand 2014:\u00a0\u00a0\u00a0\u00a0\u00a0 298.542.000 \u20ac<a href=\"#_ftn6\">[6]<\/a><a href=\"#_ftn5\">[7]<\/a>\u00a0 138.000.000 \u20ac \u00a0\u00a0\u00a0 124.300.000 \u20ac<a href=\"#_ftn6\">[6]<\/a><a title=\"\" href=\"#_ftn2\">\u00a0\u00a0 <\/a>umgeschichtet<a title=\"\" href=\"#_ftn2\"><br \/>\n<\/a><\/p>\n<p>Die Baukosten f\u00fcr die Westerweiterung haben sich binnen 8 Jahren verdoppelt! Die Gesamtkosten betragen Stand 2014 mittlerweile <strong>560.842.000 \u20ac.<\/strong><br \/>\nIn die Realisierung der Westerweiterung ist derzeit eine Pause eingetreten und es besteht Ungewissheit, ob angesichts des unterhalb von 2 Mio. TEU stagnierenden EUROGATE-Umschlags eine Kapazit\u00e4tserweiterung auf 6 Mio. TEU \u00fcberhaupt erforderlich ist. So wurde der <a title=\"Weitere Verz\u00f6gerungen\" href=\"https:\/\/www.hamburg-fuer-die-elbe.de\/?p=1409\" target=\"_blank\">Baubeginn bereits auf das Jahr 2016<\/a> verlegt. Erschreckend ist, dass f\u00fcr den Umzug der VOPAK\/Dupeg und Bominflot bereits unwiderbringlich 138.000.000 \u20ac ausgegeben wurden.<\/p>\n<p>Die <a href=\"http:\/\/www.westerweiterung.de\" target=\"_blank\">Westerweiterung<\/a> verf\u00fcgt als einziges Hafenerweiterungsprojekt \u00fcber eine eigene Internetseite. Auf dieser Internetseite werden die Gesamtkosten mit 400.000.000 \u20ac angegeben sowie weiteren Kosten i. H. von 250.000.000 \u20ac f\u00fcr die Schaffung\u00a0 der Suprastruktur (Containerbr\u00fccken) durch Eurogate. <a href=\"#_ftn3\">[3]<\/a><\/p>\n<p>Lesen Sie weiter zu den Arbeiten am <a href=\"https:\/\/www.hamburg-fuer-die-elbe.de\/?page_id=271\">-&gt; Inneren Hafen<\/a><\/p>\n<div>\n<hr align=\"left\" size=\"1\" width=\"33%\" \/>\n<div>\n<p align=\"left\"><a href=\"#_ftnref1a\">[1a]<\/a> Hamburger Abendblatt, &#8220;<a href=\"http:\/\/www.google.de\/url?sa=t&amp;rct=j&amp;q=&amp;esrc=s&amp;source=web&amp;cd=1&amp;ved=0CDEQFjAA&amp;url=http%3A%2F%2Fwww.abendblatt.de%2Fwirtschaft%2Farticle338396%2F750-neue-Jobs-im-Hafen.html&amp;ei=Yb2GVJD7IMnAOaHbgYAE&amp;usg=AFQjCNEMVN7EY-EUe1ZT680LXKJGifWbDQ&amp;bvm=bv.81449611,d.ZWU&amp;cad=rja\" target=\"_blank\">750 neue Jobs im Hafen<\/a>&#8221; vom 07.07.2005.<br \/>\n<a href=\"#_ftnref1b\">[1b]<\/a> Hamburgische B\u00fcrgerschaft, Mitteilung des Senats an die B\u00fcrgerschaft: \u201eSchaffung zus\u00e4tzlicher Umschlagkapazit\u00e4ten im Hamburger Hafen durch Erweiterung des Container-Terminals Hamburg (Westerweiterung Eurogate)\u201c, <a href=\"https:\/\/www.buergerschaft-hh.de\/ParlDok\/dokument\/20577\/schaffung-zus%c3%a4tzlicher-umschlagkapazit%c3%a4ten-im-hamburger-hafen-durch-erweiterung-des-container-terminals-hamburg-westerweiterung-eurogate-.pdf\" class=\"broken_link\">Drucksache 18\/6205<\/a> <a title=\"\" href=\"#_ftnref2\"><br \/>\n[2]<\/a>\u00a0 Hamburgische B\u00fcrgerschaft, Gro\u00dfe Anfrage \u201eSind st\u00e4dtische Bauma\u00dfnahmen teurer geworden\u201c, <a href=\"https:\/\/www.buergerschaft-hh.de\/ParlDok\/dokument\/40024\/sind-st%c3%a4dtische-bauma%c3%9fnahmen-teurer-geworden-.pdf\" target=\"_blank\" class=\"broken_link\">Drucksache 20\/7172<\/a>, S. 6<br \/>\n<a href=\"#_ftn3\">[3]\u00a0 <\/a>Hamburg-Port-Authority auf <a href=\"http:\/\/westerweiterung.de\/Finanzierung.22.0.html\" target=\"_blank\">www.westerweiterung.de<br \/>\n<\/a><a href=\"#_ftnref4\">[4]<\/a>\u00a0 Protokoll der gemeinsamen Sitzung des Ausschusses f\u00fcr Wirtschaft, Innovation und Medien, Drucksache 20\/0022 und des Ausschusses f\u00fcr \u00f6ffentliche Unternehmen vom 01.11.2012, <a href=\"https:\/\/www.buergerschaft-hh.de\/ParlDok\/dokument\/39069\/protokoll-der-%c3%b6ffentlichen-sitzung-des-ausschusses-f%c3%bcr-wirtschaft-innovation-und-medien-zusammen-mit-dem-ausschuss-%c3%b6ffentliche-unternehmen-top.pdf\" target=\"_blank\" class=\"broken_link\">Drucksache 20\/0013<\/a>, Anlage 1<br \/>\n<a href=\"#_ftnref5\">[5]<\/a>\u00a0 Schriftliche kleine Anfrage: \u201eStand der Hafeninfrastrukturma\u00dfnahmen Westerweiterung\u201c, <a href=\"https:\/\/www.buergerschaft-hh.de\/ParlDok\/dokument\/40024\/sind-st%c3%a4dtische-bauma%c3%9fnahmen-teurer-geworden-.pdf\" target=\"_blank\" class=\"broken_link\">Drucksache 20\/6954<\/a><br \/>\n<a href=\"#_ftnref6\">[6]<\/a>\u00a0 Gro\u00dfe Anfrage: &#8220;Westerweiterung EUROGATE&#8221;, <a href=\"https:\/\/www.buergerschaft-hh.de\/ParlDok\/dokument\/43998\/westerweiterung-eurogate.pdf\" target=\"_blank\" class=\"broken_link\">Drucksache 20\/10847<\/a><br \/>\n<a href=\"#_ftnref7\">[7]<\/a>\u00a0 Gro\u00dfe Anfrage: &#8220;Hafenfinanzierung (III)&#8221;, <a href=\"https:\/\/www.buergerschaft-hh.de\/ParlDok\/dokument\/43909\/hafenfinanzierung-iii-.pdf\" target=\"_blank\" class=\"broken_link\">Drucksache 20\/10595<\/a>, Anlage 2, S. 5<\/p>\n<\/div>\n<\/div>\n","protected":false},"excerpt":{"rendered":"<p>Die Westerweiterung des Eurogate Container Terminal Hamburg CTH erfolgt auf dem Gel\u00e4nde des ehemaligen Petroleumhafens geplant. Ziel der Ma\u00dfnahme ist die Erweiterung der CTH-Kapazit\u00e4ten um 2 Mio. TEU auf 6 Mio. TEU p.a. Rund 40 ha. neue Terminalfl\u00e4che sollen durch die teilweise Zusch\u00fcttung des Petroleumhafen und die Sanierung der bestehenden Fl\u00e4chen n\u00f6rdlich des Petroleumhafens geschaffen &hellip; <a href=\"https:\/\/www.hamburg-fuer-die-elbe.de\/?page_id=246\" class=\"more-link\"><span class=\"screen-reader-text\">CTH Westerweiterung<\/span> weiterlesen <span class=\"meta-nav\">&rarr;<\/span><\/a><\/p>\n","protected":false},"author":2,"featured_media":0,"parent":239,"menu_order":1,"comment_status":"closed","ping_status":"closed","template":"","meta":{"footnotes":""},"_links":{"self":[{"href":"https:\/\/www.hamburg-fuer-die-elbe.de\/index.php?rest_route=\/wp\/v2\/pages\/246"}],"collection":[{"href":"https:\/\/www.hamburg-fuer-die-elbe.de\/index.php?rest_route=\/wp\/v2\/pages"}],"about":[{"href":"https:\/\/www.hamburg-fuer-die-elbe.de\/index.php?rest_route=\/wp\/v2\/types\/page"}],"author":[{"embeddable":true,"href":"https:\/\/www.hamburg-fuer-die-elbe.de\/index.php?rest_route=\/wp\/v2\/users\/2"}],"replies":[{"embeddable":true,"href":"https:\/\/www.hamburg-fuer-die-elbe.de\/index.php?rest_route=%2Fwp%2Fv2%2Fcomments&post=246"}],"version-history":[{"count":35,"href":"https:\/\/www.hamburg-fuer-die-elbe.de\/index.php?rest_route=\/wp\/v2\/pages\/246\/revisions"}],"predecessor-version":[{"id":1499,"href":"https:\/\/www.hamburg-fuer-die-elbe.de\/index.php?rest_route=\/wp\/v2\/pages\/246\/revisions\/1499"}],"up":[{"embeddable":true,"href":"https:\/\/www.hamburg-fuer-die-elbe.de\/index.php?rest_route=\/wp\/v2\/pages\/239"}],"wp:attachment":[{"href":"https:\/\/www.hamburg-fuer-die-elbe.de\/index.php?rest_route=%2Fwp%2Fv2%2Fmedia&parent=246"}],"curies":[{"name":"wp","href":"https:\/\/api.w.org\/{rel}","templated":true}]}}