{"id":2519,"date":"2014-07-26T15:37:09","date_gmt":"2014-07-26T14:37:09","guid":{"rendered":"http:\/\/www.hamburg-fuer-die-elbe.de\/?page_id=2519"},"modified":"2022-05-11T18:44:33","modified_gmt":"2022-05-11T16:44:33","slug":"sauerstoffloch-in-der-elbe","status":"publish","type":"page","link":"https:\/\/www.hamburg-fuer-die-elbe.de\/?page_id=2519","title":{"rendered":"Sauerstoffloch Hamburg"},"content":{"rendered":"<p>Alle Jahre wieder tritt im Sommer das <a title=\"Sauerstoffloch und E3\" href=\"https:\/\/www.hamburg-fuer-die-elbe.de\/?p=2309\" target=\"_blank\" rel=\"noopener\">Sauerstoffloch an der Unterelbe<\/a> auf. Es bewegt sich zwischen dem Hamburger Hafen an der Landesgrenze bei Tinsdal. Der Sauerstoffgehalt dieses Elbteils wird \u00fcber zwei Messpunkte in Hamburg, am <a href=\"http:\/\/www.hamburg.de\/clp\/bgv\/seemannshoeft\/clp1\/\" target=\"_blank\" rel=\"noopener\">Seemannsh\u00f6ft <\/a>und in <a href=\"http:\/\/www.hamburg.de\/clp\/bgv\/blankenese\/clp1\/\" target=\"_blank\" rel=\"noopener\">Blankenese<\/a> t\u00e4glich mehrfach gemessen. Die Messpunkte werden vom staatlichen <a href=\"http:\/\/www.hamburg.de\/bgv\/messgroessen\/\" target=\"_blank\" rel=\"noopener\">Institut f\u00fcr Hygiene und Umwelt<\/a> betrieben. Die Werte f\u00fcr Seemannsh\u00f6ft sind in einem <a href=\"http:\/\/undine.bafg.de\/servlet\/is\/12450\/\" target=\"_blank\" rel=\"noopener\">Vergleich der letzten 30\/360 Tage bei Undine<\/a> abrufbar oder unten f\u00fcr die letzten 30\/360 Tage einsehbar.<\/p>\n<p><strong>Sauerstoffkonzentration der letzten 30 Tage:<\/strong><\/p>\n<p><iframe loading=\"lazy\" src=\"https:\/\/undine.bafg.de\/bilder\/undine\/o2geh_31t_seh_kl.png\" width=\"900\" height=\"800\"><\/iframe><br \/>\n<strong>Sauerstoffkonzentration der letzten 360 Tage:<\/strong><br \/>\n<iframe loading=\"lazy\" src=\"https:\/\/undine.bafg.de\/bilder\/undine\/wtemp_31t_seh_kl.png\" width=\"500\" height=\"250\"><\/iframe><\/iframe><\/p>\n","protected":false},"excerpt":{"rendered":"<p>Alle Jahre wieder tritt im Sommer das Sauerstoffloch an der Unterelbe auf. Es bewegt sich zwischen dem Hamburger Hafen an der Landesgrenze bei Tinsdal. Der Sauerstoffgehalt dieses Elbteils wird \u00fcber zwei Messpunkte in Hamburg, am Seemannsh\u00f6ft und in Blankenese t\u00e4glich mehrfach gemessen. Die Messpunkte werden vom staatlichen Institut f\u00fcr Hygiene und Umwelt betrieben. Die Werte &hellip; <a href=\"https:\/\/www.hamburg-fuer-die-elbe.de\/?page_id=2519\" class=\"more-link\"><span class=\"screen-reader-text\">Sauerstoffloch Hamburg<\/span> weiterlesen <span class=\"meta-nav\">&rarr;<\/span><\/a><\/p>\n","protected":false},"author":2,"featured_media":0,"parent":1036,"menu_order":3,"comment_status":"closed","ping_status":"closed","template":"","meta":{"footnotes":""},"_links":{"self":[{"href":"https:\/\/www.hamburg-fuer-die-elbe.de\/index.php?rest_route=\/wp\/v2\/pages\/2519"}],"collection":[{"href":"https:\/\/www.hamburg-fuer-die-elbe.de\/index.php?rest_route=\/wp\/v2\/pages"}],"about":[{"href":"https:\/\/www.hamburg-fuer-die-elbe.de\/index.php?rest_route=\/wp\/v2\/types\/page"}],"author":[{"embeddable":true,"href":"https:\/\/www.hamburg-fuer-die-elbe.de\/index.php?rest_route=\/wp\/v2\/users\/2"}],"replies":[{"embeddable":true,"href":"https:\/\/www.hamburg-fuer-die-elbe.de\/index.php?rest_route=%2Fwp%2Fv2%2Fcomments&post=2519"}],"version-history":[{"count":25,"href":"https:\/\/www.hamburg-fuer-die-elbe.de\/index.php?rest_route=\/wp\/v2\/pages\/2519\/revisions"}],"predecessor-version":[{"id":11595,"href":"https:\/\/www.hamburg-fuer-die-elbe.de\/index.php?rest_route=\/wp\/v2\/pages\/2519\/revisions\/11595"}],"up":[{"embeddable":true,"href":"https:\/\/www.hamburg-fuer-die-elbe.de\/index.php?rest_route=\/wp\/v2\/pages\/1036"}],"wp:attachment":[{"href":"https:\/\/www.hamburg-fuer-die-elbe.de\/index.php?rest_route=%2Fwp%2Fv2%2Fmedia&parent=2519"}],"curies":[{"name":"wp","href":"https:\/\/api.w.org\/{rel}","templated":true}]}}