{"id":271,"date":"2013-10-19T09:29:41","date_gmt":"2013-10-19T07:29:41","guid":{"rendered":"http:\/\/www.hamburg-fuer-die-elbe.de\/?page_id=271"},"modified":"2015-11-14T16:10:04","modified_gmt":"2015-11-14T15:10:04","slug":"ausbau-innerer-hafen","status":"publish","type":"page","link":"https:\/\/www.hamburg-fuer-die-elbe.de\/?page_id=271","title":{"rendered":"CTT Innerer Hafen"},"content":{"rendered":"<p>Mit dem Ausbauprojekt &#8220;Innerer Hafen&#8221; werden zwei Teilprojekte &#8220;Europakai&#8221; und &#8220;Einfahrt Vorhafen&#8221; bezeichnet, die sich mit der Neustrukturierung des <strong>C<\/strong><a href=\"https:\/\/www.hamburg-fuer-die-elbe.de\/wordpress\/wp-content\/uploads\/2013\/10\/CTT1.jpg\" target=\"_blank\"><img loading=\"lazy\" decoding=\"async\" class=\"alignright wp-image-4591\" src=\"https:\/\/www.hamburg-fuer-die-elbe.de\/wordpress\/wp-content\/uploads\/2013\/10\/CTT1.jpg\" alt=\"CTT\" width=\"350\" height=\"263\" \/><\/a>ontainer <strong>T<\/strong>erminals <strong>T<\/strong>ollerort (CTT) am Vorhafen besch\u00e4ftigen.<\/p>\n<p>Durch die Teilverf\u00fcllung des Kohlenschiffhafens und durch den Bau eines 5. Liegeplatzes wurden am <strong>Europakai<\/strong> neue Terminalfl\u00e4chen geschaffen. Dieses Teilprojekt wurde in 2012 fertiggestellt.<\/p>\n<p>Im Weiteren soll die Einfahrtsituation in den <strong>Vorhafen<\/strong> durch die Schaffung von gr\u00f6\u00dferen Verkehrsfl\u00e4chen an die Schiffsgr\u00f6\u00dfenentwicklung angepasst werden: F\u00fcr den Gew\u00e4sserbereich Norderelbe\/Vorhafen sollen aufgrund der gegebenen Str\u00f6mungssituationen Einschr\u00e4nkungen f\u00fcr die Passage von gro\u00dfen Schiffen bestehen. Zur Gew\u00e4hrleistung der <a href=\"https:\/\/www.hamburg-fuer-die-elbe.de\/wordpress\/wp-content\/uploads\/2013\/10\/Einfahrt-Vorhafen.jpg\" target=\"_blank\"><img loading=\"lazy\" decoding=\"async\" class=\"wp-image-8241 size-medium alignleft\" src=\"https:\/\/www.hamburg-fuer-die-elbe.de\/wordpress\/wp-content\/uploads\/2013\/10\/Einfahrt-Vorhafen-222x300.jpg\" alt=\"Einfahrt Vorhafen\" width=\"222\" height=\"300\" srcset=\"https:\/\/www.hamburg-fuer-die-elbe.de\/wordpress\/wp-content\/uploads\/2013\/10\/Einfahrt-Vorhafen-222x300.jpg 222w, https:\/\/www.hamburg-fuer-die-elbe.de\/wordpress\/wp-content\/uploads\/2013\/10\/Einfahrt-Vorhafen.jpg 692w\" sizes=\"(max-width: 222px) 100vw, 222px\" \/><\/a>Sicherheit und der Leichtigkeit des Schiffsverkehres, insbesondere vor dem Hintergrund der Schiffsgr\u00f6\u00dfenentwicklung, ist die Aufweitung des Zufahrtbereiches von der Norderelbe in den Vorhafen nach Ansicht der Planer dringend geboten. Durch die weitere vollst\u00e4ndige Verf\u00fcllung des letzten Restes des Kohlenschiffhafen sollen zus\u00e4tzliche gewerblich nutzbare Hafenfl\u00e4chen entstehen. Durch den R\u00fcckbau der H\u00f6ftspitze beabsichtigen die Planer dringend ben\u00f6tigte \u00f6ffentliche Wartepl\u00e4tze f\u00fcr Feederschiffe einzurichten.<\/p>\n<p>&nbsp;<\/p>\n<p>Ausgel\u00f6st durch die Weltwirtschafts- und Finanzkrise<a href=\"https:\/\/www.hamburg-fuer-die-elbe.de\/wordpress\/wp-content\/uploads\/2013\/10\/Innerer-Hafen.jpg\" target=\"_blank\"><img loading=\"lazy\" decoding=\"async\" class=\"alignright wp-image-4593\" src=\"https:\/\/www.hamburg-fuer-die-elbe.de\/wordpress\/wp-content\/uploads\/2013\/10\/Innerer-Hafen.jpg\" alt=\"Innerer Hafen\" width=\"250\" height=\"168\" \/><\/a> 2008\/2009 hatten Stilllegungs\u00fcberlegungen des Terminalbetreibers HHLA f\u00fcr das CTT zu einem Aufstoppen des Projektes &#8220;Einfahrt Vorhafen&#8221; in 2010 gef\u00fchrt. Mit Beginn des Jahres 2011 wurden die Projektplanungen aber wieder aufgenommen. Seit dem 21.09.2011 liegt ein Planfeststellungsbeschluss vor. Am <a href=\"https:\/\/www.hamburg-fuer-die-elbe.de\/?p=4304\" target=\"_blank\">05.12.2014 starteten die Bauarbeiten<\/a>.<\/p>\n<p><strong>Kosten<\/strong><br \/>\nDa das Teilprojekt &#8220;Europakai&#8221; in 2012 fertiggestellt wurde, reduzieren sich die im zeitlichen Verlauf die Gesamtkosten und umfassen nur noch das Teilprojekt &#8220;Einfahrt Vorhafen&#8221;<\/p>\n<p>Stand 2010:\u00a0\u00a0\u00a0\u00a0\u00a0\u00a0\u00a0\u00a0\u00a0\u00a0\u00a0\u00a0\u00a0\u00a0\u00a0\u00a0\u00a0 \u00a0 \u00a0 \u00a0 \u00a0 \u00a0 \u00a0 \u00a0\u00a0 133.339.000 \u20ac<a title=\"\" href=\"#_ftn1\">[1]<\/a><br \/>\nStand 2011:\u00a0\u00a0\u00a0\u00a0\u00a0\u00a0\u00a0\u00a0\u00a0\u00a0\u00a0\u00a0\u00a0\u00a0\u00a0\u00a0\u00a0 \u00a0 \u00a0\u00a0\u00a0\u00a0 \u00a0 \u00a0\u00a0\u00a0\u00a0\u00a0\u00a0\u00a0 68.300.000 \u20ac<a title=\"\" href=\"#_ftn2\">[2]<br \/>\n<\/a>Stand 2013: \u00a0 \u00a0 \u00a0 \u00a0 \u00a0 \u00a0 \u00a0 \u00a0\u00a0 \u00a0\u00a0\u00a0\u00a0\u00a0 \u00a0\u00a0 \u00a0\u00a0\u00a0\u00a0\u00a0\u00a0\u00a0 97.500.000 \u20ac<a title=\"\" href=\"#_ftn3\">[3]<br \/>\n<\/a>Stand 2014:\u00a0 \u00a0 \u00a0 \u00a0 \u00a0 \u00a0 \u00a0 \u00a0\u00a0 \u00a0\u00a0\u00a0\u00a0\u00a0 \u00a0\u00a0 \u00a0\u00a0\u00a0\u00a0\u00a0\u00a0 \u00a0 97.500.000 \u20ac<a href=\"#_ftn4\">[4]<\/a><\/p>\n<p>Lesen Sie weiter bei den Planungen zum <a href=\"https:\/\/www.hamburg-fuer-die-elbe.de\/?page_id=276\">-&gt; Centralterminal Steinwerder CTS<\/a><\/p>\n<div>\n<hr align=\"left\" size=\"1\" width=\"33%\" \/>\n<div>\n<p><a title=\"\" href=\"#_ftnref1\">[1] <\/a>Hamburgische B\u00fcrgerschaft, Protokoll des Unterausschusses f\u00fcr Verm\u00f6gen und \u00f6ffentliche Unternehmen vom 27.08.2010, <a href=\"https:\/\/www.buergerschaft-hh.de\/ParlDok\/dokument\/31173\/protokoll-der-%c3%b6ffentlichen-sitzung-des-unterausschusses-verm%c3%b6gen-und-%c3%b6ffentliche-unternehmen.pdf\" target=\"_blank\" class=\"broken_link\">Drucksache 19\/0012<\/a>, hier Anlage 1, Nummer 6<br \/>\n<a title=\"\" href=\"#_ftnref2\">[2]<\/a> Hamburgische B\u00fcrgerschaft, Protokoll des Ausschusses f\u00fcr \u00f6ffentliche Unternehmen vom 03.11.2011, <a href=\"https:\/\/www.buergerschaft-hh.de\/ParlDok\/dokument\/35326\/protokoll-der-%c3%b6ffentlichen-sitzung-des-ausschusses-%c3%b6ffentliche-unternehmen.pdf\" target=\"_blank\" class=\"broken_link\">Drucksache 20\/0005<\/a>, hier Anlage 3<br \/>\n<a title=\"\" href=\"#_ftnref3\">[3] <\/a>Hamburgische B\u00fcrgerschaft, Schriftliche kleine Anfrage: \u201eStand der Hafeninfrastrukturma\u00dfnahmen Ausbau Innerer Hafen-Anpassung Einfahrt Vorhafen\u201c, <a href=\"https:\/\/www.buergerschaft-hh.de\/ParlDok\/dokument\/39763\/stand-der-hafeninfrastrukturma%c3%9fnahmen-%e2%80%9eausbau-innerer-hafen-%e2%80%93-anpassung-einfahrt-vorhafen%e2%80%9c.pdf\" target=\"_blank\" class=\"broken_link\">Drucksache 20\/6939<\/a><br \/>\n<a href=\"#_ftnref4\">[4] <\/a>Hamburgische B\u00fcrgerschaft, Gro\u00dfe Anfrage: \u201eHafenfinanzierung (III)\u201c, <a href=\"https:\/\/www.buergerschaft-hh.de\/ParlDok\/dokument\/43909\/hafenfinanzierung-iii-.pdf\" target=\"_blank\" class=\"broken_link\">Drucksache 20\/10595<\/a>, siehe Anlage 3<\/p>\n<\/div>\n<\/div>\n","protected":false},"excerpt":{"rendered":"<p>Mit dem Ausbauprojekt &#8220;Innerer Hafen&#8221; werden zwei Teilprojekte &#8220;Europakai&#8221; und &#8220;Einfahrt Vorhafen&#8221; bezeichnet, die sich mit der Neustrukturierung des Container Terminals Tollerort (CTT) am Vorhafen besch\u00e4ftigen. Durch die Teilverf\u00fcllung des Kohlenschiffhafens und durch den Bau eines 5. Liegeplatzes wurden am Europakai neue Terminalfl\u00e4chen geschaffen. Dieses Teilprojekt wurde in 2012 fertiggestellt. Im Weiteren soll die Einfahrtsituation &hellip; <a href=\"https:\/\/www.hamburg-fuer-die-elbe.de\/?page_id=271\" class=\"more-link\"><span class=\"screen-reader-text\">CTT Innerer Hafen<\/span> weiterlesen <span class=\"meta-nav\">&rarr;<\/span><\/a><\/p>\n","protected":false},"author":2,"featured_media":0,"parent":239,"menu_order":2,"comment_status":"closed","ping_status":"closed","template":"","meta":{"footnotes":""},"_links":{"self":[{"href":"https:\/\/www.hamburg-fuer-die-elbe.de\/index.php?rest_route=\/wp\/v2\/pages\/271"}],"collection":[{"href":"https:\/\/www.hamburg-fuer-die-elbe.de\/index.php?rest_route=\/wp\/v2\/pages"}],"about":[{"href":"https:\/\/www.hamburg-fuer-die-elbe.de\/index.php?rest_route=\/wp\/v2\/types\/page"}],"author":[{"embeddable":true,"href":"https:\/\/www.hamburg-fuer-die-elbe.de\/index.php?rest_route=\/wp\/v2\/users\/2"}],"replies":[{"embeddable":true,"href":"https:\/\/www.hamburg-fuer-die-elbe.de\/index.php?rest_route=%2Fwp%2Fv2%2Fcomments&post=271"}],"version-history":[{"count":23,"href":"https:\/\/www.hamburg-fuer-die-elbe.de\/index.php?rest_route=\/wp\/v2\/pages\/271\/revisions"}],"predecessor-version":[{"id":8243,"href":"https:\/\/www.hamburg-fuer-die-elbe.de\/index.php?rest_route=\/wp\/v2\/pages\/271\/revisions\/8243"}],"up":[{"embeddable":true,"href":"https:\/\/www.hamburg-fuer-die-elbe.de\/index.php?rest_route=\/wp\/v2\/pages\/239"}],"wp:attachment":[{"href":"https:\/\/www.hamburg-fuer-die-elbe.de\/index.php?rest_route=%2Fwp%2Fv2%2Fmedia&parent=271"}],"curies":[{"name":"wp","href":"https:\/\/api.w.org\/{rel}","templated":true}]}}