{"id":282,"date":"2013-10-19T10:17:02","date_gmt":"2013-10-19T08:17:02","guid":{"rendered":"http:\/\/www.hamburg-fuer-die-elbe.de\/?page_id=282"},"modified":"2016-10-03T11:39:29","modified_gmt":"2016-10-03T09:39:29","slug":"ausbau-oestlicher-hafen","status":"publish","type":"page","link":"https:\/\/www.hamburg-fuer-die-elbe.de\/?page_id=282","title":{"rendered":"Ausbau \u00f6stlicher Hafen"},"content":{"rendered":"<p>Um die Abl\u00e4ufe eines Betriebes f\u00fcr kon\u00adventionellen Umschlag im Steinwerder Hafen zu <a href=\"https:\/\/www.hamburg-fuer-die-elbe.de\/wordpress\/wp-content\/uploads\/2013\/10\/CSteinweg-S\u00fcdWestTerminal.jpg\" target=\"_blank\"><img loading=\"lazy\" decoding=\"async\" class=\"alignright wp-image-4299 size-medium\" src=\"https:\/\/www.hamburg-fuer-die-elbe.de\/wordpress\/wp-content\/uploads\/2013\/10\/CSteinweg-S\u00fcdWestTerminal-300x195.jpg\" alt=\"CSteinweg S\u00fcdWestTerminal\" width=\"300\" height=\"195\" srcset=\"https:\/\/www.hamburg-fuer-die-elbe.de\/wordpress\/wp-content\/uploads\/2013\/10\/CSteinweg-S\u00fcdWestTerminal-300x195.jpg 300w, https:\/\/www.hamburg-fuer-die-elbe.de\/wordpress\/wp-content\/uploads\/2013\/10\/CSteinweg-S\u00fcdWestTerminal-1024x665.jpg 1024w, https:\/\/www.hamburg-fuer-die-elbe.de\/wordpress\/wp-content\/uploads\/2013\/10\/CSteinweg-S\u00fcdWestTerminal-900x585.jpg 900w, https:\/\/www.hamburg-fuer-die-elbe.de\/wordpress\/wp-content\/uploads\/2013\/10\/CSteinweg-S\u00fcdWestTerminal.jpg 1427w\" sizes=\"(max-width: 300px) 100vw, 300px\" \/><\/a>ver\u00adbessern und eine Extension seines Umschlaggesch\u00e4ftes zu erm\u00f6glichen, soll der S\u00fcdteil des Steinwerder Hafens zugesch\u00fcttet werden. Dadurch wird eine etwa 4 ha gro\u00dfe zus\u00e4tzliche Umschlagfl\u00e4che f\u00fcr den konven\u00adtionellen St\u00fcckgutum\u00adschlag gewonnen, die nahezu vollst\u00e4ndig von der C. Steinweg (S\u00fcd-West Terminal) GmbH &amp; Co. KG <a href=\"#_ftn6\">[6]<\/a>genutzt werden. F\u00fcr den Umschlag und den Zwischen\u00adtransport von besonders schwerer Projektladung bedarf es speziellen Equipments wie z. B. Schwimmkrankapazi\u00adt\u00e4\u00adten. Der Abschluss des Verf\u00fcllbereiches soll durch eine senkrechte r\u00fcckverankerte Uferwand erfolgen. Zudem ist auf dem Gel\u00e4nde eine Neuordnung des Hochwasserschutzes mit einer Verk\u00fcrzung der HWS-Linie vorgesehen. Der Planfeststellungsbeschluss wurde am 13.01.2014 erlassen. <a href=\"#_ftn5\">[5]<\/a> Baubeginn f\u00fcr den &#8220;Ausbau \u00f6stlicher Hafen&#8221; in Steinwerder war im Juni 2014.<a href=\"#_ftn3\">[3]<\/a><\/p>\n<p>Zum Projekt \u201eAusbau \u00f6stlicher Hafen\u201c geh\u00f6rt auch der Ausbau des mittleren Reiherstieges, der vermutlich aufgrund der geringen Projektgr\u00f6\u00dfe aus dem Budget herausgenommen wurde. F\u00fcr den Ausbau des mittleren Reiherstieges werden 5.800.000 \u20ac <a href=\"#_ftn4\">[4]<\/a> angef\u00fchrt.<\/p>\n<p>Das <a href=\"https:\/\/www.hamburg-fuer-die-elbe.de\/?p=4285\" target=\"_blank\">S\u00fcd-West Terminal der Fa. C. Steinweg, nur 400 Meter von der Hafen-City und Elbphilarmonie entfernt<\/a>, ist eines der Zentren des hamburgischen Umschlags von Uranerz-Konzentrat, dem Yellowcake.<\/p>\n<p><strong>Kosten<\/strong><br \/>\nStand 2010:\u00a0\u00a0\u00a0\u00a0\u00a0\u00a0\u00a0\u00a0\u00a0\u00a0\u00a0\u00a0\u00a0\u00a0\u00a0\u00a0\u00a0\u00a0\u00a0\u00a0\u00a0\u00a0\u00a0\u00a0\u00a0\u00a0\u00a0\u00a0\u00a0\u00a0\u00a0\u00a0\u00a0\u00a0\u00a0\u00a0\u00a0\u00a0\u00a0\u00a0\u00a0\u00a0\u00a0\u00a0\u00a0\u00a0\u00a0\u00a0\u00a0\u00a0\u00a0\u00a0\u00a0\u00a0\u00a0\u00a0\u00a0\u00a0\u00a0\u00a0\u00a0\u00a0\u00a0 k.A.<br \/>\nStand 2011:\u00a0 \u00a0 \u00a0 \u00a0 \u00a0 \u00a0 \u00a0 \u00a0 \u00a0 \u00a0 \u00a0 \u00a0\u00a0 \u00a0\u00a0\u00a0\u00a0\u00a0\u00a0\u00a0\u00a0\u00a0\u00a0\u00a0\u00a0\u00a0\u00a0\u00a0\u00a0\u00a0\u00a0\u00a0\u00a0\u00a0\u00a0\u00a0\u00a0\u00a0\u00a0\u00a0\u00a0 22.500.000 \u20ac <a title=\"\" href=\"#_ftnref1\">[1]<br \/>\n<\/a>Stand 2013:\u00a0\u00a0\u00a0\u00a0\u00a0\u00a0\u00a0\u00a0\u00a0\u00a0\u00a0\u00a0\u00a0\u00a0\u00a0\u00a0\u00a0 \u00a0 \u00a0 \u00a0 \u00a0 \u00a0 \u00a0 \u00a0 \u00a0 \u00a0 \u00a0 \u00a0 \u00a0 \u00a0 \u00a0 \u00a0 \u00a0\u00a0\u00a0\u00a0\u00a0 23.000.000 \u20ac <a title=\"\" href=\"#_ftn1\">[2]<\/a><br \/>\nStand 2014:\u00a0 Reiherstieg \u00a0 \u00a0 \u00a0 \u00a0 \u00a0 \u00a0 \u00a0 \u00a0 \u00a0\u00a0\u00a0\u00a0\u00a0\u00a0\u00a0\u00a0\u00a0\u00a0\u00a0\u00a0\u00a0 5.800.000 \u20ac<br \/>\nzzgl. Ausbau \u00f6stl. Hafen\u00a0\u00a0\u00a0\u00a0\u00a0\u00a0\u00a0\u00a0\u00a0\u00a0\u00a0\u00a0\u00a0\u00a0\u00a0\u00a0\u00a0\u00a0\u00a0\u00a0\u00a0\u00a0\u00a0\u00a0\u00a0\u00a0\u00a0\u00a0\u00a0 19.000.000 \u20ac <a href=\"#_ftn4\">[4]<\/a><br \/>\n<strong>Summe\u00a0\u00a0\u00a0\u00a0\u00a0\u00a0\u00a0\u00a0\u00a0\u00a0\u00a0\u00a0\u00a0\u00a0\u00a0\u00a0\u00a0\u00a0\u00a0\u00a0\u00a0\u00a0\u00a0\u00a0\u00a0\u00a0\u00a0\u00a0\u00a0\u00a0\u00a0\u00a0\u00a0\u00a0\u00a0\u00a0\u00a0\u00a0\u00a0\u00a0\u00a0\u00a0 \u00a0 \u00a0 \u00a0 \u00a0 \u00a0 \u00a0 \u00a0 \u00a0 24.800.000 \u20ac<\/strong><\/p>\n<p>Lesen Sie weiter bei den Bauma\u00dfnahmen zur <a href=\"https:\/\/www.hamburg-fuer-die-elbe.de\/?page_id=290\">-&gt; Altenwerder Logistik<\/a><\/p>\n<div>\n<hr align=\"left\" size=\"1\" width=\"33%\" \/>\n<div title=\"\"><a title=\"\" href=\"#_ftnref1\">[1]<\/a>\u00a0 Hamburgische B\u00fcrgerschaft, Protokoll des Ausschusses f\u00fcr \u00f6ffentliche Unternehmen vom 03.11.2011, <a href=\"https:\/\/www.buergerschaft-hh.de\/ParlDok\/dokument\/35326\/protokoll-der-%c3%b6ffentlichen-sitzung-des-ausschusses-%c3%b6ffentliche-unternehmen.pdf\" target=\"_blank\" class=\"broken_link\">Drucksache 20\/0005<\/a>, hier Anlage 1 (Seite 18) und Anlage 2 (Seite 14)<\/div>\n<div title=\"\">\n<p><a title=\"\" href=\"#_ftnref1\">[2]<\/a>\u00a0 Hamburgische B\u00fcrgerschaft, Schriftliche kleine Anfrage: \u201eStand der Hafeninfrastrukturma\u00dfnahmen \u201eAusbau \u00f6stlicher Hafen\u2013Umstrukturierung Steinwerder Hafen\u201c, <a href=\"#_ftnref4\">Drucksache 20\/6915<br \/>\n<\/a><a href=\"#_ftnref3\">[3]<\/a> &#8220;<a href=\"https:\/\/www.property-magazine.de\/hpa-entwickelt-neue-logistikflaeche-im-steinwerder-hafen-60483.html\" target=\"_blank\">Hamburg: HPA entwickelt neue Logistikfl\u00e4che im Steinwerder Hafen<\/a>&#8221; vom 11.06.2014 und HPA, Pressemitteilung vom 11.06.2014, &#8220;<a href=\"http:\/\/www.hamburg-port-authority.de\/de\/presse\/pressearchiv\/Seiten\/Pressemitteilung-11-06-2014.aspx\" target=\"_blank\">HPA entwickelt neue Logistikfl\u00e4che im Steinwerder Hafen<\/a>&#8221;<br \/>\n<a href=\"#_ftnref4\">[4]<\/a> Hamburgische B\u00fcrgerschaft, Gro\u00dfe Anfrage: \u201eHafenfinanzierung (III)\u201c, <a href=\"https:\/\/www.buergerschaft-hh.de\/ParlDok\/dokument\/43909\/hafenfinanzierung-iii-.pdf\" target=\"_blank\" class=\"broken_link\">Drucksache 20\/10595<\/a>, siehe Anlage 3<br \/>\n<a href=\"#_ftnref5\">[5]<\/a> Freie und Hansestadt Hamburg, Beh\u00f6rde f\u00fcr Wirtschaft, Verkehr und Innovation, Planfeststellungsbeh\u00f6rde, <a href=\"http:\/\/daten.transparenz.hamburg.de\/Dataport.HmbTG.ZS.Webservice.GetRessource100\/GetRessource100.svc\/7fac5016-f865-49d9-ba91-c90c9f2d7b08\/Akte_150.1405-004.pdf\" target=\"_blank\" class=\"broken_link\">Planfeststellungsbeschluss &#8220;Verf\u00fcllung S\u00fcdteil Steinwerder Hafen<\/a>&#8221; vom 13.01.2014.<br \/>\n<a href=\"#_ftnref6\">[6] <\/a>C. Steinweg (S\u00fcd-West Terminal) GmbH &amp; Co. KG, <a href=\"https:\/\/www.hamburg-fuer-die-elbe.de\/wordpress\/wp-content\/uploads\/2013\/10\/steinweg-unternehmensbrosch\u00fcre-.pdf\">Unternehmensbrosch\u00fcre <\/a>der Gesellschaft, hier Seite 21, Hamburg 2014.<\/p>\n<\/div>\n<\/div>\n","protected":false},"excerpt":{"rendered":"<p>Um die Abl\u00e4ufe eines Betriebes f\u00fcr kon\u00adventionellen Umschlag im Steinwerder Hafen zu ver\u00adbessern und eine Extension seines Umschlaggesch\u00e4ftes zu erm\u00f6glichen, soll der S\u00fcdteil des Steinwerder Hafens zugesch\u00fcttet werden. Dadurch wird eine etwa 4 ha gro\u00dfe zus\u00e4tzliche Umschlagfl\u00e4che f\u00fcr den konven\u00adtionellen St\u00fcckgutum\u00adschlag gewonnen, die nahezu vollst\u00e4ndig von der C. Steinweg (S\u00fcd-West Terminal) GmbH &amp; Co. KG &hellip; <a href=\"https:\/\/www.hamburg-fuer-die-elbe.de\/?page_id=282\" class=\"more-link\"><span class=\"screen-reader-text\">Ausbau \u00f6stlicher Hafen<\/span> weiterlesen <span class=\"meta-nav\">&rarr;<\/span><\/a><\/p>\n","protected":false},"author":2,"featured_media":0,"parent":239,"menu_order":4,"comment_status":"closed","ping_status":"closed","template":"","meta":{"footnotes":""},"_links":{"self":[{"href":"https:\/\/www.hamburg-fuer-die-elbe.de\/index.php?rest_route=\/wp\/v2\/pages\/282"}],"collection":[{"href":"https:\/\/www.hamburg-fuer-die-elbe.de\/index.php?rest_route=\/wp\/v2\/pages"}],"about":[{"href":"https:\/\/www.hamburg-fuer-die-elbe.de\/index.php?rest_route=\/wp\/v2\/types\/page"}],"author":[{"embeddable":true,"href":"https:\/\/www.hamburg-fuer-die-elbe.de\/index.php?rest_route=\/wp\/v2\/users\/2"}],"replies":[{"embeddable":true,"href":"https:\/\/www.hamburg-fuer-die-elbe.de\/index.php?rest_route=%2Fwp%2Fv2%2Fcomments&post=282"}],"version-history":[{"count":19,"href":"https:\/\/www.hamburg-fuer-die-elbe.de\/index.php?rest_route=\/wp\/v2\/pages\/282\/revisions"}],"predecessor-version":[{"id":10619,"href":"https:\/\/www.hamburg-fuer-die-elbe.de\/index.php?rest_route=\/wp\/v2\/pages\/282\/revisions\/10619"}],"up":[{"embeddable":true,"href":"https:\/\/www.hamburg-fuer-die-elbe.de\/index.php?rest_route=\/wp\/v2\/pages\/239"}],"wp:attachment":[{"href":"https:\/\/www.hamburg-fuer-die-elbe.de\/index.php?rest_route=%2Fwp%2Fv2%2Fmedia&parent=282"}],"curies":[{"name":"wp","href":"https:\/\/api.w.org\/{rel}","templated":true}]}}