{"id":294,"date":"2013-10-19T12:24:42","date_gmt":"2013-10-19T10:24:42","guid":{"rendered":"http:\/\/www.hamburg-fuer-die-elbe.de\/?page_id=294"},"modified":"2016-09-15T15:32:55","modified_gmt":"2016-09-15T14:32:55","slug":"erweiterung-cta-altenwerder","status":"publish","type":"page","link":"https:\/\/www.hamburg-fuer-die-elbe.de\/?page_id=294","title":{"rendered":"CTA Erweiterung"},"content":{"rendered":"<p>Mit diesem Projekt sollen die Umschlagskapazit\u00e4ten des <strong>C<\/strong>ontainer <strong>T<\/strong>erminals in <strong>A<\/strong>ltenwerder (CTA) von ca. 3 Mio. TEU (Stand 2010) auf zuk\u00fcnftig 4,1 Mio. TEU erh\u00f6ht <a href=\"https:\/\/www.hamburg-fuer-die-elbe.de\/wordpress\/wp-content\/uploads\/2013\/10\/CTA-Altenwerder.jpg\"><img loading=\"lazy\" decoding=\"async\" class=\"size-medium wp-image-2867 alignleft\" title=\"Menschenleerer CTA\" src=\"https:\/\/www.hamburg-fuer-die-elbe.de\/wordpress\/wp-content\/uploads\/2013\/10\/CTA-Altenwerder-300x190.jpg\" alt=\"CTA-Altenwerder\" width=\"300\" height=\"190\" srcset=\"https:\/\/www.hamburg-fuer-die-elbe.de\/wordpress\/wp-content\/uploads\/2013\/10\/CTA-Altenwerder-300x190.jpg 300w, https:\/\/www.hamburg-fuer-die-elbe.de\/wordpress\/wp-content\/uploads\/2013\/10\/CTA-Altenwerder-1024x651.jpg 1024w, https:\/\/www.hamburg-fuer-die-elbe.de\/wordpress\/wp-content\/uploads\/2013\/10\/CTA-Altenwerder-900x572.jpg 900w\" sizes=\"(max-width: 300px) 100vw, 300px\" \/><\/a>werden.<a title=\"\" href=\"#_ftnref1\">[1]<\/a><\/p>\n<p>Hierf\u00fcr ist zun\u00e4chst eine Norderweiterung f\u00fcr CTA vorgesehen. Es entst\u00fcnden ein zus\u00e4tzlicher Liegeplatz mit einer L\u00e4nge von rd. 360 m sowie ca. 3,7 ha Terminalfl\u00e4che. Der neue Liegeplatz w\u00e4re f\u00fcr Gro\u00dfschiffe und Feederschiffe geeignet. Der <a href=\"https:\/\/www.hamburg-fuer-die-elbe.de\/wordpress\/wp-content\/uploads\/2013\/10\/planfeststellung-20140729.pdf\" target=\"_blank\">Planfeststellungbeschluss<\/a> (Achtung 33 MB) wurde am 29.07.2014 erlassen.<\/p>\n<p>Dann sollte eine Gleisanbindung des CTA an den Bahnhof Altenwerder und eine n\u00f6rdliche und s\u00fcdliche Stra\u00dfenanbindung Altenwerder folgen, um die bisherige einzige Anfahrt \u00fcber den Altenwerder Hauptdeich\/Am Ballinkai zu verk\u00fcrzen. Des Weiteren ist eine wasserwirtschaftliche Neuordnung vorgesehen.<\/p>\n<p>Die CTA-Erweiterung wurde in 2011 vom Planungsumfang zeitlich gestreckt.\u00a0 <a href=\"https:\/\/www.hamburg-fuer-die-elbe.de\/wordpress\/wp-content\/uploads\/2013\/10\/Altenwerder-Stra\u00dfe.jpg\" target=\"_blank\"><img loading=\"lazy\" decoding=\"async\" class=\"alignright wp-image-5173 size-medium\" src=\"https:\/\/www.hamburg-fuer-die-elbe.de\/wordpress\/wp-content\/uploads\/2013\/10\/Altenwerder-Stra\u00dfe-212x300.jpg\" alt=\"Altenwerder Stra\u00dfe\" width=\"212\" height=\"300\" srcset=\"https:\/\/www.hamburg-fuer-die-elbe.de\/wordpress\/wp-content\/uploads\/2013\/10\/Altenwerder-Stra\u00dfe-212x300.jpg 212w, https:\/\/www.hamburg-fuer-die-elbe.de\/wordpress\/wp-content\/uploads\/2013\/10\/Altenwerder-Stra\u00dfe.jpg 692w\" sizes=\"(max-width: 212px) 100vw, 212px\" \/><\/a>So wird derzeit nur an der Gleis-und Stra\u00dfenanbindung gearbeitet. Die Realisierung der ehemals f\u00fcr 12\/2013 angestrebten Norderweiterung ist derzeit unbestimmt. In 2014 wurde erstmalig wieder \u00fcber das Projekt, hier nur Gleisanbindung, berichtet. Aufgrund der u.a. Anmerkungen und der \u00f6ffentlichen Intransparenz des Projektes wird im Gesamtkostenansatz an den Kosten von 2010 festgehalten.<\/p>\n<p><strong>Kosten<\/strong><br \/>\nStand 2010: \u00a0 \u00a0 \u00a0 \u00a0 \u00a0 \u00a0 \u00a0 \u00a0 \u00a0 \u00a0 \u00a0 \u00a0 \u00a0 \u00a0 \u00a0 \u00a0 \u00a0 \u00a0\u00a0 \u00a0\u00a0\u00a0\u00a0\u00a0\u00a0\u00a0\u00a0\u00a0\u00a0\u00a0\u00a0\u00a0\u00a0 165.091.000 \u20ac<a href=\"#_ftn1\">[1]<\/a><br \/>\nStand 2011 und Stand 2013:\u00a0\u00a0\u00a0\u00a0\u00a0\u00a0\u00a0\u00a0\u00a0\u00a0\u00a0\u00a0 siehe Anmerkung<br \/>\nStand 2014:\u00a0\u00a0\u00a0\u00a0 nur Gleisanbindung\u00a0\u00a0\u00a0\u00a0\u00a0\u00a0\u00a0\u00a0\u00a0 66.273.000 \u20ac<a href=\"#_ftn6\">[6]<\/a><\/p>\n<p><b>Anmerkung: <\/b>1995 beschloss die Hamburger B\u00fcrgerschaft per Gesetz die Einrichtung des \u201eSonderverm\u00f6gens Stadt und Hafen\u201c<a title=\"\" href=\"#_ftn1\">[2]<\/a>. Dem Sonderverm\u00f6gen (SoV), das von der HafenCity Hamburg GmbH gemanagt wird, wurden die st\u00e4dtischen Grundst\u00fccke auf dem Gebiet des neu zu er\u00adschlie\u00dfenden Stadtteils HafenCity \u00fcbertragen. Der Verkauf der Grundst\u00fccke an Investoren sollte die Erschlie\u00dfungskosten dieses Gebiets sowie die Kosten f\u00fcr die Hafenerweiterung Altenwerder decken.<\/p>\n<p>Die Entwicklungskosten f\u00fcr die HafenCity \u00fcberstiegen jedoch die Erl\u00f6se aus den Grundst\u00fccksverk\u00e4ufen. Die Verbindlichkeiten f\u00fcr die Hafenerweiterung Altenwerder konnten nicht abgel\u00f6st werden. Das SoV Stadt und Hafen wies ein immenses Defizit aus<a title=\"\" href=\"#_ftn2\">[3]<\/a>. Im Doppelhaushalt 2011\/12 beschloss die B\u00fcrgerschaft daher, die Verbindlichkeiten auszugleichen und das SoV mit weiterem Eigenkapital auszustatten: 2011 mit 207.000.000 \u20ac, 2012 mit 250.000.000 \u20ac.<a title=\"\" href=\"#_ftn3\">[4]<\/a> Laut Doppelhaushalt 2013\/2014 scheinen bisher lediglich in 2011 die volle geplante Summe und in 2012 200.000.000 \u20ac zugewiesen worden zu sein. Allerdings h\u00e4lt man sich unter der \u00dcberschrift \u201eGlobale Mehr- und Minderausgaben\u201c Reserven in H\u00f6he von 189.000.000 \u20ac f\u00fcr 2013 und 85.000.000 \u20ac f\u00fcr 2014 offen, um u.a. auch dem Sonderverm\u00f6gen Stadt und Hafen Mittel zukommen zu lassen. <a title=\"\" href=\"#_ftn4\">[5]<\/a> Im SoV Stadt und Hafen ergeben sich somit weitere versteckte Kosten der Hafenerweiterung.<\/p>\n<div>\n<p>Lesen Sie weiter bei den <a href=\"https:\/\/www.hamburg-fuer-die-elbe.de\/?page_id=156\">-&gt;Stra\u00dfenbauprojekten<\/a><\/p>\n<hr align=\"left\" size=\"1\" width=\"33%\" \/>\n<div>\n<p><a title=\"\" href=\"#_ftnref1\">[1]<\/a><a title=\"\" href=\"https:\/\/www.hamburg-fuer-die-elbe.de\/?page_id=276#_ftnref3\">\u00a0 <\/a>Hamburgische B\u00fcrgerschaft, Protokoll des Unterausschusses f\u00fcr Verm\u00f6gen und \u00f6ffentliche Unternehmen vom 27.08.2010, <a href=\"https:\/\/www.buergerschaft-hh.de\/ParlDok\/dokument\/31173\/protokoll-der-%c3%b6ffentlichen-sitzung-des-unterausschusses-verm%c3%b6gen-und-%c3%b6ffentliche-unternehmen.pdf\" target=\"_blank\" class=\"broken_link\">Drucksache 19\/0012<\/a>, hier Anlage 1, Nummer 4<br \/>\n<a title=\"\" href=\"#_ftnref1\">[2]<\/a>\u00a0 <a href=\"http:\/\/www.landesrecht-hamburg.de\/jportal\/portal\/page\/bshaprod.psml?showdoccase=1&amp;doc.id=jlr-SoVermStuHafenGHArahmen&amp;doc.part=X&amp;doc.origin=bs&amp;st=lr\" target=\"_blank\">Gesetz \u00fcber das \u201eSonderverm\u00f6gen Stadt und Hafen\u201c<\/a> vom 27. August 1997, HmbGVBl. 1997, S. 415 und HmbGVBl. 2007, S. 401<br \/>\n<a title=\"\" href=\"#_ftnref2\">[3]<\/a>\u00a0 Die Welt, 02.08.2012 \u201e<a href=\"https:\/\/www.welt.de\/print\/die_welt\/hamburg\/article108450429\/Das-Sondervermoegen-Stadt-und-Hafen.html\" target=\"_blank\">Das Sonderverm\u00f6gen Stadt und Hafen<\/a>\u201c und<br \/>\nHamburgische B\u00fcrgerschaft, Mitteilung des Senats an die B\u00fcrgerschaft \u201e1. Stellungnahme zu dem Ersuchen der B\u00fcrgerschaft vom 22. November 2011 &#8220;Haushaltsplan-Entwurf 2011\/2012 Epl. 9.2 Ausgleich des Defizits im Sonderverm\u00f6gen Stadt und Hafen &#8211; Drucksache 20\/2347&#8230;\u201c, <a href=\"https:\/\/www.buergerschaft-hh.de\/ParlDok\/dokument\/38105\/1-stellungnahme-des-senats-zu-dem-ersuchen-der-b%c3%bcrgerschaft-vom-22-november-2011-%e2%80%9ehaushaltsplan-entwurf-2011-2012-epl-9-2-%e2%80%93-ausgleich-des.pdf\" target=\"_blank\" class=\"broken_link\">Drucksache 20\/5437<\/a><a title=\"\" href=\"#_ftnref3\">[4]<\/a>\u00a0 Hamburgische B\u00fcrgerschaft, Antrag zu Drucksache 20\/2135 \u201eHaushaltsplan-Entwurf 2011\/2012, Einzelplan 9.2 Ausgleich des Defizits im Sonderverm\u00f6gen Stadt und Hafen\u201c, <a href=\"https:\/\/www.buergerschaft-hh.de\/ParlDok\/dokument\/34730\/haushaltsplan-entwurf-2011-2012-einzelplan-9-2-ausgleich-des-defizits-im-sonderverm%c3%b6gen-stadt-und-hafen.pdf\" target=\"_blank\" class=\"broken_link\">Drucksache 20\/2347<\/a><a title=\"\" href=\"#_ftnref4\">[5]<\/a> FHH Haushalt 2013\/2014, <a href=\"http:\/\/www.hamburg.de\/contentblob\/3540282\/data\/einzelplan-9-2.pdf\" target=\"_blank\">Einzelplan 9.2 Allgemeine Finanzverwaltung<\/a>, S. 89 des Pdf-Gesamtdokumentes bzw. S. 35 der &#8220;Erl\u00e4uterungen zu den Kapiteln&#8221;,\u00a0 hier 971.22 &#8220;Reserve f\u00fcr Ma\u00dfnahmen zur Sanierung, Entschuldung und Rekapitalisierung&#8221;<br \/>\n<a href=\"#_ftnref6\">[6]<\/a> Hamburgische B\u00fcrgerschaft, Gro\u00dfe Anfrage: \u201cHafenfinanzierung (III)\u201d, <a href=\"https:\/\/www.buergerschaft-hh.de\/ParlDok\/dokument\/43909\/hafenfinanzierung-iii-.pdf\" target=\"_blank\" class=\"broken_link\">Drucksache 20\/10595<\/a>, Anlage 3<\/p>\n<\/div>\n<\/div>\n","protected":false},"excerpt":{"rendered":"<p>Mit diesem Projekt sollen die Umschlagskapazit\u00e4ten des Container Terminals in Altenwerder (CTA) von ca. 3 Mio. TEU (Stand 2010) auf zuk\u00fcnftig 4,1 Mio. TEU erh\u00f6ht werden.[1] Hierf\u00fcr ist zun\u00e4chst eine Norderweiterung f\u00fcr CTA vorgesehen. Es entst\u00fcnden ein zus\u00e4tzlicher Liegeplatz mit einer L\u00e4nge von rd. 360 m sowie ca. 3,7 ha Terminalfl\u00e4che. Der neue Liegeplatz w\u00e4re &hellip; <a href=\"https:\/\/www.hamburg-fuer-die-elbe.de\/?page_id=294\" class=\"more-link\"><span class=\"screen-reader-text\">CTA Erweiterung<\/span> weiterlesen <span class=\"meta-nav\">&rarr;<\/span><\/a><\/p>\n","protected":false},"author":2,"featured_media":0,"parent":239,"menu_order":6,"comment_status":"closed","ping_status":"closed","template":"","meta":{"footnotes":""},"_links":{"self":[{"href":"https:\/\/www.hamburg-fuer-die-elbe.de\/index.php?rest_route=\/wp\/v2\/pages\/294"}],"collection":[{"href":"https:\/\/www.hamburg-fuer-die-elbe.de\/index.php?rest_route=\/wp\/v2\/pages"}],"about":[{"href":"https:\/\/www.hamburg-fuer-die-elbe.de\/index.php?rest_route=\/wp\/v2\/types\/page"}],"author":[{"embeddable":true,"href":"https:\/\/www.hamburg-fuer-die-elbe.de\/index.php?rest_route=\/wp\/v2\/users\/2"}],"replies":[{"embeddable":true,"href":"https:\/\/www.hamburg-fuer-die-elbe.de\/index.php?rest_route=%2Fwp%2Fv2%2Fcomments&post=294"}],"version-history":[{"count":22,"href":"https:\/\/www.hamburg-fuer-die-elbe.de\/index.php?rest_route=\/wp\/v2\/pages\/294\/revisions"}],"predecessor-version":[{"id":10476,"href":"https:\/\/www.hamburg-fuer-die-elbe.de\/index.php?rest_route=\/wp\/v2\/pages\/294\/revisions\/10476"}],"up":[{"embeddable":true,"href":"https:\/\/www.hamburg-fuer-die-elbe.de\/index.php?rest_route=\/wp\/v2\/pages\/239"}],"wp:attachment":[{"href":"https:\/\/www.hamburg-fuer-die-elbe.de\/index.php?rest_route=%2Fwp%2Fv2%2Fmedia&parent=294"}],"curies":[{"name":"wp","href":"https:\/\/api.w.org\/{rel}","templated":true}]}}