{"id":334,"date":"2013-10-19T14:46:40","date_gmt":"2013-10-19T12:46:40","guid":{"rendered":"http:\/\/www.hamburg-fuer-die-elbe.de\/?page_id=334"},"modified":"2015-05-14T13:55:45","modified_gmt":"2015-05-14T12:55:45","slug":"bahnhof-hohe-schaar","status":"publish","type":"page","link":"https:\/\/www.hamburg-fuer-die-elbe.de\/?page_id=334","title":{"rendered":"Bahnhof Hohe Schaar"},"content":{"rendered":"<p>Die bis zu 50 Jahre alten Gleis- und Weichenanlagen des Bahnhofs Hohe Schaar haben ihre Lebensdauer \u00fcberschritten und sind trotz verschiedener, im Laufe der Jahre durchgef\u00fchrter Teilerneuerungen insgesamt stark abgenutzt. Geplant ist die Grundinstandsetzung und die Erweiterung der vorhandenen Bahnanlagen. Unter anderem ist dabei die Anpassung und Modernisierung der technischen Ausr\u00fcstung des Oberbaus erforderlich. Im Nordkopf werden zeitlich vor dem Neubau der Rethebr\u00fccke diverse Gleisanlagen optimiert und die Nutzl\u00e4ngen bestehender Gleise erweitert.<\/p>\n<p>Auch dieses Teilprojekt ist eng mit dem Teilprojekt &#8220;Ersatzinvestitionen Hafenbahn&#8221; verbunden.<\/p>\n<p><strong>Kosten<\/strong><\/p>\n<p>Stand 2010: \u00a0 \u00a0 \u00a0 \u00a0 \u00a0 \u00a0 \u00a0 \u00a0 \u00a0 \u00a0 \u00a0 \u00a0 \u00a0 \u00a0 \u00a0 \u00a0 \u00a0 \u00a0 \u00a0 \u00a0 \u00a0 \u00a0 \u00a0\u00a0\u00a0\u00a0\u00a0\u00a0\u00a0\u00a0\u00a0\u00a0\u00a0\u00a0\u00a0\u00a0\u00a0\u00a0\u00a0 43.962.000 \u20ac <a href=\"#_ftn1\">[1]<\/a><br \/>\nStand 2011: \u00a0 \u00a0 \u00a0 \u00a0 \u00a0 \u00a0 \u00a0 \u00a0 \u00a0 \u00a0 \u00a0 \u00a0 \u00a0 \u00a0 \u00a0 \u00a0 \u00a0 \u00a0 \u00a0 \u00a0 \u00a0 \u00a0\u00a0 \u00a0\u00a0\u00a0\u00a0\u00a0\u00a0\u00a0\u00a0\u00a0\u00a0\u00a0\u00a0\u00a0\u00a0\u00a0\u00a0\u00a0\u00a0\u00a0\u00a0\u00a0\u00a0\u00a0\u00a0\u00a0\u00a0\u00a0\u00a0\u00a0\u00a0\u00a0\u00a0\u00a0\u00a0 k.A. <a href=\"#_ftn2\">[2]<\/a><a title=\"\" href=\"https:\/\/www.hamburg-fuer-die-elbe.de\/?page_id=276#_ftnref3\"><br \/>\n<\/a>Stand 2013: \u00a0 \u00a0 \u00a0 \u00a0 \u00a0 \u00a0 \u00a0 \u00a0 \u00a0 \u00a0 \u00a0 \u00a0 \u00a0 \u00a0 \u00a0 \u00a0 \u00a0 \u00a0 \u00a0 \u00a0 \u00a0 \u00a0\u00a0 \u00a0\u00a0\u00a0\u00a0\u00a0\u00a0\u00a0\u00a0\u00a0\u00a0\u00a0\u00a0\u00a0\u00a0\u00a0\u00a0\u00a0\u00a0\u00a0\u00a0\u00a0\u00a0\u00a0\u00a0\u00a0\u00a0\u00a0\u00a0\u00a0\u00a0\u00a0\u00a0\u00a0\u00a0 k.A.<\/p>\n<hr align=\"left\" size=\"1\" width=\"33%\" \/>\n<p><a href=\"#_ftnref1\">[1]<\/a><a title=\"\" href=\"https:\/\/www.hamburg-fuer-die-elbe.de\/?page_id=276#_ftnref3\">\u00a0 <\/a>Hamburgische B\u00fcrgerschaft, Protokoll des Unterausschusses f\u00fcr Verm\u00f6gen und \u00f6ffentliche Unternehmen vom 27.08.2010, <a href=\"https:\/\/www.buergerschaft-hh.de\/ParlDok\/dokument\/31173\/protokoll-der-%c3%b6ffentlichen-sitzung-des-unterausschusses-verm%c3%b6gen-und-%c3%b6ffentliche-unternehmen.pdf\" target=\"_blank\" class=\"broken_link\">Drucksache 19\/0012<\/a>, Anlage 1, Nummer 11<br \/>\n<a href=\"#_ftnref2\">[2]<\/a>\u00a0 Hamburgische B\u00fcrgerschaft, Protokoll des Ausschusses f\u00fcr \u00f6ffentliche Unternehmen vom 03.11.2011, <a href=\"https:\/\/www.buergerschaft-hh.de\/ParlDok\/dokument\/35326\/protokoll-der-%c3%b6ffentlichen-sitzung-des-ausschusses-%c3%b6ffentliche-unternehmen.pdf\" target=\"_blank\" class=\"broken_link\">Drucksache 20\/0005<\/a>, hier Anlage 3<\/p>\n<p>&nbsp;<\/p>\n","protected":false},"excerpt":{"rendered":"<p>Die bis zu 50 Jahre alten Gleis- und Weichenanlagen des Bahnhofs Hohe Schaar haben ihre Lebensdauer \u00fcberschritten und sind trotz verschiedener, im Laufe der Jahre durchgef\u00fchrter Teilerneuerungen insgesamt stark abgenutzt. Geplant ist die Grundinstandsetzung und die Erweiterung der vorhandenen Bahnanlagen. Unter anderem ist dabei die Anpassung und Modernisierung der technischen Ausr\u00fcstung des Oberbaus erforderlich. Im &hellip; <a href=\"https:\/\/www.hamburg-fuer-die-elbe.de\/?page_id=334\" class=\"more-link\"><span class=\"screen-reader-text\">Bahnhof Hohe Schaar<\/span> weiterlesen <span class=\"meta-nav\">&rarr;<\/span><\/a><\/p>\n","protected":false},"author":2,"featured_media":0,"parent":309,"menu_order":3,"comment_status":"closed","ping_status":"closed","template":"","meta":{"footnotes":""},"_links":{"self":[{"href":"https:\/\/www.hamburg-fuer-die-elbe.de\/index.php?rest_route=\/wp\/v2\/pages\/334"}],"collection":[{"href":"https:\/\/www.hamburg-fuer-die-elbe.de\/index.php?rest_route=\/wp\/v2\/pages"}],"about":[{"href":"https:\/\/www.hamburg-fuer-die-elbe.de\/index.php?rest_route=\/wp\/v2\/types\/page"}],"author":[{"embeddable":true,"href":"https:\/\/www.hamburg-fuer-die-elbe.de\/index.php?rest_route=\/wp\/v2\/users\/2"}],"replies":[{"embeddable":true,"href":"https:\/\/www.hamburg-fuer-die-elbe.de\/index.php?rest_route=%2Fwp%2Fv2%2Fcomments&post=334"}],"version-history":[{"count":17,"href":"https:\/\/www.hamburg-fuer-die-elbe.de\/index.php?rest_route=\/wp\/v2\/pages\/334\/revisions"}],"predecessor-version":[{"id":6485,"href":"https:\/\/www.hamburg-fuer-die-elbe.de\/index.php?rest_route=\/wp\/v2\/pages\/334\/revisions\/6485"}],"up":[{"embeddable":true,"href":"https:\/\/www.hamburg-fuer-die-elbe.de\/index.php?rest_route=\/wp\/v2\/pages\/309"}],"wp:attachment":[{"href":"https:\/\/www.hamburg-fuer-die-elbe.de\/index.php?rest_route=%2Fwp%2Fv2%2Fmedia&parent=334"}],"curies":[{"name":"wp","href":"https:\/\/api.w.org\/{rel}","templated":true}]}}