{"id":343,"date":"2013-10-19T15:04:19","date_gmt":"2013-10-19T13:04:19","guid":{"rendered":"http:\/\/www.hamburg-fuer-die-elbe.de\/?page_id=343"},"modified":"2015-04-04T08:06:15","modified_gmt":"2015-04-04T07:06:15","slug":"weitere-planungen","status":"publish","type":"page","link":"https:\/\/www.hamburg-fuer-die-elbe.de\/?page_id=343","title":{"rendered":"Planungen Westhafen"},"content":{"rendered":"<p>Neben den angef\u00fchrten Teilprojekten der Hafenbahn gibt es weitere Investitionsplanungen zur Hafenbahn. Diese beziehen sich insbesondere auf die Anbindung der Containerterminals im Westhafen, also CTB und CTH. Einen Einblick in diese weiteren Planungen gibt das Hafenentwicklungskonzept:<\/p>\n<p>\u201eDie auch zuk\u00fcnftig besonders stark befahrenen Weichenknoten, bei deren Kreuzung sich viele Z\u00fcge und Rangierfahrten gegenseitig behindern sowie Streckenabschnitte im Raum Hausbruch\u2013Alte S\u00fcderelbe m\u00fcssen durch ein neues Netzkonzept innerhalb eines zehnj\u00e4hrigen Zeitraums entlastet werden. Priorit\u00e4t hat eine s\u00fcdliche Bahnausfahrt aus Altenwerder, die parallel zur bestehenden A 7 und zur geplanten A 26 an die neue Kattwyk\u00adbr\u00fccke und damit an die neue Nord-Ost-Achse anschlie\u00dft. Die s\u00fcdliche Bahnanbindung von Altenwerder wird einen Bypass f\u00fcr das westliche Hafenbahnnetz bilden, der Containerz\u00fcge von den belasteten Weichenknoten und vom neuralgischen Abzweigpunkt in Hausbruch absch\u00f6pft. Sie soll weiter erg\u00e4nzt werden durch eine Bahnlinie, die Hausbruch n\u00f6rdlich umf\u00e4hrt und direkt in die Strecke Hausbruch\u2013Alte S\u00fcderelbe einf\u00e4delt. Abgerundet wird dieses Entlastungskonzept durch neue durchgehende Gleise im Westteil des Bahnhofs Alte S\u00fcderelbe, \u00fcber die Containerz\u00fcge zu den Waltershofer Umschlagterminals geleitet werden k\u00f6nnen. Au\u00dferdem soll eine neue Gleisgruppe s\u00fcdlich des Bahnhofs Alte S\u00fcderelbe die Flexibilit\u00e4t dieses zentralen Hafenbahnhofes erweitern. Langfristig ist es f\u00fcr die Entwicklung des Hamburger Hafens wichtig, die beiden einzigen Fl\u00e4chen im Hafengebiet mit Bahnentwicklungspotenzialen zu sichern: das Areal s\u00fcdlich des Hafenbahnhofes Alte S\u00fcderelbe und der Seehafenbahnhof in Harburg. Zus\u00e4tzliche Puffer und Servicefunktionen k\u00f6nnen eine verbesserte Anbindung des Seehafenbahnhofs in Harburg an die Containerschwerpunkte im westlichen Hafen schaffen.\u201c<a title=\"\" href=\"#_ftn1\">[1]<\/a><\/p>\n<p>Diese o.a. Ausf\u00fchrungen ergeben folgende konkrete Planungen:<\/p>\n<ul>\n<li>Vervielfachung der Kapazit\u00e4ten des Bahnhofs Altenwerder,<\/li>\n<li>Neubau eines Vorstellbahnhofes s\u00fcdlich des Bahnhofs S\u00fcderelbe,<\/li>\n<li>Neubau des Bahnhofs Hamburg-Unterelbe (alter Seehafenbahnhof) in Harburg,<\/li>\n<li>Neubau einer s\u00fcdlichen Bahnausfahrt Altenwerder mit Anschluss an Hamburg-Unterelbe,<\/li>\n<li>Neubau einer Bahnlinie n\u00f6rdlich von Hausbruch, die in Hamburg-Unterelbe einf\u00e4delt.<\/li>\n<\/ul>\n<p><strong>Sch\u00e4tzung der Kosten<br \/>\n<\/strong>Stand 2013: \u00a0 \u00a0 \u00a0 \u00a0 \u00a0 \u00a0 \u00a0 \u00a0 \u00a0 \u00a0 \u00a0 \u00a0\u00a0 \u00a0\u00a0\u00a0\u00a0\u00a0\u00a0\u00a0\u00a0\u00a0\u00a0\u00a0\u00a0\u00a0\u00a0\u00a0\u00a0\u00a0\u00a0\u00a0\u00a0\u00a0\u00a0\u00a0\u00a0\u00a0\u00a0\u00a0\u00a0 500.000.000 \u20ac<\/p>\n<div><br clear=\"all\" \/><\/p>\n<hr align=\"left\" size=\"1\" width=\"33%\" \/>\n<div>\n<p><a href=\"#_ftnref1\">[1]<\/a>\u00a0 Hamburgische B\u00fcrgerschaft, Mitteilung des Senats an die B\u00fcrgerschaft, \u201cHafenentwicklungsplan \u201cHamburg h\u00e4lt Kurs, Hafenentwicklungsplan bis 2025&#8243;\u2033, <a href=\"https:\/\/www.buergerschaft-hh.de\/ParlDok\/dokument\/38168\/hafenentwicklungsplan-%e2%80%9ehamburg-h%c3%a4lt-kurs-%e2%80%93-der-hafenentwicklungsplan-bis-2025%e2%80%9c.pdf\" target=\"_blank\" class=\"broken_link\">Drucksache 20\/5550<\/a>,\u00a0 Anlage zur Drs 20\/5550, Seite 51<\/p>\n<\/div>\n<\/div>\n","protected":false},"excerpt":{"rendered":"<p>Neben den angef\u00fchrten Teilprojekten der Hafenbahn gibt es weitere Investitionsplanungen zur Hafenbahn. Diese beziehen sich insbesondere auf die Anbindung der Containerterminals im Westhafen, also CTB und CTH. Einen Einblick in diese weiteren Planungen gibt das Hafenentwicklungskonzept: \u201eDie auch zuk\u00fcnftig besonders stark befahrenen Weichenknoten, bei deren Kreuzung sich viele Z\u00fcge und Rangierfahrten gegenseitig behindern sowie Streckenabschnitte &hellip; <a href=\"https:\/\/www.hamburg-fuer-die-elbe.de\/?page_id=343\" class=\"more-link\"><span class=\"screen-reader-text\">Planungen Westhafen<\/span> weiterlesen <span class=\"meta-nav\">&rarr;<\/span><\/a><\/p>\n","protected":false},"author":2,"featured_media":0,"parent":309,"menu_order":4,"comment_status":"closed","ping_status":"closed","template":"","meta":{"footnotes":""},"_links":{"self":[{"href":"https:\/\/www.hamburg-fuer-die-elbe.de\/index.php?rest_route=\/wp\/v2\/pages\/343"}],"collection":[{"href":"https:\/\/www.hamburg-fuer-die-elbe.de\/index.php?rest_route=\/wp\/v2\/pages"}],"about":[{"href":"https:\/\/www.hamburg-fuer-die-elbe.de\/index.php?rest_route=\/wp\/v2\/types\/page"}],"author":[{"embeddable":true,"href":"https:\/\/www.hamburg-fuer-die-elbe.de\/index.php?rest_route=\/wp\/v2\/users\/2"}],"replies":[{"embeddable":true,"href":"https:\/\/www.hamburg-fuer-die-elbe.de\/index.php?rest_route=%2Fwp%2Fv2%2Fcomments&post=343"}],"version-history":[{"count":10,"href":"https:\/\/www.hamburg-fuer-die-elbe.de\/index.php?rest_route=\/wp\/v2\/pages\/343\/revisions"}],"predecessor-version":[{"id":5851,"href":"https:\/\/www.hamburg-fuer-die-elbe.de\/index.php?rest_route=\/wp\/v2\/pages\/343\/revisions\/5851"}],"up":[{"embeddable":true,"href":"https:\/\/www.hamburg-fuer-die-elbe.de\/index.php?rest_route=\/wp\/v2\/pages\/309"}],"wp:attachment":[{"href":"https:\/\/www.hamburg-fuer-die-elbe.de\/index.php?rest_route=%2Fwp%2Fv2%2Fmedia&parent=343"}],"curies":[{"name":"wp","href":"https:\/\/api.w.org\/{rel}","templated":true}]}}