{"id":350,"date":"2013-10-19T15:20:09","date_gmt":"2013-10-19T13:20:09","guid":{"rendered":"http:\/\/www.hamburg-fuer-die-elbe.de\/?page_id=350"},"modified":"2014-06-29T14:05:21","modified_gmt":"2014-06-29T13:05:21","slug":"deutsche-bahn","status":"publish","type":"page","link":"https:\/\/www.hamburg-fuer-die-elbe.de\/?page_id=350","title":{"rendered":"Deutsche Bahn"},"content":{"rendered":"<p>Die Projekte der Deutschen Bahn in Bezug auf den Hamburger Hafen verteilen sich \u00fcber Gesamtdeutschland. Neben der Netzanbindung zur Hamburger Hafenbahn, den erforderlichen Rangierbahnh\u00f6fen in und um Hamburg gibt es umfangreiche Trassenplanungen.<\/p>\n<p>Die Teilprojekte und Planungen in der Verantwortung der Deutschen Bahn werden auf den folgenden Seiten dargestellt. Eine besondere Bedeutung f\u00fcr die Finanzierung dieser Projekte bildet hierbei das Programm &#8220;Seehafen-Hinterland-Verkehr&#8221;, mit dem Bundes-und Bahnmittel bereitgestellt werden:<\/p>\n<p>&#8220;Um der absehbaren Aufkommensentwicklung mit intelligenten Verkehrskonzepten zu begegnen, hat die Deutsche Bahn AG zusammen mit den H\u00e4fen den \u201eMasterplan Schiene Seehafen-Hinterland-Verkehr\u201c entwickelt. Darin werden nicht nur die unmittelbaren Hafenanbindungen betrachtet, sondern in Form eines Gesamtkonzepts auch die wichtigen Verkehrsachsen im Binnenland.&#8221;<a href=\"#_ftn1\">[1]<\/a><\/p>\n<p>F\u00fcr die Projekte im Netz der Deutschen Bahn liegen uns zum Teil nur eingeschr\u00e4nkte Kosteninformationen vor. Die Relevanz der Schienenengp\u00e4sse zeigen die im Juni 2014 beschlossenen Ma\u00dfnahmen der Bundesl\u00e4nder Bremen und Niedersachsen zur Ert\u00fcchtigung des Streckennetzes der EVB.<a href=\"#_ftn2\">[2]<\/a><\/p>\n<hr align=\"left\" size=\"1\" width=\"33%\" \/>\n<div>\n<p><a href=\"#_ftnref1\">[1]<\/a> Deutsche Bahn (Herausgeber), <a href=\"https:\/\/www.hamburg-fuer-die-elbe.de\/wordpress\/wp-content\/uploads\/2014\/05\/Deutsche-Bahn-Masterplan-Seehafenhinterlandverkehr.pdf\">Deutsche Bahn Masterplan Seehafenhinterlandverkehr<\/a>, Berlin 2007<br \/>\n<a href=\"#_ftnref2\">[2]<\/a> Binnenschifffahrt-Online.de, &#8220;<a href=\"http:\/\/www.binnenschifffahrt-online.de\/aktuelles-news\/newsmeldung\/suche-nach-alternativen-bahntrassen\/d29edb0feeea69360f92040faec54224.html\" target=\"_blank\">Suche nach alternativen Bahntrassen<\/a>&#8221; vom 26.06.2014<\/p>\n<\/div>\n","protected":false},"excerpt":{"rendered":"<p>Die Projekte der Deutschen Bahn in Bezug auf den Hamburger Hafen verteilen sich \u00fcber Gesamtdeutschland. Neben der Netzanbindung zur Hamburger Hafenbahn, den erforderlichen Rangierbahnh\u00f6fen in und um Hamburg gibt es umfangreiche Trassenplanungen. Die Teilprojekte und Planungen in der Verantwortung der Deutschen Bahn werden auf den folgenden Seiten dargestellt. Eine besondere Bedeutung f\u00fcr die Finanzierung dieser &hellip; <a href=\"https:\/\/www.hamburg-fuer-die-elbe.de\/?page_id=350\" class=\"more-link\"><span class=\"screen-reader-text\">Deutsche Bahn<\/span> weiterlesen <span class=\"meta-nav\">&rarr;<\/span><\/a><\/p>\n","protected":false},"author":2,"featured_media":0,"parent":299,"menu_order":0,"comment_status":"closed","ping_status":"closed","template":"","meta":{"footnotes":""},"_links":{"self":[{"href":"https:\/\/www.hamburg-fuer-die-elbe.de\/index.php?rest_route=\/wp\/v2\/pages\/350"}],"collection":[{"href":"https:\/\/www.hamburg-fuer-die-elbe.de\/index.php?rest_route=\/wp\/v2\/pages"}],"about":[{"href":"https:\/\/www.hamburg-fuer-die-elbe.de\/index.php?rest_route=\/wp\/v2\/types\/page"}],"author":[{"embeddable":true,"href":"https:\/\/www.hamburg-fuer-die-elbe.de\/index.php?rest_route=\/wp\/v2\/users\/2"}],"replies":[{"embeddable":true,"href":"https:\/\/www.hamburg-fuer-die-elbe.de\/index.php?rest_route=%2Fwp%2Fv2%2Fcomments&post=350"}],"version-history":[{"count":8,"href":"https:\/\/www.hamburg-fuer-die-elbe.de\/index.php?rest_route=\/wp\/v2\/pages\/350\/revisions"}],"predecessor-version":[{"id":2213,"href":"https:\/\/www.hamburg-fuer-die-elbe.de\/index.php?rest_route=\/wp\/v2\/pages\/350\/revisions\/2213"}],"up":[{"embeddable":true,"href":"https:\/\/www.hamburg-fuer-die-elbe.de\/index.php?rest_route=\/wp\/v2\/pages\/299"}],"wp:attachment":[{"href":"https:\/\/www.hamburg-fuer-die-elbe.de\/index.php?rest_route=%2Fwp%2Fv2%2Fmedia&parent=350"}],"curies":[{"name":"wp","href":"https:\/\/api.w.org\/{rel}","templated":true}]}}