{"id":373,"date":"2013-10-19T17:44:43","date_gmt":"2013-10-19T15:44:43","guid":{"rendered":"http:\/\/www.hamburg-fuer-die-elbe.de\/?page_id=373"},"modified":"2016-09-14T08:16:35","modified_gmt":"2016-09-14T07:16:35","slug":"drittes-gleis","status":"publish","type":"page","link":"https:\/\/www.hamburg-fuer-die-elbe.de\/?page_id=373","title":{"rendered":"Drittes Gleis"},"content":{"rendered":"<p style=\"text-align: left;\">Ein weiterer Bestandteil des SHHV-Masterplans ist der dreigleisige Ausbau zwischen Stelle und L\u00fcneburg auf einer Streckenl\u00e4nge von 27,3 km. Zwischen Ashausen und Stelle erfolgt ein viergleisiger Ausbau.<\/p>\n<p>Ziel der Ma\u00dfnahme ist die Kapazit\u00e4tssteigerung auf der Relation Hamburg-Hannover. <a title=\"\" href=\"#_ftn1\">[1]<\/a> Auf dem dritten Gleis sollen planm\u00e4\u00dfig Personenverkehr und G\u00fcterverkehr vorgenommen werden.<\/p>\n<p>Die Bauma\u00dfnahme wird durch das EFRE-Programm (EU-Regionalfonds) als phase-out mitfinanziert.<a title=\"\" href=\"#_ftn2\">[2] <\/a>Das dritte Gleis wurde am 09.07.2014 in Betrieb genommen und soll insgesamt 350.000.000 Euro gekostet haben.<a href=\"#_ftn3\">[3]<\/a><\/p>\n<p><strong>Kosten<\/strong>\u00a0\u00a0\u00a0\u00a0\u00a0\u00a0\u00a0\u00a0\u00a0\u00a0\u00a0\u00a0\u00a0\u00a0\u00a0\u00a0\u00a0\u00a0\u00a0 \u00a0 \u00a0 \u00a0 \u00a0 \u00a0 \u00a0 \u00a0 \u00a0 \u00a0 \u00a0 \u00a0 \u00a0 \u00a0 \u00a0 \u00a0 \u00a0 \u00a0 \u00a0 \u00a0 \u00a0 \u00a0 \u00a0 \u00a0 \u00a0 \u00a0\u00a0\u00a0 Bundesanteil\u00a0\u00a0\u00a0\u00a0\u00a0\u00a0\u00a0\u00a0\u00a0 \u00a0 \u00a0\u00a0 \u00a0\u00a0\u00a0\u00a0\u00a0\u00a0\u00a0\u00a0\u00a0\u00a0\u00a0\u00a0\u00a0\u00a0 \u00a0\u00a0 \u00a0\u00a0\u00a0\u00a0\u00a0\u00a0\u00a0\u00a0\u00a0\u00a0\u00a0 EU-Anteil<br \/>\nStand 2013: \u00a0 \u00a0 \u00a0 \u00a0 \u00a0 \u00a0 \u00a0 \u00a0 \u00a0 \u00a0 \u00a0 \u00a0 \u00a0 \u00a0 \u00a0 \u00a0 \u00a0 \u00a0 \u00a0\u00a0 \u00a0\u00a0\u00a0\u00a0\u00a0\u00a0\u00a0\u00a0\u00a0\u00a0\u00a0\u00a0\u00a0\u00a0\u00a0\u00a0\u00a0\u00a0\u00a0\u00a0\u00a0 246.000.000 \u20ac\u00a0<a title=\"\" href=\"#_ftn2\">[2]<\/a>\u00a0\u00a0\u00a0\u00a0\u00a0\u00a0\u00a0\u00a0\u00a0\u00a0\u00a0\u00a0\u00a0\u00a0\u00a0\u00a0\u00a0\u00a0\u00a0\u00a0\u00a0\u00a0\u00a0\u00a0\u00a0\u00a0\u00a0\u00a0\u00a0\u00a0\u00a0\u00a0\u00a0\u00a0\u00a0\u00a0\u00a0 48.000.000 \u20ac<br \/>\nStand 2014:\u00a0\u00a0\u00a0\u00a0\u00a0\u00a0\u00a0\u00a0\u00a0\u00a0\u00a0\u00a0\u00a0\u00a0\u00a0\u00a0\u00a0\u00a0\u00a0\u00a0\u00a0\u00a0\u00a0\u00a0\u00a0\u00a0\u00a0\u00a0\u00a0\u00a0\u00a0\u00a0\u00a0\u00a0\u00a0\u00a0\u00a0\u00a0\u00a0\u00a0\u00a0\u00a0\u00a0\u00a0\u00a0\u00a0\u00a0\u00a0\u00a0\u00a0\u00a0\u00a0\u00a0\u00a0\u00a0\u00a0\u00a0\u00a0\u00a0\u00a0\u00a0 insgesamt 350.000.000 \u20ac <a href=\"#_ftn3\">[3]<\/a><\/p>\n<div>\n<hr align=\"left\" size=\"1\" width=\"33%\" \/>\n<div>\n<p><a title=\"\" href=\"#_ftnref1\">[1]<\/a>\u00a0 Hamburgische B\u00fcrgerschaft, Protokoll der \u00f6ffentlichen Sitzung des Verkehrsausschusses vom 7.8.2012, <a href=\"https:\/\/www.buergerschaft-hh.de\/ParlDok\/dokument\/37650\/wortprotokoll-protokoll-der-%c3%b6ffentlichen-sitzung-des-verkehrsausschusses.pdf\" target=\"_blank\" class=\"broken_link\">Drucksache 20\/15<\/a>, Ute Plambeck, Deutsche Bahn AG, Anlage 1, Folie 27<br \/>\n<a title=\"\" href=\"#_ftnref2\">[2]<\/a>\u00a0 Bundesministerium f\u00fcr Verkehr und digitale Infrastruktur: Pressemitteilung 033\/2013 vom 07.03.2013, \u201eEU-Mittel f\u00fcr die Eisenbahnstrecke Stelle-L\u00fcneburg&#8221;, jetzt nur noch auf der <a href=\"http:\/\/www.peter-ramsauer.de\/index.php\/medien\/pressemitteilungen\/191-eisenbahnstrecke-stelle-lueneburg\" target=\"_blank\" class=\"broken_link\">Internetseite von Peter Ramsauer<\/a>.<br \/>\n<a title=\"\" href=\"https:\/\/www.hamburg-fuer-die-elbe.de\/?page_id=365#_ftnref1\">[3]<\/a>\u00a0 Focus online, \u201c<a href=\"http:\/\/www.focus.de\/regional\/niedersachsen\/verkehr-bahn-feiert-neustart-des-modernisierten-rangierbahnhofs-maschen_id_3971018.html\" target=\"_blank\">Bahn investiert 580 Millionen Euro in Abfuhr aus Hamburger Hafen<\/a>\u201d vom 07.07.2014<\/p>\n<\/div>\n<\/div>\n","protected":false},"excerpt":{"rendered":"<p>Ein weiterer Bestandteil des SHHV-Masterplans ist der dreigleisige Ausbau zwischen Stelle und L\u00fcneburg auf einer Streckenl\u00e4nge von 27,3 km. Zwischen Ashausen und Stelle erfolgt ein viergleisiger Ausbau. Ziel der Ma\u00dfnahme ist die Kapazit\u00e4tssteigerung auf der Relation Hamburg-Hannover. [1] Auf dem dritten Gleis sollen planm\u00e4\u00dfig Personenverkehr und G\u00fcterverkehr vorgenommen werden. Die Bauma\u00dfnahme wird durch das EFRE-Programm &hellip; <a href=\"https:\/\/www.hamburg-fuer-die-elbe.de\/?page_id=373\" class=\"more-link\"><span class=\"screen-reader-text\">Drittes Gleis<\/span> weiterlesen <span class=\"meta-nav\">&rarr;<\/span><\/a><\/p>\n","protected":false},"author":2,"featured_media":0,"parent":350,"menu_order":3,"comment_status":"closed","ping_status":"closed","template":"","meta":{"footnotes":""},"_links":{"self":[{"href":"https:\/\/www.hamburg-fuer-die-elbe.de\/index.php?rest_route=\/wp\/v2\/pages\/373"}],"collection":[{"href":"https:\/\/www.hamburg-fuer-die-elbe.de\/index.php?rest_route=\/wp\/v2\/pages"}],"about":[{"href":"https:\/\/www.hamburg-fuer-die-elbe.de\/index.php?rest_route=\/wp\/v2\/types\/page"}],"author":[{"embeddable":true,"href":"https:\/\/www.hamburg-fuer-die-elbe.de\/index.php?rest_route=\/wp\/v2\/users\/2"}],"replies":[{"embeddable":true,"href":"https:\/\/www.hamburg-fuer-die-elbe.de\/index.php?rest_route=%2Fwp%2Fv2%2Fcomments&post=373"}],"version-history":[{"count":10,"href":"https:\/\/www.hamburg-fuer-die-elbe.de\/index.php?rest_route=\/wp\/v2\/pages\/373\/revisions"}],"predecessor-version":[{"id":10426,"href":"https:\/\/www.hamburg-fuer-die-elbe.de\/index.php?rest_route=\/wp\/v2\/pages\/373\/revisions\/10426"}],"up":[{"embeddable":true,"href":"https:\/\/www.hamburg-fuer-die-elbe.de\/index.php?rest_route=\/wp\/v2\/pages\/350"}],"wp:attachment":[{"href":"https:\/\/www.hamburg-fuer-die-elbe.de\/index.php?rest_route=%2Fwp%2Fv2%2Fmedia&parent=373"}],"curies":[{"name":"wp","href":"https:\/\/api.w.org\/{rel}","templated":true}]}}