{"id":384,"date":"2013-10-19T19:06:58","date_gmt":"2013-10-19T17:06:58","guid":{"rendered":"http:\/\/www.hamburg-fuer-die-elbe.de\/?page_id=384"},"modified":"2019-01-27T20:01:53","modified_gmt":"2019-01-27T18:01:53","slug":"y-trasse","status":"publish","type":"page","link":"https:\/\/www.hamburg-fuer-die-elbe.de\/?page_id=384","title":{"rendered":"Y-Trasse"},"content":{"rendered":"<p>Die Y-Trasse ist eine geplante Eisenbahn-Neubaustrecke zwischen Hamburg und Hannover. Bei Visselh\u00f6vede ist ein Abzweig nach Bremen als 22 km lange Ausbaustrecke vorgesehen. Dadurch bekommt der geplante Streckenverlauf die Form eines Ypsilons.<a title=\"\" href=\"#_ftn1\">[1]<\/a><\/p>\n<p>In 03\/2001 wurde das Raumordnungsverfahren abgeschlossen. Im Sommer 2008 stellte die DB Netz AG den Antrag, die G\u00fcltigkeit der urspr\u00fcnglich auf acht Jahre (bis 03\/2009) befristeten landesplanerischen Feststellung (LPF) zu verl\u00e4ngern. Im Februar 2009 gab das Raumordnungsministerium diesem Antrag statt und verl\u00e4ngerte die Geltungsdauer der LPF bis 12\/2016.<a title=\"\" href=\"#_ftn2\">[2]<\/a> F\u00fcr die Realisierung des Projektes ist die Einleitung eines Planfeststellungsverfahrens erforderlich an dessen Planunterlagen derzeit gearbeitet werden soll.<\/p>\n<p>Die kontroverse Diskussion zur Y-Trasse fokussiert auf den prognostizierten Anstieg des Seehafen\u00adhinterlandverkehrs und die Schaffung zus\u00e4tzlicher Kapazit\u00e4ten f\u00fcr die steigenden G\u00fcterverkehrsmengen in Hinter\u00adlandverkehr des Hamburger Hafens. \u201eWenn die Prognosen f\u00fcr den Verkehr mit Wachstumsraten von bis zu 130 Prozent im Hafenhinterland (2004 bis 2025) auf der Schiene eintreffen, wird der ebenfalls notwendige Ausbau der heutigen Bestandsstrecken dies nicht alleine leisten k\u00f6nnen. Die geplante Y-Strecke entlastet die bisherige Nord-S\u00fcd-Hauptstrecke Hamburg-L\u00fcneburg-Uelzen-(Hannover) zwar nicht insoweit, dass dort auf eine Erweiterung mittels eines dritten Gleises verzichtet werden kann, aber sie schafft ausreichend neue Kapazit\u00e4ten, um eine bessere Fahrplanabstimmung f\u00fcr eine westliche Hauptverkehrsachse \u00fcber Uelzen und Stendal bis nach Passau zu erm\u00f6glichen.\u201c<a title=\"\" href=\"#_ftn3\">[3] <\/a><\/p>\n<p>Die aktuellen Planungsunterlagen mit Trassenvarianten und Kostenangaben sind im Juni 2014 von der Bahn im Rahmen ver\u00f6ffentlicht worden. Die Kosten variieren zwischen 1,4 Mrd. Euro und 2,9 Mrd. Euro. <a href=\"#_ftn4\">[4] <\/a>F\u00fcr unsere Kosten\u00fcbersicht nutzen wir weiterhin den Wert aus 2012.<\/p>\n<p><strong>Kosten<\/strong><br \/>\nStand 2012: \u00a0 \u00a0 \u00a0 \u00a0 \u00a0 \u00a0 \u00a0 \u00a0 \u00a0 \u00a0 \u00a0 \u00a0 \u00a0 \u00a0 \u00a0 \u00a0 \u00a0 \u00a0 \u00a0 \u00a0 \u00a0 \u00a0 \u00a0\u00a0\u00a0\u00a0\u00a0\u00a0\u00a0\u00a0\u00a0\u00a0\u00a0\u00a0\u00a0\u00a0\u00a0\u00a0\u00a0\u00a0\u00a0 1.600.000.000 \u20ac <a href=\"#_ftnref5\">[5]<br \/>\n<\/a>Stand 2014:\u00a0 \u00a0 \u00a0 \u00a0 \u00a0 \u00a0 \u00a0 \u00a0 \u00a0 je nach Variante bis zu 2.900.000.000 \u20ac <a href=\"#_ftnref4\">[4]<\/a><\/p>\n<div>\n<p>&nbsp;<\/p>\n<hr align=\"left\" size=\"1\" width=\"33%\" \/>\n<div>\n<p><a title=\"\" href=\"#_ftnref1\">[1]<\/a> \u201eY-Trasse Hamburg\/Bremen\u2013Hannover&#8221; in der <a href=\"https:\/\/de.wikipedia.org\/wiki\/Y-Trasse_Hamburg\/Bremen\u2013Hannover\" target=\"_blank\" rel=\"noopener\">wikipedia<\/a><br \/>\n<a title=\"\" href=\"#_ftnref2\">[2]<\/a> Gemeinde Wedemark auf\u00a0 <a href=\"https:\/\/www.wedemark.de\/downloads\/datei\/OTE4MDAwMzc0Oy07L3Vzci9sb2NhbC9odHRwZC92aHRkb2NzL3dlZGVtYXJrL3dlZGVtYXJrL21lZGllbi9kb2t1bWVudGUvdmVybGFlbmdlcnVuZ195X3RyYXNzZS5wZGY=\" target=\"_blank\" rel=\"noopener\">http:\/\/www.wedemark.de<br \/>\n<\/a><a title=\"\" href=\"#_ftnref3\">[3]<\/a> Industrie- und Handelskammer L\u00fcneburg Wolfsburg, &#8220;<a href=\"https:\/\/www.ihk-lueneburg.de\/produkte\/Interessenvertretung\/infrastruktur\/schiene\/Y_Trasse\/869814\" target=\"_blank\" rel=\"noopener\">Trasse von Hamburg\/Bremen nach Hannover<\/a>&#8221; Dokument 6396 samt <a href=\"https:\/\/www.ihk-lueneburg.de\/blob\/lgihk24\/produkte\/Interessenvertretung\/infrastruktur\/downloads\/2966024\/5f49e0d6e88fb1f1d8a3256d4bef4108\/Y-und-Alternativen-data.pdf\" target=\"_blank\" rel=\"noopener\">Karten zum Streckenverlauf<\/a><br \/>\n[<a href=\"#_ftnref4\">4]<\/a> Deutsche Bahn AG, &#8220;<a href=\"https:\/\/www.hamburg-fuer-die-elbe.de\/wordpress\/wp-content\/uploads\/2013\/10\/y-alternativen-20140620.pdf\" target=\"_blank\" rel=\"attachment noopener wp-att-8527\">Vorstellung Alternativvarianten zur Ausbau-\/Neubaustrecke Bremen\/Hamburg &#8211; Hannover<\/a>&#8220;, Juni 2014 und Machbarkeitsstudie &#8220;<a href=\"http:\/\/mbs-hbh.die-bahn-baut.de\/docs\/1\/MS_00_T_Bericht.pdf\" target=\"_blank\" rel=\"noopener\" class=\"broken_link\">Korridor Hamburg \/ Bremen &#8211; Hannover<\/a>&#8221; vom 29.11.2013 und auf <a href=\"https:\/\/bauprojekte.deutschebahn.com\/p\/hamburg-bremen-hannover\" target=\"_blank\" rel=\"noopener\">www.deutschebahn.com<\/a>, Stand 25.07.2014.<br \/>\n<a href=\"#_ftnref5\">[5]<\/a>\u00a0 \u201eWarum keine Y-Trasse?&#8221;, <a href=\"http:\/\/y-trasse.de\/warum-kein-y.php\" target=\"_blank\" rel=\"noopener\" class=\"broken_link\">y-trasse.de<\/a><\/p>\n<\/div>\n<\/div>\n","protected":false},"excerpt":{"rendered":"<p>Die Y-Trasse ist eine geplante Eisenbahn-Neubaustrecke zwischen Hamburg und Hannover. Bei Visselh\u00f6vede ist ein Abzweig nach Bremen als 22 km lange Ausbaustrecke vorgesehen. Dadurch bekommt der geplante Streckenverlauf die Form eines Ypsilons.[1] In 03\/2001 wurde das Raumordnungsverfahren abgeschlossen. Im Sommer 2008 stellte die DB Netz AG den Antrag, die G\u00fcltigkeit der urspr\u00fcnglich auf acht Jahre &hellip; <a href=\"https:\/\/www.hamburg-fuer-die-elbe.de\/?page_id=384\" class=\"more-link\"><span class=\"screen-reader-text\">Y-Trasse<\/span> weiterlesen <span class=\"meta-nav\">&rarr;<\/span><\/a><\/p>\n","protected":false},"author":2,"featured_media":0,"parent":350,"menu_order":4,"comment_status":"closed","ping_status":"closed","template":"","meta":{"footnotes":""},"_links":{"self":[{"href":"https:\/\/www.hamburg-fuer-die-elbe.de\/index.php?rest_route=\/wp\/v2\/pages\/384"}],"collection":[{"href":"https:\/\/www.hamburg-fuer-die-elbe.de\/index.php?rest_route=\/wp\/v2\/pages"}],"about":[{"href":"https:\/\/www.hamburg-fuer-die-elbe.de\/index.php?rest_route=\/wp\/v2\/types\/page"}],"author":[{"embeddable":true,"href":"https:\/\/www.hamburg-fuer-die-elbe.de\/index.php?rest_route=\/wp\/v2\/users\/2"}],"replies":[{"embeddable":true,"href":"https:\/\/www.hamburg-fuer-die-elbe.de\/index.php?rest_route=%2Fwp%2Fv2%2Fcomments&post=384"}],"version-history":[{"count":20,"href":"https:\/\/www.hamburg-fuer-die-elbe.de\/index.php?rest_route=\/wp\/v2\/pages\/384\/revisions"}],"predecessor-version":[{"id":11340,"href":"https:\/\/www.hamburg-fuer-die-elbe.de\/index.php?rest_route=\/wp\/v2\/pages\/384\/revisions\/11340"}],"up":[{"embeddable":true,"href":"https:\/\/www.hamburg-fuer-die-elbe.de\/index.php?rest_route=\/wp\/v2\/pages\/350"}],"wp:attachment":[{"href":"https:\/\/www.hamburg-fuer-die-elbe.de\/index.php?rest_route=%2Fwp%2Fv2%2Fmedia&parent=384"}],"curies":[{"name":"wp","href":"https:\/\/api.w.org\/{rel}","templated":true}]}}