{"id":396,"date":"2013-10-20T10:24:59","date_gmt":"2013-10-20T08:24:59","guid":{"rendered":"http:\/\/www.hamburg-fuer-die-elbe.de\/?page_id=396"},"modified":"2015-07-25T07:33:23","modified_gmt":"2015-07-25T06:33:23","slug":"wasserwege","status":"publish","type":"page","link":"https:\/\/www.hamburg-fuer-die-elbe.de\/?page_id=396","title":{"rendered":"Wasserwege"},"content":{"rendered":"<p>Neben Stra\u00dfe und Schiene gibt es einen weiteren Verkehrstr\u00e4ger f\u00fcr den Transport der Container von und zum Hamburger Hafen: die Binnenschifffahrt.<\/p>\n<p>\u201eIm wasserseitigen Umschlag ist der Hamburger Hafen hocheffizient und auch der Weitertransport von G\u00fctern auf den Wasserwegen im Binnenland geh\u00f6rt zu den St\u00e4rken des gr\u00f6\u00dften deutschen Seehafens. Neben Feeder-, LKW- und Bahnverbindungen bietet die Binnenschifffahrt f\u00fcr Massen- und Gefahrg\u00fcter sowie zunehmend auch f\u00fcr Container interessante Transportangebote von und nach Hamburg an. Durch die Wiedervereinigung Deutschlands hat der Hafen Hamburg sein nat\u00fcrliches Hinterland wiedergewonnen, so dass vermehrt Binnenschifftransporte auf der Mittel- und Oberelbe Richtung Magdeburg, Aken, Torgau, Riesa, Dresden und sogar bis in die Tschechische Republik nach Decin, Usti und Lovosice stattfinden. Entlang der Unterelbe werden z. B. Brunsb\u00fcttel, Cuxhaven und Gl\u00fcckstadt bedient. Auch der Elbe-Seitenkanal mit der Verbindung zum Mittellandkanal nach Braunschweig, Hal\u00addensleben, Hannover und Minden sowie der Elbe-L\u00fcbeck-Kanal sind f\u00fcr den Binnenschiffverkehr des Hamburger Hafens sehr wichtig. Auch nach Berlin finden regelm\u00e4\u00dfig Transporte auf den Wasserstra\u00dfen statt. Hinzu kommt noch die wachsende Bedeutung der Binnenschiffe f\u00fcr hafeninterne Umfuhren in Hamburg selbst. Transporte per Binnenschiff sind in der Regel kosteng\u00fcnstig, umweltfreundlich und aufgrund der gro\u00dfen Transportkapazit\u00e4ten der Wasserstra\u00dfen sehr wirtschaftlich.\u201c<a title=\"\" href=\"#_ftn1\">[1]<\/a><\/p>\n<p>Damit das f\u00fcr Hamburg prognostizierte Containervolumen von 25 Mio. TEU p.a. bew\u00e4ltigt werden kann, soll der Anteil der Binnenschifffahrt am gesamten Umschlag des Hamburger Hafens gesteigert werden. Aktuell werden von den rund 9.700.000 umgeschlagenen TEU\u00a0 lediglich rund 100.000 TEU p.a. von der Binnenschifffahrt transportiert. <a title=\"\" href=\"#_ftn2\">[2]<\/a><\/p>\n<p>F\u00fcr eine wirtschaftliche Binnenschifffahrt werden folgende Mindestanforderungen an die Schiffe und die Wasserstra\u00dfen gestellt:<\/p>\n<ul>\n<li>Tiefe der Wasserstra\u00dfen,<\/li>\n<li>Durchfahrtsh\u00f6he von Br\u00fcckenbauwerken,<\/li>\n<li>Gr\u00f6\u00dfe von Schleusen- bzw. Tr\u00f6gen bei Schiffshebewerken,<\/li>\n<li>t\u00e4gliche Nutzbarkeit einer Wasserstra\u00dfe.<\/li>\n<\/ul>\n<p>F\u00fcr eine wirtschaftliche Binnenschifffahrt m\u00fcssen die Schifffahrtsstra\u00dfen an folgende Schiffsgr\u00f6\u00dfen (L\u00e4nge x Breite x Tiefgang) angepasst werden:<\/p>\n<ul>\n<li>\u201eGro\u00dfmotorg\u00fcterschiff\u201c (110 m x 11,40 m x 2,80 m) und der<\/li>\n<li>zweigliedriger Schubverband (185 m x 11,40 m x 2,80 m).<\/li>\n<\/ul>\n<p>F\u00fcr einen wirtschaftlichen Schiffsbetrieb wird ein dreilagiger Containertransport benannt. Die erforderlichen Br\u00fccken-Durchfahrtsh\u00f6hen f\u00fcr Containerverkehre betragen gem\u00e4\u00df der europ\u00e4ischen Wasserstra\u00dfenklassifizierung (ECE-Resolution Nr. 30):<\/p>\n<ul>\n<li>zweilagig\u00a0\u00a0\u00a0\u00a0\u00a0\u00a0\u00a0\u00a0\u00a0\u00a0\u00a0\u00a0 5,25 m,<\/li>\n<li>dreilagig\u00a0\u00a0\u00a0\u00a0\u00a0\u00a0\u00a0\u00a0\u00a0\u00a0\u00a0\u00a0\u00a0 7,00 m und<\/li>\n<li>vierlagig\u00a0\u00a0\u00a0\u00a0\u00a0\u00a0\u00a0\u00a0\u00a0\u00a0\u00a0\u00a0\u00a0\u00a0 9,10 m.<\/li>\n<\/ul>\n<p>F\u00fcr einen wirtschaftlichen Betrieb werden f\u00fcr die Nutzbarkeit mindestens 345 Tage pro Jahr bei einer Mindesttiefe von 1,60 m angegeben.<br \/>\nDie Forderung von Politik, Wirtschaft und Verwaltung an den Ausbau der Mittel- und Oberelbe sind in der \u201eDessauer Erkl\u00e4rung 2012\u201c wiedergegeben.<a title=\"\" href=\"#_ftn4\">[3]<\/a><\/p>\n<p>Im Zusammenhang mit dem Hamburger Hafen werden f\u00fcnf Infrastrukturprojekte au\u00dferhalb von Hamburg gem\u00e4\u00df der in der Quelle <a title=\"\" href=\"#_ftn3\">[4]<\/a> beigef\u00fcgten Karte durchgef\u00fchrt:<\/p>\n<p><b title=\"\">Wasserstra\u00dfen Hamburg-Berlin und Hamburg-Dresden:<br \/>\n<\/b>Die Binnenschifffahrtsstra\u00dfe Elbe kann wegen fehlender Wassertiefe nicht an 345 Tagen im Jahr genutzt werden. Mit den folgenden 4 Ma\u00dfnahmen sollen Verbesserungen erwirkt werden:<\/p>\n<ul>\n<li>1\/2: Ma\u00dfnahmen, um die Fahrrinnentiefe der Mittelelbe von 1,60 m gew\u00e4hrleisten zu k\u00f6nnen. Buhnenbau bei D\u00f6mitz (1) und Coswig in Sachsen (2).<\/li>\n<li>3: Korrektur zu niedriger Br\u00fccken im Bereich des \u00f6stlichen Mittellandkanals zwischen R\u00fchen und Magdeburg.<\/li>\n<li>4: Weiterbau der noch nicht fertiggestellten Abschnitte des Verkehrsprojektes Deutsche Einheit 17 (R\u00fchen-Magdeburg-Berlin)<\/li>\n<\/ul>\n<p><b>Verbindung Hamburg-Elbe-Seitenkanal:<br \/>\n<\/b><\/p>\n<ul>\n<li>5: Ert\u00fcchtigung des Schiffshebewerks Scharnebeck an derzeit g\u00e4ngige Schiffsgr\u00f6\u00dfen (bis zu 135 m).<\/li>\n<\/ul>\n<p>F\u00fcr die Gesamtkosten im unmittelbaren Zusammenhang mit dem Themenschwerpunkt \u201eBinnenschifffahrt\u201c ergibt sich ein Betrag von 880.000.000 \u20ac.<\/p>\n<table border=\"0\" width=\"623\" cellspacing=\"0\" cellpadding=\"0\">\n<tbody>\n<tr>\n<td valign=\"bottom\" nowrap=\"nowrap\" width=\"228\"><\/td>\n<td valign=\"bottom\" nowrap=\"nowrap\" width=\"161\"><\/td>\n<td style=\"text-align: right;\" valign=\"bottom\" nowrap=\"nowrap\" width=\"116\">Gesamtkosten<\/td>\n<td style=\"text-align: right;\" valign=\"bottom\" nowrap=\"nowrap\" width=\"119\">Hamburger Anteil<\/td>\n<\/tr>\n<tr>\n<td valign=\"bottom\" nowrap=\"nowrap\" width=\"228\"><b>Ma\u00dfnahmen<\/b><\/td>\n<td style=\"text-align: right;\" valign=\"bottom\" nowrap=\"nowrap\" width=\"161\"><b>Summe<\/b><\/td>\n<td style=\"text-align: right;\" valign=\"bottom\" nowrap=\"nowrap\" width=\"116\"><b>880.000.000 \u20ac<\/b><\/td>\n<td style=\"text-align: right;\" valign=\"bottom\" nowrap=\"nowrap\" width=\"119\"><b>100.000.000 \u20ac<\/b><\/td>\n<\/tr>\n<tr>\n<td valign=\"bottom\" nowrap=\"nowrap\" width=\"228\"><a href=\"https:\/\/www.hamburg-fuer-die-elbe.de\/?page_id=404\" target=\"_blank\">Buhnenbau<\/a><\/td>\n<td valign=\"bottom\" nowrap=\"nowrap\" width=\"161\"><\/td>\n<td style=\"text-align: right;\" valign=\"bottom\" nowrap=\"nowrap\" width=\"116\">80.000.000 \u20ac<\/td>\n<td style=\"text-align: right;\" valign=\"bottom\" nowrap=\"nowrap\" width=\"119\">0 \u20ac<\/td>\n<\/tr>\n<tr>\n<td valign=\"bottom\" nowrap=\"nowrap\" width=\"228\"><a href=\"https:\/\/www.hamburg-fuer-die-elbe.de\/?page_id=404\" target=\"_blank\">Br\u00fcckenbau<\/a><\/td>\n<td valign=\"bottom\" nowrap=\"nowrap\" width=\"161\"><\/td>\n<td style=\"text-align: right;\" valign=\"bottom\" nowrap=\"nowrap\" width=\"116\">500.000.000 \u20ac<\/td>\n<td style=\"text-align: right;\" valign=\"bottom\" nowrap=\"nowrap\" width=\"119\">0 \u20ac<\/td>\n<\/tr>\n<tr>\n<td colspan=\"2\" valign=\"bottom\" nowrap=\"nowrap\" width=\"388\"><a href=\"https:\/\/www.hamburg-fuer-die-elbe.de\/?page_id=412\" target=\"_blank\">Schiffshebewerk Scharnebeck<\/a><\/td>\n<td style=\"text-align: right;\" valign=\"bottom\" nowrap=\"nowrap\" width=\"116\">300.000.000 \u20ac<\/td>\n<td style=\"text-align: right;\" valign=\"bottom\" nowrap=\"nowrap\" width=\"119\">100.000.000 \u20ac<\/td>\n<\/tr>\n<\/tbody>\n<\/table>\n<p>Lesen Sie jetzt weiter beim <a href=\"https:\/\/www.hamburg-fuer-die-elbe.de\/?page_id=404\">-&gt; Ausbau Mittelelbe<\/a><\/p>\n<hr align=\"left\" size=\"1\" width=\"33%\" \/>\n<p><a title=\"\" href=\"#_ftnref1\">[1]<\/a>\u00a0 Hamburg Hafen Markteting e.V. auf www.hafen-hamburg.de .<br \/>\n<a href=\"#_ftnref2\">[2]<\/a>\u00a0 Statistikamt Nord, &#8220;<a href=\"http:\/\/www.statistik-nord.de\/fileadmin\/Dokumente\/Presseinformationen\/SI15_068.pdf\" target=\"_blank\">Schifffahrt in Hamburg 2014<\/a>&#8221; vom 04.05.2015. Letzter Absatz.<br \/>\n<a href=\"#_ftnref3\">[3]<\/a>\u00a0 Elbe-Allianz e.V., ehemals Verein zur F\u00f6rderung des Elbstromgebietes e.V., <a href=\"https:\/\/www.google.de\/url?sa=t&amp;rct=j&amp;q=&amp;esrc=s&amp;source=web&amp;cd=16&amp;ved=0CDMQFjAFOApqFQoTCLLU6q3T9cYCFUS0FAodcL8PGg&amp;url=http%3A%2F%2Fwww.hk24.de%2Fblob%2Fhhihk24%2Fstandortpolitik%2Fdownloads%2F1145290%2F4118fe0dc4217f974740bc0c9506ffa6%2FDessauer_Erklaerung_zur_Verbesserung_der_Binnenschifffahrt_auf_-data.pdf&amp;ei=PCyzVbLGEMToUvD-vtAB&amp;usg=AFQjCNH6rT9S-lKnB09aUmP0xMPP146qjQ&amp;bvm=bv.98717601,d.d24&amp;cad=rja\" target=\"_blank\">Dessauer Erkl\u00e4rung 2012<\/a>.<a href=\"https:\/\/www.google.de\/url?sa=t&amp;rct=j&amp;q=&amp;esrc=s&amp;source=web&amp;cd=16&amp;ved=0CDMQFjAFOApqFQoTCLLU6q3T9cYCFUS0FAodcL8PGg&amp;url=http%3A%2F%2Fwww.hk24.de%2Fblob%2Fhhihk24%2Fstandortpolitik%2Fdownloads%2F1145290%2F4118fe0dc4217f974740bc0c9506ffa6%2FDessauer_Erklaerung_zur_Verbesserung_der_Binnenschifffahrt_auf_-data.pdf&amp;ei=PCyzVbLGEMToUvD-vtAB&amp;usg=AFQjCNH6rT9S-lKnB09aUmP0xMPP146qjQ&amp;bvm=bv.98717601,d.d24&amp;cad=rja\" target=\"_blank\"><br \/>\n<\/a><a title=\"\" href=\"#_ftnref4\">[4]<\/a>\u00a0 Hamburgische B\u00fcrgerschaft, Bericht des Ausschusses f\u00fcr Wirtschaft, Innovation und Medien \u00fcber die Drucksachen 20\/5550. (&#8230;) und 20\/3674 (&#8230;), <a href=\"https:\/\/www.buergerschaft-hh.de\/ParlDok\/dokument\/40452\/bericht-des-ausschusses-f%c3%bcr-wirtschaft-innovation-und-medien-%c3%bcber-die-drucksachen-20-5550-hafenentwicklungsplan-%e2%80%9ehamburg-h%c3%a4lt-kurs-%e2%80%93-der-hafenentwicklungsplan.pdf\" target=\"_blank\" class=\"broken_link\">Drucksache 20\/7584<\/a>, siehe Anlage 1, Folie 33<\/p>\n","protected":false},"excerpt":{"rendered":"<p>Neben Stra\u00dfe und Schiene gibt es einen weiteren Verkehrstr\u00e4ger f\u00fcr den Transport der Container von und zum Hamburger Hafen: die Binnenschifffahrt. \u201eIm wasserseitigen Umschlag ist der Hamburger Hafen hocheffizient und auch der Weitertransport von G\u00fctern auf den Wasserwegen im Binnenland geh\u00f6rt zu den St\u00e4rken des gr\u00f6\u00dften deutschen Seehafens. Neben Feeder-, LKW- und Bahnverbindungen bietet die &hellip; <a href=\"https:\/\/www.hamburg-fuer-die-elbe.de\/?page_id=396\" class=\"more-link\"><span class=\"screen-reader-text\">Wasserwege<\/span> weiterlesen <span class=\"meta-nav\">&rarr;<\/span><\/a><\/p>\n","protected":false},"author":2,"featured_media":0,"parent":85,"menu_order":5,"comment_status":"closed","ping_status":"closed","template":"","meta":{"footnotes":""},"_links":{"self":[{"href":"https:\/\/www.hamburg-fuer-die-elbe.de\/index.php?rest_route=\/wp\/v2\/pages\/396"}],"collection":[{"href":"https:\/\/www.hamburg-fuer-die-elbe.de\/index.php?rest_route=\/wp\/v2\/pages"}],"about":[{"href":"https:\/\/www.hamburg-fuer-die-elbe.de\/index.php?rest_route=\/wp\/v2\/types\/page"}],"author":[{"embeddable":true,"href":"https:\/\/www.hamburg-fuer-die-elbe.de\/index.php?rest_route=\/wp\/v2\/users\/2"}],"replies":[{"embeddable":true,"href":"https:\/\/www.hamburg-fuer-die-elbe.de\/index.php?rest_route=%2Fwp%2Fv2%2Fcomments&post=396"}],"version-history":[{"count":18,"href":"https:\/\/www.hamburg-fuer-die-elbe.de\/index.php?rest_route=\/wp\/v2\/pages\/396\/revisions"}],"predecessor-version":[{"id":7409,"href":"https:\/\/www.hamburg-fuer-die-elbe.de\/index.php?rest_route=\/wp\/v2\/pages\/396\/revisions\/7409"}],"up":[{"embeddable":true,"href":"https:\/\/www.hamburg-fuer-die-elbe.de\/index.php?rest_route=\/wp\/v2\/pages\/85"}],"wp:attachment":[{"href":"https:\/\/www.hamburg-fuer-die-elbe.de\/index.php?rest_route=%2Fwp%2Fv2%2Fmedia&parent=396"}],"curies":[{"name":"wp","href":"https:\/\/api.w.org\/{rel}","templated":true}]}}