{"id":412,"date":"2013-10-20T13:20:09","date_gmt":"2013-10-20T11:20:09","guid":{"rendered":"http:\/\/www.hamburg-fuer-die-elbe.de\/?page_id=412"},"modified":"2022-05-11T19:46:41","modified_gmt":"2022-05-11T17:46:41","slug":"esk-scharnebeck","status":"publish","type":"page","link":"https:\/\/www.hamburg-fuer-die-elbe.de\/?page_id=412","title":{"rendered":"ESK Scharnebeck"},"content":{"rendered":"<p>Die wichtigste Verbindung zwischen dem Hamburger Hafen und dem Mittellandkanal bei Wolfsburg wird \u00fcber den Elbe-Seitenkanal hergestellt. Da\u00admit Binnens<a href=\"https:\/\/www.hamburg-fuer-die-elbe.de\/wordpress\/wp-content\/uploads\/2013\/10\/ESK-Scharnebeck.jpg\"><img loading=\"lazy\" decoding=\"async\" class=\"size-medium wp-image-2937 alignright\" src=\"https:\/\/www.hamburg-fuer-die-elbe.de\/wordpress\/wp-content\/uploads\/2013\/10\/ESK-Scharnebeck-300x168.jpg\" alt=\"ESK Scharnebeck\" width=\"300\" height=\"168\" srcset=\"https:\/\/www.hamburg-fuer-die-elbe.de\/wordpress\/wp-content\/uploads\/2013\/10\/ESK-Scharnebeck-300x168.jpg 300w, https:\/\/www.hamburg-fuer-die-elbe.de\/wordpress\/wp-content\/uploads\/2013\/10\/ESK-Scharnebeck-1024x576.jpg 1024w, https:\/\/www.hamburg-fuer-die-elbe.de\/wordpress\/wp-content\/uploads\/2013\/10\/ESK-Scharnebeck-900x506.jpg 900w, https:\/\/www.hamburg-fuer-die-elbe.de\/wordpress\/wp-content\/uploads\/2013\/10\/ESK-Scharnebeck.jpg 1728w\" sizes=\"(max-width: 300px) 100vw, 300px\" \/><\/a>chiffe den H\u00f6\u00adhen\u00adunterschied von 61 m bew\u00e4ltigen k\u00f6nnen, gibt es die Schleuse in Uelzen und das Schiffshebewerk Scharnebeck bei L\u00fcneburg. Das Schiffshebewerk bew\u00e4ltigt einen H\u00f6henunterschied von 38 m und ist f\u00fcr Schiffe bis zu einer maximalen L\u00e4nge von 100 m geeignet.<\/p>\n<p>Die Grundinstandsetzung des seit 1976 betriebenen Schiffshebewerkes ist aus Altersgr\u00fcnden zwingend notwendig und hat zun\u00e4chst keinen direkten Zusammenhang zur <a href=\"https:\/\/www.hamburg-fuer-die-elbe.de\/wordpress\/wp-content\/uploads\/2013\/10\/ESK-Scharnebeck2.jpg\"><img loading=\"lazy\" decoding=\"async\" class=\"size-medium wp-image-2939 alignleft\" src=\"https:\/\/www.hamburg-fuer-die-elbe.de\/wordpress\/wp-content\/uploads\/2013\/10\/ESK-Scharnebeck2-300x180.jpg\" alt=\"ESK Scharnebeck2\" width=\"300\" height=\"180\" srcset=\"https:\/\/www.hamburg-fuer-die-elbe.de\/wordpress\/wp-content\/uploads\/2013\/10\/ESK-Scharnebeck2-300x180.jpg 300w, https:\/\/www.hamburg-fuer-die-elbe.de\/wordpress\/wp-content\/uploads\/2013\/10\/ESK-Scharnebeck2-1024x614.jpg 1024w, https:\/\/www.hamburg-fuer-die-elbe.de\/wordpress\/wp-content\/uploads\/2013\/10\/ESK-Scharnebeck2-900x540.jpg 900w, https:\/\/www.hamburg-fuer-die-elbe.de\/wordpress\/wp-content\/uploads\/2013\/10\/ESK-Scharnebeck2.jpg 1745w\" sizes=\"(max-width: 300px) 100vw, 300px\" \/><\/a>angestrebten Elbvertiefung. Die Instandsetzungskosten betragen 47.000.000 Euro<a title=\"\" href=\"#_ftn1\">[1]<\/a><\/p>\n<p>Der Zusammenhang zur Elbvertiefung ergibt sich aus der Entlastungsfunktion des Container-Transportmittels Binnenschiff f\u00fcr die Verkehrstr\u00e4ger Bahn und Stra\u00dfe.<a title=\"\" href=\"#_ftn2\">[2]<\/a> Das bestehende Schiffshebewerk hat mit seinen nur 100 m langen Tr\u00f6gen keine Kapazit\u00e4ten, um die erwarteten Steigerungszahlen im Containertransport mittels Binnenschiff zu bew\u00e4ltigen. F\u00fcr die heutigen Schiffsl\u00e4ngen der Gro\u00dfmotorg\u00fcterschiffe bzw. Schubverb\u00e4nde, m\u00fcssten die Tr\u00f6ge um mindestens 20 m erweitert werden. Dieses ist bei dem bestehenden Hebewerk baulich nicht m\u00f6glich.<a title=\"\" href=\"#_ftn3\">[3]<\/a><\/p>\n<p>In direktem Zusammenhang mit der Fahrrinnenanpassung auf der Unterelbe ist ein Neubau geplant, der aufgrund offener Finanzierungsfragen bis 2015 nicht angegangen werden wird.<a title=\"\" href=\"#_ftn4\">[4]<\/a> Das bestehende Schiffshebewerk wurde, wie der gesamte Kanalbau, zu zwei Dritteln vom Bund und zu einem Drittel von Hamburg finanziert.<a title=\"\" href=\"#_ftn5\">[5]<\/a> F\u00fcr die Kostensch\u00e4tzung ist davon auszugehen, dass die Neubau-Finanzierung mit gleichen Anteilen geplant wird.<\/p>\n<p><strong>Kosten<\/strong> \u00a0\u00a0\u00a0\u00a0 \u00a0 \u00a0 \u00a0 \u00a0 \u00a0 \u00a0 \u00a0 \u00a0 \u00a0 \u00a0 \u00a0 \u00a0 \u00a0 \u00a0 \u00a0 \u00a0 \u00a0 \u00a0 \u00a0 \u00a0 \u00a0\u00a0\u00a0 \u00a0\u00a0\u00a0\u00a0\u00a0\u00a0\u00a0\u00a0\u00a0\u00a0\u00a0\u00a0\u00a0\u00a0 Hamburger Anteil\u00a0\u00a0\u00a0\u00a0\u00a0\u00a0\u00a0\u00a0\u00a0\u00a0\u00a0\u00a0\u00a0\u00a0\u00a0\u00a0\u00a0\u00a0\u00a0\u00a0\u00a0\u00a0\u00a0\u00a0\u00a0\u00a0\u00a0\u00a0\u00a0\u00a0\u00a0\u00a0\u00a0\u00a0 Bundesanteil<br \/>\nStand 2013: \u00a0 \u00a0 \u00a0 \u00a0 \u00a0 \u00a0 \u00a0 \u00a0 \u00a0 \u00a0 \u00a0 \u00a0 \u00a0 \u00a0 \u00a0 \u00a0\u00a0\u00a0\u00a0\u00a0\u00a0\u00a0\u00a0\u00a0\u00a0\u00a0\u00a0\u00a0\u00a0\u00a0\u00a0\u00a0\u00a0\u00a0\u00a0\u00a0\u00a0\u00a0\u00a0\u00a0\u00a0\u00a0\u00a0\u00a0 100.000.000 \u20ac\u00a0\u00a0\u00a0\u00a0\u00a0\u00a0\u00a0\u00a0\u00a0\u00a0\u00a0\u00a0\u00a0\u00a0\u00a0\u00a0\u00a0\u00a0\u00a0\u00a0\u00a0\u00a0\u00a0\u00a0\u00a0\u00a0\u00a0\u00a0\u00a0\u00a0\u00a0\u00a0\u00a0\u00a0\u00a0\u00a0\u00a0 200.000.000 \u20ac<a title=\"\" href=\"#_ftn6\">[6]<br \/>\n<\/a>Stand 2015:\u00a0\u00a0\u00a0\u00a0\u00a0\u00a0\u00a0\u00a0\u00a0\u00a0\u00a0\u00a0\u00a0\u00a0\u00a0\u00a0\u00a0\u00a0\u00a0\u00a0\u00a0\u00a0\u00a0\u00a0\u00a0\u00a0\u00a0\u00a0\u00a0\u00a0\u00a0\u00a0\u00a0\u00a0\u00a0\u00a0\u00a0\u00a0\u00a0\u00a0\u00a0\u00a0\u00a0\u00a0\u00a0\u00a0\u00a0\u00a0\u00a0 Sch\u00e4tzung der Gesamtbaukosten auf 260.000.000 \u20ac<a title=\"\" href=\"#_ftn7\">[7]<\/a><\/p>\n<p>&nbsp;<\/p>\n<div>\n<hr align=\"left\" size=\"1\" width=\"33%\" \/>\n<div>\n<p><a title=\"\" href=\"#_ftnref1\">[1]<\/a>\u00a0\u00a0\u00a0 Wasser- und Schiffahrtsverwaltung des Bundes,\u00a0 <a href=\"https:\/\/www.wsa-mittellandkanal-elbe-seitenkanal.wsv.de\/Webs\/WSA\/Mittellandkanal-ESK\/DE\/Wasserstrassen\/Projekte\/Projekt_1_GrundinstandsetzungSHWLbg\/projekt_1_text.html\" target=\"_blank\" rel=\"noopener\">Grundinstandsetzung Schiffshebewerk Scharnebeck<\/a><a href=\"#_ftnref2\">[2]<\/a> Mitteilung des Senats an die B\u00fcrgerschaft \u201eStellungnahme zu Wachstum des Hamburger Hafens sichern &#8211; Binnenschifffahrt st\u00e4rken\u201c, <a href=\"https:\/\/www.buergerschaft-hh.de\/ParlDok\/dokument\/42297\/stellungnahme-des-senats-zu-dem-ersuchen-der-b%c3%bcrgerschaft-vom-14-juni-2012-%e2%80%9ewachstum-des-hamburger-hafens-sichern-%e2%80%93-binnenschifffahrt-st%c3%a4rken%e2%80%9c.pdf\" target=\"_blank\" rel=\"noopener\" class=\"broken_link\">Drucksache 20\/9299<br \/>\n<\/a><a title=\"\" href=\"#_ftnref3\">[3]<\/a> Industrie- und Handelskammer L\u00fcneburg-Wolfsburg, www.ihk-lueneburg.de, hier <a href=\"https:\/\/www.ihk-lueneburg.de\/produkte\/Interessenvertretung\/infrastruktur\/Wasserstrasse\/Elbe-Seitenkanal\/869824\" target=\"_blank\" rel=\"noopener\">Elbe-Seitenkanal Dokument 28068<\/a> und Gutachten \u201e<a href=\"https:\/\/www.ihk-lueneburg.de\/blob\/lgihk24\/produkte\/Interessenvertretung\/infrastruktur\/downloads\/869762\/4d5addcae9baf7aaacc4d0ef50efe6ee\/Gutachten_Ausbau_ESK-data.pdf\" target=\"_blank\" rel=\"noopener\">Transportpotenzial nach Ausbau des Elbe-Seitenkanals \u201eESK\u201c<\/a>, S. 22 ff., L\u00fcneburg 2013 und &#8220;<a href=\"http:\/\/elbeallianz.org\/sites\/default\/files\/esk-zusatzgutachten-data.pdf\" target=\"_blank\" rel=\"noopener\">Erg\u00e4nzungsgutachten zum Ausbau des Elbe-Seitenkanals (ESK)<\/a>&#8220;, L\u00fcneburg 2015.<br \/>\n<a title=\"\" href=\"#_ftnref4\">[4]<\/a> Deutscher Bundestag, Schriftliche Fragen mit den in der Woche vom 7. Mai 2012<br \/>\neingegangenen Antworten der Bundesregierung,\u00a0<a href=\"http:\/\/dip21.bundestag.de\/dip21\/btd\/17\/096\/1709615.pdf\" target=\"_blank\" rel=\"noopener\">Drucksache 17\/9615<\/a>, Frage 94, Seite 71<br \/>\n<a title=\"\" href=\"#_ftnref5\">[5]<\/a> \u201eSchiffshebewerk L\u00fcneburg in Scharnebeck\u201c, Unsere Elbmarsch Anke Pfeiffer (Hrsg.), ohne Jahresangabe<br \/>\n<a title=\"\" href=\"#_ftnref6\">[6]<\/a> <a href=\"http:\/\/stadtlandhafen.de\/archiv\/pdf\/SLH04_2012.pdf\" target=\"_blank\" rel=\"noopener\">\u201eBinnenschiffer \u00fcber Ramsauer entsetzt\u201c<\/a> in Stadt, Land, Hafen, Ausgabe 04\/2012, Hamburg 2012 und Nieders\u00e4chsischer Landtag, Kleine Anfrage mit Antwort &#8220;Befahrbarkeit der Elbe in Niedersachsen&#8221;, <a href=\"https:\/\/www.google.de\/url?sa=t&amp;rct=j&amp;q=&amp;esrc=s&amp;source=web&amp;cd=1&amp;cad=rja&amp;uact=8&amp;ved=0ahUKEwjfz-eYqerLAhUIng4KHceQBoMQFggkMAA&amp;url=http%3A%2F%2Fwww.landtag-niedersachsen.de%2Fdrucksachen%2Fdrucksachen_16_2500%2F1001-1500%2F16-1180.pdf&amp;usg=AFQjCNH6x9fN9AeAdrXQwfEKg1NlUXywZA\" target=\"_blank\" rel=\"noopener\">Drucksache 16\/1180<\/a>, hier Seite 14, letzter Absatz: nach Auskunft der WSD Mitte vom 22.05.2006 betragen die Kosten 250-275 Mio. \u20ac.<br \/>\n<a title=\"\" href=\"#_ftnref7\">[7]<\/a> &#8220;Neue Schleuse in Scharnebeck dringend notwendig. IHK-Gutachten zeigt: Ohne Bau sind Entwicklungspotenziale bedroht&#8221;, Pressemitteilung vom B\u00fcndnis Elbe-Seitenkanal vom 3. Juli 2015 &#8211; Das B\u00fcndnis existiert anscheinen nicht mehr, der Verein und die Internetseite sind aus dem Internet verschwunden. Es gibt noch eine Pressemitteilung des <a href=\"https:\/\/www.mw.niedersachsen.de\/aktuelles\/presseinformationen\/starkes-buendnis-fuer-elbe-seiten-kanal-laender-kammern-und-umweltverbaende-fordern-erstmals-gemeinsam-neubau-der-schleuse-lueneburg-134600.html\" target=\"_blank\" rel=\"noopener\">Nieders. Ministeriums f\u00fcr Wirtschaft, Arbeit und Verkehr vom 18.06.2015<\/a> und <a href=\"https:\/\/www.ihk-lueneburg.de\/produkte\/Interessenvertretung\/infrastruktur\/Wasserstrasse\/Elbe-Seitenkanal\/869824\" target=\"_blank\" rel=\"noopener\">eine Seite der IHK L\u00fcneburg einschl. Links auf die Gutachten<\/a>.<\/p>\n<\/div>\n<\/div>\n","protected":false},"excerpt":{"rendered":"<p>Die wichtigste Verbindung zwischen dem Hamburger Hafen und dem Mittellandkanal bei Wolfsburg wird \u00fcber den Elbe-Seitenkanal hergestellt. Da\u00admit Binnenschiffe den H\u00f6\u00adhen\u00adunterschied von 61 m bew\u00e4ltigen k\u00f6nnen, gibt es die Schleuse in Uelzen und das Schiffshebewerk Scharnebeck bei L\u00fcneburg. Das Schiffshebewerk bew\u00e4ltigt einen H\u00f6henunterschied von 38 m und ist f\u00fcr Schiffe bis zu einer maximalen L\u00e4nge &hellip; <a href=\"https:\/\/www.hamburg-fuer-die-elbe.de\/?page_id=412\" class=\"more-link\"><span class=\"screen-reader-text\">ESK Scharnebeck<\/span> weiterlesen <span class=\"meta-nav\">&rarr;<\/span><\/a><\/p>\n","protected":false},"author":2,"featured_media":0,"parent":396,"menu_order":2,"comment_status":"closed","ping_status":"closed","template":"","meta":{"footnotes":""},"_links":{"self":[{"href":"https:\/\/www.hamburg-fuer-die-elbe.de\/index.php?rest_route=\/wp\/v2\/pages\/412"}],"collection":[{"href":"https:\/\/www.hamburg-fuer-die-elbe.de\/index.php?rest_route=\/wp\/v2\/pages"}],"about":[{"href":"https:\/\/www.hamburg-fuer-die-elbe.de\/index.php?rest_route=\/wp\/v2\/types\/page"}],"author":[{"embeddable":true,"href":"https:\/\/www.hamburg-fuer-die-elbe.de\/index.php?rest_route=\/wp\/v2\/users\/2"}],"replies":[{"embeddable":true,"href":"https:\/\/www.hamburg-fuer-die-elbe.de\/index.php?rest_route=%2Fwp%2Fv2%2Fcomments&post=412"}],"version-history":[{"count":28,"href":"https:\/\/www.hamburg-fuer-die-elbe.de\/index.php?rest_route=\/wp\/v2\/pages\/412\/revisions"}],"predecessor-version":[{"id":11596,"href":"https:\/\/www.hamburg-fuer-die-elbe.de\/index.php?rest_route=\/wp\/v2\/pages\/412\/revisions\/11596"}],"up":[{"embeddable":true,"href":"https:\/\/www.hamburg-fuer-die-elbe.de\/index.php?rest_route=\/wp\/v2\/pages\/396"}],"wp:attachment":[{"href":"https:\/\/www.hamburg-fuer-die-elbe.de\/index.php?rest_route=%2Fwp%2Fv2%2Fmedia&parent=412"}],"curies":[{"name":"wp","href":"https:\/\/api.w.org\/{rel}","templated":true}]}}