{"id":429,"date":"2013-10-21T20:43:42","date_gmt":"2013-10-21T18:43:42","guid":{"rendered":"http:\/\/www.hamburg-fuer-die-elbe.de\/?page_id=429"},"modified":"2016-01-04T09:42:13","modified_gmt":"2016-01-04T08:42:13","slug":"rethe-bruecke","status":"publish","type":"page","link":"https:\/\/www.hamburg-fuer-die-elbe.de\/?page_id=429","title":{"rendered":"Rethebr\u00fccke"},"content":{"rendered":"<p>Der Neubau der Rethebr\u00fccke als zweifl\u00fcgelige <a href=\"https:\/\/www.hamburg-fuer-die-elbe.de\/wordpress\/wp-content\/uploads\/2016\/01\/Rethebr\u00fccke.jpg\" target=\"_blank\" rel=\"attachment wp-att-9054\"><img loading=\"lazy\" decoding=\"async\" class=\"alignright wp-image-9054 size-medium\" src=\"https:\/\/www.hamburg-fuer-die-elbe.de\/wordpress\/wp-content\/uploads\/2016\/01\/Rethebr\u00fccke-200x300.jpg\" alt=\"Rethebr\u00fccke\" width=\"200\" height=\"300\" srcset=\"https:\/\/www.hamburg-fuer-die-elbe.de\/wordpress\/wp-content\/uploads\/2016\/01\/Rethebr\u00fccke-200x300.jpg 200w, https:\/\/www.hamburg-fuer-die-elbe.de\/wordpress\/wp-content\/uploads\/2016\/01\/Rethebr\u00fccke-768x1153.jpg 768w, https:\/\/www.hamburg-fuer-die-elbe.de\/wordpress\/wp-content\/uploads\/2016\/01\/Rethebr\u00fccke-682x1024.jpg 682w, https:\/\/www.hamburg-fuer-die-elbe.de\/wordpress\/wp-content\/uploads\/2016\/01\/Rethebr\u00fccke.jpg 782w\" sizes=\"(max-width: 200px) 100vw, 200px\" \/><\/a>Klapp\u00adbr\u00fccke ist als Ersatz f\u00fcr die alte Hubbr\u00fccke vorgesehen und ber\u00fccksichtigt den zu erwartenden Anstieg im Stra\u00dfen- und Bahnbetrieb ohne Einschr\u00e4nkung der nautischen Durchfahrtsh\u00f6he. Das Bauwerk mit getrennten Br\u00fccken f\u00fcr den Stra\u00dfen- und Eisenbahnverkehr wird eine Spann\u00adweite von \u00fcber 100 Metern haben. Die Br\u00fccke soll \u2013 gemeinsam mit der Kattwykbr\u00fccke &#8211; die Verbindung zwischen \u00f6stlichem und westlichem Hafen verbessern. Am 19. und 20. Juli 2014 wurden die ersten Br\u00fcckenteile eingef\u00fcgt.<a href=\"#_ftnref5\" target=\"_blank\">[5]<\/a><\/p>\n<p><strong>Kosten<\/strong><br \/>\nStand 2010:\u00a0\u00a0\u00a0\u00a0\u00a0\u00a0\u00a0\u00a0\u00a0\u00a0\u00a0\u00a0\u00a0\u00a0\u00a0\u00a0\u00a0\u00a0\u00a0 95.000.000 \u20ac <a href=\"#_ftnref1\">[1]<\/a><a title=\"\" href=\"https:\/\/www.hamburg-fuer-die-elbe.de\/?page_id=276#_ftnref3\"><br \/>\n<\/a>Stand 2011:\u00a0\u00a0\u00a0\u00a0\u00a0\u00a0\u00a0\u00a0\u00a0\u00a0\u00a0\u00a0\u00a0\u00a0\u00a0\u00a0 129.300.000 \u20ac <a href=\"#_ftnref2\">[2]<\/a> und <a href=\"#_ftnref3\">[3]<br \/>\n<\/a>Stand 2013:\u00a0\u00a0\u00a0\u00a0\u00a0\u00a0\u00a0\u00a0\u00a0\u00a0\u00a0\u00a0\u00a0\u00a0\u00a0\u00a0 135.600.000 \u20ac <a href=\"#_ftnref3\">[3]<\/a><br \/>\nStand 2014:\u00a0\u00a0\u00a0\u00a0\u00a0\u00a0\u00a0\u00a0\u00a0\u00a0\u00a0\u00a0\u00a0\u00a0\u00a0\u00a0 152.630.000 \u20ac <a href=\"#_ftnref4\">[4]<\/a><br \/>\nStand 2015:\u00a0\u00a0\u00a0\u00a0\u00a0\u00a0\u00a0\u00a0\u00a0\u00a0\u00a0\u00a0\u00a0\u00a0\u00a0\u00a0 173.630.000 \u20ac <a href=\"#_ftnref6\">[6]<\/a><\/p>\n<div>\n<p>Lesen Sie weiter zum Stand der <a href=\"https:\/\/www.hamburg-fuer-die-elbe.de\/?page_id=434\">-&gt; K\u00f6hlbrandbr\u00fccke<\/a><\/p>\n<hr align=\"left\" size=\"1\" width=\"33%\" \/>\n<div>\n<p><a href=\"https:\/\/www.hamburg-fuer-die-elbe.de\/?page_id=434\">[<\/a><a href=\"#_ftnref1\">1<\/a><a title=\"\" href=\"https:\/\/www.hamburg-fuer-die-elbe.de\/?page_id=276#_ftnref3\">] <\/a>Hamburgische B\u00fcrgerschaft, Protokoll des Unterausschusses f\u00fcr Verm\u00f6gen und \u00f6ffentliche Unternehmen vom 27.08.2010, <a href=\"https:\/\/www.buergerschaft-hh.de\/ParlDok\/dokument\/31173\/protokoll-der-%c3%b6ffentlichen-sitzung-des-unterausschusses-verm%c3%b6gen-und-%c3%b6ffentliche-unternehmen.pdf\" target=\"_blank\" class=\"broken_link\">Drucksache 19\/0012<\/a>, hier Anlage 1, Projekt 8<br \/>\n<a href=\"#_ftnref2\">[2]<\/a> Hamburgische B\u00fcrgerschaft, Protokoll des Ausschusses f\u00fcr \u00f6ffentliche Unternehmen vom 03.11.2011, <a href=\"https:\/\/www.buergerschaft-hh.de\/ParlDok\/dokument\/35326\/protokoll-der-%c3%b6ffentlichen-sitzung-des-ausschusses-%c3%b6ffentliche-unternehmen.pdf\" target=\"_blank\" class=\"broken_link\">Drucksache 20\/0005<\/a>, hier Anlage 2 mit Seite 10<br \/>\n<a href=\"#_ftnref3\">[3]<\/a>\u00a0Hamburgische B\u00fcrgerschaft, Schriftliche kleine Anfrage: \u201eStand der Hafeninfrastrukturma\u00dfnahmen \u201eNeubau der Rethebr\u00fccke\u201c, <a href=\"https:\/\/www.buergerschaft-hh.de\/ParlDok\/dokument\/39857\/stand-der-hafeninfrastrukturma%c3%9fnahmen-%e2%80%9eneubau-der-rethebr%c3%bccke%e2%80%9c.pdf\" target=\"_blank\" class=\"broken_link\">Drucksache 20\/7028<\/a><br \/>\n<a href=\"#_ftnref3\">[4]<\/a> Hamburgische B\u00fcrgerschaft, Gro\u00dfe Anfrage: \u201e<a href=\"http:\/\/www.buergerschaft-hh.de\/ParlDok\/dokument\/43909\/hafenfinanzierung-iii-.pdf\" target=\"_blank\">Hafenfinanzierung (III)<\/a>\u201c, Drucksache 20\/10595, Anlage 2, letzte Seite<br \/>\n<a href=\"#_ftnref4\">[5]<\/a>\u00a0Hamburger Abendblatt, &#8220;<a href=\"http:\/\/www.google.de\/url?sa=t&amp;rct=j&amp;q=&amp;esrc=s&amp;source=web&amp;cd=1&amp;ved=0CCIQqQIwAA&amp;url=http%3A%2F%2Fwww.abendblatt.de%2Fhamburg%2Farticle130346175%2FErstes-Teil-der-Riesen-Klappbruecke-im-Hafen-eingesetzt.html&amp;ei=suHLU5GLMu_V4QTt8IGoAQ&amp;usg=AFQjCNEYwG1ktFbve_qMhXa8NvWrZJ959Q&amp;bvm=bv.71198958,d.bGE\" target=\"_blank\">Teil der Riesen-Klappbr\u00fccke im Hafen eingesetzt<\/a>&#8221; vom 19.07.2014<br \/>\n<a href=\"#_ftnref4\">[6]<\/a>\u00a0Hamburgische B\u00fcrgerschaft, Gro\u00dfe Anfrage: \u201e<a href=\"https:\/\/www.buergerschaft-hh.de\/ParlDok\/dokument\/50655\/einsparungen-bei-hafeninvestitionen-%e2%80%93-wie-sollen-die-geplanten-infrastrukturma%c3%9fnahmen-finanziert-werden-.pdf\" target=\"_blank\" class=\"broken_link\">Einsparungen bei Hafeninvestitionen \u2013 Wie sollen die geplanten Infrastrukturma\u00dfnahmen finanziert werden?<\/a>\u201c, Drucksache 21\/2368, Anlage 8, letzte Seite\n<\/div>\n<\/div>\n","protected":false},"excerpt":{"rendered":"<p>Der Neubau der Rethebr\u00fccke als zweifl\u00fcgelige Klapp\u00adbr\u00fccke ist als Ersatz f\u00fcr die alte Hubbr\u00fccke vorgesehen und ber\u00fccksichtigt den zu erwartenden Anstieg im Stra\u00dfen- und Bahnbetrieb ohne Einschr\u00e4nkung der nautischen Durchfahrtsh\u00f6he. Das Bauwerk mit getrennten Br\u00fccken f\u00fcr den Stra\u00dfen- und Eisenbahnverkehr wird eine Spann\u00adweite von \u00fcber 100 Metern haben. Die Br\u00fccke soll \u2013 gemeinsam mit der &hellip; <a href=\"https:\/\/www.hamburg-fuer-die-elbe.de\/?page_id=429\" class=\"more-link\"><span class=\"screen-reader-text\">Rethebr\u00fccke<\/span> weiterlesen <span class=\"meta-nav\">&rarr;<\/span><\/a><\/p>\n","protected":false},"author":2,"featured_media":0,"parent":156,"menu_order":3,"comment_status":"closed","ping_status":"closed","template":"","meta":{"footnotes":""},"_links":{"self":[{"href":"https:\/\/www.hamburg-fuer-die-elbe.de\/index.php?rest_route=\/wp\/v2\/pages\/429"}],"collection":[{"href":"https:\/\/www.hamburg-fuer-die-elbe.de\/index.php?rest_route=\/wp\/v2\/pages"}],"about":[{"href":"https:\/\/www.hamburg-fuer-die-elbe.de\/index.php?rest_route=\/wp\/v2\/types\/page"}],"author":[{"embeddable":true,"href":"https:\/\/www.hamburg-fuer-die-elbe.de\/index.php?rest_route=\/wp\/v2\/users\/2"}],"replies":[{"embeddable":true,"href":"https:\/\/www.hamburg-fuer-die-elbe.de\/index.php?rest_route=%2Fwp%2Fv2%2Fcomments&post=429"}],"version-history":[{"count":18,"href":"https:\/\/www.hamburg-fuer-die-elbe.de\/index.php?rest_route=\/wp\/v2\/pages\/429\/revisions"}],"predecessor-version":[{"id":431,"href":"https:\/\/www.hamburg-fuer-die-elbe.de\/index.php?rest_route=\/wp\/v2\/pages\/429\/revisions\/431"}],"up":[{"embeddable":true,"href":"https:\/\/www.hamburg-fuer-die-elbe.de\/index.php?rest_route=\/wp\/v2\/pages\/156"}],"wp:attachment":[{"href":"https:\/\/www.hamburg-fuer-die-elbe.de\/index.php?rest_route=%2Fwp%2Fv2%2Fmedia&parent=429"}],"curies":[{"name":"wp","href":"https:\/\/api.w.org\/{rel}","templated":true}]}}