{"id":434,"date":"2013-10-22T22:51:12","date_gmt":"2013-10-22T20:51:12","guid":{"rendered":"http:\/\/www.hamburg-fuer-die-elbe.de\/?page_id=434"},"modified":"2016-10-03T18:14:31","modified_gmt":"2016-10-03T16:14:31","slug":"koehlbrandbruecke","status":"publish","type":"page","link":"https:\/\/www.hamburg-fuer-die-elbe.de\/?page_id=434","title":{"rendered":"K\u00f6hlbrandbr\u00fccke"},"content":{"rendered":"<p>Die K\u00f6hlbrandbr\u00fccke ist ein Wahrzeichen von Hamburg. Doch um dieses Wahrzeichen steht es nicht gut.<\/p>\n<p>Die 1974 fertiggestellte K\u00f6hlbrandbr\u00fccke soll noch rund 20 Jahre mit laufenden Unterhaltungsma\u00df\u00adnahmen wirtschaftlich betrieben werden k\u00f6nnen.<a title=\"\" href=\"#_ftn1\">[1]<\/a> \u201eBeim Bau hatte niemand damit gerechnet, dass der Hafenverkehr so schnel<a href=\"https:\/\/www.hamburg-fuer-die-elbe.de\/wordpress\/wp-content\/uploads\/2013\/10\/K\u00f6hlbrandbr\u00fccke.jpg\"><img loading=\"lazy\" decoding=\"async\" class=\" wp-image-2927 alignleft\" src=\"https:\/\/www.hamburg-fuer-die-elbe.de\/wordpress\/wp-content\/uploads\/2013\/10\/K\u00f6hlbrandbr\u00fccke.jpg\" alt=\"K\u00f6hlbrandbr\u00fccke\" width=\"358\" height=\"174\" \/><\/a>l w\u00e4chst. 25 000 Laster t\u00e4glich zerm\u00fcrben die Stahlbetonkonstruktion. Reparaturen verschlingen Millionen. Zuletzt wurde sogar eine Fahrspur in jede Richtung f\u00fcr Lkw gesperrt, um die Br\u00fccke zu schonen. Offiziell gibt der Senat dem Bau noch 20 Jahre Lebenszeit. Doch bei der Hamburg Port Authority (HPA), die die Br\u00fccke betreibt, wird selbst daran gezweifelt: Denn der Verkehr w\u00e4chst stetig\u2026B\u00fcrgermeister Scholz benennt in der Mopo &#8220;Irgendwas zwischen 700 Millionen und mehr als einer Milliarde Euro d\u00fcrfte ein Neubau heute kosten \u2013 je nach Br\u00fcckengr\u00f6\u00dfe.\u201c<a title=\"\" href=\"#_ftn2\">[2]<\/a><\/p>\n<p>Aufgrund der langen Planungsvorlaufzeiten wurden von HPA erste Planungen f\u00fcr einen Ersatzneubau durchgef\u00fchrt: danach w\u00fcrde die Br\u00fccke im Norden der jetzigen Auffahrt auf der Westseite, direkt entlang der S\u00fcdkante des Rosskanals verlaufen. Auf der Waltershofer Seite k\u00f6nnte durch den Wegfall des Zolldurchlasses nach der Aufhebung der Freizone (Anfang 2013) die Serpentinenabfahrt entfallen und direkt an die Auffahrt zur A7 und den Finkenwerder Knoten m\u00fcnden. <a title=\"\" href=\"#_ftn3\">[3]<\/a> Fest stehen soll, dass die neue K\u00f6hlbrandbr\u00fccke eine Durchfahrtsh\u00f6he von 70 m haben wird.<\/p>\n<p>Der Senat h\u00e4lt in seinen Verlautbarungen weiterhin daran fest, dass die K\u00f6hlbrand bis zum Jahr 2030 halten wird.<a href=\"#_ftn4\">[4] <\/a>Bei den andauernden Br\u00fcckenbaustellen mit Fahrbahnsperrungen und der anhaltenden Verkehrsbelastung f\u00e4llt es schwer, dieses zu glauben. Konkretere Planungen f\u00fcr einen Neubau sind durch den Senat bereits angek\u00fcndigt worden<a href=\"#_ftn5\">[5]<\/a> und vom HPA-Gesch\u00e4ftsf\u00fchrung letztmalig im November 2015 best\u00e4tigt worden. <a href=\"#_ftn6\">[6]<\/a><\/p>\n<p><strong>Kosten<br \/>\n<\/strong>Stand 2013: \u00a0 \u00a0 \u00a0 \u00a0 \u00a0 \u00a0 \u00a0 \u00a0 \u00a0 \u00a0 \u00a0\u00a0\u00a0\u00a0\u00a0\u00a0\u00a0\u00a0\u00a0\u00a0\u00a0\u00a0\u00a0\u00a0\u00a0\u00a0\u00a0\u00a0\u00a0\u00a0\u00a0\u00a0\u00a0\u00a0\u00a0\u00a0\u00a0\u00a0\u00a0 700.000.000 \u20ac <a title=\"\" href=\"#_ftn2\">[2]<\/a><\/p>\n<div>\n<p>Lesen Sie weiter bei der <a href=\"https:\/\/www.hamburg-fuer-die-elbe.de\/?page_id=455\">-&gt; Hafenquerspange<\/a><\/p>\n<hr align=\"left\" size=\"1\" width=\"33%\" \/>\n<div><a title=\"\" href=\"#_ftnref1\">[1]<\/a> Hamburgische B\u00fcrgerschaft, Mitteilung des Senats an die B\u00fcrgerschaft, &#8220;Hamburg h\u00e4lt Kurs, Hafenentwicklungsplan bis 2025&#8221;, <a href=\"http:\/\/www.buergerschaft-hh.de\/ParlDok\/dokument\/38168\/hafenentwicklungsplan-%E2%80%9Ehamburg-h%C3%A4lt-kurs-%E2%80%93-der-hafenentwicklungsplan-bis-2025%E2%80%9C.pdf\" target=\"_blank\">Drucksache 20\/5550<br \/>\n[2]<\/a> Hamburger Morgenpost: \u201e<a href=\"http:\/\/www.mopo.de\/hamburg\/abriss-der-koehlbrandbruecke-hamburg-verliert-ein-wahrzeichen-10599318\" target=\"_blank\">Hamburg verliert ein Wahrzeichen<\/a>\u201c vom 12.06.2012<br \/>\n<a title=\"\" href=\"#_ftnref3\">[3]<\/a> Stadt, Land, Hafen: \u201e<a href=\"http:\/\/stadtlandhafen.de\/archiv\/pdf\/SLH07_2012.pdf\" target=\"_blank\">Ist das die neue K\u00f6hlbrandbr\u00fccke<\/a>\u201c, Ausgabe 07\/2012<br \/>\n<a href=\"#_ftnref4\">[4]<\/a> Hamburgische B\u00fcrgerschaft, Schriftliche kleine Anfrage, &#8220;Instandhaltung und Neubau der K\u00f6hlbrandbr\u00fccke&#8221;, <a href=\"https:\/\/www.buergerschaft-hh.de\/ParlDok\/dokument\/44941\/instandhaltung-und-neubau-der-k%c3%b6hlbrandbr%c3%bccke.pdf\" target=\"_blank\" class=\"broken_link\">Drucksache 20\/11689<\/a><br \/>\n<a href=\"#_ftnref4\">[5]<\/a> Hamburgische B\u00fcrgerschaft, Gro\u00dfe Anfrage, &#8220;Hafen, Transport und Logisitik&#8221;, <a href=\"https:\/\/www.buergerschaft-hh.de\/ParlDok\/dokument\/37615\/hafen-transport-und-logistik.pdf\" target=\"_blank\" class=\"broken_link\">Drucksache 20\/4968<\/a> in Verbindung mit Schriftliche kleine Anfrage, &#8220;Machbarkeitsstudie K\u00f6hlbrandbr\u00fccke&#8221;, <a href=\"https:\/\/www.buergerschaft-hh.de\/ParlDok\/dokument\/37049\/machbarkeitsstudie-k%c3%b6hlbrandbr%c3%bccke.pdf\" target=\"_blank\" class=\"broken_link\">Drucksache 20\/4432<\/a>.<br \/>\n<a href=\"#_ftnref6\">[6]<\/a> T\u00e4glicher Hafenbericht: &#8220;<a href=\"https:\/\/www.google.de\/url?sa=t&amp;rct=j&amp;q=&amp;esrc=s&amp;source=web&amp;cd=1&amp;cad=rja&amp;uact=8&amp;ved=0CCQQFjAAahUKEwj187qvkpDJAhVDXw8KHbejD6s&amp;url=http%3A%2F%2Fwww.thb.info%2Frubriken%2Fsingle-view%2Fnews%2Fhpa-treibt-planungen-fuer-neue-koehlbrandbruecke-voran.html&amp;usg=AFQjCNH4XRji8KrfcQghvXGxoPlBYFXT7A\" target=\"_blank\">HPA treibt Planungen f\u00fcr neue K\u00f6hlbrandbr\u00fccke voran<\/a>&#8221; vom 13.11.2015<br \/>\n&nbsp;<\/p>\n<\/div>\n<\/div>\n","protected":false},"excerpt":{"rendered":"<p>Die K\u00f6hlbrandbr\u00fccke ist ein Wahrzeichen von Hamburg. Doch um dieses Wahrzeichen steht es nicht gut. Die 1974 fertiggestellte K\u00f6hlbrandbr\u00fccke soll noch rund 20 Jahre mit laufenden Unterhaltungsma\u00df\u00adnahmen wirtschaftlich betrieben werden k\u00f6nnen.[1] \u201eBeim Bau hatte niemand damit gerechnet, dass der Hafenverkehr so schnell w\u00e4chst. 25 000 Laster t\u00e4glich zerm\u00fcrben die Stahlbetonkonstruktion. Reparaturen verschlingen Millionen. Zuletzt wurde &hellip; <a href=\"https:\/\/www.hamburg-fuer-die-elbe.de\/?page_id=434\" class=\"more-link\"><span class=\"screen-reader-text\">K\u00f6hlbrandbr\u00fccke<\/span> weiterlesen <span class=\"meta-nav\">&rarr;<\/span><\/a><\/p>\n","protected":false},"author":2,"featured_media":0,"parent":156,"menu_order":4,"comment_status":"closed","ping_status":"closed","template":"","meta":{"footnotes":""},"_links":{"self":[{"href":"https:\/\/www.hamburg-fuer-die-elbe.de\/index.php?rest_route=\/wp\/v2\/pages\/434"}],"collection":[{"href":"https:\/\/www.hamburg-fuer-die-elbe.de\/index.php?rest_route=\/wp\/v2\/pages"}],"about":[{"href":"https:\/\/www.hamburg-fuer-die-elbe.de\/index.php?rest_route=\/wp\/v2\/types\/page"}],"author":[{"embeddable":true,"href":"https:\/\/www.hamburg-fuer-die-elbe.de\/index.php?rest_route=\/wp\/v2\/users\/2"}],"replies":[{"embeddable":true,"href":"https:\/\/www.hamburg-fuer-die-elbe.de\/index.php?rest_route=%2Fwp%2Fv2%2Fcomments&post=434"}],"version-history":[{"count":18,"href":"https:\/\/www.hamburg-fuer-die-elbe.de\/index.php?rest_route=\/wp\/v2\/pages\/434\/revisions"}],"predecessor-version":[{"id":10639,"href":"https:\/\/www.hamburg-fuer-die-elbe.de\/index.php?rest_route=\/wp\/v2\/pages\/434\/revisions\/10639"}],"up":[{"embeddable":true,"href":"https:\/\/www.hamburg-fuer-die-elbe.de\/index.php?rest_route=\/wp\/v2\/pages\/156"}],"wp:attachment":[{"href":"https:\/\/www.hamburg-fuer-die-elbe.de\/index.php?rest_route=%2Fwp%2Fv2%2Fmedia&parent=434"}],"curies":[{"name":"wp","href":"https:\/\/api.w.org\/{rel}","templated":true}]}}