{"id":5027,"date":"2015-02-10T21:55:36","date_gmt":"2015-02-10T20:55:36","guid":{"rendered":"http:\/\/www.hamburg-fuer-die-elbe.de\/?page_id=5027"},"modified":"2016-12-11T11:22:34","modified_gmt":"2016-12-11T09:22:34","slug":"einwendung-westerweiterung","status":"publish","type":"page","link":"https:\/\/www.hamburg-fuer-die-elbe.de\/?page_id=5027","title":{"rendered":"Einwendung Westerweiterung"},"content":{"rendered":"<p><strong>28.11.2016<\/strong><br \/>\nDer Planfeststellungsbeschluss wird erstellt. Die Pressemitteilung und Ver\u00f6ffentlichung des eigentlichen Beschlusses sind lediglich versteckt zu finden. N\u00e4heres gibt es <a href=\"https:\/\/www.hamburg-fuer-die-elbe.de\/?p=10948\" target=\"_blank\">-&gt;hier<\/a>.<\/p>\n<p>Eine Ausfertigung des Beschlusses kann mit einer Ausfertigung des festgestellten Plans in der Zeit vom 19.12.2016 bis 02.01.2017 in den Bezirks\u00e4mtern Altona, Mitte und Harburg eingesehen werden. Am 02.01.2017 endet die Widerspruchsfrist.<\/p>\n<p><strong>25.06.2015<\/strong><br \/>\nNur Schelme denken B\u00f6ses: ein omin\u00f6ser &#8220;Verr\u00e4ter&#8221; ist vom Abendblatt in der ehemaligen BSU lokalisiert worden. Schmuh um das L\u00e4rmgutachten oder nur einfach die Planfeststellung unter Druck setzen? <a href=\"https:\/\/www.hamburg-fuer-die-elbe.de\/?p=7037\">Weiteres gibts hier<\/a>.<\/p>\n<p><strong>22.06.2015<\/strong><br \/>\nEr\u00f6rterungstermin zur Westerweiterung. Das <a href=\"https:\/\/www.hamburg-fuer-die-elbe.de\/?p=6978\">Protokoll finden Sie hier<\/a>.<\/p>\n<p><strong>01.06.2015<\/strong><br \/>\nMit Schreiben vom 01.06.2015 der Beh\u00f6rde f\u00fcr Wirtschaft, Verkehr und Innovation wird der <a href=\"https:\/\/www.hamburg-fuer-die-elbe.de\/?p=6727\" target=\"_blank\">Er\u00f6rterungstermin zum Planfeststellungsverfahren<\/a> festgelegt.<\/p>\n<p>22. Juni 2015 um 10:00 Uhr ,<br \/>\nin das Auditorium der Katholischen Akademie,<br \/>\nHerrengraben 4<br \/>\n20459 Hamburg<\/p>\n<p><strong>24.02.2015<\/strong><br \/>\nNachdem sich NDR und Abendblatt \u00fcber die anstehende Planfeststellung ausgeschwiegen haben, gibts nun doch Informationen. Der NDR berichtet \u00fcber 41 Einwendungen, von den bereits versenkten 170 Mio. Euro, obwohl noch nichts gebaut ist und f\u00fchrt den fehlenden Umschlag beim CTH an. Das <a href=\"http:\/\/www.google.de\/url?sa=t&amp;rct=j&amp;q=&amp;esrc=s&amp;source=web&amp;cd=1&amp;cad=rja&amp;uact=8&amp;ved=0CCMQFjAA&amp;url=http%3A%2F%2Fwww.abendblatt.de%2Fhamburg%2Faltona%2Farticle137767502%2FAnwohner-protestieren-gegen-Terminal-Ausbau.html&amp;ei=vM3sVNH_EOX9ygPA1YCoCg&amp;usg=AFQjCNGZoQPhWrFvM7bNw-QB2EB87QxFOg&amp;bvm=bv.86475890,d.bGQ\" target=\"_blank\">Abendblatt <\/a>best\u00e4tigt die 41 Einwendung und f\u00fchrt auch Sammeleinwendung mit 80 Teilnehmenden an. \u00dcber die Sinnhaftigkeit des Vorhabens schweigt sich die Zeitung aus.<\/p>\n<p><strong>23.02.2015<\/strong><br \/>\nIm heutigen Hamburg-Journal wird in den Nachrichten zum ersten Mal in diesem Jahr \u00fcber die anstehende Planfeststellung zur Westerweiterung informiert. &#8220;<em>Gegen die neuen Pl\u00e4ne zur Westerweiterung des Hamburger Hafens gibt es Widerstand. Nach Informationen von NDR 90,3 kommt die Kritik von Anwohnern des n\u00f6rdlichen Elbufers: sie bef\u00fcrchten zus\u00e4tzlichen L\u00e4rm&#8230;<\/em>&#8221; Das ist richtig, aber bei Weitem nicht alles. Und n\u00f6rdlich des Elbufers leben viele Anwohner&#8230; und nicht nur dort!<\/p>\n<p><strong>10.02.2015<\/strong><br \/>\nAm 15. Januar sind erneut die Planfeststellungsunterlagen f\u00fcr die Westerweiterung ver\u00f6ffentlich worden. Sie wurden um einige Themen erg\u00e4nzt: Bedarfsbegr\u00fcndung aktualisiert, L\u00e4rmgutachten, WRRL-Fachbeitrag sind die wesentlichen.<\/p>\n<p>Bis zum <span style=\"color: #0000ff;\"><span style=\"color: #ff0000;\">19. Februar 2015<\/span><span style=\"color: #000000;\"> k\u00f6nnen alle Menschen, die sich gegen die Umsetzung der Westerweiterung (Zusch\u00fcttung des Petroleumhafens, Umbau des Bubendeyufers einschl. Abholzung der Pappeln, Ausweitung des Drehkreises Parkhafen) wenden wollen, Einwendungen an die Beh\u00f6rde f\u00fcr Wirtschaft, Verkehr und Innovation senden.<\/span><\/span><\/p>\n<p>Wir stellen Ihnen f\u00fcr Ihre pers\u00f6nliche Einwendung unsere\u00a0<a href=\"https:\/\/www.hamburg-fuer-die-elbe.de\/wordpress\/wp-content\/uploads\/2015\/02\/einwendung-westerweiterung-stand-20150214.docx\" target=\"_blank\">Einwendung Westerweiterung<\/a> beispielhaft als word-Datei zur Verf\u00fcgung. \u00c4ndern Sie den Text, f\u00fcgen Sie Ihre eigenen Ideen ein, k\u00fcrzen Sie, was auch immer sie wollen. Aufw\u00e4ndig wird es f\u00fcr die Planfeststellungsbeh\u00f6rde, wenn viele unterschiedliche Schreiben und Argumente eingehen.<\/p>\n<p>Die Einwendung muss am 19.02.2015 im Posteingang der BWVI eintreffen. Sie muss als klassischer Brief (entweder per Post oder Direkteinwurf) gesendet werden und sie muss unbedingt von Ihnen pers\u00f6nlich unterschrieben sein.<\/p>\n<p>Vielen Dank sagt Ihre<\/p>\n<p>BI Hamburg f\u00fcr die Elbe<\/p>\n","protected":false},"excerpt":{"rendered":"<p>28.11.2016 Der Planfeststellungsbeschluss wird erstellt. Die Pressemitteilung und Ver\u00f6ffentlichung des eigentlichen Beschlusses sind lediglich versteckt zu finden. N\u00e4heres gibt es -&gt;hier. Eine Ausfertigung des Beschlusses kann mit einer Ausfertigung des festgestellten Plans in der Zeit vom 19.12.2016 bis 02.01.2017 in den Bezirks\u00e4mtern Altona, Mitte und Harburg eingesehen werden. Am 02.01.2017 endet die Widerspruchsfrist. 25.06.2015 Nur &hellip; <a href=\"https:\/\/www.hamburg-fuer-die-elbe.de\/?page_id=5027\" class=\"more-link\"><span class=\"screen-reader-text\">Einwendung Westerweiterung<\/span> weiterlesen <span class=\"meta-nav\">&rarr;<\/span><\/a><\/p>\n","protected":false},"author":3,"featured_media":0,"parent":0,"menu_order":7,"comment_status":"closed","ping_status":"closed","template":"","meta":{"footnotes":""},"_links":{"self":[{"href":"https:\/\/www.hamburg-fuer-die-elbe.de\/index.php?rest_route=\/wp\/v2\/pages\/5027"}],"collection":[{"href":"https:\/\/www.hamburg-fuer-die-elbe.de\/index.php?rest_route=\/wp\/v2\/pages"}],"about":[{"href":"https:\/\/www.hamburg-fuer-die-elbe.de\/index.php?rest_route=\/wp\/v2\/types\/page"}],"author":[{"embeddable":true,"href":"https:\/\/www.hamburg-fuer-die-elbe.de\/index.php?rest_route=\/wp\/v2\/users\/3"}],"replies":[{"embeddable":true,"href":"https:\/\/www.hamburg-fuer-die-elbe.de\/index.php?rest_route=%2Fwp%2Fv2%2Fcomments&post=5027"}],"version-history":[{"count":19,"href":"https:\/\/www.hamburg-fuer-die-elbe.de\/index.php?rest_route=\/wp\/v2\/pages\/5027\/revisions"}],"predecessor-version":[{"id":10970,"href":"https:\/\/www.hamburg-fuer-die-elbe.de\/index.php?rest_route=\/wp\/v2\/pages\/5027\/revisions\/10970"}],"wp:attachment":[{"href":"https:\/\/www.hamburg-fuer-die-elbe.de\/index.php?rest_route=%2Fwp%2Fv2%2Fmedia&parent=5027"}],"curies":[{"name":"wp","href":"https:\/\/api.w.org\/{rel}","templated":true}]}}