{"id":572,"date":"2013-11-03T10:53:45","date_gmt":"2013-11-03T08:53:45","guid":{"rendered":"http:\/\/www.hamburg-fuer-die-elbe.de\/?page_id=572"},"modified":"2015-08-20T07:18:18","modified_gmt":"2015-08-20T06:18:18","slug":"zollverein-und-freihafen","status":"publish","type":"page","link":"https:\/\/www.hamburg-fuer-die-elbe.de\/?page_id=572","title":{"rendered":"Zollverein und Freihafen"},"content":{"rendered":"<p>Bei der Gr\u00fcndung des Deutschen Zollvereins in 1834 ging der Hamburger Senat erneut seinen pers\u00f6nlichen Interessen nach und verschloss sich bis 1888, also \u00fcber 50 Jahre, der Schaffung eines deutschen Staates mit einheitlichem Binnenmarkt und Steuersystem.<\/p>\n<p>So hatte sich Hamburg bei der Reichsgr\u00fcndung 1871 in der Reichsverfassung das Recht vorbehalten so lange Zollausland zu bleiben, bis es selbst den Antrag zu einer Status\u00e4nderung stellen w\u00fcrde. Ham\u00adburg trat als letztes Reichsgebiet nach jahrelangen z\u00e4hen Verhandlungen erst im Jahre 1888 dem Zollverein bei, nach\u00addem es sich 1883 rechtlich den Freihafen als Zollaus\u00adschlussgebiet gesichert und mit erheblichen finanziellen Zusch\u00fcssen des Deutschen Reiches den Bau der Hafenanlagen finanziert hatte. Zudem blieb die Zu\u00adfahrt \u00fcber die Unterelbe zollfrei und die Zollverwaltung verblieb in Hamburger Hand.<\/p>\n<p>Die Grundlagen f\u00fcr den heutigen Hafen waren gelegt: Alleiniger Eigent\u00fcmer des gesamten Hafengebietes ist seitdem die Stadt Hamburg. Im Hamburger Hafen setzte mit dem Bau neuer Hafenanlagen und der Gr\u00fcndung einer Vorg\u00e4ngergesellschaft der heutigen HHLA ein wirtschaftlicher Boom ein. <a title=\"\" href=\"#_ftn1\">[1]<\/a><\/p>\n<p>\u00dcber die Aussiedlung der 24.000 Bewohner, die vorher auf den Fl\u00e4chen des &#8220;neuen&#8221; Hafens, dem Gro\u00dfen Grasbrook gelebt hatten und deren neuen Wohnbedingungen in den G\u00e4ngevierteln wird nur wenig berichtet.<a href=\"#_ftn2\">[2]<\/a><\/p>\n<p>Die Ausdehnung des neuen Hafengebietes sind auf der <a href=\"http:\/\/www.christian-terstegge.de\/hamburg\/karten_umgebung\/files\/1887_meyers_300dpi.jpeg\" target=\"_blank\">Karte<\/a> <a href=\"#_ftn3\">[3]<\/a> zu erkennen. Die Gelbe Grenzlinie umschlie\u00dft das neue Freihafengebiet im Jahre 1888 bzw. die ehemaligen Wohnfl\u00e4chen der umgesiedelten 24.000 Hamburger.<\/p>\n<p>Lesen Sie weiter zu den Verhandlungen um den <a href=\"https:\/\/www.hamburg-fuer-die-elbe.de\/?page_id=586\" target=\"_blank\">-&gt; Wasserstra\u00dfenvertrag von 1921<\/a><\/p>\n<div><br clear=\"all\" \/><\/p>\n<hr align=\"left\" size=\"1\" width=\"33%\" \/>\n<div>\n<p><a title=\"\" href=\"#_ftnref1\">[1]<\/a>\u00a0 Hans J\u00fcrgen Teuteberg, <a href=\"http:\/\/repositorium.uni-muenster.de\/document\/miami\/a6fb5c41-8c3c-404f-b492-13bda5e14611\/1972_teute_entst.pdf\" target=\"_blank\">Die Entstehung des modernen Hamburger Hafens (1866-1896) <\/a>in Tradition, 17. Jahrgang, S. 288 \u2013 291, M\u00fcnchen 1972<br \/>\n<a href=\"#_ftnref2\">[2]<\/a> Wir verweisen auf die Links zur Cholera Epedimie und erg\u00e4nzen \u00fcber die Wikipedia-Ausf\u00fchrungen zum <a href=\"https:\/\/de.wikipedia.org\/wiki\/G%C3%A4ngeviertel\" target=\"_blank\">Hamburger G\u00e4ngeviertel<\/a> und Bauverein der Elbgemeinden eG, &#8220;<a href=\"http:\/\/www.bve.de\/%C3%BCber-den-bve\/unsere-geschichte\/\" target=\"_blank\">Unsere Geschichte<\/a>&#8220;, Abs\u00e4tze 1 bis 3<br \/>\n<a href=\"#_ftnref3\">[3]<\/a>\u00a0 Karte \u201e<a href=\"http:\/\/www.christian-terstegge.de\/hamburg\/karten_umgebung\/files\/1887_meyers_300dpi.jpeg\" target=\"_blank\">Umgebung von Hamburg 1887<\/a>\u201c, aus Meyers Konversations-Lexikon. Wir danken Christian Terstegge f\u00fcr den gro\u00dfen \u00f6ffentlichen Kartenfundus<\/p>\n<\/div>\n<\/div>\n","protected":false},"excerpt":{"rendered":"<p>Bei der Gr\u00fcndung des Deutschen Zollvereins in 1834 ging der Hamburger Senat erneut seinen pers\u00f6nlichen Interessen nach und verschloss sich bis 1888, also \u00fcber 50 Jahre, der Schaffung eines deutschen Staates mit einheitlichem Binnenmarkt und Steuersystem. So hatte sich Hamburg bei der Reichsgr\u00fcndung 1871 in der Reichsverfassung das Recht vorbehalten so lange Zollausland zu bleiben, &hellip; <a href=\"https:\/\/www.hamburg-fuer-die-elbe.de\/?page_id=572\" class=\"more-link\"><span class=\"screen-reader-text\">Zollverein und Freihafen<\/span> weiterlesen <span class=\"meta-nav\">&rarr;<\/span><\/a><\/p>\n","protected":false},"author":2,"featured_media":0,"parent":570,"menu_order":1,"comment_status":"closed","ping_status":"closed","template":"","meta":{"footnotes":""},"_links":{"self":[{"href":"https:\/\/www.hamburg-fuer-die-elbe.de\/index.php?rest_route=\/wp\/v2\/pages\/572"}],"collection":[{"href":"https:\/\/www.hamburg-fuer-die-elbe.de\/index.php?rest_route=\/wp\/v2\/pages"}],"about":[{"href":"https:\/\/www.hamburg-fuer-die-elbe.de\/index.php?rest_route=\/wp\/v2\/types\/page"}],"author":[{"embeddable":true,"href":"https:\/\/www.hamburg-fuer-die-elbe.de\/index.php?rest_route=\/wp\/v2\/users\/2"}],"replies":[{"embeddable":true,"href":"https:\/\/www.hamburg-fuer-die-elbe.de\/index.php?rest_route=%2Fwp%2Fv2%2Fcomments&post=572"}],"version-history":[{"count":9,"href":"https:\/\/www.hamburg-fuer-die-elbe.de\/index.php?rest_route=\/wp\/v2\/pages\/572\/revisions"}],"predecessor-version":[{"id":7438,"href":"https:\/\/www.hamburg-fuer-die-elbe.de\/index.php?rest_route=\/wp\/v2\/pages\/572\/revisions\/7438"}],"up":[{"embeddable":true,"href":"https:\/\/www.hamburg-fuer-die-elbe.de\/index.php?rest_route=\/wp\/v2\/pages\/570"}],"wp:attachment":[{"href":"https:\/\/www.hamburg-fuer-die-elbe.de\/index.php?rest_route=%2Fwp%2Fv2%2Fmedia&parent=572"}],"curies":[{"name":"wp","href":"https:\/\/api.w.org\/{rel}","templated":true}]}}