{"id":7137,"date":"2015-07-05T10:47:47","date_gmt":"2015-07-05T09:47:47","guid":{"rendered":"http:\/\/www.hamburg-fuer-die-elbe.de\/?page_id=7137"},"modified":"2015-11-01T19:21:43","modified_gmt":"2015-11-01T18:21:43","slug":"containerumschlag","status":"publish","type":"page","link":"https:\/\/www.hamburg-fuer-die-elbe.de\/?page_id=7137","title":{"rendered":"Containerumschlag"},"content":{"rendered":"<p>Eine erste Umschlagsprognose wurde f\u00fcr den aktuell g\u00fcltigen Bundesverkehrswegeplan 2003 erstellt. Das Instituts f\u00fcr Seeverkehrswirtschaft und Logistik ISL ver\u00f6ffentlichte im Jahr 2000 die Studie &#8220;<em>Entwicklungstendenzen der deutschen Nordseeh\u00e4fen bis zum Jahre 2015<\/em>&#8220;, die Prognosen f\u00fcr die Umschlagsentwicklung der deutschen H\u00e4fen bis in das Jahr 2015 beinhaltet. Das in 2000 f\u00fcr das Jahr 2015 vorhergesagte Containervolumen wurde im Jahr 2004 \u00fcbertroffen, so dass eine Folgestudie in Auftrag gegeben wurde.<\/p>\n<p>Mit der Folgestudie wurde in 2007 von der PLANCO Consulting GmbH erstmalig eine Verkehrsverflechtungsprognose mit dem Arbeitstitel &#8220;<em>Seeverkehrsprognose 2025 (Los 3)<\/em>&#8221; ver\u00f6ffentlicht. Diese sagte ein j\u00e4hrliches Wachstum von 4,6 % bis 2025 voraus. Die Auswirkungen der Weltfinanz- und Wirtschaftskrise mit den Umschlageinbr\u00fcchen in 2009 blieben unber\u00fccksichtigt.<\/p>\n<p>Als Nachfolger des alten Bundesverkehrswegeplans 2003 beabsichtigt das Bundesverkehrsministerium in 2015 einen neuen Plan zu ver\u00f6ffentlichen. Vorbereitend wurde im Jahr 2013 eine \u00fcberarbeitete Verkehrsverflechtungsprognose publiziert, die im Rahmen des &#8220;<em>Loses 2<\/em>&#8221; auch eine &#8220;<em>Seeverkehrsprognose 2030<\/em>&#8221; mit Prognosen zur Entwicklung des Containerumschlags enth\u00e4lt. Mit 2,6% Wachstum liegt die Seeverkehrsprognose 2030 deutlich unterhalb der PLANCO-Studie aus dem Jahr 2007.<\/p>\n<p>Die Prognosen im Einzelnen finden Sie hier:<\/p>\n<ul>\n<li><strong>Jahr 2000<\/strong>: &#8220;<a href=\"http:\/\/www.infoline.isl.org\/index.php?module=Downloads&amp;func=prep_hand_out&amp;lid=404\" target=\"_blank\" class=\"broken_link\">Entwicklungstendenzen der deutschen Nordseeh\u00e4fen bis zum Jahre 2015<\/a>&#8220;, Hrsg.: ISL, Bremen 2000, vgl. Tab. 6-14, Seite 258.<\/li>\n<li><strong>Jahr 2007<\/strong>: &#8220;Prognose der deutschlandweiten Verkehrsverflechtung, Seeverkehrsprognose Los 3&#8221;, Hrsg.: PLANCO Consulting GmbH, Essen 2007. Die Prognose teilt sich auf in eine <a href=\"http:\/\/www.bmvi.de\/SharedDocs\/DE\/Anlage\/VerkehrUndMobilitaet\/seeverkehrsprognose-zusammenfassung.pdf?__blob=publicationFile\" target=\"_blank\" class=\"broken_link\">Zusammenfassung<\/a>, einen <a href=\"http:\/\/www.bmvi.de\/SharedDocs\/DE\/Anlage\/VerkehrUndMobilitaet\/seeverkehrsprognose-kurzbericht.pdf?__blob=publicationFile\" target=\"_blank\" class=\"broken_link\">Kurzbericht <\/a>sowie die Berichtsteile <a href=\"http:\/\/www.bmvi.de\/SharedDocs\/DE\/Anlage\/VerkehrUndMobilitaet\/seeverkehrsprognose-endbericht-teil-1.pdf?__blob=publicationFile\" target=\"_blank\" class=\"broken_link\">eins<\/a>, <a href=\"http:\/\/www.bmvi.de\/SharedDocs\/DE\/Anlage\/VerkehrUndMobilitaet\/seeverkehrsprognose-endbericht-teil-2.pdf?__blob=publicationFile\" target=\"_blank\" class=\"broken_link\">zwei <\/a>und <a href=\"http:\/\/www.bmvi.de\/SharedDocs\/DE\/Anlage\/VerkehrUndMobilitaet\/seeverkehrsprognose-endbericht-teil-3.pdf?__blob=publicationFile\" target=\"_blank\" class=\"broken_link\">drei <\/a>sowie einen <a href=\"http:\/\/www.bmvi.de\/SharedDocs\/DE\/Anlage\/VerkehrUndMobilitaet\/seeverkehrsprognose-anlagen.pdf?__blob=publicationFile\" target=\"_blank\" class=\"broken_link\">Anlagenband<\/a>.<\/li>\n<li><strong>Jahr 2013<\/strong>: &#8220;<a href=\"http:\/\/www.bmvi.de\/SharedDocs\/DE\/Anlage\/VerkehrUndMobilitaet\/verkehrsverflechtungsprognose-2030-schlussbericht-los-3.pdf?__blob=publicationFile\" target=\"_blank\" class=\"broken_link\">Verkehrsverflechtungsprognose 2030 sowie Netzumlegung auf die<\/a><br \/>\n<a href=\"https:\/\/www.bmvi.de\/SharedDocs\/DE\/Anlage\/VerkehrUndMobilitaet\/verkehrsverflechtungsprognose-2030-seeverkehr-schlussbericht-los-2.pdf?__blob=publicationFile\" target=\"_blank\" class=\"broken_link\">Verkehrstr\u00e4ger Los 2 (Seeverkehrsprognose)<\/a>&#8220;, Hrsg.: MWP GmbH, IHS, Uniconsult,<br \/>\nFraunhofer CML, Hamburg und Frankfurt 2014.<\/li>\n<\/ul>\n<p>&nbsp;<\/p>\n<div><\/div>\n","protected":false},"excerpt":{"rendered":"<p>Eine erste Umschlagsprognose wurde f\u00fcr den aktuell g\u00fcltigen Bundesverkehrswegeplan 2003 erstellt. Das Instituts f\u00fcr Seeverkehrswirtschaft und Logistik ISL ver\u00f6ffentlichte im Jahr 2000 die Studie &#8220;Entwicklungstendenzen der deutschen Nordseeh\u00e4fen bis zum Jahre 2015&#8220;, die Prognosen f\u00fcr die Umschlagsentwicklung der deutschen H\u00e4fen bis in das Jahr 2015 beinhaltet. Das in 2000 f\u00fcr das Jahr 2015 vorhergesagte Containervolumen &hellip; <a href=\"https:\/\/www.hamburg-fuer-die-elbe.de\/?page_id=7137\" class=\"more-link\"><span class=\"screen-reader-text\">Containerumschlag<\/span> weiterlesen <span class=\"meta-nav\">&rarr;<\/span><\/a><\/p>\n","protected":false},"author":2,"featured_media":0,"parent":7135,"menu_order":1,"comment_status":"closed","ping_status":"closed","template":"","meta":{"footnotes":""},"_links":{"self":[{"href":"https:\/\/www.hamburg-fuer-die-elbe.de\/index.php?rest_route=\/wp\/v2\/pages\/7137"}],"collection":[{"href":"https:\/\/www.hamburg-fuer-die-elbe.de\/index.php?rest_route=\/wp\/v2\/pages"}],"about":[{"href":"https:\/\/www.hamburg-fuer-die-elbe.de\/index.php?rest_route=\/wp\/v2\/types\/page"}],"author":[{"embeddable":true,"href":"https:\/\/www.hamburg-fuer-die-elbe.de\/index.php?rest_route=\/wp\/v2\/users\/2"}],"replies":[{"embeddable":true,"href":"https:\/\/www.hamburg-fuer-die-elbe.de\/index.php?rest_route=%2Fwp%2Fv2%2Fcomments&post=7137"}],"version-history":[{"count":8,"href":"https:\/\/www.hamburg-fuer-die-elbe.de\/index.php?rest_route=\/wp\/v2\/pages\/7137\/revisions"}],"predecessor-version":[{"id":8127,"href":"https:\/\/www.hamburg-fuer-die-elbe.de\/index.php?rest_route=\/wp\/v2\/pages\/7137\/revisions\/8127"}],"up":[{"embeddable":true,"href":"https:\/\/www.hamburg-fuer-die-elbe.de\/index.php?rest_route=\/wp\/v2\/pages\/7135"}],"wp:attachment":[{"href":"https:\/\/www.hamburg-fuer-die-elbe.de\/index.php?rest_route=%2Fwp%2Fv2%2Fmedia&parent=7137"}],"curies":[{"name":"wp","href":"https:\/\/api.w.org\/{rel}","templated":true}]}}