{"id":83,"date":"2013-10-12T13:17:09","date_gmt":"2013-10-12T11:17:09","guid":{"rendered":"http:\/\/localhost\/wordpress\/?page_id=30"},"modified":"2019-03-01T20:08:23","modified_gmt":"2019-03-01T18:08:23","slug":"impressum","status":"publish","type":"page","link":"https:\/\/www.hamburg-fuer-die-elbe.de\/?page_id=83","title":{"rendered":"Impressum"},"content":{"rendered":"<p>B\u00fcrgerinitiative <strong><span style=\"color: #3366ff;\">Hamburg f\u00fcr die Elbe<\/span><\/strong><\/p>\n<p>V.i.S.d.P.: Sabine Klingemann, Isernrade 26, 22589 Hamburg<\/p>\n<p><strong><span style=\"color: #3366ff;\">Kontakt:<\/span><\/strong> info(at)hamburg-fuer-die-elbe.de oder nutzen Sie unser <a title=\"Wir \u00fcber uns \u2013 Kontakt\" href=\"https:\/\/www.hamburg-fuer-die-elbe.de\/?page_id=21\">Kontaktformular<\/a>.<br \/>\n<span style=\"color: #3366ff;\"><strong>Unsere Facebookseite:<\/strong><\/span> <a href=\"https:\/\/www.facebook.com\/Elbvertiefung.Hamburg\" target=\"_blank\" rel=\"noopener\">https:\/\/www.facebook.com\/Elbvertiefung.Hamburg<\/a><\/p>\n<p><span style=\"color: #3366ff;\"><strong>Unser Flyer<\/strong><\/span> zu den Gesamtkosten der Elbvertiefung:<\/p>\n<ul>\n<li><a href=\"https:\/\/www.hamburg-fuer-die-elbe.de\/wordpress\/wp-content\/uploads\/2013\/07\/Elbvertiefung_Flyer_Endversion.pdf\" target=\"_blank\" rel=\"noopener\">Druckversion<\/a>\u00a0(Variante Z-Falz)<\/li>\n<li><a href=\"https:\/\/www.hamburg-fuer-die-elbe.de\/wordpress\/wp-content\/uploads\/2013\/10\/Flyer-f\u00fcr-Internet.pdf\" target=\"_blank\" rel=\"noopener\">Leseversion<\/a> f\u00fcr den Bildschirm<\/li>\n<\/ul>\n<p>Flyer zum Auslegen oder Verteilen k\u00f6nnen per Email unter info(at)hamburg-fuer-die-elbe.de bestellt werden.<\/p>\n<p><span style=\"color: #3366ff;\"><strong>Spenden:<\/strong><\/span><br \/>\nWir freuen uns \u00fcber Ihre Spenden. Bitte \u00fcberweisen Sie an den <a href=\"https:\/\/www.comm-ev.de\">COMM e.V.<\/a> mit dem\u00a0 Verwendungszweck &#8220;Hamburg fuer die Elbe&#8221; an folgende Bankverbindung:<br \/>\nKonto: 2030 420 441, BLZ: 430 609 67<br \/>\nIBAN: <strong>DE32 430 609 67 2030 420 441<\/strong>, BIC: <strong><label id=\"bic-ibanRechner\">GENODEM1GLS<\/label><\/strong><\/p>\n<p>Der <a href=\"https:\/\/www.comm-ev.de\/index.php\/spenden\/\" target=\"_blank\" rel=\"noopener\">COMM e.V. ist als \u201cgemeinn\u00fctzig\u201d<\/a> anerkannt. Spenden an uns d\u00fcrfen somit einkommensteuermindernd geltend gemacht werden. Auf Wunsch (vom Finanzamt erst ab 200 \u20ac verlangt) und wenn Sie uns Ihre Adresse mitteilen, \u00fcbersenden wir Ihnen nach Ablauf des Kalenderjahres gerne eine sogenannte Zuwendungsbest\u00e4tigung.<\/p>\n<p>Unseren<a href=\"https:\/\/de.wikipedia.org\/wiki\/Disclaimer\" target=\"_blank\" rel=\"noopener\"><strong> Disclaimer<\/strong> <\/a>finden Sie nachfolgend.<\/p>\n<p><strong>1. Haftungsbeschr\u00e4nkung<\/strong><br \/>\nDie Inhalte dieser Internetseite haben wir mit gr\u00f6\u00dftm\u00f6glicher Sorgfalt und nach bestem Gewissen erstellt. Dennoch \u00fcbernehmen wir als Anbieter dieser Webseite keine Gew\u00e4hr f\u00fcr die Aktualit\u00e4t, Vollst\u00e4ndigkeit und Richtigkeit der bereitgestellten Seiten und Inhalte.<\/p>\n<p>Als Diensteanbieter sind wir nach \u00a7 7 Abs. 1 TMG f\u00fcr eigene Inhalte und bereitgestellte Informationen auf diesen Seiten nach den allgemeinen Gesetzen verantwortlich. Wir sind nach den \u00a7\u00a7 8 bis 10 TMG jedoch nicht verpflichtet, die \u00fcbermittelten oder gespeicherten fremden Informationen zu \u00fcberwachen. Eine Entfernung oder Sperrung dieser Inhalte erfolgt umgehend ab dem Zeitpunkt der Kenntnis einer konkreten Rechtsverletzung. Eine Haftung ist erst ab dem Zeitpunkt der Kenntniserlangung m\u00f6glich.<\/p>\n<p><strong>2. Externe Links<\/strong><br \/>\nUnsere Webseite enth\u00e4lt \u201eexterne Links\u201c (Verlinkungen) zu anderen Webseiten, auf deren Inhalt wir keinen Einfluss haben. Aus diesem Grund k\u00f6nnen wir f\u00fcr diese Inhalte auch keine Gew\u00e4hr \u00fcbernehmen. F\u00fcr die Inhalte und Richtigkeit der bereitgestellten Informationen ist der jeweilige Anbieter der von uns verlinkten Webseite verantwortlich. Zum Zeitpunkt der Verlinkung waren f\u00fcr uns keine Rechtsverst\u00f6\u00dfe erkennbar. Bei Bekanntwerden einer solchen Rechtsverletzung werden wir den Link umgehend entfernen.<\/p>\n<p><strong>3. Urheberrecht\/Leistungsschutzrecht<\/strong><br \/>\nDie auf unserer Webseite ver\u00f6ffentlichten Inhalte und Werke unterliegen dem deutschen Urheberrecht und Leistungsschutzrecht.<br \/>\nSofern nicht wir als Betreiber auch als Ersteller der Inhalte fungieren, werden die Urheberrechte von Dritten beachtet. Wir sind bem\u00fcht solche Inhalte als Inhalte Dritter zu kennzeichnen. Wir bitten Sie f\u00fcr den Fall, dass Ihnen trotz sorgf\u00e4ltiger Arbeit unsererseits, eine Urheberrechtsverletzung auff\u00e4llt, uns darauf hinzuweisen, sodass die Entfernung dieser Inhalte umgehend vorgenommen werden kann.<\/p>\n<p><strong>4. Datenschutz<\/strong><br \/>\nDurch den Besuch unserer Internetauftritts k\u00f6nnen Informationen (Datum, Uhrzeit, aufgerufene Seite) \u00fcber den Zugriff auf dem Server gespeichert werden. Es werden keine personenbezogenenen (z. B. Name, Anschrift oder E-Mail-Adresse) Daten, gespeichert.<\/p>\n<p>Wir erheben keine personenbezogenen Daten.<br \/>\nSollten von uns personenbezogene Daten im Rahmen z.B. einer Petition erhoben werden, erfolgt dies nur mit Ihrem vorherigen Einverst\u00e4ndnis. Eine Weitergabe der Daten an Dritte findet ohne Ihre ausdr\u00fcckliche Zustimmung nicht statt.<\/p>\n<p>Wir weisen darauf hin, dass die \u00dcbertragung von Daten im Internet (z. B. Kontaktaufnahme per E-Mail) Sicherheitsl\u00fccken aufweisen und ein Schutz der Daten vor dem Zugriff Dritter nicht gew\u00e4hrleistet werden kann. F\u00fcr die aus derartigen Sicherheitsl\u00fccken entstandenen Sch\u00e4den \u00fcbernehmen wir keine Haftung.<\/p>\n","protected":false},"excerpt":{"rendered":"<p>B\u00fcrgerinitiative Hamburg f\u00fcr die Elbe V.i.S.d.P.: Sabine Klingemann, Isernrade 26, 22589 Hamburg Kontakt: info(at)hamburg-fuer-die-elbe.de oder nutzen Sie unser Kontaktformular. Unsere Facebookseite: https:\/\/www.facebook.com\/Elbvertiefung.Hamburg Unser Flyer zu den Gesamtkosten der Elbvertiefung: Druckversion\u00a0(Variante Z-Falz) Leseversion f\u00fcr den Bildschirm Flyer zum Auslegen oder Verteilen k\u00f6nnen per Email unter info(at)hamburg-fuer-die-elbe.de bestellt werden. Spenden: Wir freuen uns \u00fcber Ihre Spenden. Bitte &hellip; <a href=\"https:\/\/www.hamburg-fuer-die-elbe.de\/?page_id=83\" class=\"more-link\"><span class=\"screen-reader-text\">Impressum<\/span> weiterlesen <span class=\"meta-nav\">&rarr;<\/span><\/a><\/p>\n","protected":false},"author":2,"featured_media":0,"parent":2,"menu_order":3,"comment_status":"closed","ping_status":"closed","template":"","meta":{"footnotes":""},"_links":{"self":[{"href":"https:\/\/www.hamburg-fuer-die-elbe.de\/index.php?rest_route=\/wp\/v2\/pages\/83"}],"collection":[{"href":"https:\/\/www.hamburg-fuer-die-elbe.de\/index.php?rest_route=\/wp\/v2\/pages"}],"about":[{"href":"https:\/\/www.hamburg-fuer-die-elbe.de\/index.php?rest_route=\/wp\/v2\/types\/page"}],"author":[{"embeddable":true,"href":"https:\/\/www.hamburg-fuer-die-elbe.de\/index.php?rest_route=\/wp\/v2\/users\/2"}],"replies":[{"embeddable":true,"href":"https:\/\/www.hamburg-fuer-die-elbe.de\/index.php?rest_route=%2Fwp%2Fv2%2Fcomments&post=83"}],"version-history":[{"count":11,"href":"https:\/\/www.hamburg-fuer-die-elbe.de\/index.php?rest_route=\/wp\/v2\/pages\/83\/revisions"}],"predecessor-version":[{"id":11415,"href":"https:\/\/www.hamburg-fuer-die-elbe.de\/index.php?rest_route=\/wp\/v2\/pages\/83\/revisions\/11415"}],"up":[{"embeddable":true,"href":"https:\/\/www.hamburg-fuer-die-elbe.de\/index.php?rest_route=\/wp\/v2\/pages\/2"}],"wp:attachment":[{"href":"https:\/\/www.hamburg-fuer-die-elbe.de\/index.php?rest_route=%2Fwp%2Fv2%2Fmedia&parent=83"}],"curies":[{"name":"wp","href":"https:\/\/api.w.org\/{rel}","templated":true}]}}