{"id":832,"date":"2013-11-23T20:23:03","date_gmt":"2013-11-23T18:23:03","guid":{"rendered":"http:\/\/www.hamburg-fuer-die-elbe.de\/?page_id=832"},"modified":"2015-04-04T09:21:54","modified_gmt":"2015-04-04T08:21:54","slug":"a7-erweiterung","status":"publish","type":"page","link":"https:\/\/www.hamburg-fuer-die-elbe.de\/?page_id=832","title":{"rendered":"A7-Erweiterung"},"content":{"rendered":"<p>Die Autobahn A7 ist das Herzst\u00fcck der Stra\u00dfenanbindung des Hamburger Hafens. Von S\u00fcden kommend verl\u00e4uft sie als sechspurige, \u00fcber Stelzen erh\u00f6hte Stra\u00dfe \u00fcber die feuchten Marschfl\u00e4chen von Moorburg und Altenwerder. Sie zieht sich dicht zwischen den Containerterminals am Waltershofer Hafen (CTB und CTH) und Altenwerder CTA vorbei und ist zudem mit dem Elbtunnel die westlichste Stra\u00dfenverbindung nach Norddeutschland und Skandinavien.<\/p>\n<p>Am n\u00f6rdlichen Ausbau der A7 wird seit 2002, dem Abschluss der letzten Elbvertiefung gearbeitet. Eine Chronik dieser Planungsarbeiten ist auf <a href=\"http:\/\/www.neues-stellingen.de\/geschichte\/Geschichte_der_A7.html\">neues-stellingen.de <\/a>zu finden. Grunds\u00e4tzlich teilen sich die Planungen vom Elbtunnel aus betrachtet in eine s\u00fcdliche und eine n\u00f6rdliche Planung, die sich wiederum in einen Hamburger und Schleswig-Holsteiner Teil gliedert.<\/p>\n<p><strong>Nordteil-Hamburger Planung<\/strong><br \/>\nF\u00fcr den sich vom Elbtunnel n\u00f6rdlich befindenden Teil der A7 wird aktuell durch Hamburg ein Planfeststellungsverfahren f\u00fcr eine Erweiterung der Spuren zwischen der Anschlussstelle Hamburg-Volkspark und dem Autobahndreieck Nordwest betrieben. Auf 11,6 Kilometer soll die A7 um zwei Fahrspuren auf 6 bzw. 8 Fahrspuren erweitert werden. In der Begr\u00fcndung des Planfeststellungsantrags wird angef\u00fchrt, dass der Ausbau erforderlich sei, \u201cum die Leistungsf\u00e4higkeit des Verkehrsnetzes den Verkehrsbelastungen anzupassen. Dies tr\u00e4gt zur Erh\u00f6hung der Wirtschaftskraft der Region Hamburg sowie zur Verbesserung der Anbindungen des Hamburger Hafens bei.\u201c<a title=\"\" href=\"#_ftn1\">[1]<\/a> Hamburg meint, mit der A7-Erweiterung\u00a0 den stark gestiegenen Verkehrs- und Umwelterfordernissen, insbesondere durch die Entwicklung bei den Hafenhinterlandverkehren, entsprechen zu k\u00f6nnen.<a title=\"\" href=\"#_ftn2\">[2]<\/a> Aufgrund der trennenden Wirkung der A7 f\u00fcr die Stadtteile Othmarschen, Bahrenfeld, Stellingen und Eidelstedt wird zudem eine \u00dcberdeckelung der A7 angestrebt.<\/p>\n<p>Die Projektrealisation wird durch die DEGES-Deutsche Einheit Fernstra\u00dfenplanungs- und -bau GmbH beauftragt, an der Hamburg mit 7,2 % beteiligt ist. Die DEGES gibt die Baukosten, die der Bund tr\u00e4gt, ohne Kosten f\u00fcr den \u201eDeckel\u201c an. Die Deckelkosten werden von Hamburg getragen werden.<a title=\"\" href=\"#_ftn3\">[3]<\/a> Als erstes Teilprojekt wurde die Br\u00fccke der G\u00fcterumgehungsbahn bei Eidelstedt fertiggestellt. Die Stellinger Autobahnbr\u00fccke als Eisenbahnquerung wird derzeit abgebrochen.<\/p>\n<p><strong>Kosten<\/strong> \u00a0\u00a0\u00a0\u00a0\u00a0\u00a0\u00a0\u00a0\u00a0\u00a0\u00a0\u00a0\u00a0\u00a0\u00a0\u00a0\u00a0\u00a0\u00a0\u00a0\u00a0\u00a0\u00a0\u00a0\u00a0\u00a0\u00a0\u00a0\u00a0\u00a0\u00a0\u00a0\u00a0\u00a0\u00a0\u00a0\u00a0\u00a0\u00a0\u00a0\u00a0\u00a0\u00a0\u00a0\u00a0\u00a0\u00a0\u00a0\u00a0\u00a0\u00a0\u00a0\u00a0\u00a0\u00a0\u00a0\u00a0\u00a0\u00a0 Hamburger Anteil\u00a0\u00a0\u00a0\u00a0\u00a0\u00a0\u00a0\u00a0\u00a0\u00a0\u00a0\u00a0\u00a0\u00a0\u00a0\u00a0\u00a0\u00a0\u00a0\u00a0\u00a0\u00a0\u00a0\u00a0\u00a0\u00a0\u00a0\u00a0\u00a0\u00a0\u00a0\u00a0\u00a0\u00a0 Bundesanteil<br \/>\nStand 2013\u00a0\u00a0\u00a0\u00a0\u00a0\u00a0\u00a0\u00a0\u00a0\u00a0\u00a0\u00a0\u00a0\u00a0\u00a0\u00a0\u00a0\u00a0\u00a0\u00a0\u00a0\u00a0\u00a0\u00a0\u00a0\u00a0\u00a0\u00a0\u00a0\u00a0\u00a0\u00a0\u00a0\u00a0\u00a0\u00a0\u00a0\u00a0\u00a0\u00a0\u00a0\u00a0\u00a0\u00a0\u00a0\u00a0\u00a0\u00a0\u00a0\u00a0\u00a0\u00a0\u00a0\u00a0\u00a0\u00a0\u00a0\u00a0 41.000.000 \u20ac\u00a0\u00a0\u00a0\u00a0\u00a0\u00a0\u00a0\u00a0\u00a0\u00a0\u00a0\u00a0\u00a0\u00a0\u00a0\u00a0\u00a0\u00a0\u00a0\u00a0\u00a0\u00a0\u00a0\u00a0\u00a0\u00a0\u00a0\u00a0\u00a0\u00a0\u00a0\u00a0\u00a0\u00a0\u00a0\u00a0\u00a0\u00a0 675.000.000 \u20ac<a title=\"\" href=\"#_ftn4\">[4]<\/a><\/p>\n<p><strong>Nordteil-Schleswig-Holsteiner Planung<\/strong><strong><br \/>\n<\/strong>Die Fortf\u00fchrung der A7 von der Hamburger Landesgrenze bis zum Autobahndreieck Bordesholm ist ein weiterer Baustein, um die A7 f\u00fcr die bestehenden und kommenden Anforderungen aus dem Hamburger Hafen zu ert\u00fcchtigen. Auch Schleswig-Holstein an der DEGES beteiligt und hat die DEGES mit der Realisation beauftragt. Die Erweiterung von Hamburg nach Bordesholm wird durch den Bund finanziert.<\/p>\n<p><strong>Kosten<\/strong> \u00a0\u00a0\u00a0\u00a0\u00a0\u00a0\u00a0\u00a0\u00a0\u00a0\u00a0\u00a0\u00a0 \u00a0 \u00a0 \u00a0 \u00a0 \u00a0 \u00a0 \u00a0 \u00a0 \u00a0 \u00a0 \u00a0 \u00a0 \u00a0 \u00a0 \u00a0 \u00a0 \u00a0 \u00a0 \u00a0 \u00a0 \u00a0 \u00a0 \u00a0\u00a0 \u00a0\u00a0\u00a0\u00a0\u00a0 Hamburger Anteil\u00a0\u00a0\u00a0\u00a0\u00a0\u00a0\u00a0\u00a0\u00a0\u00a0\u00a0\u00a0\u00a0\u00a0\u00a0\u00a0\u00a0\u00a0\u00a0\u00a0\u00a0\u00a0\u00a0\u00a0\u00a0\u00a0\u00a0\u00a0\u00a0\u00a0\u00a0\u00a0\u00a0\u00a0 Bundesanteil<br \/>\nStand 2013\u00a0\u00a0\u00a0\u00a0\u00a0\u00a0\u00a0\u00a0\u00a0\u00a0\u00a0\u00a0\u00a0\u00a0\u00a0\u00a0\u00a0\u00a0\u00a0\u00a0\u00a0\u00a0\u00a0\u00a0\u00a0\u00a0\u00a0\u00a0\u00a0\u00a0\u00a0\u00a0\u00a0\u00a0\u00a0\u00a0\u00a0\u00a0\u00a0\u00a0\u00a0\u00a0\u00a0\u00a0\u00a0\u00a0\u00a0\u00a0\u00a0\u00a0\u00a0\u00a0\u00a0\u00a0\u00a0\u00a0\u00a0\u00a0\u00a0\u00a0\u00a0\u00a0\u00a0\u00a0\u00a0\u00a0\u00a0\u00a0\u00a0\u00a0\u00a0\u00a0 0 \u20ac\u00a0\u00a0\u00a0\u00a0\u00a0\u00a0\u00a0\u00a0\u00a0\u00a0\u00a0\u00a0\u00a0\u00a0\u00a0\u00a0\u00a0\u00a0\u00a0\u00a0\u00a0\u00a0\u00a0\u00a0\u00a0\u00a0\u00a0\u00a0\u00a0\u00a0\u00a0\u00a0\u00a0\u00a0\u00a0\u00a0\u00a0\u00a0\u00a0\u00a0\u00a0\u00a0\u00a0\u00a0\u00a0\u00a0\u00a0\u00a0 338.500.000 \u20ac<a title=\"\" href=\"#_ftn5\">[5]<\/a><\/p>\n<div>\n<p><strong>S\u00fcdlicher Teil<br \/>\n<\/strong>Der s\u00fcdliche Teil der A7 zwischen Elbtunnel und Hamburg Heimfeld ist eine Br\u00fcckenstrecke, die in den kommenden 10 Jahren vollst\u00e4ndig saniert werden muss.<a href=\"#_ftn6\">[6]<\/a><\/p>\n<p>Der erste Bauabschnitt beginnt im November 2013 bei der \u00dcberquerung der B73 in Heimfeld <a href=\"#_ftn7\">[7]<\/a>, dem sich in den Folgejahren weitere Br\u00fcckenteile <a href=\"#_ftn8\">[8]<\/a> anschlie\u00dfen werden. Die Sanierung wird mit einer Autobahnerweiterung von sechs auf acht Spuren verkn\u00fcpft. Die Finanzierung soll durch den Bund \u00fcbernommen werden. Die Gesamtkosten sind derzeit nicht \u00f6ffentlich zug\u00e4nglich.<\/p>\n<\/div>\n<div>Lesen Sie weiter zu den <a href=\"https:\/\/www.hamburg-fuer-die-elbe.de\/?page_id=682\">-&gt; S\u00fcderelbefonds<\/a><\/div>\n<div>\n<hr align=\"left\" size=\"1\" width=\"33%\" \/>\n<div>\n<p><a title=\"\" href=\"#_ftnref1\">[1]<\/a> FHH Beh\u00f6rde f\u00fcr Stadtentwicklung und Umwelt, Amt f\u00fcr Verkehr und Stra\u00dfenwesen, \u201e<a href=\"http:\/\/static.hamburg.de\/fhh\/behoerden\/bwvi\/verkehr\/dl-planaenderungsunterlagen.zip\" target=\"_blank\">Planfeststellung A7, 6-\/8-streifige Erweiterung von der AS HH-Othmarschen bis zur Landesgrenze HH\/SH, Erl\u00e4uterungsbericht zum Planfeststellungsverfahren<\/a>\u201c,\u00a0 Hamburg 2010, ZIP-komprimierter Ordner<br \/>\n<a title=\"\" href=\"#_ftnref2\">[2]<\/a> Hamburgische B\u00fcrgerschaft, Mitteilung des Senats an die B\u00fcrgerschaft, \u201eAusbau der BAB A7\u201c, <a title=\"\" href=\"#_ftnref3\">Drucksache 19\/2471<br \/>\n[3]<\/a> Hamburgische B\u00fcrgerschaft, Mitteilung des Senats an die B\u00fcrgerschaft, \u201eAusbau der BAB A7\u201c, <a href=\"https:\/\/www.buergerschaft-hh.de\/ParlDok\/dokument\/34307\/entwicklung-der-fl%c3%a4chen-im-hamburger-hafen.pdf\" target=\"_blank\" class=\"broken_link\">Drucksache 19\/2471<\/a>, den Kosten von 167 Mio. Euro werden Erl\u00f6se aus dem Deckelbau resultierenden Fl\u00e4chenumwandlungen von 126 Mio. Euro gegen\u00fcbergestellt.<br \/>\n<a title=\"\" href=\"#_ftnref4\">[4]<\/a> DEGES, &#8220;A 7: AS HH-Othmarschen &#8211; Landesgrenzen Hamburg\/Schleswig-Holstein&#8221;, <a title=\"\" href=\"#_ftnref5\">Projektbeschreibung<br \/>\n[5]<\/a> DEGES, &#8220;A 7: Landesgrenze Hamburg\/Schleswig-Holstein &#8211; AD Bordesholm&#8221;, <a href=\"#_ftnref6\">Projektbeschreibung<\/a><br \/>\n<a href=\"#_ftnref6\">[6]<\/a> Hamburger Abendblatt, &#8220;<a href=\"http:\/\/www.google.de\/url?sa=t&amp;rct=j&amp;q=&amp;esrc=s&amp;source=web&amp;cd=1&amp;cad=rja&amp;ved=0CDUQqQIwAA&amp;url=http%3A%2F%2Fwww.abendblatt.de%2Fhamburg%2Fharburg%2Farticle122062215%2FJetzt-kommt-es-ganz-dick-Zehn-Jahre-Dauerstau-in-Harburg.html&amp;ei=jdyRUrPSB9HEswaIiIGYBw&amp;usg=AFQjCNFgyqwd64QCZJYr214tCfzqFuekHg&amp;bvm=bv.57127890,d.Yms\" target=\"_blank\">Zehn Jahre Dauerstau in Harburg<\/a>&#8221; vom 20.11.2013<br \/>\n<a href=\"#_ftnref7\">[7]<\/a> Hamburgische B\u00fcrgerschaft, Schriftliche kleine Anfrage, \u201eSanierung der A7-Br\u00fccke \u00fcber die B 73\u201c, <a href=\"https:\/\/www.buergerschaft-hh.de\/ParlDok\/dokument\/41962\/sanierung-der-a7-br%c3%bccke-%c3%bcber-die-b-73.pdf\" target=\"_blank\" class=\"broken_link\">Drucksache 20\/8964<\/a><br \/>\n<a href=\"#_ftnref8\">[8]<\/a> Hamburgische B\u00fcrgerschaft,\u00a0Schriftliche kleine Anfrage, \u201eSteuert Hamburg sehenden Auges in das n\u00e4chste Verkehrschaos auf der A 7?\u201c, <a href=\"https:\/\/www.buergerschaft-hh.de\/ParlDok\/dokument\/41965\/steuert-hamburg-sehenden-auges-in-das-n%c3%a4chste-verkehrschaos-auf-der-a-7-.pdf\" target=\"_blank\" class=\"broken_link\">Drucksache 20\/8967<\/a><\/p>\n<\/div>\n<\/div>\n","protected":false},"excerpt":{"rendered":"<p>Die Autobahn A7 ist das Herzst\u00fcck der Stra\u00dfenanbindung des Hamburger Hafens. Von S\u00fcden kommend verl\u00e4uft sie als sechspurige, \u00fcber Stelzen erh\u00f6hte Stra\u00dfe \u00fcber die feuchten Marschfl\u00e4chen von Moorburg und Altenwerder. Sie zieht sich dicht zwischen den Containerterminals am Waltershofer Hafen (CTB und CTH) und Altenwerder CTA vorbei und ist zudem mit dem Elbtunnel die westlichste &hellip; <a href=\"https:\/\/www.hamburg-fuer-die-elbe.de\/?page_id=832\" class=\"more-link\"><span class=\"screen-reader-text\">A7-Erweiterung<\/span> weiterlesen <span class=\"meta-nav\">&rarr;<\/span><\/a><\/p>\n","protected":false},"author":2,"featured_media":0,"parent":156,"menu_order":7,"comment_status":"closed","ping_status":"closed","template":"","meta":{"footnotes":""},"_links":{"self":[{"href":"https:\/\/www.hamburg-fuer-die-elbe.de\/index.php?rest_route=\/wp\/v2\/pages\/832"}],"collection":[{"href":"https:\/\/www.hamburg-fuer-die-elbe.de\/index.php?rest_route=\/wp\/v2\/pages"}],"about":[{"href":"https:\/\/www.hamburg-fuer-die-elbe.de\/index.php?rest_route=\/wp\/v2\/types\/page"}],"author":[{"embeddable":true,"href":"https:\/\/www.hamburg-fuer-die-elbe.de\/index.php?rest_route=\/wp\/v2\/users\/2"}],"replies":[{"embeddable":true,"href":"https:\/\/www.hamburg-fuer-die-elbe.de\/index.php?rest_route=%2Fwp%2Fv2%2Fcomments&post=832"}],"version-history":[{"count":20,"href":"https:\/\/www.hamburg-fuer-die-elbe.de\/index.php?rest_route=\/wp\/v2\/pages\/832\/revisions"}],"predecessor-version":[{"id":5892,"href":"https:\/\/www.hamburg-fuer-die-elbe.de\/index.php?rest_route=\/wp\/v2\/pages\/832\/revisions\/5892"}],"up":[{"embeddable":true,"href":"https:\/\/www.hamburg-fuer-die-elbe.de\/index.php?rest_route=\/wp\/v2\/pages\/156"}],"wp:attachment":[{"href":"https:\/\/www.hamburg-fuer-die-elbe.de\/index.php?rest_route=%2Fwp%2Fv2%2Fmedia&parent=832"}],"curies":[{"name":"wp","href":"https:\/\/api.w.org\/{rel}","templated":true}]}}