{"id":91,"date":"2013-10-13T10:57:16","date_gmt":"2013-10-13T08:57:16","guid":{"rendered":"http:\/\/localhost\/wordpress\/?page_id=86"},"modified":"2015-05-25T17:43:04","modified_gmt":"2015-05-25T16:43:04","slug":"stiftung-elbefonds","status":"publish","type":"page","link":"https:\/\/www.hamburg-fuer-die-elbe.de\/?page_id=91","title":{"rendered":"Stiftung Elbefonds"},"content":{"rendered":"<p>Die \u00fcber 200 kleineren H\u00e4fen an der Elbe sind urs\u00e4chlich durch die letzte Elbvertiefung von Verschlickung betroffen. Die erforderlichen Baggerma\u00dfnahmen \u00fcberfordern die kleinen H\u00e4fen finanziell. Zur Minderung der finanziellen Belastung dieser betroffenen kleinen H\u00e4fen wurde in 2007 von der Stadt Hamburg die Stiftung Elbefonds <a title=\"\" href=\"#_ftn1\">[1]<\/a> gegr\u00fcndet und mit einem Kapitalstock von 10.000.000 Euro ausgestattet, der nicht angetastet werden darf. Der Fonds soll auf Antrag der kleinen H\u00e4fen bis zu jeweils 30 % der Baggerkosten aus den Stiftungs\u00fcbersch\u00fcssen, d.h. den Zinsertr\u00e4gen des Kapitalstocks, \u00fcbernehmen.<\/p>\n<p>Zur Stiftungsgr\u00fcndung wurde mit Zinsertr\u00e4gen von 400.000 Euro p.a.<a title=\"\" href=\"#_ftn1\">[1]<\/a> gerechnet. In den 6 Jahren von 2008 bis 2013 wurden nach Abzug der Verwaltungskosten insgesamt 1.300.000 Euro realisiert, also durchschnittlich 220.000 Euro <a href=\"https:\/\/www.hamburg-fuer-die-elbe.de\/wordpress\/wp-content\/uploads\/2013\/10\/MaritimeLandschaftUnterelbe2.jpg\" target=\"_blank\"><img loading=\"lazy\" decoding=\"async\" class=\"alignright wp-image-6581\" src=\"https:\/\/www.hamburg-fuer-die-elbe.de\/wordpress\/wp-content\/uploads\/2013\/10\/MaritimeLandschaftUnterelbe2-298x300.jpg\" alt=\"MaritimeLandschaftUnterelbe2\" width=\"200\" height=\"201\" srcset=\"https:\/\/www.hamburg-fuer-die-elbe.de\/wordpress\/wp-content\/uploads\/2013\/10\/MaritimeLandschaftUnterelbe2-298x300.jpg 298w, https:\/\/www.hamburg-fuer-die-elbe.de\/wordpress\/wp-content\/uploads\/2013\/10\/MaritimeLandschaftUnterelbe2-150x150.jpg 150w, https:\/\/www.hamburg-fuer-die-elbe.de\/wordpress\/wp-content\/uploads\/2013\/10\/MaritimeLandschaftUnterelbe2-144x144.jpg 144w, https:\/\/www.hamburg-fuer-die-elbe.de\/wordpress\/wp-content\/uploads\/2013\/10\/MaritimeLandschaftUnterelbe2.jpg 503w\" sizes=\"(max-width: 200px) 100vw, 200px\" \/><\/a>p.a.<a title=\"\" href=\"#_ftn2\">[2]<\/a>\u00a0<a title=\"\" href=\"#_ftn3\">[3]<\/a> Die Gelder werden fr\u00fchestens bereitgestellt, wenn die tats\u00e4chliche Durchf\u00fchrung des Planfeststellungsbeschlusses vom 23.04.2012 zur neuen Elbvertiefung garantiert ist.<br \/>\nDie Stiftung samt Kuratorium hat ihren Sitz bei der\u00a0 Gesch\u00e4ftsstelle der \u201e<a href=\"http:\/\/www.maritime-elbe.de\/wir-ueber-uns\/stiftung-elbefonds.html\" target=\"_blank\">Maritimen Landschaft<\/a> Unterelbe GbR\u201c. F\u00fcr die Gesamtkostenberechnung wird nur der Stiftungsstock und nicht die Stiftungs\u00fcbersch\u00fcsse angesetzt.<\/p>\n<p><strong>Stiftungsverm\u00f6gen<\/strong><br \/>\nStand 2010:\u00a0\u00a0\u00a0\u00a0\u00a0\u00a0\u00a0\u00a0\u00a0\u00a0\u00a0\u00a0\u00a0\u00a0\u00a0\u00a0\u00a0\u00a0\u00a0\u00a0\u00a0\u00a0\u00a0\u00a0\u00a0\u00a0\u00a0\u00a0\u00a0\u00a0\u00a0\u00a0\u00a0\u00a0 10.000.000 \u20ac<a title=\"\" href=\"#_ftn1\">[1]<\/a><br \/>\nStand 2011:\u00a0\u00a0\u00a0\u00a0\u00a0\u00a0\u00a0\u00a0\u00a0\u00a0\u00a0\u00a0\u00a0\u00a0\u00a0\u00a0\u00a0\u00a0\u00a0\u00a0\u00a0\u00a0\u00a0\u00a0\u00a0\u00a0\u00a0\u00a0\u00a0\u00a0\u00a0\u00a0\u00a0\u00a0 10.000.000 \u20ac<a title=\"\" href=\"#_ftn2\">[2]<\/a><br \/>\nStand 2013:\u00a0\u00a0\u00a0\u00a0\u00a0\u00a0\u00a0\u00a0\u00a0\u00a0\u00a0\u00a0\u00a0\u00a0\u00a0\u00a0\u00a0\u00a0\u00a0\u00a0\u00a0\u00a0\u00a0\u00a0\u00a0\u00a0\u00a0\u00a0\u00a0\u00a0\u00a0\u00a0\u00a0\u00a0 10.000.000 \u20ac<a title=\"\" href=\"#_ftn3\">[3]<\/a><\/p>\n<p>Lesen Sie weiter bei der <a href=\"https:\/\/www.hamburg-fuer-die-elbe.de\/?page_id=93\">-&gt; Stiftung Lebensraum Elbe<\/a><\/p>\n<div>\n<hr align=\"left\" size=\"1\" width=\"33%\" \/>\n<div>\n<p><a title=\"\" href=\"#_ftnref1\">[1] <\/a>Hamburgische B\u00fcrgerschaft, Mitteilung des Senats an die B\u00fcrgerschaft: \u201eEntwurf eines Gesetzes \u00fcber die Einrichtung der Stiftung Elbefonds\u201c, <a title=\"\" href=\"https:\/\/www.buergerschaft-hh.de\/ParlDok\/dokument\/21104\/entwurf-eines-gesetzes-%c3%bcber-die-errichtung-der-stiftung-elbefonds.pdf\" class=\"broken_link\">Drucksache 18\/6717<\/a>.<a title=\"\" href=\"#_ftnref2\"><br \/>\n[2] <\/a>Hamburgische B\u00fcrgerschaft, Schriftliche Kleine Anfrage &#8220;Stiftung Elbefonds&#8221;, <a href=\"https:\/\/www.buergerschaft-hh.de\/ParlDok\/dokument\/43305\/stiftung-elbfonds.pdf\" class=\"broken_link\">Drucksache 20\/10224<\/a>. Dargestellt werden hier die gesamte Ertr\u00e4ge ohne Kosten. Die Jahresabschl\u00fcsse der Stiftung liegen uns vor und werden auf Anforderung gerne bereitgestellt.<br \/>\n<a title=\"\" href=\"#_ftnref3\">[3]<\/a> Hamburgische B\u00fcrgerschaft, Schriftliche Kleine Anfrage &#8220;Stiftung Elbefonds&#8221;,\u00a0 <a href=\"https:\/\/www.buergerschaft-hh.de\/ParlDok\/dokument\/48390\/stiftung-elbefonds.pdf\" class=\"broken_link\">Drucksache 21\/261<\/a>.<\/p>\n<\/div>\n<\/div>\n","protected":false},"excerpt":{"rendered":"<p>Die \u00fcber 200 kleineren H\u00e4fen an der Elbe sind urs\u00e4chlich durch die letzte Elbvertiefung von Verschlickung betroffen. Die erforderlichen Baggerma\u00dfnahmen \u00fcberfordern die kleinen H\u00e4fen finanziell. Zur Minderung der finanziellen Belastung dieser betroffenen kleinen H\u00e4fen wurde in 2007 von der Stadt Hamburg die Stiftung Elbefonds [1] gegr\u00fcndet und mit einem Kapitalstock von 10.000.000 Euro ausgestattet, der &hellip; <a href=\"https:\/\/www.hamburg-fuer-die-elbe.de\/?page_id=91\" class=\"more-link\"><span class=\"screen-reader-text\">Stiftung Elbefonds<\/span> weiterlesen <span class=\"meta-nav\">&rarr;<\/span><\/a><\/p>\n","protected":false},"author":2,"featured_media":0,"parent":86,"menu_order":4,"comment_status":"closed","ping_status":"open","template":"","meta":{"footnotes":""},"_links":{"self":[{"href":"https:\/\/www.hamburg-fuer-die-elbe.de\/index.php?rest_route=\/wp\/v2\/pages\/91"}],"collection":[{"href":"https:\/\/www.hamburg-fuer-die-elbe.de\/index.php?rest_route=\/wp\/v2\/pages"}],"about":[{"href":"https:\/\/www.hamburg-fuer-die-elbe.de\/index.php?rest_route=\/wp\/v2\/types\/page"}],"author":[{"embeddable":true,"href":"https:\/\/www.hamburg-fuer-die-elbe.de\/index.php?rest_route=\/wp\/v2\/users\/2"}],"replies":[{"embeddable":true,"href":"https:\/\/www.hamburg-fuer-die-elbe.de\/index.php?rest_route=%2Fwp%2Fv2%2Fcomments&post=91"}],"version-history":[{"count":13,"href":"https:\/\/www.hamburg-fuer-die-elbe.de\/index.php?rest_route=\/wp\/v2\/pages\/91\/revisions"}],"predecessor-version":[{"id":8931,"href":"https:\/\/www.hamburg-fuer-die-elbe.de\/index.php?rest_route=\/wp\/v2\/pages\/91\/revisions\/8931"}],"up":[{"embeddable":true,"href":"https:\/\/www.hamburg-fuer-die-elbe.de\/index.php?rest_route=\/wp\/v2\/pages\/86"}],"wp:attachment":[{"href":"https:\/\/www.hamburg-fuer-die-elbe.de\/index.php?rest_route=%2Fwp%2Fv2%2Fmedia&parent=91"}],"curies":[{"name":"wp","href":"https:\/\/api.w.org\/{rel}","templated":true}]}}