{"id":93,"date":"2013-10-13T11:24:31","date_gmt":"2013-10-13T09:24:31","guid":{"rendered":"http:\/\/localhost\/wordpress\/?page_id=90"},"modified":"2015-06-23T07:21:21","modified_gmt":"2015-06-23T06:21:21","slug":"stiftung-lebensraum-elbe","status":"publish","type":"page","link":"https:\/\/www.hamburg-fuer-die-elbe.de\/?page_id=93","title":{"rendered":"Stiftung Lebensraum Elbe"},"content":{"rendered":"<p>Die Stiftung Lebensraum Elbe (SLE) ist Ergebnis der schwarz-gr\u00fcnen Regierung von 2008 bis 2010. Damit die Gr\u00fcnen f\u00fcr die damalige Regierungsbildung die Kr\u00f6te &#8220;Elbvertiefung&#8221; schlucken, wurde im Koalitionsvertrag die Stiftungsgr\u00fcndung vereinbart.<a title=\"\" href=\"#_ftn1\">[1]<\/a> Die Stiftung sollte im Sp\u00e4tsommer 2009 gegr\u00fcndet werden.<a title=\"\" href=\"#_ftn2\">[2] <\/a>Die Gr\u00fcndung erfolgte erst im Mai 2010 per Gesetz als \u00f6ffentlich-rechtliche Stiftung, die unter Aufsicht der Umweltbeh\u00f6rde steht.<a title=\"\" href=\"#_ftn1\">[3] <\/a>Der Zweck ist in \u00a72 des Stiftungsgesetzes mit der &#8220;Verbesserung der \u00f6kologischen Situation der Tideelbe&#8221; festgelegt. Ein Stiftungsrat darf aus den Mitteln der Stiftung in einem gesetzlich vorgegebenen Rahmen Vorhaben finanzieren.<\/p>\n<p>Nach dem SLE Gesetz soll die Stiftung insgesamt \u00fcber ein Verm\u00f6gen von 40 Mio. Euro verf\u00fcgen. Das Stiftungsverm\u00f6gen besteht aus dem unantastbaren Stiftungskapital und dem freien Verm\u00f6gen, das f\u00fcr Vorhaben ausgegeben werden darf.<\/p>\n<p>Der unantastbare Stiftungskapital speist sich aus 10.000.000 \u20ac, die zu einem Drittel von der HPA und zu zwei Dritteln von der Stadt erbracht wurden. Das Stiftungskapital wird laut Gesetz \u00fcber Zuf\u00fchrungen an die Stiftung Lebensraum Elbe fortlaufend durch Zahlungen der<\/p>\n<ol>\n<li>der Stadt Hamburg ab 2011 mit 1% der aufgewendeten Mittel zur Verbesserung des Hochwasserschutzes und<\/li>\n<li>der HPA ab 2008 aus Gew\u00e4sserbeseitigungen mit 75.000 Euro pro beseitigtem Hektar Wasserfl\u00e4che erh\u00f6ht. Maximalbetrag 7,5 Mio. Euro binnen 10 Jahren.<\/li>\n<\/ol>\n<p>Das freie Stiftungsverm\u00f6gen wird aus der Abf\u00fchrung von 4% des durch die HPA erhobenen Hafengeldes und Ertr\u00e4gen aus der Anlage der Stiftungsgelder gespeist. Aus diesem Stiftungsverm\u00f6gen werden die gef\u00f6rderten Vorhaben und die Kosten der Selbstverwaltung getragen. Nach \u00a713 SLE-Gesetz\u00a0<a title=\"\" href=\"#_ftn3\">[3]<\/a> ist j\u00e4hrlich zum 31.3. des Folgejahres ein Jahresbericht zu ver\u00f6ffentlichen. Der erste Jahresbericht f\u00fcr das Jahr 2013 wurde im April 2015 <a title=\"\" href=\"#_ftn5\">[5]<\/a> publiziert. Berichte f\u00fcr die Jahre 2010 bis 2012 und 2014 stehen aus.<\/p>\n<p>Gesch\u00e4ftsberichte der Stiftung sind nicht bekannt. Lediglich \u00fcber den Wechsel der Gesch\u00e4ftsf\u00fchrung in 2013 liegen Infos vor.<a title=\"\" href=\"#_ftn4\">[4]<\/a> Obwohl die Stiftung mit insgesamt 40 Mio. Euro staatlichen Geldern ausgestattet werden soll, wird f\u00fcr die Kalkulation nur das jeweilige Stiftungsverm\u00f6gen\/Eigenkapital zum Jahresende betrachtet.<\/p>\n<p><strong>Stiftungsverm\u00f6gen<\/strong><br \/>\nStand 2010:\u00a0 \u00a0\u00a0\u00a0\u00a0\u00a0\u00a0\u00a0\u00a0\u00a0\u00a0\u00a0\u00a0\u00a0\u00a0\u00a0\u00a0\u00a0\u00a0\u00a0\u00a0\u00a0\u00a0\u00a0\u00a0\u00a0\u00a0\u00a0\u00a0\u00a0\u00a0\u00a0\u00a0\u00a0 10.000.000 \u20ac<a href=\"#_ftn3\">[3]<\/a><br \/>\nStand 2011:\u00a0\u00a0\u00a0\u00a0\u00a0\u00a0\u00a0\u00a0\u00a0\u00a0\u00a0\u00a0\u00a0\u00a0\u00a0\u00a0\u00a0\u00a0\u00a0\u00a0\u00a0\u00a0\u00a0\u00a0\u00a0\u00a0\u00a0\u00a0\u00a0\u00a0\u00a0\u00a0\u00a0\u00a0\u00a0 12.400.000 \u20ac<br \/>\nStand 2012:\u00a0\u00a0\u00a0\u00a0\u00a0\u00a0\u00a0\u00a0\u00a0\u00a0\u00a0\u00a0\u00a0\u00a0\u00a0\u00a0\u00a0\u00a0\u00a0\u00a0\u00a0\u00a0\u00a0\u00a0\u00a0\u00a0\u00a0\u00a0\u00a0\u00a0\u00a0\u00a0\u00a0\u00a0\u00a0 16.300.000 \u20ac<a href=\"#_ftn6\">[6]<\/a><br \/>\nStand 2013:\u00a0\u00a0\u00a0\u00a0\u00a0\u00a0\u00a0\u00a0\u00a0\u00a0\u00a0\u00a0\u00a0\u00a0\u00a0\u00a0\u00a0\u00a0\u00a0\u00a0\u00a0\u00a0\u00a0\u00a0\u00a0\u00a0\u00a0\u00a0\u00a0\u00a0\u00a0\u00a0\u00a0\u00a0\u00a0 18.363.000 \u20ac<a title=\"\" href=\"#_ftn5\">[5]<\/a> und <a href=\"#_ftn6\">[7]<\/a><br \/>\nStand 2014 (gesch\u00e4tzt)\u00a0\u00a0\u00a0\u00a0\u00a0\u00a0\u00a0\u00a0\u00a0\u00a0\u00a0\u00a0\u00a0 20.400.000 \u20ac<\/p>\n<p>Lesen Sie weiter bei der <a href=\"https:\/\/www.hamburg-fuer-die-elbe.de\/?page_id=134\">-&gt; Unterhaltungsbaggerei<\/a><\/p>\n<div>\n<hr align=\"left\" size=\"1\" width=\"33%\" \/>\n<div><a href=\"#_ftnref1\">[1]<\/a> <a href=\"https:\/\/hamburg.gruene.de\/sites\/default\/files\/dokument\/17-05-2010\/gal2008koalitionsvertraggalcdu19buergerschaft.pdf\" target=\"_blank\">Vertrag \u00fcber die Zusammenarbeit in der 19. Wahlperiode der Hamburgischen B\u00fcrgerschaft zwischen der CDU Hamburg und Die Gr\u00fcnen Hamburg<\/a><a title=\"\" href=\"#_ftnref1\">,<\/a> vom 17.04.2008, hier Seite 22 ff., letzter Absatz.<a title=\"\" href=\"#_ftnref1\"><br \/>\n<\/a><a href=\"#_ftnref2\">[2]<\/a> Die Welt, &#8220;<a href=\"http:\/\/www.google.de\/url?sa=t&amp;rct=j&amp;q=&amp;esrc=s&amp;source=web&amp;cd=2&amp;ved=0CCcQFjAB&amp;url=http%3A%2F%2Fwww.welt.de%2Fwelt_print%2Fvermischtes%2Fhamburg%2Farticle4374856%2FSchiffsgebuehren-finanzieren-Stiftung-Lebensraum-Elbe.html&amp;ei=Sw5OVbnzHsj_ygO6sYGYBw&amp;usg=AFQjCNGg9OUUrp8Au4GvNeROrAF8H6et_A&amp;bvm=bv.92885102,d.bGQ&amp;cad=rja\" target=\"_blank\">Schiffsgeb\u00fchren finanzieren Stiftung &#8220;Lebensraum Elbe&#8221;<\/a>&#8221; vom 22.08.2009.<br \/>\n<a href=\"#_ftnref3\">[3]<\/a> Hamburgische B\u00fcrgerschaft, Mitteilung des Senats an die B\u00fcrgerschaft: \u201eEntwurf eines Gesetzes \u00fcber die Stiftung Lebensraum Elbe\u201c, <a href=\"https:\/\/www.buergerschaft-hh.de\/ParlDok\/dokument\/28406\/entwurf-eines-gesetzes-%C3%BCber-die-stiftung-lebensraum-elbe.pdf\" target=\"_blank\" class=\"broken_link\">Drucksache 19\/5169<\/a><br \/>\n<a href=\"#_ftnref4\">[4]<\/a> Hamburgische B\u00fcrgerschaft, Schriftliche kleine Anfrage: \u201eStiftung Lebensraum Elbe (II)\u201c, <a href=\"https:\/\/www.buergerschaft-hh.de\/ParlDok\/dokument\/40744\/stiftung-lebensraum-elbe-ii-.pdf\" target=\"_blank\" class=\"broken_link\">Drucksache 20\/7838<\/a><br \/>\n<a href=\"#_ftnref5\">[5]<\/a> Stiftung Lebensraum Elbe, &#8220;<a href=\"http:\/\/www.stiftung-lebensraum-elbe.de\/fbfiles\/mediathek\/stiftung\/SLE%20Report%202013.pdf\" target=\"_blank\">F\u00fcr lebendige Flussnatur, Report 2013<\/a>&#8220;, Hamburg, April 2015<br \/>\n<a href=\"#_ftnref6\">[6]<\/a> Hamburgische B\u00fcrgerschaft, Schriftliche kleine Anfrage: \u201eStiftung Lebensraum Elbe\u201c, <a href=\"https:\/\/www.buergerschaft-hh.de\/ParlDok\/dokument\/38632\/stiftung-lebensraum-elbe.pdf\" target=\"_blank\" class=\"broken_link\">Drucksache 20\/5884<\/a>.<br \/>\n<a href=\"#_ftnref7\">[7]<\/a> Hamburgische B\u00fcrgerschaft, Schriftliche kleine Anfrage: \u201eStiftung Lebensraum Elbe\u201c, <a href=\"https:\/\/www.buergerschaft-hh.de\/ParlDok\/dokument\/48391\/stiftung-lebensraum-elbe.pdf\" target=\"_blank\" class=\"broken_link\">Drucksache 21\/262<\/a>.<\/div>\n<\/div>\n","protected":false},"excerpt":{"rendered":"<p>Die Stiftung Lebensraum Elbe (SLE) ist Ergebnis der schwarz-gr\u00fcnen Regierung von 2008 bis 2010. Damit die Gr\u00fcnen f\u00fcr die damalige Regierungsbildung die Kr\u00f6te &#8220;Elbvertiefung&#8221; schlucken, wurde im Koalitionsvertrag die Stiftungsgr\u00fcndung vereinbart.[1] Die Stiftung sollte im Sp\u00e4tsommer 2009 gegr\u00fcndet werden.[2] Die Gr\u00fcndung erfolgte erst im Mai 2010 per Gesetz als \u00f6ffentlich-rechtliche Stiftung, die unter Aufsicht der &hellip; <a href=\"https:\/\/www.hamburg-fuer-die-elbe.de\/?page_id=93\" class=\"more-link\"><span class=\"screen-reader-text\">Stiftung Lebensraum Elbe<\/span> weiterlesen <span class=\"meta-nav\">&rarr;<\/span><\/a><\/p>\n","protected":false},"author":2,"featured_media":0,"parent":86,"menu_order":5,"comment_status":"closed","ping_status":"open","template":"","meta":{"footnotes":""},"_links":{"self":[{"href":"https:\/\/www.hamburg-fuer-die-elbe.de\/index.php?rest_route=\/wp\/v2\/pages\/93"}],"collection":[{"href":"https:\/\/www.hamburg-fuer-die-elbe.de\/index.php?rest_route=\/wp\/v2\/pages"}],"about":[{"href":"https:\/\/www.hamburg-fuer-die-elbe.de\/index.php?rest_route=\/wp\/v2\/types\/page"}],"author":[{"embeddable":true,"href":"https:\/\/www.hamburg-fuer-die-elbe.de\/index.php?rest_route=\/wp\/v2\/users\/2"}],"replies":[{"embeddable":true,"href":"https:\/\/www.hamburg-fuer-die-elbe.de\/index.php?rest_route=%2Fwp%2Fv2%2Fcomments&post=93"}],"version-history":[{"count":21,"href":"https:\/\/www.hamburg-fuer-die-elbe.de\/index.php?rest_route=\/wp\/v2\/pages\/93\/revisions"}],"predecessor-version":[{"id":6971,"href":"https:\/\/www.hamburg-fuer-die-elbe.de\/index.php?rest_route=\/wp\/v2\/pages\/93\/revisions\/6971"}],"up":[{"embeddable":true,"href":"https:\/\/www.hamburg-fuer-die-elbe.de\/index.php?rest_route=\/wp\/v2\/pages\/86"}],"wp:attachment":[{"href":"https:\/\/www.hamburg-fuer-die-elbe.de\/index.php?rest_route=%2Fwp%2Fv2%2Fmedia&parent=93"}],"curies":[{"name":"wp","href":"https:\/\/api.w.org\/{rel}","templated":true}]}}